{"id":14045,"date":"2024-06-04T10:53:37","date_gmt":"2024-06-04T08:53:37","guid":{"rendered":"https:\/\/wearevillage.org\/?page_id=14045"},"modified":"2026-02-23T16:21:52","modified_gmt":"2026-02-23T15:21:52","slug":"queer-art-bridge","status":"publish","type":"page","link":"https:\/\/wearevillage.org\/village-quartiere\/queer-art-bridge\/","title":{"rendered":"queer art bridge"},"content":{"rendered":"<div class=\"wpb-content-wrapper\"><div data-vc-full-width=\"true\" data-vc-full-width-temp=\"true\" data-vc-full-width-init=\"false\" class=\"vc_row wpb_row vc_row-fluid vc_custom_1771577928770 vc_row-has-fill vc_row-o-equal-height vc_row-o-content-middle vc_row-flex\"><div class=\"wpb_column vc_column_container vc_col-sm-10\"><div class=\"vc_column-inner\"><div class=\"wpb_wrapper\"><div class=\"vc_empty_space\"   style=\"height: 60px\"><span class=\"vc_empty_space_inner\"><\/span><\/div><h1 style=\"color: #000000;text-align: left\" class=\"vc_custom_heading vc_do_custom_heading\" >queer art bridge<\/h1><div class=\"vc_empty_space\"   style=\"height: 60px\"><span class=\"vc_empty_space_inner\"><\/span><\/div><\/div><\/div><\/div><div class=\"wpb_column vc_column_container vc_col-sm-2 vc_hidden-sm vc_hidden-xs\"><div class=\"vc_column-inner\"><div class=\"wpb_wrapper\">\n\t<div  class=\"wpb_single_image wpb_content_element vc_align_left wpb_content_element\">\n\t\t\n\t\t<figure class=\"wpb_wrapper vc_figure\">\n\t\t\t<div class=\"vc_single_image-wrapper   vc_box_border_grey\"><img loading=\"lazy\" decoding=\"async\" width=\"300\" height=\"300\" src=\"https:\/\/wearevillage.org\/wp-content\/uploads\/2024\/12\/we-are-village-black-square-300x300.png\" class=\"vc_single_image-img attachment-medium\" alt=\"\" title=\"we-are-village-black square\" srcset=\"https:\/\/wearevillage.org\/wp-content\/uploads\/2024\/12\/we-are-village-black-square-300x300.png 300w, https:\/\/wearevillage.org\/wp-content\/uploads\/2024\/12\/we-are-village-black-square-150x150.png 150w, https:\/\/wearevillage.org\/wp-content\/uploads\/2024\/12\/we-are-village-black-square-100x100.png 100w, https:\/\/wearevillage.org\/wp-content\/uploads\/2024\/12\/we-are-village-black-square.png 349w\" sizes=\"auto, (max-width: 300px) 100vw, 300px\" \/><\/div>\n\t\t<\/figure>\n\t<\/div>\n<\/div><\/div><\/div><\/div><div class=\"vc_row-full-width vc_clearfix\"><\/div><div data-vc-full-width=\"true\" data-vc-full-width-temp=\"true\" data-vc-full-width-init=\"false\" class=\"vc_row wpb_row vc_row-fluid vc_row-o-equal-height vc_row-o-content-middle vc_row-flex\"><div class=\"wpb_column vc_column_container vc_col-sm-12\"><div class=\"vc_column-inner\"><div class=\"wpb_wrapper\"><div class=\"vc_empty_space\"   style=\"height: 100px\"><span class=\"vc_empty_space_inner\"><\/span><\/div><\/div><\/div><\/div><\/div><div class=\"vc_row-full-width vc_clearfix\"><\/div><div id=\"1\" class=\"vc_row wpb_row vc_row-fluid\"><div class=\"wpb_column vc_column_container vc_col-sm-10\"><div class=\"vc_column-inner\"><div class=\"wpb_wrapper\"><h2 style=\"text-align: left\" class=\"vc_custom_heading vc_do_custom_heading\" >Zugeh\u00f6rigkeit, Unterst\u00fctzung und M\u00f6glichkeiten f\u00fcr queere internationale K\u00fcnstler\u00b7innen<\/h2><div class=\"vc_empty_space\"   style=\"height: 20px\"><span class=\"vc_empty_space_inner\"><\/span><\/div><div class=\"vc_separator wpb_content_element vc_separator_align_center vc_sep_width_30 vc_sep_border_width_5 vc_sep_pos_align_left vc_separator_no_text wpb_content_element  wpb_content_element\" ><span class=\"vc_sep_holder vc_sep_holder_l\"><span style=\"border-color:#E65168;\" class=\"vc_sep_line\"><\/span><\/span><span class=\"vc_sep_holder vc_sep_holder_r\"><span style=\"border-color:#E65168;\" class=\"vc_sep_line\"><\/span><\/span>\n<\/div><div class=\"vc_empty_space\"   style=\"height: 30px\"><span class=\"vc_empty_space_inner\"><\/span><\/div><h4 style=\"text-align: left\" class=\"vc_custom_heading vc_do_custom_heading\" >*\u201eQueer Art Bridge Berlin\u201c bietet Unterst\u00fctzung f\u00fcr K\u00fcnstler\u00b7innen und Kulturschaffende mit Migrationserfahrung, damit sie sich in der Berliner Kulturszene vernetzen und entfalten k\u00f6nnen<\/h4><div class=\"vc_separator wpb_content_element vc_separator_align_center vc_sep_width_10 vc_sep_border_width_5 vc_sep_pos_align_left vc_separator_no_text wpb_content_element  wpb_content_element\" ><span class=\"vc_sep_holder vc_sep_holder_l\"><span style=\"border-color:#E65268;\" class=\"vc_sep_line\"><\/span><\/span><span class=\"vc_sep_holder vc_sep_holder_r\"><span style=\"border-color:#E65268;\" class=\"vc_sep_line\"><\/span><\/span>\n<\/div><div class=\"vc_empty_space\"   style=\"height: 20px\"><span class=\"vc_empty_space_inner\"><\/span><\/div>\n\t<div class=\"wpb_text_column wpb_content_element\" >\n\t\t<div class=\"wpb_wrapper\">\n\t\t\t<p><span style=\"font-weight: 400;\">Als internationale, vielf\u00e4ltige Stadt ist Berlin ein sicherer Hafen f\u00fcr viele queere K\u00fcnstler*innen, die aus pers\u00f6nlichen oder politischen Gr\u00fcnden ihr Land verlassen oder andere Migrationserfahrungen gemacht haben.\u00a0<\/span><\/p>\n<p><span style=\"font-weight: 400;\">Berlin kann aber auch ein schwieriger Ort sein, um sich beruflich und kreativ zu entfalten, Netzwerke aufzubauen, F\u00f6rdermittel, Auftr\u00e4ge oder Arbeitsr\u00e4ume zu finden, denn die Konkurrenz ist gro\u00df, die b\u00fcrokratischen H\u00fcrden sind hoch und manchmal gibt es Sprachbarrieren.<\/span><\/p>\n<p><span style=\"font-weight: 400;\"><strong>Queer Art Bridge<\/strong> Berlin m\u00f6chte unserer queeren K\u00fcnstlergemeinschaft ein sicheres und unterst\u00fctzendes Umfeld bieten, um ihre kreativen Talente und einzigartigen Perspektiven einem breiten Publikum vorzustellen und Br\u00fccken zur Kulturszene in Deutschland zu bauen. Wir glauben, dass Kunst und Kultur eine kraftvolle Plattform f\u00fcr Ver\u00e4nderung und Selbstentfaltung sein k\u00f6nnen und gleichzeitig die bestehenden kulturellen Strukturen und Kunstszenen durch neue, internationale queere Inspirationen bereichern und diversifizieren.<\/span><\/p>\n\n\t\t<\/div>\n\t<\/div>\n<\/div><\/div><\/div><div class=\"wpb_column vc_column_container vc_col-sm-2\"><div class=\"vc_column-inner\"><div class=\"wpb_wrapper\"><\/div><\/div><\/div><\/div><div id=\"2\" class=\"vc_row wpb_row vc_row-fluid myclass\"><div class=\"wpb_column vc_column_container vc_col-sm-10\"><div class=\"vc_column-inner\"><div class=\"wpb_wrapper\"><div class=\"vc_empty_space\"   style=\"height: 30px\"><span class=\"vc_empty_space_inner\"><\/span><\/div><h4 style=\"text-align: left\" class=\"vc_custom_heading vc_do_custom_heading\" >*Unser Queer Art Bridge Berlin Programm<\/h4><div class=\"vc_separator wpb_content_element vc_separator_align_center vc_sep_width_10 vc_sep_border_width_5 vc_sep_pos_align_left vc_separator_no_text wpb_content_element  wpb_content_element\" ><span class=\"vc_sep_holder vc_sep_holder_l\"><span style=\"border-color:#E65268;\" class=\"vc_sep_line\"><\/span><\/span><span class=\"vc_sep_holder vc_sep_holder_r\"><span style=\"border-color:#E65268;\" class=\"vc_sep_line\"><\/span><\/span>\n<\/div>\n\t<div class=\"wpb_text_column wpb_content_element\" >\n\t\t<div class=\"wpb_wrapper\">\n\t\t\t<p><span style=\"font-weight: 400;\">Unser kostenloses Programm enth\u00e4lt:<br \/>\n<\/span><\/p>\n<ul>\n<li style=\"font-weight: 400;\" aria-level=\"1\"><span style=\"font-weight: 400;\"><strong>Vernetzungsveranstaltungen<\/strong> und <strong>Informationstreffen<\/strong> \u00fcber M\u00f6glichkeiten, Ressourcen und die lokale Kulturlandschaft. Unsere <strong>Meet-ups<\/strong>\u00a0erm\u00f6glichen es K\u00fcnstler*innen, Akteur*innen aus dem Kulturbereich, dem Hochschulbereich und Verb\u00e4nden, sich in einer einladenden, geselligen Umgebung zu treffen und Erfahrungen und Ratschl\u00e4ge auszutauschen.<br \/>\n<\/span><\/li>\n<li style=\"font-weight: 400;\" aria-level=\"1\"><span style=\"font-weight: 400;\"><strong>Workshops<\/strong> mit Expert*innen, um die Feinheiten des deutschen F\u00f6rdersystems zu beherrschen, Zugang zu Weiterbildungsm\u00f6glichkeiten zu erhalten und die eigenen beruflichen Perspektiven zu erweitern.<\/span><\/li>\n<li style=\"font-weight: 400;\" aria-level=\"1\"><span style=\"font-weight: 400;\"><strong>Ausstellungen<\/strong> und <strong>Performances<\/strong>, um ein breites Spektrum k\u00fcnstlerischer Praktiken f\u00fcr die queere Community und dar\u00fcber hinaus zug\u00e4nglich zu machen. Die instinct-Ausstellungen sind H\u00f6hepunkte im Village-Kalender und bringen internationale Namen und junge Talente aus der pulsierenden, vielf\u00e4ltigen Berliner Kunstszene zusammen. Au\u00dferdem sind \u201e<strong>Popup\u201c-Ausstellungen<\/strong> geplant, in denen K\u00fcnstler*innen zu bestimmten Themen vorgestellt werden.<\/span><\/li>\n<\/ul>\n\n\t\t<\/div>\n\t<\/div>\n\n\t<div class=\"wpb_text_column wpb_content_element\" >\n\t\t<div class=\"wpb_wrapper\">\n\t\t\t<p>Informiere dich hier \u00fcber aktuelle Angebote und Gelegenheiten und melde dich f\u00fcr den <a href=\"https:\/\/wearevillage.org\/newsletter\/\">Newsletter<\/a> von we are village an!<\/p>\n\n\t\t<\/div>\n\t<\/div>\n<\/div><\/div><\/div><div class=\"wpb_column vc_column_container vc_col-sm-2\"><div class=\"vc_column-inner\"><div class=\"wpb_wrapper\"><\/div><\/div><\/div><\/div><div class=\"vc_row wpb_row vc_row-fluid\"><div class=\"wpb_column vc_column_container vc_col-sm-12\"><div class=\"vc_column-inner\"><div class=\"wpb_wrapper\"><div class=\"vc_empty_space\"   style=\"height: 40px\"><span class=\"vc_empty_space_inner\"><\/span><\/div>\n\t<div  class=\"wpb_single_image wpb_content_element vc_align_left wpb_content_element\">\n\t\t\n\t\t<figure class=\"wpb_wrapper vc_figure\">\n\t\t\t<div class=\"vc_single_image-wrapper   vc_box_border_grey\"><img decoding=\"async\" class=\"vc_single_image-img \" src=\"https:\/\/wearevillage.org\/wp-content\/uploads\/2024\/08\/LADSComp-2000x1626.jpg\" width=\"2000\" height=\"1626\" alt=\"LADSComp\" title=\"LADSComp\" loading=\"lazy\" \/><\/div>\n\t\t<\/figure>\n\t<\/div>\n<\/div><\/div><\/div><\/div><div id=\"10\" class=\"vc_row wpb_row vc_row-fluid\"><div class=\"wpb_column vc_column_container vc_col-sm-6\"><div class=\"vc_column-inner\"><div class=\"wpb_wrapper\"><div class=\" ubtn-ctn-center \"><a class=\"ubtn-link ult-adjust-bottom-margin ubtn-center ubtn-block \" href=\"mailto:instinct@wearevillage.org?subject=we are instinct Art Kontakt\" title=\"instinct@wearevillage.org\" ><button type=\"button\" id=\"ubtn-5603\"  class=\"ubtn ult-adjust-bottom-margin ult-responsive ubtn-block ubtn-fade-bg  none  ubtn-center   tooltip-69e7482f36d55 ubtn-block\"  data-hover=\"#e65067\" data-border-color=\"#e65067\" data-bg=\"#e65067\" data-hover-bg=\"#000000\" data-border-hover=\"#000000\" data-shadow-hover=\"\" data-shadow-click=\"none\" data-shadow=\"\" data-shd-shadow=\"\"  data-ultimate-target='#ubtn-5603'  data-responsive-json-new='{\"font-size\":\"desktop:16px;\",\"line-height\":\"\"}'  style=\"font-family:'Roboto';font-weight:700;border-radius:5px;border-width:1px;border-color:#e65067;border-style:solid;background: #e65067;color: #000000;\"><span class=\"ubtn-data ubtn-icon\"><i class=\"none\" style=\"font-size:px;color:;\"><\/i><\/span><span class=\"ubtn-hover\" style=\"background-color:#000000\"><\/span><span class=\"ubtn-data ubtn-text \" >Kontaktiere Instinct Art<\/span><\/button><\/a><\/div><\/div><\/div><\/div><div class=\"wpb_column vc_column_container vc_col-sm-6\"><div class=\"vc_column-inner\"><div class=\"wpb_wrapper\"><div class=\" ubtn-ctn-center \"><a class=\"ubtn-link ult-adjust-bottom-margin ubtn-center ubtn-block \" href=\"https:\/\/wearevillage.org\/kalender\" title=\"Mitglied werden\" target=\"_blank\" rel=\"noopener\" ><button type=\"button\" id=\"ubtn-6655\"  class=\"ubtn ult-adjust-bottom-margin ult-responsive ubtn-block ubtn-no-hover-bg  none  ubtn-center   tooltip-69e7482f36e02 ubtn-block\"  data-hover=\"#fed700\" data-border-color=\"#fed700\" data-bg=\"#fed700\" data-hover-bg=\"#000000\" data-border-hover=\"#000000\" data-shadow-hover=\"\" data-shadow-click=\"none\" data-shadow=\"\" data-shd-shadow=\"\"  data-ultimate-target='#ubtn-6655'  data-responsive-json-new='{\"font-size\":\"desktop:16px;\",\"line-height\":\"\"}'  style=\"font-family:'Roboto';font-weight:700;border-radius:5px;border-width:1px;border-color:#fed700;border-style:solid;background: #fed700;color: #000000;\"><span class=\"ubtn-data ubtn-icon\"><i class=\"none\" style=\"font-size:px;color:;\"><\/i><\/span><span class=\"ubtn-hover\" style=\"background-color:#000000\"><\/span><span class=\"ubtn-data ubtn-text \" >Zum Kalender<\/span><\/button><\/a><\/div><\/div><\/div><\/div><\/div><div class=\"vc_row wpb_row vc_row-fluid\"><div class=\"wpb_column vc_column_container vc_col-sm-12\"><div class=\"vc_column-inner\"><div class=\"wpb_wrapper\"><div class=\"vc_empty_space\"   style=\"height: 30px\"><span class=\"vc_empty_space_inner\"><\/span><\/div><h4 style=\"text-align: left\" class=\"vc_custom_heading vc_do_custom_heading\" >*Wir danken dem Berliner Senat f\u00fcr die Unterst\u00fctzung<\/h4><div class=\"vc_separator wpb_content_element vc_separator_align_center vc_sep_width_10 vc_sep_border_width_5 vc_sep_pos_align_left vc_separator_no_text wpb_content_element  wpb_content_element\" ><span class=\"vc_sep_holder vc_sep_holder_l\"><span style=\"border-color:#E65268;\" class=\"vc_sep_line\"><\/span><\/span><span class=\"vc_sep_holder vc_sep_holder_r\"><span style=\"border-color:#E65268;\" class=\"vc_sep_line\"><\/span><\/span>\n<\/div>\n\t<div  class=\"wpb_single_image wpb_content_element vc_align_left wpb_content_element\">\n\t\t\n\t\t<figure class=\"wpb_wrapper vc_figure\">\n\t\t\t<div class=\"vc_single_image-wrapper   vc_box_border_grey\"><img loading=\"lazy\" decoding=\"async\" width=\"150\" height=\"100\" src=\"https:\/\/wearevillage.org\/wp-content\/uploads\/2024\/05\/b_sen_kugz_logo_de_v_pw_4c-150x100.png\" class=\"vc_single_image-img attachment-thumbnail\" alt=\"\" title=\"b_sen_kugz_logo_de_v_pw_4c\" srcset=\"https:\/\/wearevillage.org\/wp-content\/uploads\/2024\/05\/b_sen_kugz_logo_de_v_pw_4c-150x100.png 150w, https:\/\/wearevillage.org\/wp-content\/uploads\/2024\/05\/b_sen_kugz_logo_de_v_pw_4c-300x200.png 300w, https:\/\/wearevillage.org\/wp-content\/uploads\/2024\/05\/b_sen_kugz_logo_de_v_pw_4c-1024x683.png 1024w, https:\/\/wearevillage.org\/wp-content\/uploads\/2024\/05\/b_sen_kugz_logo_de_v_pw_4c-768x512.png 768w, https:\/\/wearevillage.org\/wp-content\/uploads\/2024\/05\/b_sen_kugz_logo_de_v_pw_4c-624x416.png 624w, https:\/\/wearevillage.org\/wp-content\/uploads\/2024\/05\/b_sen_kugz_logo_de_v_pw_4c-390x260.png 390w, https:\/\/wearevillage.org\/wp-content\/uploads\/2024\/05\/b_sen_kugz_logo_de_v_pw_4c-600x400.png 600w, https:\/\/wearevillage.org\/wp-content\/uploads\/2024\/05\/b_sen_kugz_logo_de_v_pw_4c.png 1500w\" sizes=\"auto, (max-width: 150px) 100vw, 150px\" \/><\/div>\n\t\t<\/figure>\n\t<\/div>\n<\/div><\/div><\/div><\/div>\n<\/div>","protected":false},"excerpt":{"rendered":"queer art bridge Zugeh\u00f6rigkeit, Unterst\u00fctzung und M\u00f6glichkeiten f\u00fcr queere internationale K\u00fcnstler\u00b7innen *\u201eQueer Art Bridge Berlin\u201c bietet Unterst\u00fctzung f\u00fcr K\u00fcnstler\u00b7innen und Kulturschaffende mit Migrationserfahrung, damit sie\u2026","protected":false},"author":8,"featured_media":0,"parent":79,"menu_order":33,"comment_status":"closed","ping_status":"closed","template":"","meta":{"pmpro_default_level":"","inline_featured_image":false,"footnotes":""},"class_list":["post-14045","page","type-page","status-publish","hentry","pmpro-has-access"],"wpml_current_locale":"de_DE","wpml_translations":{"en_US":{"locale":"en_US","id":14858,"slug":"queer-art-bridge","post_title":"queer art bridge","href":"https:\/\/wearevillage.org\/en\/village-quartiere\/queer-art-bridge"}},"app_access":{"can_access":true,"restrict_message":null},"language":{"code":"de","locale":"","name":"","is_rtl":false},"_links":{"self":[{"href":"https:\/\/wearevillage.org\/wp-json\/wp\/v2\/pages\/14045","targetHints":{"allow":["GET"]}}],"collection":[{"href":"https:\/\/wearevillage.org\/wp-json\/wp\/v2\/pages"}],"about":[{"href":"https:\/\/wearevillage.org\/wp-json\/wp\/v2\/types\/page"}],"author":[{"embeddable":true,"href":"https:\/\/wearevillage.org\/wp-json\/wp\/v2\/users\/8"}],"replies":[{"embeddable":true,"href":"https:\/\/wearevillage.org\/wp-json\/wp\/v2\/comments?post=14045"}],"version-history":[{"count":71,"href":"https:\/\/wearevillage.org\/wp-json\/wp\/v2\/pages\/14045\/revisions"}],"predecessor-version":[{"id":39929,"href":"https:\/\/wearevillage.org\/wp-json\/wp\/v2\/pages\/14045\/revisions\/39929"}],"up":[{"embeddable":true,"href":"https:\/\/wearevillage.org\/wp-json\/wp\/v2\/pages\/79"}],"wp:attachment":[{"href":"https:\/\/wearevillage.org\/wp-json\/wp\/v2\/media?parent=14045"}],"curies":[{"name":"wp","href":"https:\/\/api.w.org\/{rel}","templated":true}]}}