{"id":17830,"date":"2024-12-02T14:36:32","date_gmt":"2024-12-02T13:36:32","guid":{"rendered":"https:\/\/wearevillage.org\/?page_id=17830"},"modified":"2025-02-15T19:15:20","modified_gmt":"2025-02-15T18:15:20","slug":"glossar","status":"publish","type":"page","link":"https:\/\/wearevillage.org\/glossary\/","title":{"rendered":"glossar"},"content":{"rendered":"<div class=\"wpb-content-wrapper\"><div class=\"vc_row wpb_row vc_row-fluid\"><div class=\"wpb_column vc_column_container vc_col-sm-12\"><div class=\"vc_column-inner\"><div class=\"wpb_wrapper\"><\/div><\/div><\/div><\/div><div class=\"vc_row wpb_row vc_row-fluid\"><div class=\"wpb_column vc_column_container vc_col-sm-12\"><div class=\"vc_column-inner\"><div class=\"wpb_wrapper\"><h1 style=\"text-align: left\" class=\"vc_custom_heading vc_do_custom_heading\" >Glossar<\/h1><div class=\"vc_empty_space\"   style=\"height: 60px\"><span class=\"vc_empty_space_inner\"><\/span><\/div><\/div><\/div><\/div><\/div><div id=\"2\" class=\"vc_row wpb_row vc_row-fluid\"><div class=\"wpb_column vc_column_container vc_col-sm-12\"><div class=\"vc_column-inner\"><div class=\"wpb_wrapper\"><h2 style=\"text-align: left\" class=\"vc_custom_heading vc_do_custom_heading\" >*Allgemeine Begriffe<\/h2><div class=\"vc_separator wpb_content_element vc_separator_align_center vc_sep_width_10 vc_sep_border_width_5 vc_sep_pos_align_left vc_separator_no_text wpb_content_element  wpb_content_element\" ><span class=\"vc_sep_holder vc_sep_holder_l\"><span style=\"border-color:#fbd200;\" class=\"vc_sep_line\"><\/span><\/span><span class=\"vc_sep_holder vc_sep_holder_r\"><span style=\"border-color:#fbd200;\" class=\"vc_sep_line\"><\/span><\/span>\n<\/div><div class=\"vc_row wpb_row vc_inner vc_row-fluid\"><div class=\"wpb_column vc_column_container vc_col-sm-8\"><div class=\"vc_column-inner\"><div class=\"wpb_wrapper\">\n\t<div class=\"wpb_text_column wpb_content_element\" >\n\t\t<div class=\"wpb_wrapper\">\n\t\t\t<p>Die folgenden Begriffe verwenden wir als Event-Labels, um zu kennzeichnen, f\u00fcr welche Gruppen unsere Events gestaltet sind:<\/p>\n\n\t\t<\/div>\n\t<\/div>\n<\/div><\/div><\/div><div class=\"wpb_column vc_column_container vc_col-sm-4\"><div class=\"vc_column-inner\"><div class=\"wpb_wrapper\"><\/div><\/div><\/div><\/div><h6 style=\"color: #ff6e00;text-align: left\" class=\"vc_custom_heading vc_do_custom_heading\" >LGBTQIA+<\/h6><div class=\"vc_row wpb_row vc_inner vc_row-fluid\"><div class=\"wpb_column vc_column_container vc_col-sm-8\"><div class=\"vc_column-inner\"><div class=\"wpb_wrapper\">\n\t<div class=\"wpb_text_column wpb_content_element\" >\n\t\t<div class=\"wpb_wrapper\">\n\t\t\t<p><span style=\"font-weight: 400;\">Ein Akronym f\u00fcr lesbisch, schwul, bisexuell, transgender, queer oder questioning, intergeschlechtlich, asexuell, aromantisch oder agender sowie weitere sexuelle Orientierungen und Geschlechtsidentit\u00e4ten. Das Pluszeichen (+) steht f\u00fcr zus\u00e4tzliche Identit\u00e4ten, die nicht explizit aufgef\u00fchrt sind. Veranstaltungen mit diesem Label sind offen f\u00fcr alle, die sich mit einer dieser Gruppen identifizieren.<\/span><\/p>\n\n\t\t<\/div>\n\t<\/div>\n<\/div><\/div><\/div><div class=\"wpb_column vc_column_container vc_col-sm-4\"><div class=\"vc_column-inner\"><div class=\"wpb_wrapper\"><\/div><\/div><\/div><\/div><h6 style=\"color: #ff6e00;text-align: left\" class=\"vc_custom_heading vc_do_custom_heading\" >GBTQ Men*<\/h6><div class=\"vc_row wpb_row vc_inner vc_row-fluid\"><div class=\"wpb_column vc_column_container vc_col-sm-8\"><div class=\"vc_column-inner\"><div class=\"wpb_wrapper\">\n\t<div class=\"wpb_text_column wpb_content_element\" >\n\t\t<div class=\"wpb_wrapper\">\n\t\t\t<p><span style=\"font-weight: 400;\">Schwule, bisexuelle, transgender und queere M\u00e4nner*, wobei das Sternchen die Denaturalisierung und kulturelle Konstruiertheit von Kategorien wie Mann* und Frau* signalisiert.<\/span><\/p>\n\n\t\t<\/div>\n\t<\/div>\n<\/div><\/div><\/div><div class=\"wpb_column vc_column_container vc_col-sm-4\"><div class=\"vc_column-inner\"><div class=\"wpb_wrapper\"><\/div><\/div><\/div><\/div><h6 style=\"color: #ff6e00;text-align: left\" class=\"vc_custom_heading vc_do_custom_heading\" >Trans Fem*<\/h6><div class=\"vc_row wpb_row vc_inner vc_row-fluid\"><div class=\"wpb_column vc_column_container vc_col-sm-8\"><div class=\"vc_column-inner\"><div class=\"wpb_wrapper\">\n\t<div class=\"wpb_text_column wpb_content_element\" >\n\t\t<div class=\"wpb_wrapper\">\n\t\t\t<p><span style=\"font-weight: 400;\">Personen, die bei der Geburt als m\u00e4nnlich zugewiesen wurden und sich auf dem weiblichen Spektrum identifizieren, einschlie\u00dflich trans Frauen und nicht-bin\u00e4rer Personen mit weiblicher Identit\u00e4t.<\/span><\/p>\n\n\t\t<\/div>\n\t<\/div>\n<\/div><\/div><\/div><div class=\"wpb_column vc_column_container vc_col-sm-4\"><div class=\"vc_column-inner\"><div class=\"wpb_wrapper\"><\/div><\/div><\/div><\/div><h6 style=\"color: #ff6e00;text-align: left\" class=\"vc_custom_heading vc_do_custom_heading\" >Trans Masc*<\/h6><div class=\"vc_row wpb_row vc_inner vc_row-fluid\"><div class=\"wpb_column vc_column_container vc_col-sm-8\"><div class=\"vc_column-inner\"><div class=\"wpb_wrapper\">\n\t<div class=\"wpb_text_column wpb_content_element\" >\n\t\t<div class=\"wpb_wrapper\">\n\t\t\t<p><span style=\"font-weight: 400;\">Personen, die bei der Geburt als weiblich zugewiesen wurden und sich auf dem m\u00e4nnlichen Spektrum identifizieren, einschlie\u00dflich trans M\u00e4nner und nicht-bin\u00e4rer Personen mit m\u00e4nnlicher Identit\u00e4t.<\/span><\/p>\n\n\t\t<\/div>\n\t<\/div>\n<\/div><\/div><\/div><div class=\"wpb_column vc_column_container vc_col-sm-4\"><div class=\"vc_column-inner\"><div class=\"wpb_wrapper\"><\/div><\/div><\/div><\/div><h6 style=\"color: #ff6e00;text-align: left\" class=\"vc_custom_heading vc_do_custom_heading\" >TIN & friends<\/h6><div class=\"vc_row wpb_row vc_inner vc_row-fluid\"><div class=\"wpb_column vc_column_container vc_col-sm-8\"><div class=\"vc_column-inner\"><div class=\"wpb_wrapper\">\n\t<div class=\"wpb_text_column wpb_content_element\" >\n\t\t<div class=\"wpb_wrapper\">\n\t\t\t<p><span style=\"font-weight: 400;\">Transgender, intersexuelle und nicht-bin\u00e4re Menschen sowie ihre Verb\u00fcndeten und andere Community-Mitglieder, die Geschlechtervielfalt unterst\u00fctzen.<\/span><\/p>\n\n\t\t<\/div>\n\t<\/div>\n<\/div><\/div><\/div><div class=\"wpb_column vc_column_container vc_col-sm-4\"><div class=\"vc_column-inner\"><div class=\"wpb_wrapper\"><\/div><\/div><\/div><\/div><div class=\"vc_empty_space\"   style=\"height: 40px\"><span class=\"vc_empty_space_inner\"><\/span><\/div><\/div><\/div><\/div><\/div><div class=\"vc_row wpb_row vc_row-fluid\"><div class=\"wpb_column vc_column_container vc_col-sm-12\"><div class=\"vc_column-inner\"><div class=\"wpb_wrapper\"><h2 style=\"text-align: left\" class=\"vc_custom_heading vc_do_custom_heading\" >*Sexuelle Orientierung<\/h2><div class=\"vc_separator wpb_content_element vc_separator_align_center vc_sep_width_10 vc_sep_border_width_5 vc_sep_pos_align_left vc_separator_no_text wpb_content_element  wpb_content_element\" ><span class=\"vc_sep_holder vc_sep_holder_l\"><span style=\"border-color:#fbd200;\" class=\"vc_sep_line\"><\/span><\/span><span class=\"vc_sep_holder vc_sep_holder_r\"><span style=\"border-color:#fbd200;\" class=\"vc_sep_line\"><\/span><\/span>\n<\/div><div class=\"vc_row wpb_row vc_inner vc_row-fluid\"><div class=\"wpb_column vc_column_container vc_col-sm-8\"><div class=\"vc_column-inner\"><div class=\"wpb_wrapper\">\n\t<div class=\"wpb_text_column wpb_content_element\" >\n\t\t<div class=\"wpb_wrapper\">\n\t\t\t<p><b>Sexuelle Orientierung: <\/b><span style=\"font-weight: 400;\">Bezieht sich auf die emotionale, romantische und\/oder sexuelle Anziehung einer Person zu anderen. Sie ist nicht dasselbe wie die Geschlechtsidentit\u00e4t.<\/span><\/p>\n<p><b>Schwul: <\/b><span style=\"font-weight: 400;\">Eine Person, die emotional, romantisch oder sexuell zu Menschen des gleichen Geschlechts hingezogen ist. Dieser Begriff wird von M\u00e4nnern, Frauen und nicht-bin\u00e4ren Personen verwendet.<\/span><\/p>\n<p><b>Lesbisch: <\/b><span style=\"font-weight: 400;\">Eine Frau, die emotional, romantisch oder sexuell zu anderen Frauen hingezogen ist.<\/span><\/p>\n<p><b>Bisexuell: <\/b><span style=\"font-weight: 400;\">Eine Person, die das Potenzial hat, emotional, romantisch oder k\u00f6rperlich zu mehr als einem Geschlecht hingezogen zu sein, jedoch nicht unbedingt gleichzeitig oder in gleichem Ma\u00dfe.<\/span><\/p>\n<p><b>Pansexuell: <\/b><span style=\"font-weight: 400;\">Eine Person, die unabh\u00e4ngig von der Geschlechtsidentit\u00e4t Anziehung empfinden kann. Der Begriff betont die Inklusion aller Geschlechtsidentit\u00e4ten.<\/span><\/p>\n<p><b>Asexuell: <\/b><span style=\"font-weight: 400;\">Eine Person, die wenig oder keine sexuelle Anziehung zu anderen empfindet und m\u00f6glicherweise kein Interesse an sexueller Aktivit\u00e4t hat. Asexuelle Personen k\u00f6nnen trotzdem romantische Anziehung empfinden und enge Beziehungen eingehen. Asexuell ist auch ein Oberbegriff, der Menschen einschlie\u00dfen kann, die demisexuell sind, das hei\u00dft, dass sie sexuelle Anziehung nur in bestimmten Situationen empfinden, zum Beispiel nach einer starken emotionalen oder romantischen Verbindung.<\/span><\/p>\n<p><b>Aromantisch: <\/b><span style=\"font-weight: 400;\">Eine Person, die wenig oder keine romantische Anziehung zu anderen empfindet. Aromantische Menschen k\u00f6nnen dennoch tiefe emotionale Bindungen eingehen. Aromantisch ist ebenfalls ein Oberbegriff, der Menschen einschlie\u00dfen kann, die demiromantisch sind, d. h. erst romantische Anziehung empfinden, wenn eine starke emotionale oder sexuelle Verbindung besteht.<\/span><\/p>\n<p><b>Heterosexuell: <\/b><span style=\"font-weight: 400;\">Eine Person, deren dauerhafte k\u00f6rperliche, romantische und\/oder emotionale Anziehung zu Menschen eines anderen Geschlechts als ihrem eigenen ist. Auch: hetero.<\/span><\/p>\n\n\t\t<\/div>\n\t<\/div>\n<\/div><\/div><\/div><div class=\"wpb_column vc_column_container vc_col-sm-4\"><div class=\"vc_column-inner\"><div class=\"wpb_wrapper\"><\/div><\/div><\/div><\/div><div class=\"vc_empty_space\"   style=\"height: 40px\"><span class=\"vc_empty_space_inner\"><\/span><\/div><\/div><\/div><\/div><\/div><div class=\"vc_row wpb_row vc_row-fluid\"><div class=\"wpb_column vc_column_container vc_col-sm-12\"><div class=\"vc_column-inner\"><div class=\"wpb_wrapper\"><h2 style=\"text-align: left\" class=\"vc_custom_heading vc_do_custom_heading\" >*Geschlechtsidentit\u00e4t<\/h2><div class=\"vc_separator wpb_content_element vc_separator_align_center vc_sep_width_10 vc_sep_border_width_5 vc_sep_pos_align_left vc_separator_no_text wpb_content_element  wpb_content_element\" ><span class=\"vc_sep_holder vc_sep_holder_l\"><span style=\"border-color:#fbd200;\" class=\"vc_sep_line\"><\/span><\/span><span class=\"vc_sep_holder vc_sep_holder_r\"><span style=\"border-color:#fbd200;\" class=\"vc_sep_line\"><\/span><\/span>\n<\/div><div class=\"vc_row wpb_row vc_inner vc_row-fluid\"><div class=\"wpb_column vc_column_container vc_col-sm-8\"><div class=\"vc_column-inner\"><div class=\"wpb_wrapper\">\n\t<div class=\"wpb_text_column wpb_content_element\" >\n\t\t<div class=\"wpb_wrapper\">\n\t\t\t<p><b>Geschlechtsidentit\u00e4t: <\/b><span style=\"font-weight: 400;\">Beschreibt das innere Empfinden einer Person, m\u00e4nnlich, weiblich, weder noch oder beides zu sein. Es kann mit dem bei der Geburt zugewiesenen Geschlecht \u00fcbereinstimmen oder auch nicht.<\/span><\/p>\n<p><b>Transgender\/Trans*:<\/b><b>\u00a0<\/b><span style=\"font-weight: 400;\">Ein Oberbegriff f\u00fcr Menschen, deren Geschlechtsidentit\u00e4t nicht mit dem bei der Geburt zugewiesenen Geschlecht \u00fcbereinstimmt.<\/span><\/p>\n<p><b>Nicht-bin\u00e4r: <\/b><span style=\"font-weight: 400;\">Beschreibt Menschen, die ihre Geschlechtsidentit\u00e4t und\/oder Geschlechtsausdruck als au\u00dferhalb der bin\u00e4ren Geschlechterkategorien Mann oder Frau erleben. Nicht-bin\u00e4re Personen k\u00f6nnen sich als beides, weder noch oder als eine Mischung aus m\u00e4nnlichen und weiblichen Geschlechtern identifizieren.<\/span><\/p>\n<p><b>Genderqueer: <\/b><span style=\"font-weight: 400;\">\u00c4hnlich wie nicht-bin\u00e4r, wird dieser Begriff von Menschen verwendet, die statische Geschlechtskategorien ablehnen und Fluidit\u00e4t annehmen.<\/span><\/p>\n<p><b>Intersex: <\/b><span style=\"font-weight: 400;\">Beschreibt eine Person mit einem oder mehreren angeborenen Geschlechtsmerkmalen, einschlie\u00dflich Genitalien, innerer Fortpflanzungsorgane und Chromosomen, die nicht in typische bin\u00e4re Vorstellungen von m\u00e4nnlichen oder weiblichen K\u00f6rpern passen. Intersexuelle Menschen erhalten bei der Geburt eine Geschlechtszuweisung \u2013 entweder m\u00e4nnlich oder weiblich \u2013, die m\u00f6glicherweise nicht mit ihrer Geschlechtsidentit\u00e4t \u00fcbereinstimmt.<\/span><\/p>\n<p><b>Agender: <\/b><span style=\"font-weight: 400;\">Eine Person, die sich als geschlechtslos identifiziert oder keine Verbindung zu einer Geschlechtsidentit\u00e4t sp\u00fcrt.<\/span><\/p>\n<p><b>Two-Spirit: <span style=\"font-weight: 400;\">Ein Sammelbegriff, der f\u00fcr jede Person, die ihn verwendet, eine unterschiedliche Bedeutung hat. Einige indigene Menschen nutzen ihn, um sich als geschlechtsdivers, nicht-bin\u00e4r oder trans zu beschreiben; andere hingegen nicht. Dieser Begriff ist spezifisch f\u00fcr indigene Kulturen und sollte mit kultureller Sensibilit\u00e4t und Respekt verwendet werden.<\/span> <\/b><\/p>\n<p><b>Genderfluid: <\/b><span style=\"font-weight: 400;\">Bezeichnet jemanden, dessen Geschlechtsidentit\u00e4t sich im Laufe der Zeit oder je nach Situation \u00e4ndern kann.<\/span><\/p>\n<p><b>Cisgender: <\/b><span style=\"font-weight: 400;\">Eine Person, deren Geschlechtsidentit\u00e4t mit dem bei der Geburt zugewiesenen Geschlecht \u00fcbereinstimmt. Oft abgek\u00fcrzt als \u201ecis\u201c.<\/span><\/p>\n\n\t\t<\/div>\n\t<\/div>\n<\/div><\/div><\/div><div class=\"wpb_column vc_column_container vc_col-sm-4\"><div class=\"vc_column-inner\"><div class=\"wpb_wrapper\"><\/div><\/div><\/div><\/div><div class=\"vc_empty_space\"   style=\"height: 40px\"><span class=\"vc_empty_space_inner\"><\/span><\/div><\/div><\/div><\/div><\/div><div class=\"vc_row wpb_row vc_row-fluid\"><div class=\"wpb_column vc_column_container vc_col-sm-12\"><div class=\"vc_column-inner\"><div class=\"wpb_wrapper\"><h2 style=\"text-align: left\" class=\"vc_custom_heading vc_do_custom_heading\" >*Community Begriffe<\/h2><div class=\"vc_separator wpb_content_element vc_separator_align_center vc_sep_width_10 vc_sep_border_width_5 vc_sep_pos_align_left vc_separator_no_text wpb_content_element  wpb_content_element\" ><span class=\"vc_sep_holder vc_sep_holder_l\"><span style=\"border-color:#fbd200;\" class=\"vc_sep_line\"><\/span><\/span><span class=\"vc_sep_holder vc_sep_holder_r\"><span style=\"border-color:#fbd200;\" class=\"vc_sep_line\"><\/span><\/span>\n<\/div><div class=\"vc_row wpb_row vc_inner vc_row-fluid\"><div class=\"wpb_column vc_column_container vc_col-sm-8\"><div class=\"vc_column-inner\"><div class=\"wpb_wrapper\">\n\t<div class=\"wpb_text_column wpb_content_element\" >\n\t\t<div class=\"wpb_wrapper\">\n\t\t\t<p><b>Queer: <\/b><span style=\"font-weight: 400;\">Ein Sammelbegriff f\u00fcr sexuelle und geschlechtliche Identit\u00e4ten, die nicht heterosexuell oder cisgeschlechtlich sind. Der Begriff wurde von einigen als positives Selbstverst\u00e4ndnis zur\u00fcckgewonnen, obwohl er historisch als Schimpfwort verwendet wurde und von anderen noch immer als abwertend angesehen werden kann.<\/span><\/p>\n<p><b>Questioning: <\/b><span style=\"font-weight: 400;\">Der Prozess der Erforschung der eigenen sexuellen Orientierung und\/oder Geschlechtsidentit\u00e4t.<\/span><\/p>\n<p><b>MSM (Men who have Sex with Men): <\/b><span style=\"font-weight: 400;\">Ein Begriff, der M\u00e4nner beschreibt, die sexuelle Aktivit\u00e4ten mit anderen M\u00e4nnern aus\u00fcben, unabh\u00e4ngig davon, wie sie ihre sexuelle Orientierung definieren. Trans-MSM beschreibt Individuen, die \u201eM\u00e4nner\u201c oder \u201etrans M\u00e4nner\u201c sind, die sich zu M\u00e4nnern sexuell hingezogen f\u00fchlen und\/oder mit M\u00e4nnern Sex haben. Die sexuelle Orientierung ist unabh\u00e4ngig von der Geschlechtsidentit\u00e4t.<\/span><\/p>\n<p><b>TIN (Transgender, Intersex, Non-Binary): <\/b><span style=\"font-weight: 400;\">Ein Akronym, das transgender, intersexuelle und nicht-bin\u00e4re Menschen repr\u00e4sentiert und Geschlechtervielfalt in den Fokus r\u00fcckt.<\/span><\/p>\n<p><b>WLW (Women who Love Women): <\/b><span style=\"font-weight: 400;\">Ein Begriff, der Frauen beschreibt, die emotional, romantisch oder sexuell zu anderen Frauen hingezogen sind, einschlie\u00dflich lesbischer, bisexueller und pansexueller Frauen.<\/span><\/p>\n<p><b>FLINTA: <\/b><span style=\"font-weight: 400;\">Ein Akronym f\u00fcr Frauen, Lesben, Intersexuelle, nicht-bin\u00e4re, trans und agender Menschen. Es wird verwendet, um Menschen hervorzuheben, die von patriarchalen Strukturen marginalisiert oder unterdr\u00fcckt werden.<\/span><\/p>\n<p><b>Gender Non-Conforming (GNC): <\/b><span style=\"font-weight: 400;\">Beschreibt Menschen, deren Geschlechtsausdruck nicht den traditionellen oder gesellschaftlichen Erwartungen auf Basis des bei der Geburt zugewiesenen Geschlechts entspricht.<\/span><\/p>\n<p><b>Allies (Verb\u00fcndete): <\/b><span style=\"font-weight: 400;\">Heterosexuelle und\/oder cisgeschlechtliche Menschen, die LGBTQIA+-Personen unterst\u00fctzen und sich f\u00fcr sie einsetzen. Allyship bedeutet, sich aktiv f\u00fcr LGBTQ+-Personen einzusetzen, auf queere Stimmen zu h\u00f6ren, sich selbst zu bilden und diskriminierendes Verhalten herauszufordern, auch wenn man nicht selbst Teil der Community ist.<\/span><\/p>\n<p><b>Chosen Family: <\/b><span style=\"font-weight: 400;\">Ein Unterst\u00fctzungsnetzwerk von Menschen, oft LGBTQIA+, die nicht biologisch miteinander verwandt sind (Wahlfamilie).<\/span><\/p>\n<p><b>Passing: <\/b><span style=\"font-weight: 400;\">Als cisgeschlechtliche oder heterosexuelle Person wahrgenommen werden.<\/span><\/p>\n<p><b>Pronomen: <\/b><span style=\"font-weight: 400;\">(wie they\/them, er\/ihm, sie\/ihr) sind Begriffe, mit denen Menschen sich selbst bezeichnen. Die Verwendung der korrekten Pronomen zeigt Respekt f\u00fcr die Identit\u00e4t einer Person.<\/span><\/p>\n<p><b>Misgendering: <\/b><span style=\"font-weight: 400;\">Eine Person mit einem Geschlecht anzusprechen, mit dem sie sich nicht identifiziert, oft durch die falsche Verwendung von Pronomen. Das kann verletzend und respektlos sein.<\/span><\/p>\n\n\t\t<\/div>\n\t<\/div>\n<\/div><\/div><\/div><div class=\"wpb_column vc_column_container vc_col-sm-4\"><div class=\"vc_column-inner\"><div class=\"wpb_wrapper\"><\/div><\/div><\/div><\/div><div class=\"vc_empty_space\"   style=\"height: 20px\"><span class=\"vc_empty_space_inner\"><\/span><\/div><\/div><\/div><\/div><\/div>\n<\/div>","protected":false},"excerpt":{"rendered":"Glossar*Allgemeine Begriffe Die folgenden Begriffe verwenden wir als Event-Labels, um zu kennzeichnen, f\u00fcr welche Gruppen unsere Events gestaltet sind: LGBTQIA+ Ein Akronym f\u00fcr lesbisch, schwul,\u2026","protected":false},"author":887,"featured_media":0,"parent":0,"menu_order":0,"comment_status":"closed","ping_status":"closed","template":"","meta":{"pmpro_default_level":"","inline_featured_image":false,"footnotes":""},"class_list":["post-17830","page","type-page","status-publish","hentry","pmpro-has-access"],"wpml_current_locale":"de_DE","wpml_translations":{"en_US":{"locale":"en_US","id":17831,"slug":"glossar","post_title":"glossary","href":"https:\/\/wearevillage.org\/en\/glossary\/"}},"app_access":{"can_access":true,"restrict_message":null},"language":{"code":"de","locale":"","name":"","is_rtl":false},"_links":{"self":[{"href":"https:\/\/wearevillage.org\/wp-json\/wp\/v2\/pages\/17830","targetHints":{"allow":["GET"]}}],"collection":[{"href":"https:\/\/wearevillage.org\/wp-json\/wp\/v2\/pages"}],"about":[{"href":"https:\/\/wearevillage.org\/wp-json\/wp\/v2\/types\/page"}],"author":[{"embeddable":true,"href":"https:\/\/wearevillage.org\/wp-json\/wp\/v2\/users\/887"}],"replies":[{"embeddable":true,"href":"https:\/\/wearevillage.org\/wp-json\/wp\/v2\/comments?post=17830"}],"version-history":[{"count":33,"href":"https:\/\/wearevillage.org\/wp-json\/wp\/v2\/pages\/17830\/revisions"}],"predecessor-version":[{"id":22271,"href":"https:\/\/wearevillage.org\/wp-json\/wp\/v2\/pages\/17830\/revisions\/22271"}],"wp:attachment":[{"href":"https:\/\/wearevillage.org\/wp-json\/wp\/v2\/media?parent=17830"}],"curies":[{"name":"wp","href":"https:\/\/api.w.org\/{rel}","templated":true}]}}