{"id":75,"date":"2022-08-26T15:12:35","date_gmt":"2022-08-26T13:12:35","guid":{"rendered":"https:\/\/wearevillage.org\/?page_id=75"},"modified":"2026-03-22T16:02:12","modified_gmt":"2026-03-22T15:02:12","slug":"ueber-uns","status":"publish","type":"page","link":"https:\/\/wearevillage.org\/ueber-uns\/","title":{"rendered":"\u00dcber uns"},"content":{"rendered":"<div class=\"wpb-content-wrapper\"><div class=\"vc_row wpb_row vc_row-fluid\"><div class=\"wpb_column vc_column_container vc_col-sm-12\"><div class=\"vc_column-inner\"><div class=\"wpb_wrapper\"><div class=\"vc_empty_space\"   style=\"height: 40px\"><span class=\"vc_empty_space_inner\"><\/span><\/div><\/div><\/div><\/div><\/div><div class=\"vc_row wpb_row vc_row-fluid\"><div class=\"wpb_column vc_column_container vc_col-sm-12\"><div class=\"vc_column-inner\"><div class=\"wpb_wrapper\"><h1 style=\"text-align: left\" class=\"vc_custom_heading vc_do_custom_heading\" >we are village ist ein ein Ort und eine Plattform, wo queere Menschen Zugeh\u00f6rigkeit finden und wachsen k\u00f6nnen.<\/h1><\/div><\/div><\/div><\/div><div class=\"vc_row wpb_row vc_row-fluid\"><div class=\"wpb_column vc_column_container vc_col-sm-12\"><div class=\"vc_column-inner\"><div class=\"wpb_wrapper\"><div class=\"vc_empty_space\"   style=\"height: 120px\"><span class=\"vc_empty_space_inner\"><\/span><\/div><\/div><\/div><\/div><\/div><div id=\"1\" class=\"vc_row wpb_row vc_row-fluid\"><div class=\"wpb_column vc_column_container vc_col-sm-6\"><div class=\"vc_column-inner\"><div class=\"wpb_wrapper\"><h2 style=\"text-align: left\" class=\"vc_custom_heading vc_do_custom_heading\" >*was wir tun<\/h2><div class=\"vc_row wpb_row vc_inner vc_row-fluid\"><div class=\"wpb_column vc_column_container vc_col-sm-10\"><div class=\"vc_column-inner\"><div class=\"wpb_wrapper\"><h5 style=\"text-align: left\" class=\"vc_custom_heading vc_do_custom_heading\" >Wir besch\u00e4ftigen uns mit verk\u00f6rperten Praktiken, erfahrungsorientiertem Lernen und Begegnen. Daneben schaffen wir sinnvolle und sinnstiftende Verbindungen zwischen queeren Themen, queerer Kunst und sozialem Wandel.<\/h5><\/div><\/div><\/div><div class=\"wpb_column vc_column_container vc_col-sm-2\"><div class=\"vc_column-inner\"><div class=\"wpb_wrapper\"><\/div><\/div><\/div><\/div><\/div><\/div><\/div><div class=\"wpb_column vc_column_container vc_col-sm-6\"><div class=\"vc_column-inner\"><div class=\"wpb_wrapper\">\n\t<div  class=\"wpb_single_image wpb_content_element vc_align_left wpb_content_element\">\n\t\t\n\t\t<figure class=\"wpb_wrapper vc_figure\">\n\t\t\t<div class=\"vc_single_image-wrapper   vc_box_border_grey\"><img loading=\"lazy\" decoding=\"async\" width=\"1800\" height=\"893\" src=\"https:\/\/wearevillage.org\/wp-content\/uploads\/2022\/08\/Header-1.jpeg\" class=\"vc_single_image-img attachment-full\" alt=\"\" title=\"Header-1\" srcset=\"https:\/\/wearevillage.org\/wp-content\/uploads\/2022\/08\/Header-1.jpeg 1800w, https:\/\/wearevillage.org\/wp-content\/uploads\/2022\/08\/Header-1-390x193.jpeg 390w, https:\/\/wearevillage.org\/wp-content\/uploads\/2022\/08\/Header-1-600x298.jpeg 600w, https:\/\/wearevillage.org\/wp-content\/uploads\/2022\/08\/Header-1-300x149.jpeg 300w, https:\/\/wearevillage.org\/wp-content\/uploads\/2022\/08\/Header-1-1024x508.jpeg 1024w, https:\/\/wearevillage.org\/wp-content\/uploads\/2022\/08\/Header-1-768x381.jpeg 768w, https:\/\/wearevillage.org\/wp-content\/uploads\/2022\/08\/Header-1-1536x762.jpeg 1536w, https:\/\/wearevillage.org\/wp-content\/uploads\/2022\/08\/Header-1-624x310.jpeg 624w\" sizes=\"auto, (max-width: 1800px) 100vw, 1800px\" \/><\/div>\n\t\t<\/figure>\n\t<\/div>\n<\/div><\/div><\/div><\/div><div class=\"vc_row wpb_row vc_row-fluid\"><div class=\"wpb_column vc_column_container vc_col-sm-12\"><div class=\"vc_column-inner\"><div class=\"wpb_wrapper\"><div class=\"vc_empty_space\"   style=\"height: 120px\"><span class=\"vc_empty_space_inner\"><\/span><\/div><\/div><\/div><\/div><\/div><div id=\"2\" class=\"vc_row wpb_row vc_row-fluid\"><div class=\"wpb_column vc_column_container vc_col-sm-12\"><div class=\"vc_column-inner\"><div class=\"wpb_wrapper\"><h2 style=\"text-align: left\" class=\"vc_custom_heading vc_do_custom_heading\" >*f\u00fcr wen<\/h2><div class=\"vc_row wpb_row vc_inner vc_row-fluid\"><div class=\"wpb_column vc_column_container vc_col-sm-10\"><div class=\"vc_column-inner\"><div class=\"wpb_wrapper\"><h5 style=\"text-align: left\" class=\"vc_custom_heading vc_do_custom_heading\" >we are village hei\u00dft alle K\u00f6rper und kulturellen Hintergr\u00fcnde willkommen.<\/p>\n<p>Wir bieten Veranstaltungen und Aktivit\u00e4ten f\u00fcr queere M\u00e4nnlichkeiten, queere Weiblichkeiten, trans*, nicht-bin\u00e4re, genderfluide, intersexuelle und gender non-konforme Menschen an. <\/h5><\/div><\/div><\/div><div class=\"wpb_column vc_column_container vc_col-sm-2\"><div class=\"vc_column-inner\"><div class=\"wpb_wrapper\"><\/div><\/div><\/div><\/div><div class=\"vc_separator wpb_content_element vc_separator_align_center vc_sep_width_10 vc_sep_border_width_5 vc_sep_pos_align_left vc_separator_no_text wpb_content_element  wpb_content_element\" ><span class=\"vc_sep_holder vc_sep_holder_l\"><span style=\"border-color:#fbd200;\" class=\"vc_sep_line\"><\/span><\/span><span class=\"vc_sep_holder vc_sep_holder_r\"><span style=\"border-color:#fbd200;\" class=\"vc_sep_line\"><\/span><\/span>\n<\/div><div class=\"vc_row wpb_row vc_inner vc_row-fluid\"><div class=\"wpb_column vc_column_container vc_col-sm-8\"><div class=\"vc_column-inner\"><div class=\"wpb_wrapper\">\n\t<div class=\"wpb_text_column wpb_content_element\" >\n\t\t<div class=\"wpb_wrapper\">\n\t\t\t<ul>\n<li>Einige unserer Veranstaltungen, die sich u.a. auf Partnerarbeit und Heilung beziehen, sind speziell f\u00fcr schwule, bi, trans und queere M\u00e4nner* oder queere M\u00e4nnlichkeiten konzipiert.<\/li>\n<li>Andere sind f\u00fcr lesbische, bi, trans und queere Frauen* oder queere Weiblichkeiten konzipiert.<\/li>\n<li>Weitere Veranstaltungen unterst\u00fctzen eine Reihe von Bed\u00fcrfnissen, die alle Geschlechtsidentit\u00e4ten und sexuellen Orientierungen einschlie\u00dfen oder \u00fcber diese hinausgehen.<\/li>\n<li>Einige Veranstaltungen richten sich an alle unsere Freund*innen, Verb\u00fcndeten und an die breite \u00d6ffentlichkeit.<\/li>\n<\/ul>\n\n\t\t<\/div>\n\t<\/div>\n<\/div><\/div><\/div><div class=\"wpb_column vc_column_container vc_col-sm-4\"><div class=\"vc_column-inner\"><div class=\"wpb_wrapper\"><\/div><\/div><\/div><\/div><div class=\"vc_empty_space\"   style=\"height: 20px\"><span class=\"vc_empty_space_inner\"><\/span><\/div>\n\t<div class=\"wpb_text_column wpb_content_element\" >\n\t\t<div class=\"wpb_wrapper\">\n\t\t\t<p><em>Bitte entnimm unserem <strong><a class=\"_ps2id\" href=\"https:\/\/wearevillage.org\/kalender\" data-ps2id-offset=\"\">Kalender<\/a><\/strong>, welche Veranstaltungen f\u00fcr welche Interessen konzipiert sind.<\/em><\/p>\n\n\t\t<\/div>\n\t<\/div>\n<div class=\"vc_row wpb_row vc_inner vc_row-fluid\"><div class=\"wpb_column vc_column_container vc_col-sm-3\"><div class=\"vc_column-inner\"><div class=\"wpb_wrapper\"><div class=\" ubtn-ctn-center \"><a class=\"ubtn-link ult-adjust-bottom-margin ubtn-center ubtn-block \" href=\"https:\/\/wearevillage.org\/kalender\/\" target=\"_blank\" rel=\"noopener\" ><button type=\"button\" id=\"ubtn-8389\"  class=\"ubtn ult-adjust-bottom-margin ult-responsive ubtn-block ubtn-fade-bg  none  ubtn-center   tooltip-69f0f3c0b927d ubtn-block\"  data-hover=\"#fbd100\" data-border-color=\"#fad300\" data-bg=\"#fad300\" data-hover-bg=\"#000000\" data-border-hover=\"#000000\" data-shadow-hover=\"\" data-shadow-click=\"none\" data-shadow=\"\" data-shd-shadow=\"\"  data-ultimate-target='#ubtn-8389'  data-responsive-json-new='{\"font-size\":\"desktop:16px;\",\"line-height\":\"\"}'  style=\"font-family:'Roboto';font-weight:700;border-radius:5px;border-width:1px;border-color:#fad300;border-style:solid;background: #fad300;color: #000000;\"><span class=\"ubtn-data ubtn-icon\"><i class=\"none\" style=\"font-size:px;color:;\"><\/i><\/span><span class=\"ubtn-hover\" style=\"background-color:#000000\"><\/span><span class=\"ubtn-data ubtn-text \" >Kalender<\/span><\/button><\/a><\/div><\/div><\/div><\/div><div class=\"wpb_column vc_column_container vc_col-sm-3\"><div class=\"vc_column-inner\"><div class=\"wpb_wrapper\"><\/div><\/div><\/div><div class=\"wpb_column vc_column_container vc_col-sm-3\"><div class=\"vc_column-inner\"><div class=\"wpb_wrapper\"><\/div><\/div><\/div><div class=\"wpb_column vc_column_container vc_col-sm-3\"><div class=\"vc_column-inner\"><div class=\"wpb_wrapper\"><\/div><\/div><\/div><\/div><\/div><\/div><\/div><\/div><div class=\"vc_row wpb_row vc_row-fluid\"><div class=\"wpb_column vc_column_container vc_col-sm-12\"><div class=\"vc_column-inner\"><div class=\"wpb_wrapper\"><div class=\"vc_empty_space\"   style=\"height: 120px\"><span class=\"vc_empty_space_inner\"><\/span><\/div><\/div><\/div><\/div><\/div><div id=\"3\" class=\"vc_row wpb_row vc_row-fluid\"><div class=\"wpb_column vc_column_container vc_col-sm-10\"><div class=\"vc_column-inner\"><div class=\"wpb_wrapper\"><h2 style=\"text-align: left\" class=\"vc_custom_heading vc_do_custom_heading\" >*vision<\/h2><h5 style=\"text-align: left\" class=\"vc_custom_heading vc_do_custom_heading\" >Wir helfen dabei, eine Welt zu gestalten, in der queere Menschen und Gemeinschaften heilen und wachsen k\u00f6nnen und dadurch die Gesellschaft als Ganzes st\u00e4rken k\u00f6nnen.<\/h5><\/div><\/div><\/div><div class=\"wpb_column vc_column_container vc_col-sm-2\"><div class=\"vc_column-inner\"><div class=\"wpb_wrapper\"><\/div><\/div><\/div><\/div><div class=\"vc_row wpb_row vc_row-fluid\"><div class=\"wpb_column vc_column_container vc_col-sm-12\"><div class=\"vc_column-inner\"><div class=\"wpb_wrapper\"><div class=\"vc_empty_space\"   style=\"height: 120px\"><span class=\"vc_empty_space_inner\"><\/span><\/div><\/div><\/div><\/div><\/div><div class=\"vc_row wpb_row vc_row-fluid\"><div class=\"wpb_column vc_column_container vc_col-sm-10\"><div class=\"vc_column-inner\"><div class=\"wpb_wrapper\"><h2 style=\"text-align: left\" class=\"vc_custom_heading vc_do_custom_heading\" >*mission<\/h2><h5 style=\"text-align: left\" class=\"vc_custom_heading vc_do_custom_heading\" >we are village ist F\u00fcrsprecherin, Lernzentrum, Treffpunkt und Netzwerk f\u00fcr queere Gemeinschaften, mit Fokus auf verk\u00f6rpertem soziokulturellen Wandel, menschlichen Verbindungen und Kreativit\u00e4t.<\/p>\n<p>we are village st\u00e4rkt und bef\u00e4higt queere Menschen durch individuelle und kollektive Partizipation.<\/h5><\/div><\/div><\/div><div class=\"wpb_column vc_column_container vc_col-sm-2\"><div class=\"vc_column-inner\"><div class=\"wpb_wrapper\"><\/div><\/div><\/div><\/div><div class=\"vc_row wpb_row vc_row-fluid\"><div class=\"wpb_column vc_column_container vc_col-sm-12\"><div class=\"vc_column-inner\"><div class=\"wpb_wrapper\"><div class=\"vc_empty_space\"   style=\"height: 120px\"><span class=\"vc_empty_space_inner\"><\/span><\/div><\/div><\/div><\/div><\/div><div id=\"4\" class=\"vc_row wpb_row vc_row-fluid\"><div class=\"wpb_column vc_column_container vc_col-sm-12\"><div class=\"vc_column-inner\"><div class=\"wpb_wrapper\"><div class=\"vc_row wpb_row vc_inner vc_row-fluid\"><div class=\"wpb_column vc_column_container vc_col-sm-4\"><div class=\"vc_column-inner\"><div class=\"wpb_wrapper\"><h2 style=\"text-align: left\" class=\"vc_custom_heading vc_do_custom_heading\" >*struktur<\/h2><h5 style=\"text-align: left\" class=\"vc_custom_heading vc_do_custom_heading\" >we are village besteht aus 4 sich \u00fcberlappenden Bereichen, die sich in einem Mitglieder- und F\u00f6rderverein und einer gemeinn\u00fctzigen GmbH organisieren.<\/h5><\/div><\/div><\/div><div class=\"wpb_column vc_column_container vc_col-sm-8\"><div class=\"vc_column-inner\"><div class=\"wpb_wrapper\">\n\t<div  class=\"wpb_single_image wpb_content_element vc_align_left wpb_content_element\">\n\t\t\n\t\t<figure class=\"wpb_wrapper vc_figure\">\n\t\t\t<div class=\"vc_single_image-wrapper   vc_box_border_grey\"><img loading=\"lazy\" decoding=\"async\" width=\"1000\" height=\"1050\" src=\"https:\/\/wearevillage.org\/wp-content\/uploads\/2022\/08\/wav-structure.jpg\" class=\"vc_single_image-img attachment-full\" alt=\"\" title=\"wav-structure\" srcset=\"https:\/\/wearevillage.org\/wp-content\/uploads\/2022\/08\/wav-structure.jpg 1000w, https:\/\/wearevillage.org\/wp-content\/uploads\/2022\/08\/wav-structure-390x410.jpg 390w, https:\/\/wearevillage.org\/wp-content\/uploads\/2022\/08\/wav-structure-600x630.jpg 600w, https:\/\/wearevillage.org\/wp-content\/uploads\/2022\/08\/wav-structure-286x300.jpg 286w, https:\/\/wearevillage.org\/wp-content\/uploads\/2022\/08\/wav-structure-975x1024.jpg 975w, https:\/\/wearevillage.org\/wp-content\/uploads\/2022\/08\/wav-structure-768x806.jpg 768w, https:\/\/wearevillage.org\/wp-content\/uploads\/2022\/08\/wav-structure-624x655.jpg 624w\" sizes=\"auto, (max-width: 1000px) 100vw, 1000px\" \/><\/div>\n\t\t<\/figure>\n\t<\/div>\n<\/div><\/div><\/div><\/div><\/div><\/div><\/div><\/div><div class=\"vc_row wpb_row vc_row-fluid\"><div class=\"wpb_column vc_column_container vc_col-sm-12\"><div class=\"vc_column-inner\"><div class=\"wpb_wrapper\"><div class=\"vc_empty_space\"   style=\"height: 120px\"><span class=\"vc_empty_space_inner\"><\/span><\/div><\/div><\/div><\/div><\/div><div id=\"5\" class=\"vc_row wpb_row vc_row-fluid\"><div class=\"wpb_column vc_column_container vc_col-sm-12\"><div class=\"vc_column-inner\"><div class=\"wpb_wrapper\"><h2 style=\"text-align: left\" class=\"vc_custom_heading vc_do_custom_heading\" >*partizipation<\/h2><div class=\"vc_row wpb_row vc_inner vc_row-fluid\"><div class=\"wpb_column vc_column_container vc_col-sm-10\"><div class=\"vc_column-inner\"><div class=\"wpb_wrapper\"><h5 style=\"text-align: left\" class=\"vc_custom_heading vc_do_custom_heading\" >Bei we are village kannst du auf viele Art und Weisen einbringen:<\/h5><\/div><\/div><\/div><div class=\"wpb_column vc_column_container vc_col-sm-2\"><div class=\"vc_column-inner\"><div class=\"wpb_wrapper\"><\/div><\/div><\/div><\/div><div class=\"vc_separator wpb_content_element vc_separator_align_center vc_sep_width_10 vc_sep_border_width_5 vc_sep_pos_align_left vc_separator_no_text wpb_content_element  wpb_content_element\" ><span class=\"vc_sep_holder vc_sep_holder_l\"><span style=\"border-color:#fbd200;\" class=\"vc_sep_line\"><\/span><\/span><span class=\"vc_sep_holder vc_sep_holder_r\"><span style=\"border-color:#fbd200;\" class=\"vc_sep_line\"><\/span><\/span>\n<\/div><div class=\"vc_row wpb_row vc_inner vc_row-fluid\"><div class=\"wpb_column vc_column_container vc_col-sm-8\"><div class=\"vc_column-inner\"><div class=\"wpb_wrapper\">\n\t<div class=\"wpb_text_column wpb_content_element\" >\n\t\t<div class=\"wpb_wrapper\">\n\t\t\t<ul>\n<li>Nimm an Veranstaltungen teil<\/li>\n<li>Werde Mitglied, genie\u00dfe viele Vorteile und unterst\u00fctze gleichzeitig das Projekt<\/li>\n<li>Biete ein Event an \u2013 physisch oder online \u2013 und erg\u00e4nze unser Programm mit etwas, was mit unserer Vision und unseren Werten im Einklang ist<\/li>\n<li>Bringe dich als Therapeut*in, Coach, K\u00fcnstler*in oder Aktivist*in ein<\/li>\n<li>Schlie\u00dfe dich unserem Volunteer-Team an und hilf uns beim Umsetzen von Projekten oder allt\u00e4glichen Aufgaben. Manchmal suchen wir neue Mitarbeitende f\u00fcr unser Kernteam. Bewirb dich gerne!<\/li>\n<li>Unterst\u00fctze uns beratend, kreativ oder administrativ<\/li>\n<li>Trage als Sponsor*in oder Spender*in zum Erhalt des Projektes bei<\/li>\n<\/ul>\n\n\t\t<\/div>\n\t<\/div>\n<\/div><\/div><\/div><div class=\"wpb_column vc_column_container vc_col-sm-4\"><div class=\"vc_column-inner\"><div class=\"wpb_wrapper\"><\/div><\/div><\/div><\/div><\/div><\/div><\/div><\/div><div class=\"vc_row wpb_row vc_row-fluid\"><div class=\"wpb_column vc_column_container vc_col-sm-12\"><div class=\"vc_column-inner\"><div class=\"wpb_wrapper\"><div class=\"vc_empty_space\"   style=\"height: 50px\"><span class=\"vc_empty_space_inner\"><\/span><\/div><\/div><\/div><\/div><\/div><div id=\"10\" class=\"vc_row wpb_row vc_row-fluid\"><div class=\"wpb_column vc_column_container vc_col-sm-4\"><div class=\"vc_column-inner\"><div class=\"wpb_wrapper\"><div class=\" ubtn-ctn-center \"><a class=\"ubtn-link ult-adjust-bottom-margin ubtn-center ubtn-block \" href=\"https:\/\/wearevillage.org\/kalender\/\" title=\"Zum Kalender\" target=\"_blank\" rel=\"noopener\" ><button type=\"button\" id=\"ubtn-6366\"  class=\"ubtn ult-adjust-bottom-margin ult-responsive ubtn-block ubtn-fade-bg  none  ubtn-center   tooltip-69f0f3c0ba812 ubtn-block\"  data-hover=\"#fbd100\" data-border-color=\"#fad300\" data-bg=\"#fad300\" data-hover-bg=\"#000000\" data-border-hover=\"#000000\" data-shadow-hover=\"\" data-shadow-click=\"none\" data-shadow=\"\" data-shd-shadow=\"\"  data-ultimate-target='#ubtn-6366'  data-responsive-json-new='{\"font-size\":\"desktop:16px;\",\"line-height\":\"\"}'  style=\"font-family:'Roboto';font-weight:700;border-radius:5px;border-width:1px;border-color:#fad300;border-style:solid;background: #fad300;color: #000000;\"><span class=\"ubtn-data ubtn-icon\"><i class=\"none\" style=\"font-size:px;color:;\"><\/i><\/span><span class=\"ubtn-hover\" style=\"background-color:#000000\"><\/span><span class=\"ubtn-data ubtn-text \" >Kalender<\/span><\/button><\/a><\/div><\/div><\/div><\/div><div class=\"wpb_column vc_column_container vc_col-sm-4\"><div class=\"vc_column-inner\"><div class=\"wpb_wrapper\"><div class=\" ubtn-ctn-center \"><a class=\"ubtn-link ult-adjust-bottom-margin ubtn-center ubtn-block \" href=\"https:\/\/wearevillage.org\/mitgliedschaft\/\" title=\"Mitglied werden\" target=\"_blank\" rel=\"noopener\" ><button type=\"button\" id=\"ubtn-8726\"  class=\"ubtn ult-adjust-bottom-margin ult-responsive ubtn-block ubtn-fade-bg  none  ubtn-center   tooltip-69f0f3c0ba8ab ubtn-block\"  data-hover=\"#00a47d\" data-border-color=\"#00a47d\" data-bg=\"#00a47d\" data-hover-bg=\"#000000\" data-border-hover=\"#000000\" data-shadow-hover=\"\" data-shadow-click=\"none\" data-shadow=\"\" data-shd-shadow=\"\"  data-ultimate-target='#ubtn-8726'  data-responsive-json-new='{\"font-size\":\"desktop:16px;\",\"line-height\":\"\"}'  style=\"font-family:'Roboto';font-weight:700;border-radius:5px;border-width:1px;border-color:#00a47d;border-style:solid;background: #00a47d;color: #000000;\"><span class=\"ubtn-data ubtn-icon\"><i class=\"none\" style=\"font-size:px;color:;\"><\/i><\/span><span class=\"ubtn-hover\" style=\"background-color:#000000\"><\/span><span class=\"ubtn-data ubtn-text \" >Mitglied werden<\/span><\/button><\/a><\/div><\/div><\/div><\/div><div class=\"wpb_column vc_column_container vc_col-sm-4\"><div class=\"vc_column-inner\"><div class=\"wpb_wrapper\"><div class=\" ubtn-ctn-center \"><a class=\"ubtn-link ult-adjust-bottom-margin ubtn-center ubtn-block \" href=\"https:\/\/wearevillage.org\/volunteers-form\/\" title=\"Werde Volunteer\" target=\"_blank\" rel=\"noopener\" ><button type=\"button\" id=\"ubtn-5134\"  class=\"ubtn ult-adjust-bottom-margin ult-responsive ubtn-block ubtn-fade-bg  none  ubtn-center   tooltip-69f0f3c0ba932 ubtn-block\"  data-hover=\"#00a47d\" data-border-color=\"#00a47d\" data-bg=\"#00a47d\" data-hover-bg=\"#000000\" data-border-hover=\"#000000\" data-shadow-hover=\"\" data-shadow-click=\"none\" data-shadow=\"\" data-shd-shadow=\"\"  data-ultimate-target='#ubtn-5134'  data-responsive-json-new='{\"font-size\":\"desktop:16px;\",\"line-height\":\"\"}'  style=\"font-family:'Roboto';font-weight:700;border-radius:5px;border-width:1px;border-color:#00a47d;border-style:solid;background: #00a47d;color: #000000;\"><span class=\"ubtn-data ubtn-icon\"><i class=\"none\" style=\"font-size:px;color:;\"><\/i><\/span><span class=\"ubtn-hover\" style=\"background-color:#000000\"><\/span><span class=\"ubtn-data ubtn-text \" >Volunteer werden<\/span><\/button><\/a><\/div><\/div><\/div><\/div><\/div><div class=\"vc_row wpb_row vc_row-fluid\"><div class=\"wpb_column vc_column_container vc_col-sm-12\"><div class=\"vc_column-inner\"><div class=\"wpb_wrapper\"><div class=\"vc_empty_space\"   style=\"height: 40px\"><span class=\"vc_empty_space_inner\"><\/span><\/div><h2 style=\"text-align: left\" class=\"vc_custom_heading vc_do_custom_heading\" >*transparenz<\/h2><div class=\"vc_empty_space\"   style=\"height: 40px\"><span class=\"vc_empty_space_inner\"><\/span><\/div>\n\t<div  class=\"wpb_single_image wpb_content_element vc_align_left wpb_content_element\">\n\t\t\n\t\t<figure class=\"wpb_wrapper vc_figure\">\n\t\t\t<a href=\"https:\/\/wearevillage.org\/transparenz\" target=\"_self\" class=\"vc_single_image-wrapper   vc_box_border_grey\"><img loading=\"lazy\" decoding=\"async\" width=\"640\" height=\"174\" src=\"https:\/\/wearevillage.org\/wp-content\/uploads\/2025\/06\/Transparente_Zivilgesellschaft.png\" class=\"vc_single_image-img attachment-large\" alt=\"\" title=\"Transparente_Zivilgesellschaft\" srcset=\"https:\/\/wearevillage.org\/wp-content\/uploads\/2025\/06\/Transparente_Zivilgesellschaft.png 735w, https:\/\/wearevillage.org\/wp-content\/uploads\/2025\/06\/Transparente_Zivilgesellschaft-300x82.png 300w, https:\/\/wearevillage.org\/wp-content\/uploads\/2025\/06\/Transparente_Zivilgesellschaft-150x41.png 150w, https:\/\/wearevillage.org\/wp-content\/uploads\/2025\/06\/Transparente_Zivilgesellschaft-624x170.png 624w, https:\/\/wearevillage.org\/wp-content\/uploads\/2025\/06\/Transparente_Zivilgesellschaft-390x106.png 390w, https:\/\/wearevillage.org\/wp-content\/uploads\/2025\/06\/Transparente_Zivilgesellschaft-600x163.png 600w\" sizes=\"auto, (max-width: 640px) 100vw, 640px\" \/><\/a>\n\t\t<\/figure>\n\t<\/div>\n<h5 style=\"text-align: left\" class=\"vc_custom_heading vc_do_custom_heading\" >we are village geh\u00f6rt zu den Unterzeichner*innen der Initiative Transparente Zivilgesellschaft.<br \/>\nAuf unserer Transparenz-Seite findest du zentrale Informationen \u00fcber unsere Ziele, Strukturen, Entscheidungsprozesse und Finanzen.<\/h5><div class=\"vc_empty_space\"   style=\"height: 40px\"><span class=\"vc_empty_space_inner\"><\/span><\/div><div class=\" ubtn-ctn-left \"><a class=\"ubtn-link ult-adjust-bottom-margin ubtn-left ubtn-normal \" href=\"https:\/\/wearevillage.org\/transparenz\" title=\"Transparenz-Seite\" target=\"_blank\" rel=\"noopener\" ><button type=\"button\" id=\"ubtn-4540\"  class=\"ubtn ult-adjust-bottom-margin ult-responsive ubtn-normal ubtn-fade-bg  none  ubtn-left   tooltip-69f0f3c0bb157\"  data-hover=\"#fbd100\" data-border-color=\"#fbd100\" data-bg=\"#fbd100\" data-hover-bg=\"#000000\" data-border-hover=\"#000000\" data-shadow-hover=\"\" data-shadow-click=\"none\" data-shadow=\"\" data-shd-shadow=\"\"  data-ultimate-target='#ubtn-4540'  data-responsive-json-new='{\"font-size\":\"desktop:16px;\",\"line-height\":\"\"}'  style=\"font-family:'Roboto';font-weight:700;border-radius:5px;border-width:1px;border-color:#fbd100;border-style:solid;background: #fbd100;color: #0f0f0f;\"><span class=\"ubtn-data ubtn-icon\"><i class=\"none\" style=\"font-size:px;color:;\"><\/i><\/span><span class=\"ubtn-hover\" style=\"background-color:#000000\"><\/span><span class=\"ubtn-data ubtn-text \" >Transparenz Seite<\/span><\/button><\/a><\/div><\/div><\/div><\/div><\/div>\n<\/div>","protected":false},"excerpt":{"rendered":"we are village ist ein ein Ort und eine Plattform, wo queere Menschen Zugeh\u00f6rigkeit finden und wachsen k\u00f6nnen.*was wir tunWir besch\u00e4ftigen uns mit verk\u00f6rperten Praktiken,\u2026","protected":false},"author":1,"featured_media":0,"parent":0,"menu_order":27,"comment_status":"closed","ping_status":"closed","template":"","meta":{"pmpro_default_level":"","inline_featured_image":false,"footnotes":""},"class_list":["post-75","page","type-page","status-publish","hentry","pmpro-has-access"],"wpml_current_locale":"de_DE","wpml_translations":{"en_US":{"locale":"en_US","id":3399,"slug":"ueber-uns","post_title":"About us","href":"https:\/\/wearevillage.org\/en\/ueber-uns\/"}},"app_access":{"can_access":true,"restrict_message":null},"language":{"code":"de","locale":"","name":"","is_rtl":false},"_links":{"self":[{"href":"https:\/\/wearevillage.org\/wp-json\/wp\/v2\/pages\/75","targetHints":{"allow":["GET"]}}],"collection":[{"href":"https:\/\/wearevillage.org\/wp-json\/wp\/v2\/pages"}],"about":[{"href":"https:\/\/wearevillage.org\/wp-json\/wp\/v2\/types\/page"}],"author":[{"embeddable":true,"href":"https:\/\/wearevillage.org\/wp-json\/wp\/v2\/users\/1"}],"replies":[{"embeddable":true,"href":"https:\/\/wearevillage.org\/wp-json\/wp\/v2\/comments?post=75"}],"version-history":[{"count":56,"href":"https:\/\/wearevillage.org\/wp-json\/wp\/v2\/pages\/75\/revisions"}],"predecessor-version":[{"id":41652,"href":"https:\/\/wearevillage.org\/wp-json\/wp\/v2\/pages\/75\/revisions\/41652"}],"wp:attachment":[{"href":"https:\/\/wearevillage.org\/wp-json\/wp\/v2\/media?parent=75"}],"curies":[{"name":"wp","href":"https:\/\/api.w.org\/{rel}","templated":true}]}}