{"id":81,"date":"2022-08-26T15:18:53","date_gmt":"2022-08-26T13:18:53","guid":{"rendered":"https:\/\/wearevillage.org\/?page_id=81"},"modified":"2026-02-18T09:08:43","modified_gmt":"2026-02-18T08:08:43","slug":"we-are-experience","status":"publish","type":"page","link":"https:\/\/wearevillage.org\/village-quartiere\/we-are-experience\/","title":{"rendered":"we are experience"},"content":{"rendered":"<div class=\"wpb-content-wrapper\"><div data-vc-full-width=\"true\" data-vc-full-width-temp=\"true\" data-vc-full-width-init=\"false\" class=\"vc_row wpb_row vc_row-fluid vc_custom_1662556699693 vc_row-has-fill vc_row-o-equal-height vc_row-o-content-middle vc_row-flex\"><div class=\"wpb_column vc_column_container vc_col-sm-10\"><div class=\"vc_column-inner\"><div class=\"wpb_wrapper\"><div class=\"vc_empty_space\"   style=\"height: 60px\"><span class=\"vc_empty_space_inner\"><\/span><\/div><h1 style=\"text-align: left\" class=\"vc_custom_heading vc_do_custom_heading\" >we are<br \/>\nexperience<\/h1><div class=\"vc_empty_space\"   style=\"height: 60px\"><span class=\"vc_empty_space_inner\"><\/span><\/div><\/div><\/div><\/div><div class=\"wpb_column vc_column_container vc_col-sm-2 vc_hidden-sm vc_hidden-xs\"><div class=\"vc_column-inner\"><div class=\"wpb_wrapper\">\n\t<div  class=\"wpb_single_image wpb_content_element vc_align_left wpb_content_element\">\n\t\t\n\t\t<figure class=\"wpb_wrapper vc_figure\">\n\t\t\t<div class=\"vc_single_image-wrapper   vc_box_border_grey\"><img loading=\"lazy\" decoding=\"async\" width=\"300\" height=\"300\" src=\"https:\/\/wearevillage.org\/wp-content\/uploads\/2022\/08\/we-are-village-icon-black.svg\" class=\"vc_single_image-img attachment-medium\" alt=\"\" title=\"we-are-village-icon-black\" \/><\/div>\n\t\t<\/figure>\n\t<\/div>\n<\/div><\/div><\/div><\/div><div class=\"vc_row-full-width vc_clearfix\"><\/div><div class=\"vc_row wpb_row vc_row-fluid\"><div class=\"wpb_column vc_column_container vc_col-sm-12\"><div class=\"vc_column-inner\"><div class=\"wpb_wrapper\"><div class=\"vc_empty_space\"   style=\"height: 100px\"><span class=\"vc_empty_space_inner\"><\/span><\/div><\/div><\/div><\/div><\/div><div id=\"1\" class=\"vc_row wpb_row vc_row-fluid\"><div class=\"wpb_column vc_column_container vc_col-sm-10\"><div class=\"vc_column-inner\"><div class=\"wpb_wrapper\"><h2 style=\"text-align: left\" class=\"vc_custom_heading vc_do_custom_heading\" >we are experience umfasst alle unsere Kurse, Salons, Workshops, Retreats, Trainings, das Stretch Festival und vieles mehr\u2026<\/h2>\n\t<div class=\"wpb_text_column wpb_content_element\" >\n\t\t<div class=\"wpb_wrapper\">\n\t\t\t<h5>we are experience f\u00f6rdert individuelles und kollektives Wachstum. Dabei steht Selbsterfahrung im Mittelpunkt. K\u00f6rperarbeit, Achtsamkeit, Bewegung, Kommunikation, Psychologie, Identit\u00e4t, gegenseitiges Einverst\u00e4ndnis (Consent), Sexualit\u00e4t, zwischenmenschliche Begegnungen sind einige unserer Schwerpunkte.<\/h5>\n<h5>Veranstaltungen finden im Village.Berlin, an anderen Orten oder online statt. Erm\u00f6glicht werden sie durch ein internationales Team, das Teilnehmende dabei begleitet, mit ihren Bed\u00fcrfnissen, Ressourcen und anderen Menschen in Kontakt zu kommen.<\/h5>\n\n\t\t<\/div>\n\t<\/div>\n<\/div><\/div><\/div><div class=\"wpb_column vc_column_container vc_col-sm-2\"><div class=\"vc_column-inner\"><div class=\"wpb_wrapper\"><\/div><\/div><\/div><\/div><div class=\"vc_row wpb_row vc_row-fluid\"><div class=\"wpb_column vc_column_container vc_col-sm-12\"><div class=\"vc_column-inner\"><div class=\"wpb_wrapper\"><div class=\"vc_empty_space\"   style=\"height: 30px\"><span class=\"vc_empty_space_inner\"><\/span><\/div><\/div><\/div><\/div><\/div><div class=\"vc_row wpb_row vc_row-fluid\"><div class=\"wpb_column vc_column_container vc_col-sm-12\"><div class=\"vc_column-inner\"><div class=\"wpb_wrapper\">\n\t<div  class=\"wpb_single_image wpb_content_element vc_align_left wpb_content_element\">\n\t\t\n\t\t<figure class=\"wpb_wrapper vc_figure\">\n\t\t\t<div class=\"vc_single_image-wrapper   vc_box_border_grey\"><img loading=\"lazy\" decoding=\"async\" width=\"1700\" height=\"1134\" src=\"https:\/\/wearevillage.org\/wp-content\/uploads\/2022\/08\/Moods-Experience.jpg\" class=\"vc_single_image-img attachment-full\" alt=\"\" title=\"Moods-Experience\" srcset=\"https:\/\/wearevillage.org\/wp-content\/uploads\/2022\/08\/Moods-Experience.jpg 1700w, https:\/\/wearevillage.org\/wp-content\/uploads\/2022\/08\/Moods-Experience-390x260.jpg 390w, https:\/\/wearevillage.org\/wp-content\/uploads\/2022\/08\/Moods-Experience-600x400.jpg 600w, https:\/\/wearevillage.org\/wp-content\/uploads\/2022\/08\/Moods-Experience-300x200.jpg 300w, https:\/\/wearevillage.org\/wp-content\/uploads\/2022\/08\/Moods-Experience-1024x683.jpg 1024w, https:\/\/wearevillage.org\/wp-content\/uploads\/2022\/08\/Moods-Experience-768x512.jpg 768w, https:\/\/wearevillage.org\/wp-content\/uploads\/2022\/08\/Moods-Experience-1536x1025.jpg 1536w, https:\/\/wearevillage.org\/wp-content\/uploads\/2022\/08\/Moods-Experience-624x416.jpg 624w\" sizes=\"auto, (max-width: 1700px) 100vw, 1700px\" \/><\/div>\n\t\t<\/figure>\n\t<\/div>\n<\/div><\/div><\/div><\/div><div class=\"vc_row wpb_row vc_row-fluid\"><div class=\"wpb_column vc_column_container vc_col-sm-12\"><div class=\"vc_column-inner\"><div class=\"wpb_wrapper\"><div class=\"vc_empty_space\"   style=\"height: 100px\"><span class=\"vc_empty_space_inner\"><\/span><\/div><\/div><\/div><\/div><\/div><div id=\"2\" class=\"vc_row wpb_row vc_row-fluid\"><div class=\"wpb_column vc_column_container vc_col-sm-10\"><div class=\"vc_column-inner\"><div class=\"wpb_wrapper\"><h2 style=\"text-align: left\" class=\"vc_custom_heading vc_do_custom_heading\" >*F\u00fcr wen<\/h2>\n\t<div class=\"wpb_text_column wpb_content_element\" >\n\t\t<div class=\"wpb_wrapper\">\n\t\t\t<h5>we are village hei\u00dft alle K\u00f6rper und kulturellen Hintergr\u00fcnde willkommen. Wir bieten Veranstaltungen und Aktivit\u00e4ten f\u00fcr queere M\u00e4nnlichkeiten, queere Weiblichkeiten, trans*, nicht-bin\u00e4re, genderfluide, intersexuelle und gender non-konforme Personen an. Angebote f\u00fcr queere Weiblichkeiten sind derzeit in Planung.<\/h5>\n<ul>\n<li>\n<h5>Einige unserer Veranstaltungen, die sich u.a. auf Partnerarbeit und Heilung beziehen, sind speziell f\u00fcr schwule, bi, trans und queere M\u00e4nner* oder queere M\u00e4nnlichkeiten konzipiert.<\/h5>\n<\/li>\n<li>\n<h5>Andere sind f\u00fcr lesbische, bi, trans und queere Frauen* oder queere Weiblichkeiten konzipiert.<\/h5>\n<\/li>\n<li>\n<h5>Weitere Veranstaltungen unterst\u00fctzen eine Reihe von Bed\u00fcrfnissen, die andere oder alle Geschlechtsidentit\u00e4ten und sexuellen Orientierungen einschlie\u00dfen oder \u00fcber diese hinausgehen.<\/h5>\n<\/li>\n<li>\n<h5>Einige Veranstaltungen richten sich an alle unsere Freund*innen, Verb\u00fcndeten und an die breite \u00d6ffentlichkeit.<\/h5>\n<\/li>\n<\/ul>\n<h5>Infos dazu, welche Veranstaltung f\u00fcr welche Interessen und Zielgruppe konzipiert ist, findest du in unserem Kalender.<\/h5>\n\n\t\t<\/div>\n\t<\/div>\n<\/div><\/div><\/div><div class=\"wpb_column vc_column_container vc_col-sm-2\"><div class=\"vc_column-inner\"><div class=\"wpb_wrapper\"><\/div><\/div><\/div><\/div><div class=\"vc_row wpb_row vc_row-fluid\"><div class=\"wpb_column vc_column_container vc_col-sm-12\"><div class=\"vc_column-inner\"><div class=\"wpb_wrapper\"><div class=\"vc_empty_space\"   style=\"height: 100px\"><span class=\"vc_empty_space_inner\"><\/span><\/div><\/div><\/div><\/div><\/div><div id=\"9\" class=\"vc_row wpb_row vc_row-fluid myclass\"><div class=\"wpb_column vc_column_container vc_col-sm-10\"><div class=\"vc_column-inner\"><div class=\"wpb_wrapper\"><h2 style=\"text-align: left\" class=\"vc_custom_heading vc_do_custom_heading\" >*Einzelarbeit<\/h2>\n\t<div class=\"wpb_text_column wpb_content_element\" >\n\t\t<div class=\"wpb_wrapper\">\n\t\t\t<h5>Einige unserer Teammitglieder bieten Einzelsitzungen mit verschiedenen Schwerpunkten an. Nimm bei R\u00fcckfragen gerne direkten <a href=\"mailto:info@wearevillage.org\">Kontakt<\/a> auf.<\/h5>\n\n\t\t<\/div>\n\t<\/div>\n<\/div><\/div><\/div><div class=\"wpb_column vc_column_container vc_col-sm-2\"><div class=\"vc_column-inner\"><div class=\"wpb_wrapper\"><\/div><\/div><\/div><\/div><div class=\"vc_row wpb_row vc_row-fluid\"><div class=\"wpb_column vc_column_container vc_col-sm-12\"><div class=\"vc_column-inner\"><div class=\"wpb_wrapper\"><div class=\"vc_empty_space\"   style=\"height: 100px\"><span class=\"vc_empty_space_inner\"><\/span><\/div><\/div><\/div><\/div><\/div><div id=\"10\" class=\"vc_row wpb_row vc_row-fluid\"><div class=\"wpb_column vc_column_container vc_col-sm-6\"><div class=\"vc_column-inner\"><div class=\"wpb_wrapper\"><div class=\" ubtn-ctn-center \"><a class=\"ubtn-link ult-adjust-bottom-margin ubtn-center ubtn-block \" href=\"https:\/\/wearevillage.org\/kalender\/\" title=\"Zum Kalender\" target=\"_blank\" rel=\"noopener\" ><button type=\"button\" id=\"ubtn-4709\"  class=\"ubtn ult-adjust-bottom-margin ult-responsive ubtn-block ubtn-fade-bg  none  ubtn-center   tooltip-69f0f960b19ed ubtn-block\"  data-hover=\"#fbd100\" data-border-color=\"#fad300\" data-bg=\"#fad300\" data-hover-bg=\"#000000\" data-border-hover=\"#000000\" data-shadow-hover=\"\" data-shadow-click=\"none\" data-shadow=\"\" data-shd-shadow=\"\"  data-ultimate-target='#ubtn-4709'  data-responsive-json-new='{\"font-size\":\"desktop:16px;\",\"line-height\":\"\"}'  style=\"font-family:'Roboto';font-weight:700;border-radius:5px;border-width:1px;border-color:#fad300;border-style:solid;background: #fad300;color: #000000;\"><span class=\"ubtn-data ubtn-icon\"><i class=\"none\" style=\"font-size:px;color:;\"><\/i><\/span><span class=\"ubtn-hover\" style=\"background-color:#000000\"><\/span><span class=\"ubtn-data ubtn-text \" >Kalender<\/span><\/button><\/a><\/div><\/div><\/div><\/div><div class=\"wpb_column vc_column_container vc_col-sm-6\"><div class=\"vc_column-inner\"><div class=\"wpb_wrapper\"><div class=\" ubtn-ctn-center \"><a class=\"ubtn-link ult-adjust-bottom-margin ubtn-center ubtn-block \" href=\"https:\/\/wearevillage.org\/membership\" title=\"Mitglied werden\" target=\"_blank\" rel=\"noopener\" ><button type=\"button\" id=\"ubtn-2198\"  class=\"ubtn ult-adjust-bottom-margin ult-responsive ubtn-block ubtn-fade-bg  none  ubtn-center   tooltip-69f0f960b1a90 ubtn-block\"  data-hover=\"#00a47d\" data-border-color=\"#00a47d\" data-bg=\"#00a47d\" data-hover-bg=\"#000000\" data-border-hover=\"#000000\" data-shadow-hover=\"\" data-shadow-click=\"none\" data-shadow=\"\" data-shd-shadow=\"\"  data-ultimate-target='#ubtn-2198'  data-responsive-json-new='{\"font-size\":\"desktop:16px;\",\"line-height\":\"\"}'  style=\"font-family:'Roboto';font-weight:700;border-radius:5px;border-width:1px;border-color:#00a47d;border-style:solid;background: #00a47d;color: #000000;\"><span class=\"ubtn-data ubtn-icon\"><i class=\"none\" style=\"font-size:px;color:;\"><\/i><\/span><span class=\"ubtn-hover\" style=\"background-color:#000000\"><\/span><span class=\"ubtn-data ubtn-text \" >Mitglied werden<\/span><\/button><\/a><\/div><\/div><\/div><\/div><\/div>\n<\/div>","protected":false},"excerpt":{"rendered":"we are experience we are experience umfasst alle unsere Kurse, Salons, Workshops, Retreats, Trainings, das Stretch Festival und vieles mehr\u2026 we are experience f\u00f6rdert individuelles\u2026","protected":false},"author":1,"featured_media":0,"parent":79,"menu_order":30,"comment_status":"closed","ping_status":"closed","template":"","meta":{"pmpro_default_level":"","inline_featured_image":false,"footnotes":""},"class_list":["post-81","page","type-page","status-publish","hentry","pmpro-has-access"],"wpml_current_locale":"de_DE","wpml_translations":{"en_US":{"locale":"en_US","id":3413,"slug":"we-are-experience","post_title":"we are experience","href":"https:\/\/wearevillage.org\/en\/village-quarters\/we-are-experience\/"}},"app_access":{"can_access":true,"restrict_message":null},"language":{"code":"de","locale":"","name":"","is_rtl":false},"_links":{"self":[{"href":"https:\/\/wearevillage.org\/wp-json\/wp\/v2\/pages\/81","targetHints":{"allow":["GET"]}}],"collection":[{"href":"https:\/\/wearevillage.org\/wp-json\/wp\/v2\/pages"}],"about":[{"href":"https:\/\/wearevillage.org\/wp-json\/wp\/v2\/types\/page"}],"author":[{"embeddable":true,"href":"https:\/\/wearevillage.org\/wp-json\/wp\/v2\/users\/1"}],"replies":[{"embeddable":true,"href":"https:\/\/wearevillage.org\/wp-json\/wp\/v2\/comments?post=81"}],"version-history":[{"count":29,"href":"https:\/\/wearevillage.org\/wp-json\/wp\/v2\/pages\/81\/revisions"}],"predecessor-version":[{"id":39638,"href":"https:\/\/wearevillage.org\/wp-json\/wp\/v2\/pages\/81\/revisions\/39638"}],"up":[{"embeddable":true,"href":"https:\/\/wearevillage.org\/wp-json\/wp\/v2\/pages\/79"}],"wp:attachment":[{"href":"https:\/\/wearevillage.org\/wp-json\/wp\/v2\/media?parent=81"}],"curies":[{"name":"wp","href":"https:\/\/api.w.org\/{rel}","templated":true}]}}