{"id":88,"date":"2022-08-26T15:24:08","date_gmt":"2022-08-26T13:24:08","guid":{"rendered":"https:\/\/wearevillage.org\/?page_id=88"},"modified":"2026-02-18T09:11:54","modified_gmt":"2026-02-18T08:11:54","slug":"we-are-community","status":"publish","type":"page","link":"https:\/\/wearevillage.org\/village-quartiere\/we-are-community\/","title":{"rendered":"we are community"},"content":{"rendered":"<div class=\"wpb-content-wrapper\"><div data-vc-full-width=\"true\" data-vc-full-width-temp=\"true\" data-vc-full-width-init=\"false\" class=\"vc_row wpb_row vc_row-fluid vc_custom_1662556753464 vc_row-has-fill vc_row-o-equal-height vc_row-o-content-middle vc_row-flex\"><div class=\"wpb_column vc_column_container vc_col-sm-10\"><div class=\"vc_column-inner\"><div class=\"wpb_wrapper\"><div class=\"vc_empty_space\"   style=\"height: 60px\"><span class=\"vc_empty_space_inner\"><\/span><\/div><h1 style=\"text-align: left\" class=\"vc_custom_heading vc_do_custom_heading\" >we are<br \/>\ncommunity<\/h1><div class=\"vc_empty_space\"   style=\"height: 60px\"><span class=\"vc_empty_space_inner\"><\/span><\/div><\/div><\/div><\/div><div class=\"wpb_column vc_column_container vc_col-sm-2 vc_hidden-sm vc_hidden-xs\"><div class=\"vc_column-inner\"><div class=\"wpb_wrapper\">\n\t<div  class=\"wpb_single_image wpb_content_element vc_align_left wpb_content_element\">\n\t\t\n\t\t<figure class=\"wpb_wrapper vc_figure\">\n\t\t\t<div class=\"vc_single_image-wrapper   vc_box_border_grey\"><img loading=\"lazy\" decoding=\"async\" width=\"300\" height=\"300\" src=\"https:\/\/wearevillage.org\/wp-content\/uploads\/2022\/08\/we-are-village-icon-black.svg\" class=\"vc_single_image-img attachment-medium\" alt=\"\" title=\"we-are-village-icon-black\" \/><\/div>\n\t\t<\/figure>\n\t<\/div>\n<\/div><\/div><\/div><\/div><div class=\"vc_row-full-width vc_clearfix\"><\/div><div class=\"vc_row wpb_row vc_row-fluid\"><div class=\"wpb_column vc_column_container vc_col-sm-12\"><div class=\"vc_column-inner\"><div class=\"wpb_wrapper\"><div class=\"vc_empty_space\"   style=\"height: 100px\"><span class=\"vc_empty_space_inner\"><\/span><\/div><\/div><\/div><\/div><\/div><div id=\"1\" class=\"vc_row wpb_row vc_row-fluid myclass\"><div class=\"wpb_column vc_column_container vc_col-sm-10\"><div class=\"vc_column-inner\"><div class=\"wpb_wrapper\"><h2 style=\"text-align: left\" class=\"vc_custom_heading vc_do_custom_heading\" >we are community ist die Essenz und Grundlage unseres Projekts und repr\u00e4sentiert die menschlichen Beziehungen und Bez\u00fcge zwischen all unseren Angeboten. Die we are village Community ist einer der am meisten gesch\u00e4tzten Aspekte unserer Arbeit.<\/h2>\n\t<div class=\"wpb_text_column wpb_content_element\" >\n\t\t<div class=\"wpb_wrapper\">\n\t\t\t<h5>Menschen, die sich f\u00fcr unsere Community interessieren, finden uns in der Regel \u00fcber eine unserer Veranstaltungen und lernen dort die vielen M\u00f6glichkeiten kennen, sich einzubringen. Unsere Community entstand urspr\u00fcnglich aus der verk\u00f6rperten Erforschung queerer M\u00e4nnlichkeiten, w\u00e4chst aber st\u00e4ndig weiter, um alle queeren Identit\u00e4ten einbeziehen zu k\u00f6nnen.<\/h5>\n\n\t\t<\/div>\n\t<\/div>\n\n\t<div class=\"wpb_text_column wpb_content_element\" >\n\t\t<div class=\"wpb_wrapper\">\n\t\t\t<p>Ob Kursteilnehmende, Moderator*innen, Therapeut*innen, Coaches, K\u00fcnstler*innen, Aktivist*innen oder Volonteers \u2013 alle Mitglieder unserer Community eint der Wunsch nach neuen Beziehungsformen, nachhaltigeren Visionen und Gemeinschaftsmodellen, die Freude am Experimentieren und der Wunsch, Teil von we are village zu sein.<\/p>\n<p><strong>we are community<\/strong> ist ein \u00fcber Jahre gewachsener Space, analog und digital, in Berlin und weit dar\u00fcber hinaus.<\/p>\n\n\t\t<\/div>\n\t<\/div>\n<\/div><\/div><\/div><div class=\"wpb_column vc_column_container vc_col-sm-2\"><div class=\"vc_column-inner\"><div class=\"wpb_wrapper\"><\/div><\/div><\/div><\/div><div class=\"vc_row wpb_row vc_row-fluid\"><div class=\"wpb_column vc_column_container vc_col-sm-12\"><div class=\"vc_column-inner\"><div class=\"wpb_wrapper\"><div class=\"vc_empty_space\"   style=\"height: 40px\"><span class=\"vc_empty_space_inner\"><\/span><\/div><\/div><\/div><\/div><\/div><div class=\"vc_row wpb_row vc_row-fluid\"><div class=\"wpb_column vc_column_container vc_col-sm-12\"><div class=\"vc_column-inner\"><div class=\"wpb_wrapper\">\n\t<div  class=\"wpb_single_image wpb_content_element vc_align_left wpb_content_element\">\n\t\t\n\t\t<figure class=\"wpb_wrapper vc_figure\">\n\t\t\t<div class=\"vc_single_image-wrapper   vc_box_border_grey\"><img loading=\"lazy\" decoding=\"async\" width=\"1700\" height=\"1134\" src=\"https:\/\/wearevillage.org\/wp-content\/uploads\/2022\/08\/Moods-communiity.jpg\" class=\"vc_single_image-img attachment-full\" alt=\"\" title=\"Moods-communiity\" srcset=\"https:\/\/wearevillage.org\/wp-content\/uploads\/2022\/08\/Moods-communiity.jpg 1700w, https:\/\/wearevillage.org\/wp-content\/uploads\/2022\/08\/Moods-communiity-390x260.jpg 390w, https:\/\/wearevillage.org\/wp-content\/uploads\/2022\/08\/Moods-communiity-600x400.jpg 600w, https:\/\/wearevillage.org\/wp-content\/uploads\/2022\/08\/Moods-communiity-300x200.jpg 300w, https:\/\/wearevillage.org\/wp-content\/uploads\/2022\/08\/Moods-communiity-1024x683.jpg 1024w, https:\/\/wearevillage.org\/wp-content\/uploads\/2022\/08\/Moods-communiity-768x512.jpg 768w, https:\/\/wearevillage.org\/wp-content\/uploads\/2022\/08\/Moods-communiity-1536x1025.jpg 1536w, https:\/\/wearevillage.org\/wp-content\/uploads\/2022\/08\/Moods-communiity-624x416.jpg 624w\" sizes=\"auto, (max-width: 1700px) 100vw, 1700px\" \/><\/div>\n\t\t<\/figure>\n\t<\/div>\n<\/div><\/div><\/div><\/div><div class=\"vc_row wpb_row vc_row-fluid\"><div class=\"wpb_column vc_column_container vc_col-sm-12\"><div class=\"vc_column-inner\"><div class=\"wpb_wrapper\"><div class=\"vc_empty_space\"   style=\"height: 100px\"><span class=\"vc_empty_space_inner\"><\/span><\/div><\/div><\/div><\/div><\/div><div id=\"2\" class=\"vc_row wpb_row vc_row-fluid myclass\"><div class=\"wpb_column vc_column_container vc_col-sm-10\"><div class=\"vc_column-inner\"><div class=\"wpb_wrapper\"><div class=\"vc_empty_space\"   style=\"height: 25px\"><span class=\"vc_empty_space_inner\"><\/span><\/div><h2 style=\"text-align: left\" class=\"vc_custom_heading vc_do_custom_heading\" >*Mitgliedschaften<\/h2>\n\t<div class=\"wpb_text_column wpb_content_element\" >\n\t\t<div class=\"wpb_wrapper\">\n\t\t\t<h5>Mit deiner <a href=\"https:\/\/wearevillage.org\/mitgliedschaft\/\" target=\"_blank\" rel=\"noopener\">finanziellen Unterst\u00fctzung<\/a> schaffst du einen wichtigen Ort, denn zusammen k\u00f6nnen wir mehr erreichen.<\/h5>\n\n\t\t<\/div>\n\t<\/div>\n\n\t<div class=\"wpb_text_column wpb_content_element\" >\n\t\t<div class=\"wpb_wrapper\">\n\t\t\t<p>Selbst wenn du nicht in Berlin lebst oder das Village nicht regelm\u00e4\u00dfig besuchen kannst, bist du ein wertvolles Mitglied und kannst aktiv an der Gestaltung des Projekts mitwirken. Beispielsweise in speziellen Interessens- oder Arbeitsgruppen auf unserem <span style=\"color: #00a47d;\"><a style=\"color: #00a47d;\" href=\"https:\/\/wearevillage.org\/social-hub\/\">Square<\/a><\/span>. Egal, ob du dich aktiv einbringen oder lieber im Hintergrund bleiben m\u00f6chtest \u2013 dein Mitgliedsbeitrag erm\u00f6glicht es uns, unser Herzensprojekt we are village immer weiter zu entwickeln.<\/p>\n\n\t\t<\/div>\n\t<\/div>\n\n\t<div class=\"wpb_text_column wpb_content_element\" >\n\t\t<div class=\"wpb_wrapper\">\n\t\t\t<p><strong>Deine Vorteile als we are village Mitglied:<\/strong><\/p>\n<ul>\n<li>Zwei kostenlose bis zu 90-Minuten-Kurse pro Monat (gilt auch online)<\/li>\n<li>Erm\u00e4\u00dfigte Teilnahmegeb\u00fchr f\u00fcr alle weiteren Kurse<\/li>\n<li>Einladungen zu kostenfreien Events nur f\u00fcr Mitglieder<\/li>\n<li>Rabatt f\u00fcr l\u00e4ngere Veranstaltungen oder Workshops<\/li>\n<\/ul>\n\n\t\t<\/div>\n\t<\/div>\n\n\t<div class=\"wpb_text_column wpb_content_element\" >\n\t\t<div class=\"wpb_wrapper\">\n\t\t\t<p><strong>we are village<\/strong> ist ein Modell f\u00fcr eine neue lebendige urbane Gemeinschaft \u2013 und du kannst Teil davon sein!<\/p>\n\n\t\t<\/div>\n\t<\/div>\n<div class=\"vc_row wpb_row vc_inner vc_row-fluid\"><div class=\"wpb_column vc_column_container vc_col-sm-4\"><div class=\"vc_column-inner\"><div class=\"wpb_wrapper\"><div class=\" ubtn-ctn-left \"><a class=\"ubtn-link ult-adjust-bottom-margin ubtn-left ubtn-normal \" href=\"https:\/\/wearevillage.org\/mitgliedschaft\/\" title=\"Mitgliedschaften\" target=\"_blank\" rel=\"noopener\" ><button type=\"button\" id=\"ubtn-6163\"  class=\"ubtn ult-adjust-bottom-margin ult-responsive ubtn-normal ubtn-fade-bg  none  ubtn-left   tooltip-69ef672468e2a\"  data-hover=\"#03a37e\" data-border-color=\"#03a37e\" data-bg=\"#03a37e\" data-hover-bg=\"#000000\" data-border-hover=\"#000000\" data-shadow-hover=\"\" data-shadow-click=\"none\" data-shadow=\"\" data-shd-shadow=\"\"  data-ultimate-target='#ubtn-6163'  data-responsive-json-new='{\"font-size\":\"desktop:16px;\",\"line-height\":\"\"}'  style=\"font-family:'Roboto';font-weight:700;border-radius:5px;border-width:1px;border-color:#03a37e;border-style:solid;background: #03a37e;color: #000000;\"><span class=\"ubtn-data ubtn-icon\"><i class=\"none\" style=\"font-size:px;color:;\"><\/i><\/span><span class=\"ubtn-hover\" style=\"background-color:#000000\"><\/span><span class=\"ubtn-data ubtn-text \" >Jetzt Mitglied werden<\/span><\/button><\/a><\/div><\/div><\/div><\/div><div class=\"wpb_column vc_column_container vc_col-sm-4\"><div class=\"vc_column-inner\"><div class=\"wpb_wrapper\"><\/div><\/div><\/div><div class=\"wpb_column vc_column_container vc_col-sm-4\"><div class=\"vc_column-inner\"><div class=\"wpb_wrapper\"><\/div><\/div><\/div><\/div><div class=\"vc_empty_space\"   style=\"height: 25px\"><span class=\"vc_empty_space_inner\"><\/span><\/div><\/div><\/div><\/div><div class=\"wpb_column vc_column_container vc_col-sm-2\"><div class=\"vc_column-inner\"><div class=\"wpb_wrapper\"><\/div><\/div><\/div><\/div><div class=\"vc_row wpb_row vc_row-fluid\"><div class=\"wpb_column vc_column_container vc_col-sm-12\"><div class=\"vc_column-inner\"><div class=\"wpb_wrapper\"><div class=\"vc_empty_space\"   style=\"height: 100px\"><span class=\"vc_empty_space_inner\"><\/span><\/div><\/div><\/div><\/div><\/div><div id=\"3\" class=\"vc_row wpb_row vc_row-fluid vc_row-o-equal-height vc_row-flex\"><div class=\"wpb_column vc_column_container vc_col-sm-12\"><div class=\"vc_column-inner\"><div class=\"wpb_wrapper\"><h2 style=\"text-align: left\" class=\"vc_custom_heading vc_do_custom_heading\" >*Volunteers<\/h2><div class=\"vc_row wpb_row vc_inner vc_row-fluid\"><div class=\"wpb_column vc_column_container vc_col-sm-6\"><div class=\"vc_column-inner\"><div class=\"wpb_wrapper\">\n\t<div  class=\"wpb_single_image wpb_content_element vc_align_left wpb_content_element\">\n\t\t\n\t\t<figure class=\"wpb_wrapper vc_figure\">\n\t\t\t<div class=\"vc_single_image-wrapper   vc_box_border_grey\"><img loading=\"lazy\" decoding=\"async\" width=\"1700\" height=\"1134\" src=\"https:\/\/wearevillage.org\/wp-content\/uploads\/2022\/08\/Moods-Experience.jpg\" class=\"vc_single_image-img attachment-full\" alt=\"\" title=\"Moods-Experience\" srcset=\"https:\/\/wearevillage.org\/wp-content\/uploads\/2022\/08\/Moods-Experience.jpg 1700w, https:\/\/wearevillage.org\/wp-content\/uploads\/2022\/08\/Moods-Experience-390x260.jpg 390w, https:\/\/wearevillage.org\/wp-content\/uploads\/2022\/08\/Moods-Experience-600x400.jpg 600w, https:\/\/wearevillage.org\/wp-content\/uploads\/2022\/08\/Moods-Experience-300x200.jpg 300w, https:\/\/wearevillage.org\/wp-content\/uploads\/2022\/08\/Moods-Experience-1024x683.jpg 1024w, https:\/\/wearevillage.org\/wp-content\/uploads\/2022\/08\/Moods-Experience-768x512.jpg 768w, https:\/\/wearevillage.org\/wp-content\/uploads\/2022\/08\/Moods-Experience-1536x1025.jpg 1536w, https:\/\/wearevillage.org\/wp-content\/uploads\/2022\/08\/Moods-Experience-624x416.jpg 624w\" sizes=\"auto, (max-width: 1700px) 100vw, 1700px\" \/><\/div>\n\t\t<\/figure>\n\t<\/div>\n<\/div><\/div><\/div><div class=\"wpb_column vc_column_container vc_col-sm-6\"><div class=\"vc_column-inner\"><div class=\"wpb_wrapper\">\n\t<div class=\"wpb_text_column wpb_content_element\" >\n\t\t<div class=\"wpb_wrapper\">\n\t\t\t<h5>Das Projekt mit seinen physischen und digitalen R\u00e4umen kann nur durch gemeinschaftliches Handeln lebendig bleiben.<\/h5>\n\n\t\t<\/div>\n\t<\/div>\n\n\t<div class=\"wpb_text_column wpb_content_element\" >\n\t\t<div class=\"wpb_wrapper\">\n\t\t\t<p>Gestalte einen au\u00dfergew\u00f6hnlichen Ort f\u00fcr dich und andere, indem du freiwillige Aufgaben \u00fcbernimmst. Neugierig geworden? Dann kontaktiere uns und werde <a href=\"https:\/\/wearevillage.menschlabor.info\/volunteers-form\/\">Volunteer<\/a>!<\/p>\n\n\t\t<\/div>\n\t<\/div>\n<div class=\" vc_custom_1687005415896 ubtn-ctn-left \"><a class=\"ubtn-link ult-adjust-bottom-margin ubtn-left ubtn-normal \" href=\"https:\/\/wearevillage.org\/volunteers-form\/\" title=\"Volunteers Form\" target=\"_blank\" rel=\"noopener\" ><button type=\"button\" id=\"ubtn-2328\"  class=\"ubtn ult-adjust-bottom-margin ult-responsive ubtn-normal ubtn-fade-bg  none  ubtn-left   tooltip-69ef6724695f7\"  data-hover=\"#03a37e\" data-border-color=\"#03a37e\" data-bg=\"#03a37e\" data-hover-bg=\"#000000\" data-border-hover=\"#000000\" data-shadow-hover=\"\" data-shadow-click=\"none\" data-shadow=\"\" data-shd-shadow=\"\"  data-ultimate-target='#ubtn-2328'  data-responsive-json-new='{\"font-size\":\"desktop:16px;\",\"line-height\":\"\"}'  style=\"font-family:'Roboto';font-weight:700;border-radius:5px;border-width:1px;border-color:#03a37e;border-style:solid;background: #03a37e;color: #000000;\"><span class=\"ubtn-data ubtn-icon\"><i class=\"none\" style=\"font-size:px;color:;\"><\/i><\/span><span class=\"ubtn-hover\" style=\"background-color:#000000\"><\/span><span class=\"ubtn-data ubtn-text \" >Werde Volunteer<\/span><\/button><\/a><\/div><\/div><\/div><\/div><\/div><\/div><\/div><\/div><\/div><div class=\"vc_row wpb_row vc_row-fluid\"><div class=\"wpb_column vc_column_container vc_col-sm-12\"><div class=\"vc_column-inner\"><div class=\"wpb_wrapper\"><div class=\"vc_empty_space\"   style=\"height: 100px\"><span class=\"vc_empty_space_inner\"><\/span><\/div><\/div><\/div><\/div><\/div><div id=\"4\" class=\"vc_row wpb_row vc_row-fluid myclass\"><div class=\"wpb_column vc_column_container vc_col-sm-12\"><div class=\"vc_column-inner\"><div class=\"wpb_wrapper\"><h2 style=\"text-align: left\" class=\"vc_custom_heading vc_do_custom_heading\" >*Square<\/h2><div class=\"vc_row wpb_row vc_inner vc_row-fluid\"><div class=\"wpb_column vc_column_container vc_col-sm-2 vc_hidden-sm vc_hidden-xs\"><div class=\"vc_column-inner\"><div class=\"wpb_wrapper\"><div class=\"ult-just-icon-wrapper  \"><div class=\"align-icon\" style=\"text-align:left;\">\n<div class=\"aio-icon none \"  style=\"color:#00a47d;font-size:150px;\">\n\t<i class=\"Defaults-heart\"><\/i>\n<\/div><\/div><\/div><\/div><\/div><\/div><div class=\"wpb_column vc_column_container vc_col-sm-8\"><div class=\"vc_column-inner\"><div class=\"wpb_wrapper\">\n\t<div class=\"wpb_text_column wpb_content_element\" >\n\t\t<div class=\"wpb_wrapper\">\n\t\t\t<h5>Das Village in der Tasche. Unser integrierter digitaler Raum macht es m\u00f6glich, \u00fcber L\u00e4ndergrenzen hinweg in Kontakt zu sein, sich auszutauschen, Interessens- und Arbeitsgruppen zu unterhalten und unabh\u00e4ngig von den gro\u00dfen Social-Media-Plattformen zu sein.<\/h5>\n\n\t\t<\/div>\n\t<\/div>\n\n\t<div class=\"wpb_text_column wpb_content_element\" >\n\t\t<div class=\"wpb_wrapper\">\n\t\t\t<p><a href=\"https:\/\/wearevillage.org\/registrieren\/\">Registriere dich<\/a> auf unserem Portal, um automatisch Teil unserer digitalen Community zu sein.<\/p>\n\n\t\t<\/div>\n\t<\/div>\n<\/div><\/div><\/div><div class=\"wpb_column vc_column_container vc_col-sm-2\"><div class=\"vc_column-inner\"><div class=\"wpb_wrapper\"><\/div><\/div><\/div><\/div><\/div><\/div><\/div><\/div><div class=\"vc_row wpb_row vc_row-fluid\"><div class=\"wpb_column vc_column_container vc_col-sm-12\"><div class=\"vc_column-inner\"><div class=\"wpb_wrapper\"><div class=\"vc_empty_space\"   style=\"height: 100px\"><span class=\"vc_empty_space_inner\"><\/span><\/div><\/div><\/div><\/div><\/div><div id=\"5\" class=\"vc_row wpb_row vc_row-fluid\"><div class=\"wpb_column vc_column_container vc_col-sm-12\"><div class=\"vc_column-inner\"><div class=\"wpb_wrapper\"><h2 style=\"text-align: left\" class=\"vc_custom_heading vc_do_custom_heading\" >*Gruppen<\/h2><div class=\"vc_row wpb_row vc_inner vc_row-fluid\"><div class=\"wpb_column vc_column_container vc_col-sm-2 vc_hidden-sm vc_hidden-xs\"><div class=\"vc_column-inner\"><div class=\"wpb_wrapper\"><div class=\"ult-just-icon-wrapper  \"><div class=\"align-icon\" style=\"text-align:left;\">\n<div class=\"aio-icon none \"  style=\"color:#00a47d;font-size:130px;\">\n\t<i class=\"Defaults-group users\"><\/i>\n<\/div><\/div><\/div><\/div><\/div><\/div><div class=\"wpb_column vc_column_container vc_col-sm-8\"><div class=\"vc_column-inner\"><div class=\"wpb_wrapper\">\n\t<div class=\"wpb_text_column wpb_content_element\" >\n\t\t<div class=\"wpb_wrapper\">\n\t\t\t<h5>\u00dcber die <a href=\"https:\/\/wearevillage.menschlabor.info\/mitglieder\/stretch-village-e-v\/groups\/\">Gruppenfunktion<\/a> kannst du Gruppen beitreten oder selbst neue Gruppen gr\u00fcnden. Ob Interessens-, Info-, Arbeits- oder Orga-Gruppen \u2013 deiner Fantasie sind keine Grenzen gesetzt.<\/h5>\n\n\t\t<\/div>\n\t<\/div>\n<\/div><\/div><\/div><div class=\"wpb_column vc_column_container vc_col-sm-2\"><div class=\"vc_column-inner\"><div class=\"wpb_wrapper\"><\/div><\/div><\/div><\/div><\/div><\/div><\/div><\/div><div class=\"vc_row wpb_row vc_row-fluid\"><div class=\"wpb_column vc_column_container vc_col-sm-12\"><div class=\"vc_column-inner\"><div class=\"wpb_wrapper\"><div class=\"vc_empty_space\"   style=\"height: 150px\"><span class=\"vc_empty_space_inner\"><\/span><\/div><\/div><\/div><\/div><\/div><div id=\"6\" class=\"vc_row wpb_row vc_row-fluid\"><div class=\"wpb_column vc_column_container vc_col-sm-12\"><div class=\"vc_column-inner\"><div class=\"wpb_wrapper\"><h2 style=\"text-align: left\" class=\"vc_custom_heading vc_do_custom_heading\" >*Social Events<\/h2><div class=\"vc_row wpb_row vc_inner vc_row-fluid\"><div class=\"wpb_column vc_column_container vc_col-sm-2 vc_hidden-sm vc_hidden-xs\"><div class=\"vc_column-inner\"><div class=\"wpb_wrapper\"><div class=\"ult-just-icon-wrapper  \"><div class=\"align-icon\" style=\"text-align:left;\">\n<div class=\"aio-icon none \"  style=\"color:#00a47d;font-size:150px;\">\n\t<i class=\"Defaults-calendar\"><\/i>\n<\/div><\/div><\/div><\/div><\/div><\/div><div class=\"wpb_column vc_column_container vc_col-sm-8\"><div class=\"vc_column-inner\"><div class=\"wpb_wrapper\">\n\t<div class=\"wpb_text_column wpb_content_element\" >\n\t\t<div class=\"wpb_wrapper\">\n\t\t\t<h5>Regelm\u00e4\u00dfige Events wie gemeinsame Abendessen (Potluck), Community-Wochenenden oder Outdoor-Unternehmungen untermauern unsere Kurse, Seminare, Festivals und gemeinn\u00fctzigen Angebote. Sie sind au\u00dferdem die perfekte Gelegenheit, um uns und unsere Arbeit kennenzulernen.<\/h5>\n\n\t\t<\/div>\n\t<\/div>\n<\/div><\/div><\/div><div class=\"wpb_column vc_column_container vc_col-sm-2\"><div class=\"vc_column-inner\"><div class=\"wpb_wrapper\"><\/div><\/div><\/div><\/div><\/div><\/div><\/div><\/div><div class=\"vc_row wpb_row vc_row-fluid\"><div class=\"wpb_column vc_column_container vc_col-sm-12\"><div class=\"vc_column-inner\"><div class=\"wpb_wrapper\"><div class=\"vc_empty_space\"   style=\"height: 100px\"><span class=\"vc_empty_space_inner\"><\/span><\/div><\/div><\/div><\/div><\/div><div id=\"10\" class=\"vc_row wpb_row vc_row-fluid\"><div class=\"wpb_column vc_column_container vc_col-sm-6\"><div class=\"vc_column-inner\"><div class=\"wpb_wrapper\"><div class=\" ubtn-ctn-center \"><a class=\"ubtn-link ult-adjust-bottom-margin ubtn-center ubtn-block \" href=\"https:\/\/wearevillage.org\/kalender\/\" title=\"Zum Kalender\" target=\"_blank\" rel=\"noopener\" ><button type=\"button\" id=\"ubtn-6982\"  class=\"ubtn ult-adjust-bottom-margin ult-responsive ubtn-block ubtn-fade-bg  none  ubtn-center   tooltip-69ef67246a421 ubtn-block\"  data-hover=\"#fbd100\" data-border-color=\"#fbd100\" data-bg=\"#fbd100\" data-hover-bg=\"#000000\" data-border-hover=\"#000000\" data-shadow-hover=\"\" data-shadow-click=\"none\" data-shadow=\"\" data-shd-shadow=\"\"  data-ultimate-target='#ubtn-6982'  data-responsive-json-new='{\"font-size\":\"desktop:16px;\",\"line-height\":\"\"}'  style=\"font-family:'Roboto';font-weight:700;border-radius:5px;border-width:1px;border-color:#fbd100;border-style:solid;background: #fbd100;color: #000000;\"><span class=\"ubtn-data ubtn-icon\"><i class=\"none\" style=\"font-size:px;color:;\"><\/i><\/span><span class=\"ubtn-hover\" style=\"background-color:#000000\"><\/span><span class=\"ubtn-data ubtn-text \" >Zum Kalender<\/span><\/button><\/a><\/div><\/div><\/div><\/div><div class=\"wpb_column vc_column_container vc_col-sm-6\"><div class=\"vc_column-inner\"><div class=\"wpb_wrapper\"><div class=\" ubtn-ctn-center \"><a class=\"ubtn-link ult-adjust-bottom-margin ubtn-center ubtn-block \" href=\"https:\/\/wearevillage.org\/membership\" title=\"Mitglied werden\" target=\"_blank\" rel=\"noopener\" ><button type=\"button\" id=\"ubtn-1722\"  class=\"ubtn ult-adjust-bottom-margin ult-responsive ubtn-block ubtn-fade-bg  none  ubtn-center   tooltip-69ef67246a4aa ubtn-block\"  data-hover=\"#03a37e\" data-border-color=\"#03a37e\" data-bg=\"#03a37e\" data-hover-bg=\"#000000\" data-border-hover=\"#000000\" data-shadow-hover=\"\" data-shadow-click=\"none\" data-shadow=\"\" data-shd-shadow=\"\"  data-ultimate-target='#ubtn-1722'  data-responsive-json-new='{\"font-size\":\"desktop:16px;\",\"line-height\":\"\"}'  style=\"font-family:'Roboto';font-weight:700;border-radius:5px;border-width:1px;border-color:#03a37e;border-style:solid;background: #03a37e;color: #000000;\"><span class=\"ubtn-data ubtn-icon\"><i class=\"none\" style=\"font-size:px;color:;\"><\/i><\/span><span class=\"ubtn-hover\" style=\"background-color:#000000\"><\/span><span class=\"ubtn-data ubtn-text \" >Zu unseren Mitgliedschaften<\/span><\/button><\/a><\/div><\/div><\/div><\/div><\/div>\n<\/div>","protected":false},"excerpt":{"rendered":"we are community we are community ist die Essenz und Grundlage unseres Projekts und repr\u00e4sentiert die menschlichen Beziehungen und Bez\u00fcge zwischen all unseren Angeboten. Die\u2026","protected":false},"author":1,"featured_media":0,"parent":79,"menu_order":31,"comment_status":"closed","ping_status":"closed","template":"","meta":{"pmpro_default_level":"","inline_featured_image":false,"footnotes":""},"class_list":["post-88","page","type-page","status-publish","hentry","pmpro-has-access"],"wpml_current_locale":"de_DE","wpml_translations":{"en_US":{"locale":"en_US","id":3417,"slug":"we-are-community","post_title":"we are community","href":"https:\/\/wearevillage.org\/en\/village-quarters\/we-are-community\/"}},"app_access":{"can_access":true,"restrict_message":null},"language":{"code":"de","locale":"","name":"","is_rtl":false},"_links":{"self":[{"href":"https:\/\/wearevillage.org\/wp-json\/wp\/v2\/pages\/88","targetHints":{"allow":["GET"]}}],"collection":[{"href":"https:\/\/wearevillage.org\/wp-json\/wp\/v2\/pages"}],"about":[{"href":"https:\/\/wearevillage.org\/wp-json\/wp\/v2\/types\/page"}],"author":[{"embeddable":true,"href":"https:\/\/wearevillage.org\/wp-json\/wp\/v2\/users\/1"}],"replies":[{"embeddable":true,"href":"https:\/\/wearevillage.org\/wp-json\/wp\/v2\/comments?post=88"}],"version-history":[{"count":53,"href":"https:\/\/wearevillage.org\/wp-json\/wp\/v2\/pages\/88\/revisions"}],"predecessor-version":[{"id":39640,"href":"https:\/\/wearevillage.org\/wp-json\/wp\/v2\/pages\/88\/revisions\/39640"}],"up":[{"embeddable":true,"href":"https:\/\/wearevillage.org\/wp-json\/wp\/v2\/pages\/79"}],"wp:attachment":[{"href":"https:\/\/wearevillage.org\/wp-json\/wp\/v2\/media?parent=88"}],"curies":[{"name":"wp","href":"https:\/\/api.w.org\/{rel}","templated":true}]}}