{"id":104,"date":"2022-08-26T15:38:43","date_gmt":"2022-08-26T13:38:43","guid":{"rendered":"https:\/\/wearevillage.org\/?page_id=104"},"modified":"2026-01-30T19:44:50","modified_gmt":"2026-01-30T18:44:50","slug":"volunteers-form","status":"publish","type":"page","link":"https:\/\/wearevillage.org\/volunteers-form\/","title":{"rendered":"Volunteers Form"},"content":{"rendered":"<div class=\"wpb-content-wrapper\"><div data-vc-full-width=\"true\" data-vc-full-width-temp=\"true\" data-vc-full-width-init=\"false\" class=\"vc_row wpb_row vc_row-fluid vc_custom_1667323454611 vc_row-has-fill vc_row-o-equal-height vc_row-o-content-middle vc_row-flex\"><div class=\"wpb_column vc_column_container vc_col-sm-10\"><div class=\"vc_column-inner\"><div class=\"wpb_wrapper\"><div class=\"vc_empty_space\"   style=\"height: 60px\"><span class=\"vc_empty_space_inner\"><\/span><\/div><h1 style=\"text-align: left\" class=\"vc_custom_heading vc_do_custom_heading\" >*werde volunteer<\/h1><div class=\"vc_empty_space\"   style=\"height: 60px\"><span class=\"vc_empty_space_inner\"><\/span><\/div><\/div><\/div><\/div><div class=\"wpb_column vc_column_container vc_col-sm-2 vc_hidden-sm vc_hidden-xs\"><div class=\"vc_column-inner\"><div class=\"wpb_wrapper\">\n\t<div  class=\"wpb_single_image wpb_content_element vc_align_left wpb_content_element\">\n\t\t\n\t\t<figure class=\"wpb_wrapper vc_figure\">\n\t\t\t<div class=\"vc_single_image-wrapper   vc_box_border_grey\"><img loading=\"lazy\" decoding=\"async\" width=\"300\" height=\"300\" src=\"https:\/\/wearevillage.org\/wp-content\/uploads\/2022\/08\/we-are-village-icon-black.svg\" class=\"vc_single_image-img attachment-medium\" alt=\"\" title=\"we-are-village-icon-black\" \/><\/div>\n\t\t<\/figure>\n\t<\/div>\n<\/div><\/div><\/div><\/div><div class=\"vc_row-full-width vc_clearfix\"><\/div><div data-vc-full-width=\"true\" data-vc-full-width-temp=\"true\" data-vc-full-width-init=\"false\" data-vc-stretch-content=\"true\" class=\"vc_row wpb_row vc_row-fluid vc_row-no-padding\"><div class=\"wpb_column vc_column_container vc_col-sm-4 vc_hidden-sm vc_hidden-xs\"><div class=\"vc_column-inner\"><div class=\"wpb_wrapper\">\n\t<div  class=\"wpb_single_image wpb_content_element vc_align_left wpb_content_element\">\n\t\t\n\t\t<figure class=\"wpb_wrapper vc_figure\">\n\t\t\t<div class=\"vc_single_image-wrapper   vc_box_border_grey\"><img loading=\"lazy\" decoding=\"async\" width=\"2043\" height=\"1027\" src=\"https:\/\/wearevillage.org\/wp-content\/uploads\/2026\/01\/volunteer-page-2.png\" class=\"vc_single_image-img attachment-full\" alt=\"\" title=\"'volunteer' page (2)\" srcset=\"https:\/\/wearevillage.org\/wp-content\/uploads\/2026\/01\/volunteer-page-2.png 2043w, https:\/\/wearevillage.org\/wp-content\/uploads\/2026\/01\/volunteer-page-2-300x151.png 300w, https:\/\/wearevillage.org\/wp-content\/uploads\/2026\/01\/volunteer-page-2-1024x515.png 1024w, https:\/\/wearevillage.org\/wp-content\/uploads\/2026\/01\/volunteer-page-2-150x75.png 150w, https:\/\/wearevillage.org\/wp-content\/uploads\/2026\/01\/volunteer-page-2-768x386.png 768w, https:\/\/wearevillage.org\/wp-content\/uploads\/2026\/01\/volunteer-page-2-1536x772.png 1536w, https:\/\/wearevillage.org\/wp-content\/uploads\/2026\/01\/volunteer-page-2-624x314.png 624w, https:\/\/wearevillage.org\/wp-content\/uploads\/2026\/01\/volunteer-page-2-390x196.png 390w, https:\/\/wearevillage.org\/wp-content\/uploads\/2026\/01\/volunteer-page-2-600x302.png 600w\" sizes=\"auto, (max-width: 2043px) 100vw, 2043px\" \/><\/div>\n\t\t<\/figure>\n\t<\/div>\n<\/div><\/div><\/div><div class=\"wpb_column vc_column_container vc_col-sm-4 vc_hidden-sm vc_hidden-xs\"><div class=\"vc_column-inner\"><div class=\"wpb_wrapper\">\n\t<div  class=\"wpb_single_image wpb_content_element vc_align_left wpb_content_element\">\n\t\t\n\t\t<figure class=\"wpb_wrapper vc_figure\">\n\t\t\t<div class=\"vc_single_image-wrapper   vc_box_border_grey\"><img loading=\"lazy\" decoding=\"async\" width=\"2043\" height=\"1027\" src=\"https:\/\/wearevillage.org\/wp-content\/uploads\/2026\/01\/volunteer-page.png\" class=\"vc_single_image-img attachment-full\" alt=\"\" title=\"'volunteer' page\" srcset=\"https:\/\/wearevillage.org\/wp-content\/uploads\/2026\/01\/volunteer-page.png 2043w, https:\/\/wearevillage.org\/wp-content\/uploads\/2026\/01\/volunteer-page-300x151.png 300w, https:\/\/wearevillage.org\/wp-content\/uploads\/2026\/01\/volunteer-page-1024x515.png 1024w, https:\/\/wearevillage.org\/wp-content\/uploads\/2026\/01\/volunteer-page-150x75.png 150w, https:\/\/wearevillage.org\/wp-content\/uploads\/2026\/01\/volunteer-page-768x386.png 768w, https:\/\/wearevillage.org\/wp-content\/uploads\/2026\/01\/volunteer-page-1536x772.png 1536w, https:\/\/wearevillage.org\/wp-content\/uploads\/2026\/01\/volunteer-page-624x314.png 624w, https:\/\/wearevillage.org\/wp-content\/uploads\/2026\/01\/volunteer-page-390x196.png 390w, https:\/\/wearevillage.org\/wp-content\/uploads\/2026\/01\/volunteer-page-600x302.png 600w\" sizes=\"auto, (max-width: 2043px) 100vw, 2043px\" \/><\/div>\n\t\t<\/figure>\n\t<\/div>\n<\/div><\/div><\/div><div class=\"wpb_column vc_column_container vc_col-sm-4 vc_hidden-sm vc_hidden-xs\"><div class=\"vc_column-inner\"><div class=\"wpb_wrapper\">\n\t<div  class=\"wpb_single_image wpb_content_element vc_align_left wpb_content_element\">\n\t\t\n\t\t<figure class=\"wpb_wrapper vc_figure\">\n\t\t\t<div class=\"vc_single_image-wrapper   vc_box_border_grey\"><img loading=\"lazy\" decoding=\"async\" width=\"2043\" height=\"1027\" src=\"https:\/\/wearevillage.org\/wp-content\/uploads\/2026\/01\/volunteer-page-3.png\" class=\"vc_single_image-img attachment-full\" alt=\"\" title=\"'volunteer' page (3)\" srcset=\"https:\/\/wearevillage.org\/wp-content\/uploads\/2026\/01\/volunteer-page-3.png 2043w, https:\/\/wearevillage.org\/wp-content\/uploads\/2026\/01\/volunteer-page-3-300x151.png 300w, https:\/\/wearevillage.org\/wp-content\/uploads\/2026\/01\/volunteer-page-3-1024x515.png 1024w, https:\/\/wearevillage.org\/wp-content\/uploads\/2026\/01\/volunteer-page-3-150x75.png 150w, https:\/\/wearevillage.org\/wp-content\/uploads\/2026\/01\/volunteer-page-3-768x386.png 768w, https:\/\/wearevillage.org\/wp-content\/uploads\/2026\/01\/volunteer-page-3-1536x772.png 1536w, https:\/\/wearevillage.org\/wp-content\/uploads\/2026\/01\/volunteer-page-3-624x314.png 624w, https:\/\/wearevillage.org\/wp-content\/uploads\/2026\/01\/volunteer-page-3-390x196.png 390w, https:\/\/wearevillage.org\/wp-content\/uploads\/2026\/01\/volunteer-page-3-600x302.png 600w\" sizes=\"auto, (max-width: 2043px) 100vw, 2043px\" \/><\/div>\n\t\t<\/figure>\n\t<\/div>\n<\/div><\/div><\/div><\/div><div class=\"vc_row-full-width vc_clearfix\"><\/div><div class=\"vc_row wpb_row vc_row-fluid\"><div class=\"wpb_column vc_column_container vc_col-sm-10\"><div class=\"vc_column-inner\"><div class=\"wpb_wrapper\"><div class=\"vc_empty_space\"   style=\"height: 100px\"><span class=\"vc_empty_space_inner\"><\/span><\/div><h2 style=\"text-align: left\" class=\"vc_custom_heading vc_do_custom_heading\" >M\u00f6chtest du uns als Volunteer unterst\u00fctzen?<\/h2>\n\t<div  class=\"wpb_single_image wpb_content_element vc_align_left wpb_content_element\">\n\t\t\n\t\t<figure class=\"wpb_wrapper vc_figure\">\n\t\t\t<div class=\"vc_single_image-wrapper   vc_box_border_grey\"><img loading=\"lazy\" decoding=\"async\" width=\"640\" height=\"427\" src=\"https:\/\/wearevillage.org\/wp-content\/uploads\/2024\/12\/IMG_9751-1024x683-1.jpg\" class=\"vc_single_image-img attachment-large\" alt=\"\" title=\"IMG_9751-1024x683\" srcset=\"https:\/\/wearevillage.org\/wp-content\/uploads\/2024\/12\/IMG_9751-1024x683-1.jpg 1024w, https:\/\/wearevillage.org\/wp-content\/uploads\/2024\/12\/IMG_9751-1024x683-1-300x200.jpg 300w, https:\/\/wearevillage.org\/wp-content\/uploads\/2024\/12\/IMG_9751-1024x683-1-150x100.jpg 150w, https:\/\/wearevillage.org\/wp-content\/uploads\/2024\/12\/IMG_9751-1024x683-1-768x512.jpg 768w, https:\/\/wearevillage.org\/wp-content\/uploads\/2024\/12\/IMG_9751-1024x683-1-624x416.jpg 624w, https:\/\/wearevillage.org\/wp-content\/uploads\/2024\/12\/IMG_9751-1024x683-1-390x260.jpg 390w, https:\/\/wearevillage.org\/wp-content\/uploads\/2024\/12\/IMG_9751-1024x683-1-600x400.jpg 600w\" sizes=\"auto, (max-width: 640px) 100vw, 640px\" \/><\/div>\n\t\t<\/figure>\n\t<\/div>\n\n\t<div class=\"wpb_text_column wpb_content_element\" >\n\t\t<div class=\"wpb_wrapper\">\n\t\t\t<p>Volunteers bilden das Fundament von we are village. Durch ihren Einsatz wird unsere Community lebendig, und nur mit ihrer Hilfe k\u00f6nnen wir unser vielf\u00e4ltiges Eventprogramm realisieren. Als Volunteer hast du die M\u00f6glichkeit, kostenlos an unseren Events teilzunehmen. Unser Projekt kann nur durch gemeinschaftliches Handeln zum Leben erwachen. Bist du interessiert daran, freiwillige Arbeiten zu \u00fcbernehmen und damit einen au\u00dfergew\u00f6hnlichen Ort f\u00fcr dich und andere mitzugestalten?<\/p>\n<p>Dann kontaktiere uns!<\/p>\n<p>Nicht alle m\u00f6chten oder k\u00f6nnen sich als Freiwillige engagieren, und wir verstehen das. Informiere dich \u00fcber unser Scholarship-Programm.<\/p>\n\n\t\t<\/div>\n\t<\/div>\n<\/div><\/div><\/div><div class=\"wpb_column vc_column_container vc_col-sm-2\"><div class=\"vc_column-inner\"><div class=\"wpb_wrapper\"><\/div><\/div><\/div><\/div><div id=\"1\" class=\"vc_row wpb_row vc_row-fluid\"><div class=\"wpb_column vc_column_container vc_col-sm-12\"><div class=\"vc_column-inner\"><div class=\"wpb_wrapper\">\n\t<div class=\"wpb_text_column wpb_content_element\" >\n\t\t<div class=\"wpb_wrapper\">\n\t\t\t\n\t\t<\/div>\n\t<\/div>\n\n\t<div class=\"wpb_text_column wpb_content_element\" >\n\t\t<div class=\"wpb_wrapper\">\n\t\t\t<p><script src=\"https:\/\/static.airtable.com\/js\/embed\/embed_snippet_v1.js\"><\/script><iframe loading=\"lazy\" class=\"airtable-embed airtable-dynamic-height\" style=\"background: transparent; border: 1px solid #ccc;\" src=\"https:\/\/airtable.com\/embed\/appPZuyc0YJ6S96yN\/shr5CzjEgsovwS55P?backgroundColor=purple\" width=\"100%\" height=\"1784.66667\" frameborder=\"0\"><\/iframe><\/p>\n\n\t\t<\/div>\n\t<\/div>\n<\/div><\/div><\/div><\/div>\n<\/div>","protected":false},"excerpt":{"rendered":"*werde volunteer M\u00f6chtest du uns als Volunteer unterst\u00fctzen? Volunteers bilden das Fundament von we are village. Durch ihren Einsatz wird unsere Community lebendig, und nur\u2026","protected":false},"author":1,"featured_media":0,"parent":0,"menu_order":26,"comment_status":"closed","ping_status":"closed","template":"","meta":{"pmpro_default_level":"","inline_featured_image":false,"footnotes":""},"class_list":["post-104","page","type-page","status-publish","hentry","pmpro-has-access"],"wpml_current_locale":"de_DE","wpml_translations":{"en_US":{"locale":"en_US","id":3597,"slug":"volunteers-form","post_title":"Volunteers Form","href":"https:\/\/wearevillage.org\/en\/volunteers-form\/"}},"app_access":{"can_access":true,"restrict_message":null},"language":{"code":"de","locale":"","name":"","is_rtl":false},"_links":{"self":[{"href":"https:\/\/wearevillage.org\/wp-json\/wp\/v2\/pages\/104","targetHints":{"allow":["GET"]}}],"collection":[{"href":"https:\/\/wearevillage.org\/wp-json\/wp\/v2\/pages"}],"about":[{"href":"https:\/\/wearevillage.org\/wp-json\/wp\/v2\/types\/page"}],"author":[{"embeddable":true,"href":"https:\/\/wearevillage.org\/wp-json\/wp\/v2\/users\/1"}],"replies":[{"embeddable":true,"href":"https:\/\/wearevillage.org\/wp-json\/wp\/v2\/comments?post=104"}],"version-history":[{"count":19,"href":"https:\/\/wearevillage.org\/wp-json\/wp\/v2\/pages\/104\/revisions"}],"predecessor-version":[{"id":38802,"href":"https:\/\/wearevillage.org\/wp-json\/wp\/v2\/pages\/104\/revisions\/38802"}],"wp:attachment":[{"href":"https:\/\/wearevillage.org\/wp-json\/wp\/v2\/media?parent=104"}],"curies":[{"name":"wp","href":"https:\/\/api.w.org\/{rel}","templated":true}]}}