{"id":37330,"date":"2026-01-30T11:07:19","date_gmt":"2026-01-30T10:07:19","guid":{"rendered":"http:\/\/membership-promo-at-stretch-festival-2\/"},"modified":"2026-02-25T11:33:55","modified_gmt":"2026-02-25T10:33:55","slug":"membership","status":"publish","type":"page","link":"https:\/\/wearevillage.org\/mitgliedschaft\/","title":{"rendered":"Membership"},"content":{"rendered":"<div class=\"wpb-content-wrapper\"><div data-vc-full-width=\"true\" data-vc-full-width-temp=\"true\" data-vc-full-width-init=\"false\" class=\"vc_row wpb_row vc_row-fluid vc_custom_1769676304218 vc_row-has-fill vc_row-o-equal-height vc_row-o-content-middle vc_row-flex\"><div class=\"wpb_column vc_column_container vc_col-sm-10\"><div class=\"vc_column-inner\"><div class=\"wpb_wrapper\"><div class=\"vc_empty_space\"   style=\"height: 30px\"><span class=\"vc_empty_space_inner\"><\/span><\/div><h1 style=\"color: #000000;text-align: left\" class=\"vc_custom_heading vc_do_custom_heading\" >*mitglied werden<\/h1><div class=\"vc_empty_space\"   style=\"height: 30px\"><span class=\"vc_empty_space_inner\"><\/span><\/div><\/div><\/div><\/div><div class=\"wpb_column vc_column_container vc_col-sm-2 vc_hidden-sm vc_hidden-xs\"><div class=\"vc_column-inner\"><div class=\"wpb_wrapper\">\n\t<div  class=\"wpb_single_image wpb_content_element vc_align_left wpb_content_element\">\n\t\t\n\t\t<figure class=\"wpb_wrapper vc_figure\">\n\t\t\t<div class=\"vc_single_image-wrapper   vc_box_border_grey\"><img loading=\"lazy\" decoding=\"async\" width=\"300\" height=\"300\" src=\"https:\/\/wearevillage.org\/wp-content\/uploads\/2024\/12\/we-are-village-black-square-300x300.png\" class=\"vc_single_image-img attachment-medium\" alt=\"\" title=\"we-are-village-black square\" srcset=\"https:\/\/wearevillage.org\/wp-content\/uploads\/2024\/12\/we-are-village-black-square-300x300.png 300w, https:\/\/wearevillage.org\/wp-content\/uploads\/2024\/12\/we-are-village-black-square-150x150.png 150w, https:\/\/wearevillage.org\/wp-content\/uploads\/2024\/12\/we-are-village-black-square-100x100.png 100w, https:\/\/wearevillage.org\/wp-content\/uploads\/2024\/12\/we-are-village-black-square.png 349w\" sizes=\"auto, (max-width: 300px) 100vw, 300px\" \/><\/div>\n\t\t<\/figure>\n\t<\/div>\n<\/div><\/div><\/div><\/div><div class=\"vc_row-full-width vc_clearfix\"><\/div><div data-vc-full-width=\"true\" data-vc-full-width-temp=\"true\" data-vc-full-width-init=\"false\" data-vc-stretch-content=\"true\" class=\"vc_row wpb_row vc_row-fluid vc_row-no-padding\"><div class=\"wpb_column vc_column_container vc_col-sm-4 vc_hidden-sm vc_hidden-xs\"><div class=\"vc_column-inner\"><div class=\"wpb_wrapper\">\n\t<div  class=\"wpb_single_image wpb_content_element vc_align_left wpb_content_element\">\n\t\t\n\t\t<figure class=\"wpb_wrapper vc_figure\">\n\t\t\t<div class=\"vc_single_image-wrapper   vc_box_border_grey\"><img loading=\"lazy\" decoding=\"async\" width=\"2043\" height=\"1027\" src=\"https:\/\/wearevillage.org\/wp-content\/uploads\/2026\/01\/membership-new-2.png\" class=\"vc_single_image-img attachment-full\" alt=\"\" title=\"membership new (2)\" srcset=\"https:\/\/wearevillage.org\/wp-content\/uploads\/2026\/01\/membership-new-2.png 2043w, https:\/\/wearevillage.org\/wp-content\/uploads\/2026\/01\/membership-new-2-300x151.png 300w, https:\/\/wearevillage.org\/wp-content\/uploads\/2026\/01\/membership-new-2-1024x515.png 1024w, https:\/\/wearevillage.org\/wp-content\/uploads\/2026\/01\/membership-new-2-150x75.png 150w, https:\/\/wearevillage.org\/wp-content\/uploads\/2026\/01\/membership-new-2-768x386.png 768w, https:\/\/wearevillage.org\/wp-content\/uploads\/2026\/01\/membership-new-2-1536x772.png 1536w, https:\/\/wearevillage.org\/wp-content\/uploads\/2026\/01\/membership-new-2-624x314.png 624w, https:\/\/wearevillage.org\/wp-content\/uploads\/2026\/01\/membership-new-2-390x196.png 390w, https:\/\/wearevillage.org\/wp-content\/uploads\/2026\/01\/membership-new-2-600x302.png 600w\" sizes=\"auto, (max-width: 2043px) 100vw, 2043px\" \/><\/div>\n\t\t<\/figure>\n\t<\/div>\n<\/div><\/div><\/div><div class=\"wpb_column vc_column_container vc_col-sm-4 vc_hidden-sm vc_hidden-xs\"><div class=\"vc_column-inner\"><div class=\"wpb_wrapper\">\n\t<div  class=\"wpb_single_image wpb_content_element vc_align_left wpb_content_element\">\n\t\t\n\t\t<figure class=\"wpb_wrapper vc_figure\">\n\t\t\t<div class=\"vc_single_image-wrapper   vc_box_border_grey\"><img loading=\"lazy\" decoding=\"async\" width=\"2043\" height=\"1027\" src=\"https:\/\/wearevillage.org\/wp-content\/uploads\/2026\/01\/membership-new.png\" class=\"vc_single_image-img attachment-full\" alt=\"\" title=\"membership new\" srcset=\"https:\/\/wearevillage.org\/wp-content\/uploads\/2026\/01\/membership-new.png 2043w, https:\/\/wearevillage.org\/wp-content\/uploads\/2026\/01\/membership-new-300x151.png 300w, https:\/\/wearevillage.org\/wp-content\/uploads\/2026\/01\/membership-new-1024x515.png 1024w, https:\/\/wearevillage.org\/wp-content\/uploads\/2026\/01\/membership-new-150x75.png 150w, https:\/\/wearevillage.org\/wp-content\/uploads\/2026\/01\/membership-new-768x386.png 768w, https:\/\/wearevillage.org\/wp-content\/uploads\/2026\/01\/membership-new-1536x772.png 1536w, https:\/\/wearevillage.org\/wp-content\/uploads\/2026\/01\/membership-new-624x314.png 624w, https:\/\/wearevillage.org\/wp-content\/uploads\/2026\/01\/membership-new-390x196.png 390w, https:\/\/wearevillage.org\/wp-content\/uploads\/2026\/01\/membership-new-600x302.png 600w\" sizes=\"auto, (max-width: 2043px) 100vw, 2043px\" \/><\/div>\n\t\t<\/figure>\n\t<\/div>\n<\/div><\/div><\/div><div class=\"wpb_column vc_column_container vc_col-sm-4 vc_hidden-sm vc_hidden-xs\"><div class=\"vc_column-inner\"><div class=\"wpb_wrapper\">\n\t<div  class=\"wpb_single_image wpb_content_element vc_align_left wpb_content_element\">\n\t\t\n\t\t<figure class=\"wpb_wrapper vc_figure\">\n\t\t\t<div class=\"vc_single_image-wrapper   vc_box_border_grey\"><img loading=\"lazy\" decoding=\"async\" width=\"2043\" height=\"1027\" src=\"https:\/\/wearevillage.org\/wp-content\/uploads\/2026\/01\/membership-new-3.png\" class=\"vc_single_image-img attachment-full\" alt=\"\" title=\"membership new (3)\" srcset=\"https:\/\/wearevillage.org\/wp-content\/uploads\/2026\/01\/membership-new-3.png 2043w, https:\/\/wearevillage.org\/wp-content\/uploads\/2026\/01\/membership-new-3-300x151.png 300w, https:\/\/wearevillage.org\/wp-content\/uploads\/2026\/01\/membership-new-3-1024x515.png 1024w, https:\/\/wearevillage.org\/wp-content\/uploads\/2026\/01\/membership-new-3-150x75.png 150w, https:\/\/wearevillage.org\/wp-content\/uploads\/2026\/01\/membership-new-3-768x386.png 768w, https:\/\/wearevillage.org\/wp-content\/uploads\/2026\/01\/membership-new-3-1536x772.png 1536w, https:\/\/wearevillage.org\/wp-content\/uploads\/2026\/01\/membership-new-3-624x314.png 624w, https:\/\/wearevillage.org\/wp-content\/uploads\/2026\/01\/membership-new-3-390x196.png 390w, https:\/\/wearevillage.org\/wp-content\/uploads\/2026\/01\/membership-new-3-600x302.png 600w\" sizes=\"auto, (max-width: 2043px) 100vw, 2043px\" \/><\/div>\n\t\t<\/figure>\n\t<\/div>\n<\/div><\/div><\/div><\/div><div class=\"vc_row-full-width vc_clearfix\"><\/div><div class=\"vc_row wpb_row vc_row-fluid myclass\"><div class=\"wpb_column vc_column_container vc_col-sm-10\"><div class=\"vc_column-inner\"><div class=\"wpb_wrapper\"><div class=\"vc_empty_space\"   style=\"height: 100px\"><span class=\"vc_empty_space_inner\"><\/span><\/div><\/div><\/div><\/div><div class=\"wpb_column vc_column_container vc_col-sm-2\"><div class=\"vc_column-inner\"><div class=\"wpb_wrapper\"><\/div><\/div><\/div><\/div><div class=\"vc_row wpb_row vc_row-fluid myclass\"><div class=\"wpb_column vc_column_container vc_col-sm-10\"><div class=\"vc_column-inner\"><div class=\"wpb_wrapper\"><h2 style=\"text-align: left\" class=\"vc_custom_heading vc_do_custom_heading\" >Mitgliedschaften sind das Fundament, das \u2018we are village\u2019 am Leben h\u00e4lt<\/h2><div class=\"vc_empty_space\"   style=\"height: 20px\"><span class=\"vc_empty_space_inner\"><\/span><\/div><div class=\"vc_separator wpb_content_element vc_separator_align_center vc_sep_width_30 vc_sep_border_width_5 vc_sep_pos_align_left vc_separator_no_text wpb_content_element  wpb_content_element\" ><span class=\"vc_sep_holder vc_sep_holder_l\"><span style=\"border-color:#F8D104;\" class=\"vc_sep_line\"><\/span><\/span><span class=\"vc_sep_holder vc_sep_holder_r\"><span style=\"border-color:#F8D104;\" class=\"vc_sep_line\"><\/span><\/span>\n<\/div><div class=\"vc_empty_space\"   style=\"height: 30px\"><span class=\"vc_empty_space_inner\"><\/span><\/div><h4 style=\"text-align: left\" class=\"vc_custom_heading vc_do_custom_heading\" >*Sie finanzieren unsere Miete, Nebenkosten und die t\u00e4gliche F\u00fcrsorge, die f\u00fcr die Instandhaltung der R\u00e4umlichkeiten erforderlich ist<\/h4><div class=\"vc_separator wpb_content_element vc_separator_align_center vc_sep_width_10 vc_sep_border_width_5 vc_sep_pos_align_left vc_separator_no_text wpb_content_element  wpb_content_element\" ><span class=\"vc_sep_holder vc_sep_holder_l\"><span style=\"border-color:#F8D104;\" class=\"vc_sep_line\"><\/span><\/span><span class=\"vc_sep_holder vc_sep_holder_r\"><span style=\"border-color:#F8D104;\" class=\"vc_sep_line\"><\/span><\/span>\n<\/div><div class=\"vc_empty_space\"   style=\"height: 20px\"><span class=\"vc_empty_space_inner\"><\/span><\/div>\n\t<div class=\"wpb_text_column wpb_content_element\" >\n\t\t<div class=\"wpb_wrapper\">\n\t\t\t<p><span style=\"font-weight: 400;\">Mitgliedschaften sind das Fundament, das <\/span><b>we are village<\/b><span style=\"font-weight: 400;\"> am Leben h\u00e4lt. Sie finanzieren unsere Miete, Nebenkosten und die t\u00e4gliche F\u00fcrsorge, die f\u00fcr die Instandhaltung der R\u00e4umlichkeiten erforderlich ist. <\/span>Mitgliedschaften machen das Projekt besonders nachhaltig. Als Dankesch\u00f6n f\u00fcr Mitgliedschaften beinhalten zwei unserer Mitgliedschaften freien Zugang zu bis zu drei mit * gekennzeichneten Events pro Monat, sowie verg\u00fcnstigte Mitgliede Mitgliederpreise f\u00fcr alle blauen und gelben Events.<\/p>\n<p><span style=\"font-weight: 400;\">Deine Unterst\u00fctzung h\u00e4lt den physischen Raum offen und sorgt daf\u00fcr, dass das Stretch Festival und unser Programm f\u00fcr die Queer-Community Jahr f\u00fcr Jahr fortgesetzt werden k\u00f6nnen.<\/span><\/p>\n<p><span style=\"font-weight: 400;\">Du hilfst uns au\u00dferdem dabei:<\/span><span style=\"font-weight: 400;\"><br \/>\n<\/span><\/p>\n<ul>\n<li><span style=\"font-weight: 400;\">unsere <\/span><span style=\"font-weight: 400;\">Facilitators<\/span><span style=\"font-weight: 400;\"> fair zu unterst\u00fctzen<\/span><\/li>\n<li>vielf\u00e4ltige Programme f\u00fcr die LGBTQIA+ Community anzubieten, darunter kostenlose Events f\u00fcr diejenigen, die sich keine Teilnahmegeb\u00fchren leisten k\u00f6nnen<\/li>\n<li>Raum f\u00fcr Kunst und soziale Experimente zu schaffen<\/li>\n<li>weniger angewiesen zu sein auf externe Finanzmittel die irgendwann auslaufen<\/li>\n<li>dass sich unser kleines Team auf das Wesentliche konzentrieren kann: transformative, bedeutungsvolle Erfahrungen schaffen<\/li>\n<\/ul>\n\n\t\t<\/div>\n\t<\/div>\n<div class=\"vc_empty_space\"   style=\"height: 20px\"><span class=\"vc_empty_space_inner\"><\/span><\/div><\/div><\/div><\/div><div class=\"wpb_column vc_column_container vc_col-sm-2\"><div class=\"vc_column-inner\"><div class=\"wpb_wrapper\"><\/div><\/div><\/div><\/div><div class=\"vc_row wpb_row vc_row-fluid\"><div class=\"wpb_column vc_column_container vc_col-sm-10\"><div class=\"vc_column-inner\"><div class=\"wpb_wrapper\">\n\t<div class=\"wpb_raw_code wpb_raw_html wpb_content_element\" >\n\t\t<div class=\"wpb_wrapper\">\n\t\t\t<style>\n.comparison {\n  max-width: 960px;\n  margin: 0 auto;\n  margin-bottom: 20px;\n  margin-top: 30px;\n  font: 13px\/1.4 \"Helvetica Neue\", Helvetica, Arial, sans-serif;\n  text-align: center;\n  padding: 10px;\n}\n\n.comparison table {\n  width: 100%;\n  border-collapse: collapse;\n  border-spacing: 0;\n  table-layout: auto;\n}\n\n.comparison td,\n.comparison th {\n  border-right: 1px solid #E8E8E8;\n  empty-cells: show;\n  padding: 10px;\n  border-top: 1px solid #E8E8E8;\n  border-bottom: 1px solid #E8E8E8;\n  color: black;\n  font-size: 15px;\n}\n\n.comparison tbody tr:nth-child(odd) {\n  display: none;\n}\n\n.comparison .compare-row {\n  background: #fcf1b3;\n}\n\n.fa-check {\n  color: #69C7F1;\n}\n\n.comparison th {\n  font-weight: normal;\n  padding: 0;\n  border-top: 0px solid #E8E8E8;\n  border-bottom: 0px solid #E8E8E8;\n}\n\n.comparison tr td:first-child {\n  text-align: left;\n  padding: 15px;\n  border-left: 1px solid #E8E8E8;\n  border-top: 1px solid #E8E8E8;\n}\n\n.comparison .product,\n.comparison .tl {\n  color: black;\n  padding: 10px;\n  font-size: 14px;\n}\n\n.comparison .tl2 {\n  border-right: 0;\n}\n\n.comparison .product {\n  background: #69C7F1;\n  height: 40px;\n  font-size: 1.6em;\n}\n\n.comparison .price-info {\n  padding: 15px;\n}\n\n.comparison .price-now,\n.comparison .price-now span {\n  color: black;\n}\n\n.comparison .price-now span {\n  font-size: 15px;\n  color: #545454;\n}\n\n.comparison .price-now p {\n  font-size: 14px;\n  margin-left: 25px;\n  text-align: center;\n  line-height: 16px;\n  display: inline;\n}\n\n.asterisk {\n            font-size: 2rem !important;\n        }\n\n.comparison .price-buy {\n  background-color: rgb(250, 208, 0);\n  padding: 10px 20px;\n  font-size: 14px;\n  display: inline-block;\n  color: black;\n  text-decoration: none;\n  border-radius: 4px;\n  text-transform: uppercase;\n  margin: 5px 0 10px 0;\n  letter-spacing: 1px;\n  cursor: pointer;\n  -webkit-transition: .3s all ease;\n  transition: .3s all ease;\n}\n\n.comparison .price-buy:hover {\n  background: #E84D00;\n}\n\n@media screen and (min-width: 721px) and (max-width: 1000px) {\n  .table_ul li {\n    letter-spacing: 0px;\n  }\n  .comparison .price-now span {\n    font-size: 15;\n    margin-left: 25px;\n  }\n  .comparison .price-now p {\n    display: block;\n  }\n}\n\n@media screen and (max-width: 720px) {\n  .table_ul {\n    padding: 0px;\n  }\n  .table_ul li {\n    font-size: 10px;\n    line-height: 16px;\n    padding: 3px 0;\n  }\n  .comparison {\n    max-width: 100%;\n  }\n  .comparison td:first-child,\n  .comparison th:first-child {\n    display: none;\n  }\n  .comparison tbody tr:nth-child(odd) {\n    display: table-row;\n    background: #F7F7F7 #fcf1b3;\n  }\n  .comparison .row {\n    background: #FFF;\n  }\n  .comparison td,\n  .comparison th {\n    border: 1px solid #CCC;\n    border-top: none;\n    padding: 10px;\n  }\n  .price-info {\n    border-top: 0 !important;\n    padding: 10px 0 !important;\n   \n  }\n  .price-info p {\n    line-height: 8px;\n    font-size: 8px !important;\n  }\n  .comparison .compare-row {\n    background: #ffffff;\n  }\n  .comparison .price-now p {\n    display: block;\n  }\n  .comparison .price-now span {\n    font-size: 1,5rem;\n  }\n  .comparison .qbse {\n    font-size: 1.2em;\n  }\n  .comparison td {\n    font-size: 14px;\n  }\n  .comparison th {\n    font-size: 14px;\n  }\n  \n  .yellowbackground {\n      background-color: #fcf1b3\n  }\n}\n<\/style>\n\n<div class=\"comparison\">\n  <table>\n    <thead>\n      <tr>\n        <th class=\"tl tl2\"><\/th>\n        <th class=\"product\" style=\"border-top-left-radius: 5px; border-left:0px; background-color: white\">*Friend<\/th>\n        <th class=\"product\" style=\"background-color: white\">*Member<\/th>\n        <th class=\"product\" style=\"border-top-right-radius: 5px; border-right:0px; background-color: white\">*Supporter<\/th>\n      <\/tr>\n      <tr>\n        <th><\/th>\n        <th class=\"price-info\" >\n          <div class=\"price-now\"><span>\u20ac20\/Monat<\/span>\n          <\/div>\n        <\/th>\n        <th class=\"price-info\">\n          <div class=\"price-now\"><span>\u20ac30\/Monat<\/span>\n          <\/div>\n        <\/th>\n        <th class=\"price-info\">\n          <div class=\"price-now\"><span>\u20ac60\/Monat<\/span>\n          <\/div>\n        <\/th>\n      <\/tr>\n      <tr>\n        <td><\/td>\n        <td><a href=\"https:\/\/wearevillage.org\/shop\/friend-of-village-member\/\" class=\"price-buy\">Los <br> geht's<span class=\"hide-mobile\"><\/span><\/a><\/td>\n        <td><a href=\"https:\/\/wearevillage.org\/shop\/standard-member\/\" class=\"price-buy\">Los <br> geht's<span class=\"hide-mobile\"><\/span><\/a><\/td>\n        <td><a href=\"https:\/\/wearevillage.org\/shop\/support-member\/\" class=\"price-buy\">Los <br> geht's<span class=\"hide-mobile\"><\/span><\/a><\/td>\n      <\/tr>\n    <\/thead>\n    <tbody>\n      <tr>\n        <td><\/td>\n        <td colspan=\"3\" class=\"yellowbackground\">Unterst\u00fctze ein einzigartiges queeres Projekt<\/td>\n      <\/tr>\n      <tr class=\"compare-row\">\n        <td >Unterst\u00fctze ein einzigartiges queeres Projekt<\/td>\n        <td class=\"asterisk\">*<\/td>\n        <td class=\"asterisk\">*<\/td>\n        <td class=\"asterisk\">*<\/td>\n        <\/td>\n      <\/tr>\n      <tr>\n        <td>\u00a0<\/td>\n        <td colspan=\"3\" class=\"yellowbackground\">Nimm an Workshops teil, die durch F\u00f6rdermittel erm\u00f6glicht werden und unterst\u00fctze diese durch deine Teilnahme\n<br> \n (z. B. Workshops zur Bek\u00e4mpfung von Einsamkeit oder zum Br\u00fcckenbau f\u00fcr queere Migranten)<\/td>\n      <\/tr>\n      <tr>\n        <td >Nimm an Workshops teil, die durch F\u00f6rdermittel erm\u00f6glicht werden und unterst\u00fctze diese durch deine Teilnahme\n<br> \n  (z. B. Workshops zur Bek\u00e4mpfung von Einsamkeit oder zum Br\u00fcckenbau f\u00fcr queere Migranten)<\/td>\n        <td class=\"asterisk\">*<\/td>\n        <td class=\"asterisk\">*<\/td>\n        <td class=\"asterisk\">*<\/td>\n      <\/tr>\n      <tr>\n        <td>\u00a0<\/td>\n        <td colspan=\"3\" class=\"yellowbackground\">Erhalte Erm\u00e4\u00dfigungen f\u00fcr gr\u00f6\u00dfere Events wie das Stretch Festival, Soul of Skin und Authentic Eros.<\/td>\n      <\/tr>\n      <tr class=\"compare-row\">\n        <td>Erhalte Erm\u00e4\u00dfigungen f\u00fcr gr\u00f6\u00dfere Events wie das Stretch Festival, Soul of Skin und Authentic Eros.<\/td>\n        <td class=\"asterisk\">*<\/td>\n        <td class=\"asterisk\">*<\/td>\n        <td class=\"asterisk\">*<\/td>\n      <\/tr>\n      <tr>\n        <td>\u00a0<\/td>\n        <td colspan=\"4\" class=\"yellowbackground\">Kostenloser Zugang zu den ersten drei ausgew\u00e4hlten kostenpflichtigen Events (mit einem * gekennzeichnete Events) pro Monat<\/td>\n      <\/tr>\n      <tr>\n        <td>Kostenloser Zugang zu den ersten drei ausgew\u00e4hlten kostenpflichtigen Events (mit einem * gekennzeichnete Events) pro Monat<\/td>\n        <td><span>\u2013<\/span><\/td>\n        <td class=\"asterisk\">*<\/td>\n        <td class=\"asterisk\">*<\/td>\n        <\/td>\n      <\/tr>\n      <tr>\n        <td>\u00a0<\/td>\n        <td colspan=\"3\" class=\"yellowbackground\">Mitgliederpreis f\u00fcr weitere ausgew\u00e4hlte Workshops, darunter Massage Exchange, Naked Yoga for Men, Regenerative Touch, Sensual Touch\n<\/td>\n      <\/tr>\n      <tr class=\"compare-row\">\n        <td>Mitgliederpreis f\u00fcr weitere ausgew\u00e4hlte Workshops, darunter Massage Exchange, Naked Yoga for Men, Regenerative Touch, Sensual Touch\n<\/td>\n        <td><span>\u2013<\/span><\/td>\n        <td class=\"asterisk\">*<\/td>\n        <td class=\"asterisk\">*<\/td>\n      <\/tr>\n      <tr>\n        <td>\u00a0<\/td>\n        <td colspan=\"4\" class=\"yellowbackground\">Bring zu jedem Event eine Freund:In kostenlos mit.<\/td>\n      <\/tr>\n      <tr>\n        <td>Bring zu jedem Event eine Freund:In kostenlos mit.\n<\/td>\n        <td><span>\u2013<\/span><\/td>\n        <td><span>\u2013<\/span><\/td>\n        <td class=\"asterisk\">*<\/td>\n        <\/td>\n      <\/tr>\n      <tr>\n        <td>\u00a0<\/td>\n        <td colspan=\"3\" class=\"yellowbackground\">Erm\u00f6gliche verg\u00fcnstigte Concession-Mitgliedschaften<\/td>\n      <\/tr>\n      <tr class=\"compare-row\">\n        <td>Erm\u00f6gliche verg\u00fcnstigte Concession-Mitgliedschaften<\/td>\n        <td><span>\u2013<\/span><\/td>\n        <td><span>\u2013<\/span><\/td>\n        <td class=\"asterisk\">*<\/td>\n        <\/td>\n      <\/tr>\n      <tr>\n        <td>\u00a0<\/td>\n      <\/tr>\n\n    <\/tbody>\n  <\/table>\n\n<\/div>\n\t\t<\/div>\n\t<\/div>\n<\/div><\/div><\/div><div class=\"wpb_column vc_column_container vc_col-sm-2\"><div class=\"vc_column-inner\"><div class=\"wpb_wrapper\"><\/div><\/div><\/div><\/div><div class=\"vc_row wpb_row vc_row-fluid\"><div class=\"wpb_column vc_column_container vc_col-sm-12\"><div class=\"vc_column-inner\"><div class=\"wpb_wrapper\"><div class=\"vc_empty_space\"   style=\"height: 40px\"><span class=\"vc_empty_space_inner\"><\/span><\/div><\/div><\/div><\/div><\/div><div class=\"vc_row wpb_row vc_row-fluid\"><div class=\"wpb_column vc_column_container vc_col-sm-10\"><div class=\"vc_column-inner\"><div class=\"wpb_wrapper\"><h4 style=\"text-align: left\" class=\"vc_custom_heading vc_do_custom_heading\" >*Concession<\/h4><div class=\"vc_separator wpb_content_element vc_separator_align_center vc_sep_width_10 vc_sep_border_width_5 vc_sep_pos_align_left vc_separator_no_text wpb_content_element  wpb_content_element\" ><span class=\"vc_sep_holder vc_sep_holder_l\"><span style=\"border-color:#F8D104;\" class=\"vc_sep_line\"><\/span><\/span><span class=\"vc_sep_holder vc_sep_holder_r\"><span style=\"border-color:#F8D104;\" class=\"vc_sep_line\"><\/span><\/span>\n<\/div><div class=\"vc_empty_space\"   style=\"height: 20px\"><span class=\"vc_empty_space_inner\"><\/span><\/div>\n\t<div class=\"wpb_text_column wpb_content_element\" >\n\t\t<div class=\"wpb_wrapper\">\n\t\t\t<p><span style=\"font-weight: 400;\">Die verg\u00fcnstigte Mitgliedschaft ist f\u00fcr queere Menschen in schwierigen finanziellen Situationen erh\u00e4ltlich. Zum Beispiel: Student*innen, Arbeitslose oder Menschen mit einem verf\u00fcgbaren Einkommen unter 750 \u20ac pro Monat<\/span><span style=\"font-weight: 400;\">. <\/span><span style=\"font-weight: 400;\">Als Concession-Mitglied erh\u00e4ltst du die gleichen Vorteile wie ein regul\u00e4res Mitglied \u2013 zu einem monatlichen Beitrag, der zu deiner finanziellen Realit\u00e4t passt. Danke, dass du Teil unserer Community bist!<br \/>\n<\/span><span style=\"font-weight: 400;\">Eine Concession-Mitgliedschaft kostet 10 \u20ac pro Monat oder 120 \u20ac pro Jahr.<\/span><\/p>\n<p><br class=\"soft-break\" \/><a href=\"https:\/\/airtable.com\/appy4X11c2Vu5EuaH\/pagmQ64wGj5bInPOC\/form\"><span style=\"font-weight: 400;\">Bitte <\/span><span style=\"font-weight: 400;\">f\u00fclle dieses Formular aus<\/span><span style=\"font-weight: 400;\">, um die Concession Mitgliedschaft zu beantragen.<\/span><\/a><\/p>\n\n\t\t<\/div>\n\t<\/div>\n<\/div><\/div><\/div><div class=\"wpb_column vc_column_container vc_col-sm-2\"><div class=\"vc_column-inner\"><div class=\"wpb_wrapper\"><\/div><\/div><\/div><\/div>\n<\/div>","protected":false},"excerpt":{"rendered":"*mitglied werden Mitgliedschaften sind das Fundament, das \u2018we are village\u2019 am Leben h\u00e4lt *Sie finanzieren unsere Miete, Nebenkosten und die t\u00e4gliche F\u00fcrsorge, die f\u00fcr die\u2026","protected":false},"author":3441,"featured_media":0,"parent":0,"menu_order":0,"comment_status":"closed","ping_status":"closed","template":"","meta":{"pmpro_default_level":"","inline_featured_image":false,"footnotes":""},"class_list":["post-37330","page","type-page","status-publish","hentry","pmpro-has-access"],"wpml_current_locale":"de_DE","wpml_translations":{"en_US":{"locale":"en_US","id":37331,"slug":"https-wearevillage-org-en-become-a-member","post_title":"Membership","href":"https:\/\/wearevillage.org\/en\/become-a-member"}},"app_access":{"can_access":true,"restrict_message":null},"language":{"code":"de","locale":"","name":"","is_rtl":false},"_links":{"self":[{"href":"https:\/\/wearevillage.org\/wp-json\/wp\/v2\/pages\/37330","targetHints":{"allow":["GET"]}}],"collection":[{"href":"https:\/\/wearevillage.org\/wp-json\/wp\/v2\/pages"}],"about":[{"href":"https:\/\/wearevillage.org\/wp-json\/wp\/v2\/types\/page"}],"author":[{"embeddable":true,"href":"https:\/\/wearevillage.org\/wp-json\/wp\/v2\/users\/3441"}],"replies":[{"embeddable":true,"href":"https:\/\/wearevillage.org\/wp-json\/wp\/v2\/comments?post=37330"}],"version-history":[{"count":73,"href":"https:\/\/wearevillage.org\/wp-json\/wp\/v2\/pages\/37330\/revisions"}],"predecessor-version":[{"id":39917,"href":"https:\/\/wearevillage.org\/wp-json\/wp\/v2\/pages\/37330\/revisions\/39917"}],"wp:attachment":[{"href":"https:\/\/wearevillage.org\/wp-json\/wp\/v2\/media?parent=37330"}],"curies":[{"name":"wp","href":"https:\/\/api.w.org\/{rel}","templated":true}]}}