{"id":38644,"date":"2026-01-30T11:43:37","date_gmt":"2026-01-30T10:43:37","guid":{"rendered":"https:\/\/wearevillage.org\/?page_id=38644"},"modified":"2026-02-06T15:38:24","modified_gmt":"2026-02-06T14:38:24","slug":"join-us","status":"publish","type":"page","link":"https:\/\/wearevillage.org\/join-us\/","title":{"rendered":"Join us"},"content":{"rendered":"<div class=\"wpb-content-wrapper\"><div data-vc-full-width=\"true\" data-vc-full-width-temp=\"true\" data-vc-full-width-init=\"false\" class=\"vc_row wpb_row vc_row-fluid vc_custom_1770388179119 vc_row-has-fill vc_row-o-equal-height vc_row-o-content-middle vc_row-flex\"><div class=\"wpb_column vc_column_container vc_col-sm-10\"><div class=\"vc_column-inner\"><div class=\"wpb_wrapper\"><div class=\"vc_empty_space\"   style=\"height: 30px\"><span class=\"vc_empty_space_inner\"><\/span><\/div><h1 style=\"color: #000000;text-align: left\" class=\"vc_custom_heading vc_do_custom_heading\" >*werde Teil unserer Community<\/h1><div class=\"vc_empty_space\"   style=\"height: 30px\"><span class=\"vc_empty_space_inner\"><\/span><\/div><\/div><\/div><\/div><div class=\"wpb_column vc_column_container vc_col-sm-2 vc_hidden-sm vc_hidden-xs\"><div class=\"vc_column-inner\"><div class=\"wpb_wrapper\">\n\t<div  class=\"wpb_single_image wpb_content_element vc_align_left wpb_content_element\">\n\t\t\n\t\t<figure class=\"wpb_wrapper vc_figure\">\n\t\t\t<div class=\"vc_single_image-wrapper   vc_box_border_grey\"><img loading=\"lazy\" decoding=\"async\" width=\"300\" height=\"300\" src=\"https:\/\/wearevillage.org\/wp-content\/uploads\/2024\/12\/we-are-village-black-square-300x300.png\" class=\"vc_single_image-img attachment-medium\" alt=\"\" title=\"we-are-village-black square\" srcset=\"https:\/\/wearevillage.org\/wp-content\/uploads\/2024\/12\/we-are-village-black-square-300x300.png 300w, https:\/\/wearevillage.org\/wp-content\/uploads\/2024\/12\/we-are-village-black-square-150x150.png 150w, https:\/\/wearevillage.org\/wp-content\/uploads\/2024\/12\/we-are-village-black-square-100x100.png 100w, https:\/\/wearevillage.org\/wp-content\/uploads\/2024\/12\/we-are-village-black-square.png 349w\" sizes=\"auto, (max-width: 300px) 100vw, 300px\" \/><\/div>\n\t\t<\/figure>\n\t<\/div>\n<\/div><\/div><\/div><\/div><div class=\"vc_row-full-width vc_clearfix\"><\/div><div data-vc-full-width=\"true\" data-vc-full-width-temp=\"true\" data-vc-full-width-init=\"false\" data-vc-stretch-content=\"true\" class=\"vc_row wpb_row vc_row-fluid vc_row-no-padding\"><div class=\"wpb_column vc_column_container vc_col-sm-4 vc_hidden-sm vc_hidden-xs\"><div class=\"vc_column-inner\"><div class=\"wpb_wrapper\">\n\t<div  class=\"wpb_single_image wpb_content_element vc_align_left wpb_content_element\">\n\t\t\n\t\t<figure class=\"wpb_wrapper vc_figure\">\n\t\t\t<div class=\"vc_single_image-wrapper   vc_box_border_grey\"><img loading=\"lazy\" decoding=\"async\" width=\"2043\" height=\"1027\" src=\"https:\/\/wearevillage.org\/wp-content\/uploads\/2026\/01\/Join-us-2.png\" class=\"vc_single_image-img attachment-full\" alt=\"\" title=\"Join us (2)\" srcset=\"https:\/\/wearevillage.org\/wp-content\/uploads\/2026\/01\/Join-us-2.png 2043w, https:\/\/wearevillage.org\/wp-content\/uploads\/2026\/01\/Join-us-2-300x151.png 300w, https:\/\/wearevillage.org\/wp-content\/uploads\/2026\/01\/Join-us-2-1024x515.png 1024w, https:\/\/wearevillage.org\/wp-content\/uploads\/2026\/01\/Join-us-2-150x75.png 150w, https:\/\/wearevillage.org\/wp-content\/uploads\/2026\/01\/Join-us-2-768x386.png 768w, https:\/\/wearevillage.org\/wp-content\/uploads\/2026\/01\/Join-us-2-1536x772.png 1536w, https:\/\/wearevillage.org\/wp-content\/uploads\/2026\/01\/Join-us-2-624x314.png 624w, https:\/\/wearevillage.org\/wp-content\/uploads\/2026\/01\/Join-us-2-390x196.png 390w, https:\/\/wearevillage.org\/wp-content\/uploads\/2026\/01\/Join-us-2-600x302.png 600w\" sizes=\"auto, (max-width: 2043px) 100vw, 2043px\" \/><\/div>\n\t\t<\/figure>\n\t<\/div>\n<\/div><\/div><\/div><div class=\"wpb_column vc_column_container vc_col-sm-4 vc_hidden-sm vc_hidden-xs\"><div class=\"vc_column-inner\"><div class=\"wpb_wrapper\">\n\t<div  class=\"wpb_single_image wpb_content_element vc_align_left wpb_content_element\">\n\t\t\n\t\t<figure class=\"wpb_wrapper vc_figure\">\n\t\t\t<div class=\"vc_single_image-wrapper   vc_box_border_grey\"><img loading=\"lazy\" decoding=\"async\" width=\"2043\" height=\"1027\" src=\"https:\/\/wearevillage.org\/wp-content\/uploads\/2026\/01\/Join-us.png\" class=\"vc_single_image-img attachment-full\" alt=\"\" title=\"Join us\" srcset=\"https:\/\/wearevillage.org\/wp-content\/uploads\/2026\/01\/Join-us.png 2043w, https:\/\/wearevillage.org\/wp-content\/uploads\/2026\/01\/Join-us-300x151.png 300w, https:\/\/wearevillage.org\/wp-content\/uploads\/2026\/01\/Join-us-1024x515.png 1024w, https:\/\/wearevillage.org\/wp-content\/uploads\/2026\/01\/Join-us-150x75.png 150w, https:\/\/wearevillage.org\/wp-content\/uploads\/2026\/01\/Join-us-768x386.png 768w, https:\/\/wearevillage.org\/wp-content\/uploads\/2026\/01\/Join-us-1536x772.png 1536w, https:\/\/wearevillage.org\/wp-content\/uploads\/2026\/01\/Join-us-624x314.png 624w, https:\/\/wearevillage.org\/wp-content\/uploads\/2026\/01\/Join-us-390x196.png 390w, https:\/\/wearevillage.org\/wp-content\/uploads\/2026\/01\/Join-us-600x302.png 600w\" sizes=\"auto, (max-width: 2043px) 100vw, 2043px\" \/><\/div>\n\t\t<\/figure>\n\t<\/div>\n<\/div><\/div><\/div><div class=\"wpb_column vc_column_container vc_col-sm-4 vc_hidden-sm vc_hidden-xs\"><div class=\"vc_column-inner\"><div class=\"wpb_wrapper\">\n\t<div  class=\"wpb_single_image wpb_content_element vc_align_left wpb_content_element\">\n\t\t\n\t\t<figure class=\"wpb_wrapper vc_figure\">\n\t\t\t<div class=\"vc_single_image-wrapper   vc_box_border_grey\"><img loading=\"lazy\" decoding=\"async\" width=\"2043\" height=\"1027\" src=\"https:\/\/wearevillage.org\/wp-content\/uploads\/2026\/01\/Join-us-3.png\" class=\"vc_single_image-img attachment-full\" alt=\"\" title=\"Join us (3)\" srcset=\"https:\/\/wearevillage.org\/wp-content\/uploads\/2026\/01\/Join-us-3.png 2043w, https:\/\/wearevillage.org\/wp-content\/uploads\/2026\/01\/Join-us-3-300x151.png 300w, https:\/\/wearevillage.org\/wp-content\/uploads\/2026\/01\/Join-us-3-1024x515.png 1024w, https:\/\/wearevillage.org\/wp-content\/uploads\/2026\/01\/Join-us-3-150x75.png 150w, https:\/\/wearevillage.org\/wp-content\/uploads\/2026\/01\/Join-us-3-768x386.png 768w, https:\/\/wearevillage.org\/wp-content\/uploads\/2026\/01\/Join-us-3-1536x772.png 1536w, https:\/\/wearevillage.org\/wp-content\/uploads\/2026\/01\/Join-us-3-624x314.png 624w, https:\/\/wearevillage.org\/wp-content\/uploads\/2026\/01\/Join-us-3-390x196.png 390w, https:\/\/wearevillage.org\/wp-content\/uploads\/2026\/01\/Join-us-3-600x302.png 600w\" sizes=\"auto, (max-width: 2043px) 100vw, 2043px\" \/><\/div>\n\t\t<\/figure>\n\t<\/div>\n<\/div><\/div><\/div><\/div><div class=\"vc_row-full-width vc_clearfix\"><\/div><div class=\"vc_row wpb_row vc_row-fluid\"><div class=\"wpb_column vc_column_container vc_col-sm-12\"><div class=\"vc_column-inner\"><div class=\"wpb_wrapper\"><div class=\"vc_empty_space\"   style=\"height: 100px\"><span class=\"vc_empty_space_inner\"><\/span><\/div><\/div><\/div><\/div><\/div><div class=\"vc_row wpb_row vc_row-fluid\"><div class=\"wpb_column vc_column_container vc_col-sm-12\"><div class=\"vc_column-inner\"><div class=\"wpb_wrapper\"><h2 style=\"text-align: left\" class=\"vc_custom_heading vc_do_custom_heading\" >we are village ist ein Modell f\u00fcr eine lebendige, urbane, queere Gemeinschaft, nach der sich viele von uns sehnen \u2013 und Du kannst ein Teil davon sein!<\/h2><\/div><\/div><\/div><\/div><div class=\"vc_row wpb_row vc_row-fluid\"><div class=\"wpb_column vc_column_container vc_col-sm-12\"><div class=\"vc_column-inner\"><div class=\"wpb_wrapper\"><div class=\"vc_empty_space\"   style=\"height: 60px\"><span class=\"vc_empty_space_inner\"><\/span><\/div><h3 style=\"text-align: left\" class=\"vc_custom_heading vc_do_custom_heading\" >*Dein Beitrag macht den Unterschied<\/h3><div class=\"vc_separator wpb_content_element vc_separator_align_center vc_sep_width_10 vc_sep_border_width_5 vc_sep_pos_align_left vc_separator_no_text wpb_content_element  wpb_content_element\" ><span class=\"vc_sep_holder vc_sep_holder_l\"><span style=\"border-color:#F8D104;\" class=\"vc_sep_line\"><\/span><\/span><span class=\"vc_sep_holder vc_sep_holder_r\"><span style=\"border-color:#F8D104;\" class=\"vc_sep_line\"><\/span><\/span>\n<\/div>\n\t<div class=\"wpb_text_column wpb_content_element\" >\n\t\t<div class=\"wpb_wrapper\">\n\t\t\t<h5><b>Mit deiner finanziellen Unterst\u00fctzung schaffst und erh\u00e4ltst du dieses wichtige Projekt. <\/b><\/h5>\n\n\t\t<\/div>\n\t<\/div>\n\n\t<div class=\"wpb_text_column wpb_content_element\" >\n\t\t<div class=\"wpb_wrapper\">\n\t\t\t<p>Pers\u00f6nliches Wachstum und das Gef\u00fchl, zu etwas Gr\u00f6\u00dferem als dem eigenen Beitrag zu geh\u00f6ren, sind nur zwei der vielen Vorteile, die wir gemeinsam verwirklichen. Eine Mitgliedschaft erm\u00f6glicht dir zudem, monatlich zwei von einer Auswahl der gelb markierten Klassen ohne zus\u00e4tzliche Kosten zu besuchen. Dar\u00fcber hinaus sind alle unsere gr\u00fcn und violet markierten Events sowieso frei zug\u00e4nglich.<\/p>\n\n\t\t<\/div>\n\t<\/div>\n<\/div><\/div><\/div><\/div><div class=\"vc_row wpb_row vc_row-fluid\"><div class=\"wpb_column vc_column_container vc_col-sm-12\"><div class=\"vc_column-inner\"><div class=\"wpb_wrapper\"><div class=\"vc_empty_space\"   style=\"height: 60px\"><span class=\"vc_empty_space_inner\"><\/span><\/div><h3 style=\"text-align: left\" class=\"vc_custom_heading vc_do_custom_heading\" > *We are village vor Ort und digital<\/h3><div class=\"vc_separator wpb_content_element vc_separator_align_center vc_sep_width_10 vc_sep_border_width_5 vc_sep_pos_align_left vc_separator_no_text wpb_content_element  wpb_content_element\" ><span class=\"vc_sep_holder vc_sep_holder_l\"><span style=\"border-color:#F8D104;\" class=\"vc_sep_line\"><\/span><\/span><span class=\"vc_sep_holder vc_sep_holder_r\"><span style=\"border-color:#F8D104;\" class=\"vc_sep_line\"><\/span><\/span>\n<\/div>\n\t<div class=\"wpb_text_column wpb_content_element\" >\n\t\t<div class=\"wpb_wrapper\">\n\t\t\t<h5>Wenn du nicht in Berlin lebst oder village nicht regelm\u00e4\u00dfig vor Ort besuchen kannst, steht dir unsere digitale Community zur Verf\u00fcgung.<\/h5>\n\n\t\t<\/div>\n\t<\/div>\n\n\t<div class=\"wpb_text_column wpb_content_element\" >\n\t\t<div class=\"wpb_wrapper\">\n\t\t\t<p>Dort kannst du unsere village*app herunterladen, um auf Ressourcen zuzugreifen, Aktivit\u00e4ten zu organisieren oder dich zu bestimmten Themen zu auszutauschen. Als wertvolles Community-mitglied gestaltest du unsere Community aktiv mit.<\/p>\n\n\t\t<\/div>\n\t<\/div>\n<div class=\" ubtn-ctn-left \"><a class=\"ubtn-link ult-adjust-bottom-margin ubtn-left ubtn-normal \" href=\"https:\/\/wearevillage.org\/digital-community-2\/\" title=\"Radical Empathy Queer Storytelling for Connection\" target=\"_blank\" rel=\"noopener\" ><button type=\"button\" id=\"ubtn-7852\"  class=\"ubtn ult-adjust-bottom-margin ult-responsive ubtn-normal ubtn-no-hover-bg  none  ubtn-left   tooltip-69e4a5b665477\"  data-hover=\"#F8D104\" data-border-color=\"#644b90\" data-bg=\"#F8D104\" data-hover-bg=\"#000000\" data-border-hover=\"#000000\" data-shadow-hover=\"\" data-shadow-click=\"none\" data-shadow=\"\" data-shd-shadow=\"\"  data-ultimate-target='#ubtn-7852'  data-responsive-json-new='{\"font-size\":\"desktop:16px;\",\"line-height\":\"\"}'  style=\"font-weight:bold;border-radius:3px;border-width:0px;border-color:#644b90;border-style:solid;background: #F8D104;color: #ffffff;\"><span class=\"ubtn-hover\" style=\"background-color:#000000\"><\/span><span class=\"ubtn-data ubtn-text \" >unsere digitale Gemeinschaft<\/span><\/button><\/a><\/div><\/div><\/div><\/div><\/div><div class=\"vc_row wpb_row vc_row-fluid\"><div class=\"wpb_column vc_column_container vc_col-sm-12\"><div class=\"vc_column-inner\"><div class=\"wpb_wrapper\"><div class=\"vc_empty_space\"   style=\"height: 60px\"><span class=\"vc_empty_space_inner\"><\/span><\/div><h3 style=\"text-align: left\" class=\"vc_custom_heading vc_do_custom_heading\" >*Exklusive Infos und Events<\/h3><div class=\"vc_separator wpb_content_element vc_separator_align_center vc_sep_width_10 vc_sep_border_width_5 vc_sep_pos_align_left vc_separator_no_text wpb_content_element  wpb_content_element\" ><span class=\"vc_sep_holder vc_sep_holder_l\"><span style=\"border-color:#F8D104;\" class=\"vc_sep_line\"><\/span><\/span><span class=\"vc_sep_holder vc_sep_holder_r\"><span style=\"border-color:#F8D104;\" class=\"vc_sep_line\"><\/span><\/span>\n<\/div>\n\t<div class=\"wpb_text_column wpb_content_element\" >\n\t\t<div class=\"wpb_wrapper\">\n\t\t\t<h5>Als Mitglied erh\u00e4ltst du regelm\u00e4\u00dfig Updates \u00fcber das Projekt sowie Einladungen zu besonderen Veranstaltungen und Aktivit\u00e4ten.<\/h5>\n\n\t\t<\/div>\n\t<\/div>\n<div class=\" ubtn-ctn-left \"><a class=\"ubtn-link ult-adjust-bottom-margin ubtn-left ubtn-normal \" href=\"https:\/\/wearevillage.org\/membership\" title=\"Radical Empathy Queer Storytelling for Connection\" target=\"_blank\" rel=\"noopener\" ><button type=\"button\" id=\"ubtn-8703\"  class=\"ubtn ult-adjust-bottom-margin ult-responsive ubtn-normal ubtn-no-hover-bg  none  ubtn-left   tooltip-69e4a5b6656d4\"  data-hover=\"#F8D104\" data-border-color=\"#644b90\" data-bg=\"#F8D104\" data-hover-bg=\"#000000\" data-border-hover=\"#000000\" data-shadow-hover=\"\" data-shadow-click=\"none\" data-shadow=\"\" data-shd-shadow=\"\"  data-ultimate-target='#ubtn-8703'  data-responsive-json-new='{\"font-size\":\"desktop:16px;\",\"line-height\":\"\"}'  style=\"font-weight:bold;border-radius:3px;border-width:0px;border-color:#644b90;border-style:solid;background: #F8D104;color: #ffffff;\"><span class=\"ubtn-hover\" style=\"background-color:#000000\"><\/span><span class=\"ubtn-data ubtn-text \" >mitglied werden<\/span><\/button><\/a><\/div><\/div><\/div><\/div><\/div>\n<\/div>","protected":false},"excerpt":{"rendered":"*werde Teil unserer Community we are village ist ein Modell f\u00fcr eine lebendige, urbane, queere Gemeinschaft, nach der sich viele von uns sehnen \u2013 und\u2026","protected":false},"author":3441,"featured_media":0,"parent":0,"menu_order":0,"comment_status":"closed","ping_status":"closed","template":"","meta":{"pmpro_default_level":"","inline_featured_image":false,"footnotes":""},"class_list":["post-38644","page","type-page","status-publish","hentry","pmpro-has-access"],"wpml_current_locale":"de_DE","wpml_translations":{"en_US":{"locale":"en_US","id":38645,"slug":"join-us","post_title":"Join us","href":"https:\/\/wearevillage.org\/en\/join-us"}},"app_access":{"can_access":true,"restrict_message":null},"language":{"code":"de","locale":"","name":"","is_rtl":false},"_links":{"self":[{"href":"https:\/\/wearevillage.org\/wp-json\/wp\/v2\/pages\/38644","targetHints":{"allow":["GET"]}}],"collection":[{"href":"https:\/\/wearevillage.org\/wp-json\/wp\/v2\/pages"}],"about":[{"href":"https:\/\/wearevillage.org\/wp-json\/wp\/v2\/types\/page"}],"author":[{"embeddable":true,"href":"https:\/\/wearevillage.org\/wp-json\/wp\/v2\/users\/3441"}],"replies":[{"embeddable":true,"href":"https:\/\/wearevillage.org\/wp-json\/wp\/v2\/comments?post=38644"}],"version-history":[{"count":8,"href":"https:\/\/wearevillage.org\/wp-json\/wp\/v2\/pages\/38644\/revisions"}],"predecessor-version":[{"id":39152,"href":"https:\/\/wearevillage.org\/wp-json\/wp\/v2\/pages\/38644\/revisions\/39152"}],"wp:attachment":[{"href":"https:\/\/wearevillage.org\/wp-json\/wp\/v2\/media?parent=38644"}],"curies":[{"name":"wp","href":"https:\/\/api.w.org\/{rel}","templated":true}]}}