{"id":7627,"date":"2023-06-30T17:16:14","date_gmt":"2023-06-30T15:16:14","guid":{"rendered":"https:\/\/wearevillage.org\/newsletter\/"},"modified":"2025-02-26T18:48:38","modified_gmt":"2025-02-26T17:48:38","slug":"newsletter","status":"publish","type":"page","link":"https:\/\/wearevillage.org\/newsletter\/","title":{"rendered":"Newsletter"},"content":{"rendered":"<div class=\"wpb-content-wrapper\"><div class=\"vc_row wpb_row vc_row-fluid vc_custom_1691007994250 vc_row-has-fill\"><div class=\"wpb_column vc_column_container vc_col-sm-3\"><div class=\"vc_column-inner\"><div class=\"wpb_wrapper\">\n\t<div  class=\"wpb_single_image wpb_content_element vc_align_left wpb_content_element\">\n\t\t\n\t\t<figure class=\"wpb_wrapper vc_figure\">\n\t\t\t<div class=\"vc_single_image-wrapper   vc_box_border_grey\"><img loading=\"lazy\" decoding=\"async\" width=\"1000\" height=\"1000\" src=\"https:\/\/wearevillage.org\/wp-content\/uploads\/2023\/06\/20230803-flirting.png\" class=\"vc_single_image-img attachment-full\" alt=\"\" title=\"20230803 flirting\" srcset=\"https:\/\/wearevillage.org\/wp-content\/uploads\/2023\/06\/20230803-flirting.png 1000w, https:\/\/wearevillage.org\/wp-content\/uploads\/2023\/06\/20230803-flirting-300x300.png 300w, https:\/\/wearevillage.org\/wp-content\/uploads\/2023\/06\/20230803-flirting-150x150.png 150w, https:\/\/wearevillage.org\/wp-content\/uploads\/2023\/06\/20230803-flirting-768x768.png 768w, https:\/\/wearevillage.org\/wp-content\/uploads\/2023\/06\/20230803-flirting-624x624.png 624w, https:\/\/wearevillage.org\/wp-content\/uploads\/2023\/06\/20230803-flirting-390x390.png 390w, https:\/\/wearevillage.org\/wp-content\/uploads\/2023\/06\/20230803-flirting-600x600.png 600w, https:\/\/wearevillage.org\/wp-content\/uploads\/2023\/06\/20230803-flirting-100x100.png 100w\" sizes=\"auto, (max-width: 1000px) 100vw, 1000px\" \/><\/div>\n\t\t<\/figure>\n\t<\/div>\n<\/div><\/div><\/div><div class=\"wpb_column vc_column_container vc_col-sm-9\"><div class=\"vc_column-inner\"><div class=\"wpb_wrapper\"><div class=\"vc_empty_space\"   style=\"height: 50px\"><span class=\"vc_empty_space_inner\"><\/span><\/div><h2 style=\"text-align: left\" class=\"vc_custom_heading vc_do_custom_heading\" >Melde dich<br \/>\nzu unserem Newsletter an!<\/h2><div class=\"vc_empty_space\"   style=\"height: 28px\"><span class=\"vc_empty_space_inner\"><\/span><\/div><h4 style=\"text-align: left\" class=\"vc_custom_heading vc_do_custom_heading\" >Verpasse keine unserer Veranstaltungen oder Neuigkeiten \u2764\ufe0f<\/h4><\/div><\/div><\/div><\/div><div class=\"vc_row wpb_row vc_row-fluid vc_custom_1691007790104 vc_row-has-fill\"><div class=\"wpb_column vc_column_container vc_col-sm-12\"><div class=\"vc_column-inner\"><div class=\"wpb_wrapper\"><div class=\"vc_empty_space\"   style=\"height: 64px\"><span class=\"vc_empty_space_inner\"><\/span><\/div><div class=\"vc_row wpb_row vc_inner vc_row-fluid\"><div class=\"wpb_column vc_column_container vc_col-sm-3\"><div class=\"vc_column-inner\"><div class=\"wpb_wrapper\"><\/div><\/div><\/div><div class=\"wpb_column vc_column_container vc_col-sm-6\"><div class=\"vc_column-inner\"><div class=\"wpb_wrapper\">\n<div class=\"wpcf7 no-js\" id=\"wpcf7-f8160-o1\" lang=\"de-DE\" dir=\"ltr\" data-wpcf7-id=\"8160\">\n<div class=\"screen-reader-response\"><p role=\"status\" aria-live=\"polite\" aria-atomic=\"true\"><\/p> <ul><\/ul><\/div>\n<form action=\"\/en\/wp-json\/wp\/v2\/pages\/7625#wpcf7-f8160-o1\" method=\"post\" class=\"wpcf7-form init\" aria-label=\"Kontaktformular\" novalidate=\"novalidate\" data-status=\"init\">\n<fieldset class=\"hidden-fields-container\"><input type=\"hidden\" name=\"_wpcf7\" value=\"8160\" \/><input type=\"hidden\" name=\"_wpcf7_version\" value=\"6.1.5\" \/><input type=\"hidden\" name=\"_wpcf7_locale\" value=\"de_DE\" \/><input type=\"hidden\" name=\"_wpcf7_unit_tag\" value=\"wpcf7-f8160-o1\" \/><input type=\"hidden\" name=\"_wpcf7_container_post\" value=\"0\" \/><input type=\"hidden\" name=\"_wpcf7_posted_data_hash\" value=\"\" \/>\n<\/fieldset>\n<p><label> Email<br \/>\n<span class=\"wpcf7-form-control-wrap\" data-name=\"your-email\"><input size=\"40\" maxlength=\"400\" class=\"wpcf7-form-control wpcf7-email wpcf7-validates-as-required wpcf7-text wpcf7-validates-as-email\" autocomplete=\"email\" aria-required=\"true\" aria-invalid=\"false\" placeholder=\"email@domain.com\" value=\"\" type=\"email\" name=\"your-email\" \/><\/span> <\/label>\n<\/p>\n<p><label> Vorname<br \/>\n<span class=\"wpcf7-form-control-wrap\" data-name=\"firstname\"><input size=\"40\" maxlength=\"400\" class=\"wpcf7-form-control wpcf7-text wpcf7-validates-as-required\" autocomplete=\"firstname\" aria-required=\"true\" aria-invalid=\"false\" value=\"\" type=\"text\" name=\"firstname\" \/><\/span> <\/label>\n<\/p>\n<p><label> Nachname<br \/>\n<span class=\"wpcf7-form-control-wrap\" data-name=\"lastname\"><input size=\"40\" maxlength=\"400\" class=\"wpcf7-form-control wpcf7-text wpcf7-validates-as-required\" autocomplete=\"lastname\" aria-required=\"true\" aria-invalid=\"false\" value=\"\" type=\"text\" name=\"lastname\" \/><\/span> <\/label>\n<\/p>\n<p><label> Telefon (optional)<br \/>\n<span class=\"wpcf7-form-control-wrap\" data-name=\"telephone\"><input size=\"40\" maxlength=\"400\" class=\"wpcf7-form-control wpcf7-tel wpcf7-text wpcf7-validates-as-tel\" autocomplete=\"mobile\" aria-invalid=\"false\" placeholder=\"+49 171 1234567\" value=\"\" type=\"tel\" name=\"telephone\" \/><\/span> <\/label>\n<\/p>\n<p><label> Land<br \/>\n<span class=\"wpcf7-form-control-wrap\" data-name=\"country\"><input size=\"40\" maxlength=\"400\" class=\"wpcf7-form-control wpcf7-text\" autocomplete=\"country\" aria-invalid=\"false\" value=\"\" type=\"text\" name=\"country\" \/><\/span> <\/label>\n<\/p>\n<p><label> Stadt<br \/>\n<span class=\"wpcf7-form-control-wrap\" data-name=\"city\"><input size=\"40\" maxlength=\"400\" class=\"wpcf7-form-control wpcf7-text wpcf7-validates-as-required\" autocomplete=\"city\" aria-required=\"true\" aria-invalid=\"false\" value=\"\" type=\"text\" name=\"city\" \/><\/span> <\/label>\n<\/p>\n<p><script src=\"https:\/\/www.google.com\/recaptcha\/api.js?render=6LdpUeEqAAAAAHyLGwkfloFJJdJvOVUe4LedsO8_\"><\/script><script>\n        jQuery(document).ready(function () {\n            setTimeout(wait, 1000);\n        });\n \n        function wait() {\n            let button = document.querySelector(\".wpcf7-submit\");\n            if ((typeof (grecaptcha) === \"undefined\")) {\n                if (button) {\n                    button.style.display = \"none\";\n                }\n                setMessage()\n            }else{\n                if (button) {\n                    button.style.display = \"block\";\n                }\n                grecaptcha.ready(function() {\n                grecaptcha.execute(\"6LdpUeEqAAAAAHyLGwkfloFJJdJvOVUe4LedsO8_\", {action: \"submit\"}).then(function(token) {\n                    let recaptchaResponse = document.getElementById(\"recaptchaResponse\");\n                    if (recaptchaResponse) {\n                        recaptchaResponse.value = token;\n                    }\n                });\n            });\n            }\n        }\n    \n        function setMessage() {\n            let text = document.createElement(\"p\");\n            text.style.cssText = \"font-size: 12px;text-align: justify;\"\n            text.textContent = \"Wir ben\u00f6tigen Ihre Zustimmung, um den reCAPTCHA-Dienst zu laden. Dies hilft uns, sicherzustellen, dass We Are Village ein sicherer, botfreier Raum bleibt. \ud83d\uded1\ud83e\udd16 \u274c Bitte klicken Sie hier, \"; \n            let acceptLink = document.createElement(\"a\");\n            acceptLink.textContent = \"Ich akzeptiere das funktionale reCAPTCHA-Cookie.\";\n            acceptLink.href = \"#consent-change\";\n            acceptLink.style.cssText = \"color: blue\";\n            text.appendChild(acceptLink);\n            text.appendChild(document.createTextNode(\"\"));\n            let container = document.getElementById(\"error-recaptcha\");\n            container.innerHTML = \"\";\n            container.appendChild(text);\n        }\n    <\/script><div id=\"error-recaptcha\"><\/div><input type=\"hidden\" name=\"recaptcha-response\" id=\"recaptchaResponse\">\n<\/p>\n<p><input class=\"wpcf7-form-control wpcf7-submit has-spinner\" type=\"submit\" value=\"Senden\" \/>\n<\/p><div class=\"wpcf7-response-output\" aria-hidden=\"true\"><\/div>\n<\/form>\n<\/div>\n<\/div><\/div><\/div><div class=\"wpb_column vc_column_container vc_col-sm-3\"><div class=\"vc_column-inner\"><div class=\"wpb_wrapper\"><\/div><\/div><\/div><\/div><div class=\"vc_empty_space\"   style=\"height: 64px\"><span class=\"vc_empty_space_inner\"><\/span><\/div><div class=\"vc_row wpb_row vc_inner vc_row-fluid\"><div class=\"wpb_column vc_column_container vc_col-sm-3\"><div class=\"vc_column-inner\"><div class=\"wpb_wrapper\"><\/div><\/div><\/div><div class=\"wpb_column vc_column_container vc_col-sm-9\"><div class=\"vc_column-inner\"><div class=\"wpb_wrapper\">\n\t<div class=\"wpb_text_column wpb_content_element\" >\n\t\t<div class=\"wpb_wrapper\">\n\t\t\t<p>Mit dem Absenden dieses Formulars erkl\u00e4rst du dich damit einverstanden, Marketing-E-Mails zu erhalten von: we are village | queer matters gGmbH, Kurf\u00fcrstenstra\u00dfe 31-32, Berlin, 10785, DE, http:\/\/www.wearevillage.org. Du kannst deine Zustimmung zum Erhalt von E-Mails jederzeit widerrufen, indem du den SafeUnsubscribe\u00ae-Link benutzt, den du am Ende jeder E-Mail findest.<\/p>\n<p>Weitere Informationen findest du in unserer Datenschutzrichtlinie.<\/p>\n<p>Die E-Mails werden von Constant Contact betreut.<\/p>\n\n\t\t<\/div>\n\t<\/div>\n<\/div><\/div><\/div><\/div><\/div><\/div><\/div><\/div>\n<\/div>","protected":false},"excerpt":{"rendered":"Melde dich zu unserem Newsletter an!Verpasse keine unserer Veranstaltungen oder Neuigkeiten \u2764\ufe0f Email Vorname Nachname Telefon (optional) Land Stadt Mit dem Absenden dieses Formulars erkl\u00e4rst\u2026","protected":false},"author":57,"featured_media":0,"parent":0,"menu_order":0,"comment_status":"closed","ping_status":"closed","template":"","meta":{"pmpro_default_level":"","inline_featured_image":false,"footnotes":""},"class_list":["post-7627","page","type-page","status-publish","hentry","pmpro-has-access"],"wpml_current_locale":"de_DE","wpml_translations":{"en_US":{"locale":"en_US","id":7625,"slug":"newsletter","post_title":"Newsletter","href":"https:\/\/wearevillage.org\/en\/newsletter\/"}},"app_access":{"can_access":true,"restrict_message":null},"language":{"code":"de","locale":"","name":"","is_rtl":false},"_links":{"self":[{"href":"https:\/\/wearevillage.org\/wp-json\/wp\/v2\/pages\/7627","targetHints":{"allow":["GET"]}}],"collection":[{"href":"https:\/\/wearevillage.org\/wp-json\/wp\/v2\/pages"}],"about":[{"href":"https:\/\/wearevillage.org\/wp-json\/wp\/v2\/types\/page"}],"author":[{"embeddable":true,"href":"https:\/\/wearevillage.org\/wp-json\/wp\/v2\/users\/57"}],"replies":[{"embeddable":true,"href":"https:\/\/wearevillage.org\/wp-json\/wp\/v2\/comments?post=7627"}],"version-history":[{"count":54,"href":"https:\/\/wearevillage.org\/wp-json\/wp\/v2\/pages\/7627\/revisions"}],"predecessor-version":[{"id":22924,"href":"https:\/\/wearevillage.org\/wp-json\/wp\/v2\/pages\/7627\/revisions\/22924"}],"wp:attachment":[{"href":"https:\/\/wearevillage.org\/wp-json\/wp\/v2\/media?parent=7627"}],"curies":[{"name":"wp","href":"https:\/\/api.w.org\/{rel}","templated":true}]}}