{"id":10043,"date":"2023-11-26T13:02:27","date_gmt":"2023-11-26T12:02:27","guid":{"rendered":"https:\/\/wearevillage.org\/?post_type=product&#038;p=10043"},"modified":"2023-11-26T13:17:45","modified_gmt":"2023-11-26T12:17:45","slug":"exploring-intimacy","status":"publish","type":"product","link":"https:\/\/wearevillage.org\/shop\/instinct-residency\/w2-2024\/","title":{"rendered":"analoge Fotografie"},"content":{"rendered":"<div class=\"wpb-content-wrapper\"><div class=\"vc_row wpb_row vc_row-fluid\"><div class=\"wpb_column vc_column_container vc_col-sm-12\"><div class=\"vc_column-inner\"><div class=\"wpb_wrapper\"><h4 style=\"text-align: left\" class=\"vc_custom_heading vc_do_custom_heading\" >Exploring intimacy through analog photography<\/h4><h5 style=\"text-align: left\" class=\"vc_custom_heading vc_do_custom_heading\" >Jasper J. Maurer & Aim\u00e9 Dabbadie<\/h5>\n\t<div class=\"wpb_text_column wpb_content_element\" >\n\t\t<div class=\"wpb_wrapper\">\n\t\t\t<div class=\"x11i5rnm xat24cr x1mh8g0r x1vvkbs xtlvy1s\">\n<div class=\"x11i5rnm xat24cr x1mh8g0r x1vvkbs xtlvy1s\">\n<div class=\"x11i5rnm xat24cr x1mh8g0r x1vvkbs xtlvy1s\">\n<p>Im ersten Teil dieses Workshops am 14.01.2024 laden wir Teilnehmer*innen ein, analoge Kameras als erm\u00e4chtigende Instrumente zu nutzen. Durch (Selbst-)Portr\u00e4ts m\u00f6chten wir Szenen der Lust einfangen und die sinnlichen Aspekte unserer Identit\u00e4ten erkunden. Egal, ob du deine eigene Filmkamera mitbringst oder eine bereitgestellte nutzt, Perfektion ist nicht das Ziel; stattdessen genie\u00dfen wir gemeinsam die Freude der Selbstwahrnehmung und Verbindung. Tauche ein in die (Selbst-)Portr\u00e4tfotografie, geleitet von einer st\u00e4rkenden Atmosph\u00e4re, die Selbstentfaltung und Sinnlichkeit f\u00f6rdert.<\/p>\n<p>Im zweiten Teil des Workshops, werden wir in die Dunkelkammer eintauchen, um die festgehaltenen Momente zum Leben zu erwecken. Tauche ein in den faszinierenden Prozess des Negativdrucks, der fl\u00fcchtige Momente in greifbare Ausdr\u00fccke der Intimit\u00e4t verwandelt. Durch diese praktische Erfahrung kannst du sehen, wie vor unseren Augen unsere Lust Gestalt annehmen kann.<\/p>\n<p>Sei dabei, wenn wir in die Welt der Intimit\u00e4t und Identit\u00e4t durch das Objektiv eintauchen.<\/p>\n<\/div>\n<\/div>\n<\/div>\n\n\t\t<\/div>\n\t<\/div>\n<\/div><\/div><\/div><\/div>\n<\/div>","protected":false},"excerpt":{"rendered":"<h5>Sonntag<br \/>\n11:00 \u2013 15:00<br \/>\nkonstenlos<\/h5>\n<p class=\"p1\"><strong>| <span style=\"color: #ec6c23;\">LGBTIQA+<\/span>\u00a0|<\/strong><\/p>\n<p><strong>Exploring intimacy through analog photography. <\/strong>Gemeinsam tauchen wir ein in die Kunst der analogen Fotografie und bringen durch (Selbst-)Portr\u00e4ts unsere Begierden und Lust in Szene. Egal, ob du deine eigene Kamera mitbringst oder eine bereitgestellte nutzt, lass dich in einer unterst\u00fctzenden Atmosph\u00e4re von der analogen Fotografie inspirieren, wo die Magie von Film und Negativdruck greifbare Ausdr\u00fccke der Intimit\u00e4t schafft.<\/p>\n<p><strong>Anmeldung: events@wearevillage.org<br \/>\nMaximum 10 TeilnehmerInnen<\/strong><\/p>\n","protected":false},"author":12,"featured_media":10046,"template":"","meta":{"pmpro_default_level":"","inline_featured_image":false},"product_brand":[],"product_cat":[769,83],"product_tag":[469],"class_list":{"0":"post-10043","1":"product","2":"type-product","3":"status-publish","4":"has-post-thumbnail","6":"product_cat-kostenloser-zugang","7":"product_cat-workshops","8":"product_tag-lgbtqiaplus","9":"pmpro-has-access","11":"first","12":"outofstock","13":"purchasable","14":"product-type-variable"},"wpml_current_locale":"de_DE","wpml_translations":{"en_US":{"locale":"en_US","id":10044,"slug":"embodied-consent-kopie-3","post_title":"analog photography","href":"https:\/\/wearevillage.org\/en\/shop\/instinct-residency\/w2-2024"}},"language":{"code":"de","locale":"","name":"","is_rtl":false},"_links":{"self":[{"href":"https:\/\/wearevillage.org\/wp-json\/wp\/v2\/product\/10043","targetHints":{"allow":["GET"]}}],"collection":[{"href":"https:\/\/wearevillage.org\/wp-json\/wp\/v2\/product"}],"about":[{"href":"https:\/\/wearevillage.org\/wp-json\/wp\/v2\/types\/product"}],"author":[{"embeddable":true,"href":"https:\/\/wearevillage.org\/wp-json\/wp\/v2\/users\/12"}],"wp:featuredmedia":[{"embeddable":true,"href":"https:\/\/wearevillage.org\/wp-json\/wp\/v2\/media\/10046"}],"wp:attachment":[{"href":"https:\/\/wearevillage.org\/wp-json\/wp\/v2\/media?parent=10043"}],"wp:term":[{"taxonomy":"product_brand","embeddable":true,"href":"https:\/\/wearevillage.org\/wp-json\/wp\/v2\/product_brand?post=10043"},{"taxonomy":"product_cat","embeddable":true,"href":"https:\/\/wearevillage.org\/wp-json\/wp\/v2\/product_cat?post=10043"},{"taxonomy":"product_tag","embeddable":true,"href":"https:\/\/wearevillage.org\/wp-json\/wp\/v2\/product_tag?post=10043"}],"curies":[{"name":"wp","href":"https:\/\/api.w.org\/{rel}","templated":true}]}}