{"id":11543,"date":"2023-12-08T17:29:35","date_gmt":"2023-12-08T16:29:35","guid":{"rendered":"https:\/\/wearevillage.org\/?post_type=product&#038;p=11543"},"modified":"2024-06-17T15:00:16","modified_gmt":"2024-06-17T13:00:16","slug":"cuddle-puddle-11","status":"publish","type":"product","link":"https:\/\/wearevillage.org\/shop\/cuddle-puddle\/w29-2024\/","title":{"rendered":"Cuddle Puddle"},"content":{"rendered":"<div class=\"wpb-content-wrapper\"><div class=\"vc_row wpb_row vc_row-fluid\"><div class=\"wpb_column vc_column_container vc_col-sm-10\"><div class=\"vc_column-inner\"><div class=\"wpb_wrapper\"><div class=\"vc_row wpb_row vc_inner vc_row-fluid\"><div class=\"wpb_column vc_column_container vc_col-sm-2\"><div class=\"vc_column-inner\"><div class=\"wpb_wrapper\"><\/div><\/div><\/div><\/div><\/div><\/div><\/div><div class=\"wpb_column vc_column_container vc_col-sm-2\"><div class=\"vc_column-inner\"><div class=\"wpb_wrapper\"><\/div><\/div><\/div><\/div><div class=\"vc_row wpb_row vc_row-fluid\"><div class=\"wpb_column vc_column_container vc_col-sm-12\"><div class=\"vc_column-inner\"><div class=\"wpb_wrapper\"><h4 style=\"text-align: left\" class=\"vc_custom_heading vc_do_custom_heading\" >Cuddle Puddle<\/h4><h5 style=\"text-align: left\" class=\"vc_custom_heading vc_do_custom_heading\" >mit Max Wetzlaff<\/h5>\n\t<div class=\"wpb_text_column wpb_content_element\" >\n\t\t<div class=\"wpb_wrapper\">\n\t\t\t<div class=\"x11i5rnm xat24cr x1mh8g0r x1vvkbs xtlvy1s\">\n<div class=\"x11i5rnm xat24cr x1mh8g0r x1vvkbs xtlvy1s\">\n<div class=\"x11i5rnm xat24cr x1mh8g0r x1vvkbs xtlvy1s\">\n<p>Ein Abend f\u00fcr N\u00e4he und Geborgenheit. Dieser Cuddle Puddle ist ein angeleitetes Treffen f\u00fcr GBTQ-M\u00e4nner*, um nicht-sexuelle Ber\u00fchrungen zu erleben, emotionales Wohlbefinden zu f\u00f6rdern und gesunde Grenzen zu setzen.<\/p>\n<p>Wir legen Wert auf Vertrauen und Kommunikation. Du entscheidest, was sich f\u00fcr dich richtig anf\u00fchlt \u2013 ob du mehr Distanz oder N\u00e4he bevorzugst. Kuscheln ist so einfach wie heilsam. Mach mit bei der internationalen Kuschelrevolution!<\/p>\n<\/div>\n<\/div>\n<\/div>\n\n\t\t<\/div>\n\t<\/div>\n\n\t<div class=\"wpb_text_column wpb_content_element\" >\n\t\t<div class=\"wpb_wrapper\">\n\t\t\t<div class=\"x11i5rnm xat24cr x1mh8g0r x1vvkbs xtlvy1s\">\n<div class=\"x11i5rnm xat24cr x1mh8g0r x1vvkbs xtlvy1s\">\n<div class=\"x11i5rnm xat24cr x1mh8g0r x1vvkbs xtlvy1s\">\n<p><em>Trage bequeme Kleidung.<br \/>\nDieses Event wird je nach Teilnehmerbed\u00fcrfnissen auf Deutsch und\/oder Englisch sein.<br \/>\nDiese Veranstaltung kann als eine von monatliche zwei kostenfreien Veranstaltungen besucht werden, die Bestandteil<br \/>\nder we are village Mitgliedschaft sind.<br \/>\n<\/em><\/p>\n<\/div>\n<\/div>\n<\/div>\n\n\t\t<\/div>\n\t<\/div>\n<\/div><\/div><\/div><\/div>\n<\/div>","protected":false},"excerpt":{"rendered":"<h5>Dienstag (einmal pro Monat)<br \/>\n19:30 \u2013 22:00<\/h5>\n<p class=\"p1\"><strong>| <span style=\"color: #ec6c23;\">GBTQ men*<\/span>\u00a0|<\/strong><\/p>\n<p>Ein angeleiteter Abend f\u00fcr N\u00e4he und Geborgenheit. Kuscheln ist so einfach wie heilsam. Es geht darum, nicht-sexuelle Ber\u00fchrungen zu erleben, emotionales Wohlbefinden zu f\u00f6rdern und gesunde Grenzen zu setzen. Du entscheidest selber, was dir gut tut.<\/p>\n","protected":false},"author":11,"featured_media":1760,"template":"","meta":{"pmpro_default_level":"","inline_featured_image":false},"product_brand":[],"product_cat":[79],"product_tag":[256],"class_list":{"0":"post-11543","1":"product","2":"type-product","3":"status-publish","4":"has-post-thumbnail","6":"product_cat-monatliche-events","7":"product_tag-gbtq-men","8":"pmpro-has-access","10":"first","11":"instock","12":"purchasable","13":"product-type-variable"},"wpml_current_locale":"de_DE","wpml_translations":{"en_US":{"locale":"en_US","id":11547,"slug":"cuddle-puddle-kopie-2-7","post_title":"Cuddle Puddle","href":"https:\/\/wearevillage.org\/en\/shop\/cuddle-puddle\/w29-2024"}},"language":{"code":"de","locale":"","name":"","is_rtl":false},"_links":{"self":[{"href":"https:\/\/wearevillage.org\/wp-json\/wp\/v2\/product\/11543","targetHints":{"allow":["GET"]}}],"collection":[{"href":"https:\/\/wearevillage.org\/wp-json\/wp\/v2\/product"}],"about":[{"href":"https:\/\/wearevillage.org\/wp-json\/wp\/v2\/types\/product"}],"author":[{"embeddable":true,"href":"https:\/\/wearevillage.org\/wp-json\/wp\/v2\/users\/11"}],"wp:featuredmedia":[{"embeddable":true,"href":"https:\/\/wearevillage.org\/wp-json\/wp\/v2\/media\/1760"}],"wp:attachment":[{"href":"https:\/\/wearevillage.org\/wp-json\/wp\/v2\/media?parent=11543"}],"wp:term":[{"taxonomy":"product_brand","embeddable":true,"href":"https:\/\/wearevillage.org\/wp-json\/wp\/v2\/product_brand?post=11543"},{"taxonomy":"product_cat","embeddable":true,"href":"https:\/\/wearevillage.org\/wp-json\/wp\/v2\/product_cat?post=11543"},{"taxonomy":"product_tag","embeddable":true,"href":"https:\/\/wearevillage.org\/wp-json\/wp\/v2\/product_tag?post=11543"}],"curies":[{"name":"wp","href":"https:\/\/api.w.org\/{rel}","templated":true}]}}