{"id":11703,"date":"2023-12-08T19:27:25","date_gmt":"2023-12-08T18:27:25","guid":{"rendered":"https:\/\/wearevillage.org\/?post_type=product&#038;p=11703"},"modified":"2024-03-14T12:41:35","modified_gmt":"2024-03-14T11:41:35","slug":"embodied-consent-7","status":"publish","type":"product","link":"https:\/\/wearevillage.org\/shop\/embodied-consent\/w24-2024\/","title":{"rendered":"Embodied Consent"},"content":{"rendered":"<div class=\"wpb-content-wrapper\"><div class=\"vc_row wpb_row vc_row-fluid\"><div class=\"wpb_column vc_column_container vc_col-sm-12\"><div class=\"vc_column-inner\"><div class=\"wpb_wrapper\"><h4 style=\"text-align: left\" class=\"vc_custom_heading vc_do_custom_heading\" >Embodied Consent<\/h4><h5 style=\"text-align: left\" class=\"vc_custom_heading vc_do_custom_heading\" >Lernen \u00fcber Grenzen und Kommunikation mit Harvey Rabbit<\/h5>\n\t<div class=\"wpb_text_column wpb_content_element\" >\n\t\t<div class=\"wpb_wrapper\">\n\t\t\t<div class=\"x11i5rnm xat24cr x1mh8g0r x1vvkbs xtlvy1s\">\n<div class=\"x11i5rnm xat24cr x1mh8g0r x1vvkbs xtlvy1s\">\n<div class=\"x11i5rnm xat24cr x1mh8g0r x1vvkbs xtlvy1s\">\n<p>Sich seiner Grenzen bewusst zu sein und sein Einverst\u00e4ndnis oder Nicht-Einverst\u00e4ndnis auszudr\u00fccken, sind wichtige F\u00e4higkeiten im Leben, aber wir haben nicht oft die Gelegenheit, die F\u00e4higkeit des Einverst\u00e4ndnisses auf die gleiche Weise zu \u00fcben wie andere F\u00e4higkeiten, wie Singen, Sport treiben oder eine Sprache lernen.<\/p>\n<p>Bei Consent geht es um viel mehr als ein einfaches Ja oder Nein. Wenn wir die Zustimmung dekonstruieren, entdecken wir, wie wir unsere wahren W\u00fcnsche kommunizieren k\u00f6nnen, und h\u00f6ren auf, Dinge zu w\u00e4hlen, die wir nicht wollen. Durch Diskussionen, Bewegung und Partnerspiele werden wir Werkzeuge entwickeln, um k\u00f6rperliche W\u00fcnsche auszudr\u00fccken und zu verhandeln und durch praktische \u00dcbungen Grenzen zu setzen. Dieser Workshop ist f\u00fcr Menschen aller K\u00f6rpergr\u00f6\u00dfen, Geschlechter und Hintergr\u00fcnde offen und einladend.<\/p>\n<p>Es handelt sich um einen nicht-sexuellen Workshop bei dem, ohne Druck, Kommunikation und Ber\u00fchrung ge\u00fcbt werden k\u00f6nnen. Es geht genauso darum, wirklich Ja zu sagen und es auch so zu meinen, wie es darum geht, Nein zu sagen!<\/p>\n<p>Wenn Sie noch nicht an einem Workshop zum Thema Consent im Village teilgenommen haben, ist es jetzt an der Zeit! Diese Erfahrung wird Ihnen nicht nur helfen, sich in der we.are.village Conmmunity zurechtzufinden, sondern sie wird Sie auch dazu bef\u00e4higen, diese Werte in Ihr Leben zu \u00fcbertragen. Gemeinsam wollen wir eine auf Consent ausgerichtete Gemeinschaft mit gemeinsamen Werten aufbauen und dabei die Verantwortung des Einzelnen f\u00fcr die Einhaltung dieser Grunds\u00e4tze betonen. Unser oberstes Ziel ist es, gesunde Beziehungen zu f\u00f6rdern und eine integrative Community f\u00fcr eine bessere, vernetzte Zukunft zu schaffen.<\/p>\n<\/div>\n<\/div>\n<\/div>\n\n\t\t<\/div>\n\t<\/div>\n\n\t<div class=\"wpb_text_column wpb_content_element\" >\n\t\t<div class=\"wpb_wrapper\">\n\t\t\t<div class=\"x11i5rnm xat24cr x1mh8g0r x1vvkbs xtlvy1s\">\n<div class=\"x11i5rnm xat24cr x1mh8g0r x1vvkbs xtlvy1s\">\n<div class=\"x11i5rnm xat24cr x1mh8g0r x1vvkbs xtlvy1s\">\n<p><em>Dieser Workshop wird abwechselnd von einem deutschsprachigen und einem englischsprachigen Lehrer geleitet, um ein perfektes Verst\u00e4ndnis des Themas zu gew\u00e4hrleisten. Bitte w\u00e4hlen Sie Ihre Sitzung nach unserem Zeitplan.<br \/>\nAnmeldung: events@wearevillage.org<br \/>\n<\/em><\/p>\n<p><em>Der Workshop am 15. Juni wird auf Englisch durchgef\u00fchrt.<\/em><\/p>\n<\/div>\n<\/div>\n<\/div>\n\n\t\t<\/div>\n\t<\/div>\n<\/div><\/div><\/div><\/div>\n<\/div>","protected":false},"excerpt":{"rendered":"<h5>Samstag (einmal im Monat)<br \/>\n17:00 \u2013 19:00<br \/>\nkostenfreier, englischsprachiger Event<\/h5>\n<p class=\"p1\"><strong>| <span style=\"color: #ec6c23;\">LGBTIQA+<\/span>\u00a0|<\/strong><\/p>\n<p><strong>Lernen \u00fcber Grenzen und Kommunikation. <\/strong>Wenn Sie noch nicht an einem Workshop zum Thema Consent im Village teilgenommen haben, ist es jetzt an der Zeit! Dieser Workshop ist sehr zu empfehlen f\u00fcr alle, die unser Projekt regelm\u00e4\u00dfig besuchen oder an einem unserer Workshops teilnehmen m\u00f6chten. Diese Erfahrung wird Ihnen nicht nur helfen, sich in der we.are.village-Community zurechtzufinden, sondern sie wird Sie auch dazu bef\u00e4higen, diese Werte in Ihr Leben zu \u00fcbertragen.<\/p>\n<p><strong>Anmeldung: events@wearevillage.org<\/strong><\/p>\n","protected":false},"author":12,"featured_media":9606,"template":"","meta":{"pmpro_default_level":"","inline_featured_image":false},"product_brand":[],"product_cat":[77,769,79],"product_tag":[469],"class_list":{"0":"post-11703","1":"product","2":"type-product","3":"status-publish","4":"has-post-thumbnail","6":"product_cat-community-events","7":"product_cat-kostenloser-zugang","8":"product_cat-monatliche-events","9":"product_tag-lgbtqiaplus","10":"pmpro-has-access","12":"first","13":"outofstock","14":"purchasable","15":"product-type-variable"},"wpml_current_locale":"de_DE","wpml_translations":{"en_US":{"locale":"en_US","id":11704,"slug":"embodied-consent-kopie-7","post_title":"Embodied Consent","href":"https:\/\/wearevillage.org\/en\/shop\/embodied-consent\/w24-2024"}},"language":{"code":"de","locale":"","name":"","is_rtl":false},"_links":{"self":[{"href":"https:\/\/wearevillage.org\/wp-json\/wp\/v2\/product\/11703","targetHints":{"allow":["GET"]}}],"collection":[{"href":"https:\/\/wearevillage.org\/wp-json\/wp\/v2\/product"}],"about":[{"href":"https:\/\/wearevillage.org\/wp-json\/wp\/v2\/types\/product"}],"author":[{"embeddable":true,"href":"https:\/\/wearevillage.org\/wp-json\/wp\/v2\/users\/12"}],"wp:featuredmedia":[{"embeddable":true,"href":"https:\/\/wearevillage.org\/wp-json\/wp\/v2\/media\/9606"}],"wp:attachment":[{"href":"https:\/\/wearevillage.org\/wp-json\/wp\/v2\/media?parent=11703"}],"wp:term":[{"taxonomy":"product_brand","embeddable":true,"href":"https:\/\/wearevillage.org\/wp-json\/wp\/v2\/product_brand?post=11703"},{"taxonomy":"product_cat","embeddable":true,"href":"https:\/\/wearevillage.org\/wp-json\/wp\/v2\/product_cat?post=11703"},{"taxonomy":"product_tag","embeddable":true,"href":"https:\/\/wearevillage.org\/wp-json\/wp\/v2\/product_tag?post=11703"}],"curies":[{"name":"wp","href":"https:\/\/api.w.org\/{rel}","templated":true}]}}