{"id":11810,"date":"2023-12-08T20:51:10","date_gmt":"2023-12-08T19:51:10","guid":{"rendered":"https:\/\/wearevillage.org\/?post_type=product&#038;p=11810"},"modified":"2024-01-30T17:17:42","modified_gmt":"2024-01-30T16:17:42","slug":"village-film-night-5","status":"publish","type":"product","link":"https:\/\/wearevillage.org\/shop\/village-film\/w13-2024\/","title":{"rendered":"Village Film Night \u2013 Young Soul Rebels"},"content":{"rendered":"<div class=\"wpb-content-wrapper\"><div class=\"vc_row wpb_row vc_row-fluid\"><div class=\"wpb_column vc_column_container vc_col-sm-10\"><div class=\"vc_column-inner\"><div class=\"wpb_wrapper\"><\/div><\/div><\/div><div class=\"wpb_column vc_column_container vc_col-sm-2\"><div class=\"vc_column-inner\"><div class=\"wpb_wrapper\"><\/div><\/div><\/div><\/div><div class=\"vc_row wpb_row vc_row-fluid\"><div class=\"wpb_column vc_column_container vc_col-sm-12\"><div class=\"vc_column-inner\"><div class=\"wpb_wrapper\"><h4 style=\"text-align: left\" class=\"vc_custom_heading vc_do_custom_heading\" >Village Film Night \u2013 Young Soul Rebels<\/h4><h5 style=\"text-align: left\" class=\"vc_custom_heading vc_do_custom_heading\" >mit David Guiellermic & Pierre Em\u00f6<\/h5>\n\t<div class=\"wpb_text_column wpb_content_element\" >\n\t\t<div class=\"wpb_wrapper\">\n\t\t\t<p>Young Soul Rebels<br \/>\nDirector: Isaac Julien<br \/>\n1991 \u2013 105 mins<br \/>\nEnglisch mit deutschen Untertiteln<\/p>\n<p>Ein Meilenstein f\u00fcr den Black \u2013 und Queeren \u2013 britischen Film. Der bahnbrechende Krimi von Isaac Julien erforscht die Londoner Subkulturen der sp\u00e4ten 1970er Jahre.<\/p>\n<p>London im Sommer 1977. W\u00e4hrend sich die Stadt gerade auf die Feierlichkeiten zum silbernen Thronjubil\u00e4um der Queen vorbereitet, basteln die schwulen Soul Boys und Piraten-DJs Chris und Caz an ihrem Radioprogramm, das sie von einer Garage heraus senden. Tags\u00fcber m\u00fcssen sie sich mit Skinheads herumschlagen, abends gehen sie mit Chris\u2019 Schwester in die angesagten Clubs tanzen. Doch als ein Freund beim Cruisen im Park ermordet wird, drohen die sozialen Spannungen im Viertel \u00fcberzukochen.<\/p>\n<p>Die monatliche Filmnacht von Village.Berlin hat sich zu einem Muss f\u00fcr Cineasten entwickelt, die eine Auswahl an beliebten Klassikern genie\u00dfen wollen. Das Programm umfasst eine breite Erkundung queerer und nicht-normativer Perspektiven in verschiedenen Genres und k\u00fcnstlerischen Stilen, die \u00fcber LGBTQI+Themen hinausgehen. Nach jeder Vorf\u00fchrung werden die G\u00e4ste zum Verweilen und zur Teilnahme an entspannten Gruppendiskussionen \u00fcber die Filme und damit verbundene Themen eingeladen.<\/p>\n\n\t\t<\/div>\n\t<\/div>\n<\/div><\/div><\/div><\/div>\n<\/div>","protected":false},"excerpt":{"rendered":"<h5>Dienstag<br \/>\n19:30 \u2013 22:30<br \/>\nEintritt frei<\/h5>\n<p class=\"p1\"><strong>| <span style=\"color: #ec6c23;\">LGBTQIA+<\/span>|<\/strong><\/p>\n<p>Ein Meilenstein f\u00fcr den Black \u2013 und queeren \u2013 britischen Film. Der bahnbrechende Krimi von Isaac Julien erforscht die Londoner Subkulturen der sp\u00e4ten 1970er Jahre.<\/p>\n<p>Young Soul Rebels<br \/>\nDirector: Isaac Julien<br \/>\n1991 \u2013 105 mins<br \/>\nEnglisch mit deutschen Untertiteln<\/p>\n","protected":false},"author":12,"featured_media":12696,"template":"","meta":{"pmpro_default_level":"","inline_featured_image":false},"product_brand":[],"product_cat":[77,769,79],"product_tag":[469],"class_list":{"0":"post-11810","1":"product","2":"type-product","3":"status-publish","4":"has-post-thumbnail","6":"product_cat-community-events","7":"product_cat-kostenloser-zugang","8":"product_cat-monatliche-events","9":"product_tag-lgbtqiaplus","10":"pmpro-has-access","12":"first","13":"outofstock","14":"purchasable","15":"product-type-variable"},"wpml_current_locale":"de_DE","wpml_translations":{"en_US":{"locale":"en_US","id":11811,"slug":"village-film-night-kopie-4","post_title":"Village Film Night \u2013 Young Soul Rebels","href":"https:\/\/wearevillage.org\/en\/shop\/village-film\/w13-2024"}},"language":{"code":"de","locale":"","name":"","is_rtl":false},"_links":{"self":[{"href":"https:\/\/wearevillage.org\/wp-json\/wp\/v2\/product\/11810","targetHints":{"allow":["GET"]}}],"collection":[{"href":"https:\/\/wearevillage.org\/wp-json\/wp\/v2\/product"}],"about":[{"href":"https:\/\/wearevillage.org\/wp-json\/wp\/v2\/types\/product"}],"author":[{"embeddable":true,"href":"https:\/\/wearevillage.org\/wp-json\/wp\/v2\/users\/12"}],"wp:featuredmedia":[{"embeddable":true,"href":"https:\/\/wearevillage.org\/wp-json\/wp\/v2\/media\/12696"}],"wp:attachment":[{"href":"https:\/\/wearevillage.org\/wp-json\/wp\/v2\/media?parent=11810"}],"wp:term":[{"taxonomy":"product_brand","embeddable":true,"href":"https:\/\/wearevillage.org\/wp-json\/wp\/v2\/product_brand?post=11810"},{"taxonomy":"product_cat","embeddable":true,"href":"https:\/\/wearevillage.org\/wp-json\/wp\/v2\/product_cat?post=11810"},{"taxonomy":"product_tag","embeddable":true,"href":"https:\/\/wearevillage.org\/wp-json\/wp\/v2\/product_tag?post=11810"}],"curies":[{"name":"wp","href":"https:\/\/api.w.org\/{rel}","templated":true}]}}