{"id":11816,"date":"2023-12-08T20:51:19","date_gmt":"2023-12-08T19:51:19","guid":{"rendered":"https:\/\/wearevillage.org\/?post_type=product&#038;p=11816"},"modified":"2024-09-11T16:36:40","modified_gmt":"2024-09-11T14:36:40","slug":"village-film-night-8","status":"publish","type":"product","link":"https:\/\/wearevillage.org\/shop\/village-film\/w44-2024\/","title":{"rendered":"Film Night \u2013 Faustrecht der Freiheit"},"content":{"rendered":"<div class=\"wpb-content-wrapper\"><div class=\"vc_row wpb_row vc_row-fluid\"><div class=\"wpb_column vc_column_container vc_col-sm-10\"><div class=\"vc_column-inner\"><div class=\"wpb_wrapper\"><\/div><\/div><\/div><div class=\"wpb_column vc_column_container vc_col-sm-2\"><div class=\"vc_column-inner\"><div class=\"wpb_wrapper\"><\/div><\/div><\/div><\/div><div class=\"vc_row wpb_row vc_row-fluid\"><div class=\"wpb_column vc_column_container vc_col-sm-12\"><div class=\"vc_column-inner\"><div class=\"wpb_wrapper\"><h4 style=\"text-align: left\" class=\"vc_custom_heading vc_do_custom_heading\" >Village Film Night - Faustrecht der Freiheit (1975) von Rainer Werner Fassbinder<\/h4><h5 style=\"text-align: left\" class=\"vc_custom_heading vc_do_custom_heading\" >mit Pierre Em\u00f6<\/h5>\n\t<div class=\"wpb_text_column wpb_content_element\" >\n\t\t<div class=\"wpb_wrapper\">\n\t\t\t<p><strong>Faustrecht der Freiheit<\/strong><br \/>\nvon Rainer Werner Fassbinder<br \/>\n1975 \u2013 123 mins<br \/>\nDeutsch mit englischen Untertiteln<\/p>\n<p>Der arbeitslose Franz Biberkopf schl\u00e4gt sich als Gelegenheitsstricher durch. Als er beim Lotto gewinnt, erhofft er sich Anerkennung in den gehobenen Schwulenkreisen. Er verliebt sich in den Unternehmersohn Eugen, der Franz \u00fcberredet, Geld in die marode Druckerei seiner Eltern zu investieren. Eugen verspricht daf\u00fcr, ihn in die kultivierte Welt einzuf\u00fchren.<\/p>\n<p><strong>\u00dcber die Filmnacht am Village<\/strong><br \/>\nDie monatliche Filmnacht von we are village hat sich zu einem Muss f\u00fcr Cineasten entwickelt, die eine Auswahl an beliebten Klassikern genie\u00dfen wollen. Das Programm umfasst eine breite Erkundung queerer und nicht-normativer Perspektiven in verschiedenen Genres und k\u00fcnstlerischen Stilen, die \u00fcber LGBTQIA+Themen hinausgehen. Nach jeder Vorf\u00fchrung werden die G\u00e4ste zum Verweilen und zur Teilnahme an entspannten Gruppendiskussionen \u00fcber die Filme und damit verbundene Themen eingeladen.<\/p>\n<p><strong>Kuratoren<\/strong>: Marcelo Alves, Pierre Em\u00f6, David Le Guillermic.<\/p>\n\n\t\t<\/div>\n\t<\/div>\n<div class=\"vc_separator wpb_content_element vc_separator_align_center vc_sep_width_100 vc_sep_pos_align_center vc_separator_no_text vc_sep_color_grey wpb_content_element  wpb_content_element\" ><span class=\"vc_sep_holder vc_sep_holder_l\"><span class=\"vc_sep_line\"><\/span><\/span><span class=\"vc_sep_holder vc_sep_holder_r\"><span class=\"vc_sep_line\"><\/span><\/span>\n<\/div>\n\t<div class=\"wpb_text_column wpb_content_element\" >\n\t\t<div class=\"wpb_wrapper\">\n\t\t\t<p><strong><img loading=\"lazy\" decoding=\"async\" class=\"wp-image-2218 alignleft\" src=\"https:\/\/wearevillage.org\/wp-content\/uploads\/2022\/12\/Pierre_Emoe-271x300.jpg\" alt=\"\" width=\"160\" height=\"177\" srcset=\"https:\/\/wearevillage.org\/wp-content\/uploads\/2022\/12\/Pierre_Emoe-271x300.jpg 271w, https:\/\/wearevillage.org\/wp-content\/uploads\/2022\/12\/Pierre_Emoe-136x150.jpg 136w, https:\/\/wearevillage.org\/wp-content\/uploads\/2022\/12\/Pierre_Emoe-624x690.jpg 624w, https:\/\/wearevillage.org\/wp-content\/uploads\/2022\/12\/Pierre_Emoe-390x431.jpg 390w, https:\/\/wearevillage.org\/wp-content\/uploads\/2022\/12\/Pierre_Emoe-600x663.jpg 600w, https:\/\/wearevillage.org\/wp-content\/uploads\/2022\/12\/Pierre_Emoe.jpg 700w\" sizes=\"auto, (max-width: 160px) 100vw, 160px\" \/>Pierre Em\u00f6,<\/strong> urspr\u00fcnglich aus Frankreich, lebt in Berlin und arbeitet in Film, Theater, Performance und Modeling. Er spielte in Filmen wie Yann Gonzalez\u2019 <em>Knife + Heart<\/em>, Bruce La Bruce\u2019s <em>It Is Not the Pornographer That Is Perverse\u2026<\/em> und Henrika Kulls <em>Bliss<\/em>. Auf der B\u00fchne trat er in <em>Decameron<\/em> und <em>The Valkyrie<\/em> auf. Er war Teil der Ausstellung <em>Fenster zum Klo<\/em> im Schwulen Museum Berlin und tourt derzeit mit Matthieu Hocquemillers Performance <em>The Ethics<\/em>. Em\u00f6 ist auch Mitglied des Kollektivs Pornceptual.<\/p>\n\n\t\t<\/div>\n\t<\/div>\n<div class=\"vc_separator wpb_content_element vc_separator_align_center vc_sep_width_100 vc_sep_pos_align_center vc_separator_no_text vc_sep_color_grey vc_custom_1724778095340 wpb_content_element  vc_custom_1724778095340 wpb_content_element\" ><span class=\"vc_sep_holder vc_sep_holder_l\"><span class=\"vc_sep_line\"><\/span><\/span><span class=\"vc_sep_holder vc_sep_holder_r\"><span class=\"vc_sep_line\"><\/span><\/span>\n<\/div>\n\t<div class=\"wpb_text_column wpb_content_element\" >\n\t\t<div class=\"wpb_wrapper\">\n\t\t\t<p><b>Hinweise<br \/>\n<\/b>Einlass ist um 19:30 Uhr, der Film beginnt p\u00fcnktlich um 20:00 Uhr.<br \/>\n<strong>Sprache<\/strong>: Die Veranstaltung wird auf Englisch abgehalten.<br \/>\n<strong>Kosten<\/strong>: Die Veranstaltung ist f\u00fcr alle zug\u00e4nglich und kostenlos.<\/p>\n\n\t\t<\/div>\n\t<\/div>\n<\/div><\/div><\/div><\/div><div class=\"vc_row wpb_row vc_row-fluid\"><div class=\"wpb_column vc_column_container vc_col-sm-12\"><div class=\"vc_column-inner\"><div class=\"wpb_wrapper\"><\/div><\/div><\/div><\/div>\n<\/div>","protected":false},"excerpt":{"rendered":"<h5>Dienstag<br \/>\n19:30 \u2013 22:30<br \/>\nEintritt frei<\/h5>\n<p class=\"p1\"><strong>| <span style=\"color: #ec6c23;\">LGBTQIA+<\/span>|<\/strong><\/p>\n<p>Filmdrama \u00fcber das Leben eines schwulen Schaustellers.<\/p>\n<p><strong>Faustrecht der Freiheit<\/strong><br \/>\nvon Rainer Werner Fassbinder<br \/>\n1975 \u2013 123 mins<br \/>\nDeutsch mit englischen Untertiteln.<\/p>\n","protected":false},"author":12,"featured_media":16296,"template":"","meta":{"pmpro_default_level":"","inline_featured_image":false},"product_brand":[],"product_cat":[77,769,79],"product_tag":[469],"class_list":{"0":"post-11816","1":"product","2":"type-product","3":"status-publish","4":"has-post-thumbnail","6":"product_cat-community-events","7":"product_cat-kostenloser-zugang","8":"product_cat-monatliche-events","9":"product_tag-lgbtqiaplus","10":"pmpro-has-access","12":"first","13":"outofstock","14":"purchasable","15":"product-type-variable"},"wpml_current_locale":"de_DE","wpml_translations":{"en_US":{"locale":"en_US","id":11817,"slug":"village-film-night-kopie-7","post_title":"Film Night \u2013 Fox and His Friends","href":"https:\/\/wearevillage.org\/en\/shop\/village-film\/w44-2024"}},"language":{"code":"de","locale":"","name":"","is_rtl":false},"_links":{"self":[{"href":"https:\/\/wearevillage.org\/wp-json\/wp\/v2\/product\/11816","targetHints":{"allow":["GET"]}}],"collection":[{"href":"https:\/\/wearevillage.org\/wp-json\/wp\/v2\/product"}],"about":[{"href":"https:\/\/wearevillage.org\/wp-json\/wp\/v2\/types\/product"}],"author":[{"embeddable":true,"href":"https:\/\/wearevillage.org\/wp-json\/wp\/v2\/users\/12"}],"wp:featuredmedia":[{"embeddable":true,"href":"https:\/\/wearevillage.org\/wp-json\/wp\/v2\/media\/16296"}],"wp:attachment":[{"href":"https:\/\/wearevillage.org\/wp-json\/wp\/v2\/media?parent=11816"}],"wp:term":[{"taxonomy":"product_brand","embeddable":true,"href":"https:\/\/wearevillage.org\/wp-json\/wp\/v2\/product_brand?post=11816"},{"taxonomy":"product_cat","embeddable":true,"href":"https:\/\/wearevillage.org\/wp-json\/wp\/v2\/product_cat?post=11816"},{"taxonomy":"product_tag","embeddable":true,"href":"https:\/\/wearevillage.org\/wp-json\/wp\/v2\/product_tag?post=11816"}],"curies":[{"name":"wp","href":"https:\/\/api.w.org\/{rel}","templated":true}]}}