{"id":11966,"date":"2023-12-11T12:38:02","date_gmt":"2023-12-11T11:38:02","guid":{"rendered":"https:\/\/wearevillage.org\/?post_type=product&#038;p=11966"},"modified":"2024-01-09T13:09:03","modified_gmt":"2024-01-09T12:09:03","slug":"open-writing-circle-5","status":"publish","type":"product","link":"https:\/\/wearevillage.org\/shop\/writing-circle\/w11-2024\/","title":{"rendered":"Open writing circle"},"content":{"rendered":"<div class=\"wpb-content-wrapper\"><div class=\"vc_row wpb_row vc_row-fluid\"><div class=\"wpb_column vc_column_container vc_col-sm-12\"><div class=\"vc_column-inner\"><div class=\"wpb_wrapper\"><h4 style=\"text-align: left\" class=\"vc_custom_heading vc_do_custom_heading\" >Open writing circle<\/h4><h5 style=\"text-align: left\" class=\"vc_custom_heading vc_do_custom_heading\" >David Le Guillermic<\/h5>\n\t<div class=\"wpb_text_column wpb_content_element\" >\n\t\t<div class=\"wpb_wrapper\">\n\t\t\t<div class=\"x11i5rnm xat24cr x1mh8g0r x1vvkbs xtlvy1s\">\n<div class=\"x11i5rnm xat24cr x1mh8g0r x1vvkbs xtlvy1s\">\n<div class=\"x11i5rnm xat24cr x1mh8g0r x1vvkbs xtlvy1s\">\n<p>Entdecke die Freude am Schreiben!<\/p>\n<p>Ganz gleich, ob Du nur zum Vergn\u00fcgen schreibst oder bereits eine Autorin oder ein Autor bist, ob du dich beim Schreiben wohlf\u00fchlen, gest\u00e4rkt werden oder einfach nur entspannen willst, komm zu uns und nimm an einem geselligen, umfassenden Workshop teil!<\/p>\n<p>Es sind keine Vorkenntnisse erforderlich. Alles, was du brauchst, ist die Neugier auf den Schreibprozess und der Wunsch, die kleine innere Stimme zu n\u00e4hren, die darauf gewartet hat, herauszukommen. Jetzt ist der perfekte Zeitpunkt, um es auszuprobieren, mit Worten zu experimentieren und den eigenen erz\u00e4hlerischen Horizont zu erweitern.<\/p>\n<p>Jede Sitzung wird sich um ein bestimmtes Thema drehen. Wir werden auf Techniken zur\u00fcckgreifen, die in Schreibwerkst\u00e4tten verwendet werden, und uns bem\u00fchen, uns gegenseitig Feedback, Unterst\u00fctzung und Ermutigung zu geben. Diese kollaborative Umgebung erm\u00f6glicht einen dynamischen Austausch von Ideen und Erkenntnissen.<\/p>\n<p>Ziel dieses Workshops ist es, einen bejahenden, spielerischen und ermutigenden Raum f\u00fcr queere Menschen zu schaffen, in dem du deine Identit\u00e4t erforschen, ausdr\u00fccken und feiern kannst, sowie eine Plattform zu bieten, auf der die Geschichten der LGBTQIA+- Community geteilt, geh\u00f6rt und gesch\u00e4tzt werden.<\/p>\n<p>Der Kurs wird auf Englisch abgehalten, aber du kannst gerne in der Sprache deiner Wahl schreiben, deinen Text mit der Gruppe teilen \u2013 oder einfach nur anwesend sein und zuh\u00f6ren!<\/p>\n<\/div>\n<\/div>\n<\/div>\n\n\t\t<\/div>\n\t<\/div>\n\n\t<div class=\"wpb_text_column wpb_content_element\" >\n\t\t<div class=\"wpb_wrapper\">\n\t\t\t\n\t\t<\/div>\n\t<\/div>\n<\/div><\/div><\/div><\/div>\n<\/div>","protected":false},"excerpt":{"rendered":"<h5>Donnerstags (einmal pro Monat)<br \/>\n19:30 \u2013 21:30<br \/>\nkostenfrei<\/h5>\n<p class=\"p1\"><strong>| <span style=\"color: #ec6c23;\">LGBTQIA+<\/span>|\u00a0<\/strong><\/p>\n<p><strong>Entdecke die Freude am Schreiben!<\/strong><br \/>\nGanz gleich, ob Du nur zum Vergn\u00fcgen schreibst oder bereits eine Autorin oder ein Autor bist, ob du dich beim Schreiben wohlf\u00fchlen, gest\u00e4rkt werden oder einfach nur entspannen willst, komm zu uns und nimm an einem geselligen, umfassenden Workshop teil! Es sind keine Vorkenntnisse erforderlich. Alles, was du brauchst, ist Neugierde f\u00fcr den Schreibprozess und den Wunsch, die kleine innere Stimme zu n\u00e4hren, die darauf wartet, herauszukommen.<\/p>\n","protected":false},"author":12,"featured_media":10105,"template":"","meta":{"pmpro_default_level":"","inline_featured_image":false},"product_brand":[],"product_cat":[77,769,80],"product_tag":[469],"class_list":{"0":"post-11966","1":"product","2":"type-product","3":"status-publish","4":"has-post-thumbnail","6":"product_cat-community-events","7":"product_cat-kostenloser-zugang","8":"product_cat-queer-matters","9":"product_tag-lgbtqiaplus","10":"pmpro-has-access","12":"first","13":"outofstock","14":"purchasable","15":"product-type-variable"},"wpml_current_locale":"de_DE","wpml_translations":{"en_US":{"locale":"en_US","id":11967,"slug":"open-writing-circle-kopie-5","post_title":"Open writing circle","href":"https:\/\/wearevillage.org\/en\/shop\/writing-circle\/w11-2024"}},"language":{"code":"de","locale":"","name":"","is_rtl":false},"_links":{"self":[{"href":"https:\/\/wearevillage.org\/wp-json\/wp\/v2\/product\/11966","targetHints":{"allow":["GET"]}}],"collection":[{"href":"https:\/\/wearevillage.org\/wp-json\/wp\/v2\/product"}],"about":[{"href":"https:\/\/wearevillage.org\/wp-json\/wp\/v2\/types\/product"}],"author":[{"embeddable":true,"href":"https:\/\/wearevillage.org\/wp-json\/wp\/v2\/users\/12"}],"wp:featuredmedia":[{"embeddable":true,"href":"https:\/\/wearevillage.org\/wp-json\/wp\/v2\/media\/10105"}],"wp:attachment":[{"href":"https:\/\/wearevillage.org\/wp-json\/wp\/v2\/media?parent=11966"}],"wp:term":[{"taxonomy":"product_brand","embeddable":true,"href":"https:\/\/wearevillage.org\/wp-json\/wp\/v2\/product_brand?post=11966"},{"taxonomy":"product_cat","embeddable":true,"href":"https:\/\/wearevillage.org\/wp-json\/wp\/v2\/product_cat?post=11966"},{"taxonomy":"product_tag","embeddable":true,"href":"https:\/\/wearevillage.org\/wp-json\/wp\/v2\/product_tag?post=11966"}],"curies":[{"name":"wp","href":"https:\/\/api.w.org\/{rel}","templated":true}]}}