{"id":12081,"date":"2023-12-18T12:44:31","date_gmt":"2023-12-18T11:44:31","guid":{"rendered":"https:\/\/wearevillage.org\/?post_type=product&#038;p=12081"},"modified":"2023-12-18T13:17:39","modified_gmt":"2023-12-18T12:17:39","slug":"village-outdoor-berliner-mauerweg","status":"publish","type":"product","link":"https:\/\/wearevillage.org\/shop\/village-outdoor\/w3-2024\/","title":{"rendered":"Village Outdoor \u2013 Berliner Mauerweg"},"content":{"rendered":"<div class=\"wpb-content-wrapper\"><div class=\"vc_row wpb_row vc_row-fluid\"><div class=\"wpb_column vc_column_container vc_col-sm-10\"><div class=\"vc_column-inner\"><div class=\"wpb_wrapper\"><\/div><\/div><\/div><div class=\"wpb_column vc_column_container vc_col-sm-2\"><div class=\"vc_column-inner\"><div class=\"wpb_wrapper\"><\/div><\/div><\/div><\/div><div class=\"vc_row wpb_row vc_row-fluid\"><div class=\"wpb_column vc_column_container vc_col-sm-12\"><div class=\"vc_column-inner\"><div class=\"wpb_wrapper\"><h4 style=\"text-align: left\" class=\"vc_custom_heading vc_do_custom_heading\" >Village Outdoor \u2013 Berliner Mauerweg<\/h4><h5 style=\"text-align: left\" class=\"vc_custom_heading vc_do_custom_heading\" >with Harms Wulf & Daniel Salamon<\/h5>\n\t<div class=\"wpb_text_column wpb_content_element\" >\n\t\t<div class=\"wpb_wrapper\">\n\t\t\t<div class=\"x11i5rnm xat24cr x1mh8g0r x1vvkbs xtlvy1s\">\n<div class=\"x11i5rnm xat24cr x1mh8g0r x1vvkbs xtlvy1s\">\n<div class=\"x11i5rnm xat24cr x1mh8g0r x1vvkbs xtlvy1s\">\n<div class=\"x11i5rnm xat24cr x1mh8g0r x1vvkbs xtlvy1s\">\n<p>Abschnitt 1 \u2013 vom Brandenburger Tor bis zur Gedenkst\u00e4tte Berliner Mauer<\/p>\n<p>Die erste Etappe unserer Berliner Mauerweg-Erkundung beginnen wir -nat\u00fcrlich- am Brandenburger Tor, dem Symbol der fr\u00fcheren Teilung Deutschlands und Berlins. Von hieraus geht es entlang der Spree durch das Regierungsviertel zum Hauptbahnhof und Hamburger Bahnhof. Hier folgen wir dem Berlin-Spandauer Schifffahrtskanal und besuchen einen der \u00e4ltesten Friedh\u00f6fe Berlins, den Invalidenfriedhof. \u00dcber die Chausseestra\u00dfe gelangen wir zu dem Standort eines ehemaligen Grenz\u00fcbergangs, der am 09.11.89 mit als erster ge\u00f6ffnet wurde. \u00dcber den Evangelischen Domfriedhof und einen park\u00e4hnlichen Pfad an der Gartenstra\u00dfe erreichen wir den Endpunkt der heutigen Wanderung, dem Gel\u00e4nde der Gedenkst\u00e4tte Berliner Mauer an der Bernauer Stra\u00dfe. Streckenl\u00e4nge: ca. 8 km, ein Zwischenstopp in einem Caf\u00e9 ist eingeplant.<\/p>\n<p>Die Village Outdoor Events sind ein monatliches Treffen f\u00fcr die we are village-Community and Friends, um die Natur in Berlin und dar\u00fcber hinaus zu erkunden, einschlie\u00dflich Waldwanderungen, Fahrradtouren, Schwimmen im See, Stadtbesichtigungen, Kajakfahren im Umland und mehr. Die Grundlage der Outdoor Events ist ein kostenloser und relativ einfacher Spaziergang oder eine Wanderung einmal im Monat in Berlins Gr\u00fcnanlagen und an Orten, die innerhalb des S&U Bahns erreichbar sind.<\/p>\n<\/div>\n<\/div>\n<\/div>\n<\/div>\n\n\t\t<\/div>\n\t<\/div>\n<\/div><\/div><\/div><\/div><div class=\"vc_row wpb_row vc_row-fluid\"><div class=\"wpb_column vc_column_container vc_col-sm-12\"><div class=\"vc_column-inner\"><div class=\"wpb_wrapper\">\n\t<div class=\"wpb_text_column wpb_content_element\" >\n\t\t<div class=\"wpb_wrapper\">\n\t\t\t<p><em>Treffpunkt: Westseite des Brandenburger Tors<\/em><\/p>\n\n\t\t<\/div>\n\t<\/div>\n<\/div><\/div><\/div><\/div>\n<\/div>","protected":false},"excerpt":{"rendered":"<h5><strong>Outdoor Event<\/strong><br \/>\n<strong>jeden letzten Sonntag im Monat<\/strong><br \/>\n<strong>11:00 \u2013 14:00<\/strong><br \/>\n<strong>Treffpunkt: Westseite des Brandenburger Tors<\/strong><\/h5>\n<h5><strong>| <span style=\"color: #ec6c23;\">LGBTQIA+\u00a0<\/span>|<\/strong><\/h5>\n<div class=\"x11i5rnm xat24cr x1mh8g0r x1vvkbs xtlvy1s\">\n<div class=\"x11i5rnm xat24cr x1mh8g0r x1vvkbs xtlvy1s\">\n<p>Wanderung entlang des Berliner Mauerwegs. Abschnitt 1: vom Brandenburger Tor bis zur Gedenkst\u00e4tte Berliner Mauer<\/p>\n<\/div>\n<\/div>\n","protected":false},"author":12,"featured_media":12084,"template":"","meta":{"pmpro_default_level":"","inline_featured_image":false},"product_brand":[],"product_cat":[77,769,79],"product_tag":[469],"class_list":{"0":"post-12081","1":"product","2":"type-product","3":"status-publish","4":"has-post-thumbnail","6":"product_cat-community-events","7":"product_cat-kostenloser-zugang","8":"product_cat-monatliche-events","9":"product_tag-lgbtqiaplus","10":"pmpro-has-access","12":"first","13":"outofstock","14":"purchasable","15":"product-type-variable"},"wpml_current_locale":"de_DE","wpml_translations":{"en_US":{"locale":"en_US","id":12082,"slug":"village-outdoor-queer-plant-stories-tour-in-the-botanical-gardens-greenhouses-kopie","post_title":"Village Outdoor \u2013 Berlin Wall Trail","href":"https:\/\/wearevillage.org\/en\/shop\/village-outdoor\/w3-2024"}},"language":{"code":"de","locale":"","name":"","is_rtl":false},"_links":{"self":[{"href":"https:\/\/wearevillage.org\/wp-json\/wp\/v2\/product\/12081","targetHints":{"allow":["GET"]}}],"collection":[{"href":"https:\/\/wearevillage.org\/wp-json\/wp\/v2\/product"}],"about":[{"href":"https:\/\/wearevillage.org\/wp-json\/wp\/v2\/types\/product"}],"author":[{"embeddable":true,"href":"https:\/\/wearevillage.org\/wp-json\/wp\/v2\/users\/12"}],"wp:featuredmedia":[{"embeddable":true,"href":"https:\/\/wearevillage.org\/wp-json\/wp\/v2\/media\/12084"}],"wp:attachment":[{"href":"https:\/\/wearevillage.org\/wp-json\/wp\/v2\/media?parent=12081"}],"wp:term":[{"taxonomy":"product_brand","embeddable":true,"href":"https:\/\/wearevillage.org\/wp-json\/wp\/v2\/product_brand?post=12081"},{"taxonomy":"product_cat","embeddable":true,"href":"https:\/\/wearevillage.org\/wp-json\/wp\/v2\/product_cat?post=12081"},{"taxonomy":"product_tag","embeddable":true,"href":"https:\/\/wearevillage.org\/wp-json\/wp\/v2\/product_tag?post=12081"}],"curies":[{"name":"wp","href":"https:\/\/api.w.org\/{rel}","templated":true}]}}