{"id":12091,"date":"2023-12-18T13:35:58","date_gmt":"2023-12-18T12:35:58","guid":{"rendered":"https:\/\/wearevillage.org\/?post_type=product&#038;p=12091"},"modified":"2023-12-19T11:59:13","modified_gmt":"2023-12-19T10:59:13","slug":"village-book-club-5","status":"publish","type":"product","link":"https:\/\/wearevillage.org\/shop\/book-club\/w6-2024\/","title":{"rendered":"Village Book Club"},"content":{"rendered":"<div class=\"wpb-content-wrapper\"><div class=\"vc_row wpb_row vc_row-fluid\"><div class=\"wpb_column vc_column_container vc_col-sm-10\"><div class=\"vc_column-inner\"><div class=\"wpb_wrapper\"><\/div><\/div><\/div><div class=\"wpb_column vc_column_container vc_col-sm-2\"><div class=\"vc_column-inner\"><div class=\"wpb_wrapper\"><\/div><\/div><\/div><\/div><div class=\"vc_row wpb_row vc_row-fluid\"><div class=\"wpb_column vc_column_container vc_col-sm-12\"><div class=\"vc_column-inner\"><div class=\"wpb_wrapper\"><h4 style=\"text-align: left\" class=\"vc_custom_heading vc_do_custom_heading\" >Village Book Club \u2013 \"The Faggots and Their Friends between Revolutions\" \/\/ Larry Mitchell (1977)<\/h4><h5 style=\"text-align: left\" class=\"vc_custom_heading vc_do_custom_heading\" >Moderator: Marco Astolfi<\/h5>\n\t<div class=\"wpb_text_column wpb_content_element\" >\n\t\t<div class=\"wpb_wrapper\">\n\t\t\t<p>Teils M\u00e4rchen, teils Manifest, teils sexgetriebene Fantasie, teils \u00dcberlebensanleitung f\u00fcr die moralische und geistige Erhebung radikaler Queers, bietet das Buch eine Kritik an Kapitalismus, Assimilation und Patriarchat, die auch heute noch von gro\u00dfer Bedeutung ist. Der Roman basiert auf Mitchells Erfahrungen aus dem Leben in Lavender Hill, einer queeren Kommune in Ithaca, New York, in den 1970er Jahren. Die Geschichte spielt in einem dystopischen Reich im Niedergang namens Ramrod und stellt uns, die Schwulen und ihre Freunde (Frauen, Queens, queere M\u00e4nner und Frauen, die Frauen lieben) vor, die die scharfen Waffen und die ausgekl\u00fcgelte Gewalt der M\u00e4nner \u00fcberleben. Modisch gesehen, tragen \u201cdie reichen M\u00e4nner ohne Farbe\u201d nur Grau, aber das ist in Ordnung, denn die Schwulen k\u00f6nnen alle anderen Farben tragen. Und sie sagen: \u201cMan kann mehr lernen, wenn man einen Tag lang ein Kleid tr\u00e4gt, als wenn man ein ganzes Leben lang einen Anzug tr\u00e4gt\u201d.<\/p>\n\n\t\t<\/div>\n\t<\/div>\n\n\t<div class=\"wpb_text_column wpb_content_element\" >\n\t\t<div class=\"wpb_wrapper\">\n\t\t\t<div class=\"page\" title=\"Page 1\">\n<div class=\"section\">\n<div class=\"layoutArea\">\n<div class=\"column\">\n<div class=\"page\" title=\"Page 1\">\n<div class=\"section\">\n<div class=\"layoutArea\">\n<div class=\"column\">\n<p><strong>\u00dcber den Village Book Club<br \/>\n<\/strong>B\u00fccherliebhaber und Leseratten treffen sich alle zwei Monate, um Literatur und Sachb\u00fccher (Romane, Biografien und Essays) zu besprechen, die sich mit LGBTQIA+-Themen und -Pers\u00f6nlichkeiten befassen oder damit in Zusammenhang stehen.<\/p>\n<p>In Voraussicht auf aufschlussreiche Diskussionen w\u00e4hlen wir das n\u00e4chste Buch zwei Monate im Voraus aus.<\/p>\n<\/div>\n<\/div>\n<\/div>\n<\/div>\n<\/div>\n<\/div>\n<\/div>\n<\/div>\n\n\t\t<\/div>\n\t<\/div>\n<\/div><\/div><\/div><\/div>\n<\/div>","protected":false},"excerpt":{"rendered":"<h5>Dienstag<br \/>\n20:00 \u2013 22:30<br \/>\nEintritt frei<\/h5>\n<p class=\"p1\"><strong>| <span style=\"color: #ec6c23;\">LGBTQIA+<\/span>\u00a0|<\/strong><\/p>\n<p>Der Roman basiert auf Mitchells Erfahrungen aus dem Leben in Lavender Hill, einer queeren Kommune in Ithaca, New York, in den 1970er Jahren. Die Geschichte spielt in einem dystopischen Reich im Niedergang namens Ramrod und stellt uns die Schwulen und ihre Freunde (Frauen, Queens, queere M\u00e4nner und Frauen, die Frauen lieben) vor, die die scharfen Waffen und die ausgekl\u00fcgelte Gewalt der M\u00e4nner \u00fcberleben.<\/p>\n<p>\u201eThe Faggots and their Friends between Revolutions\u201c \/\/ Larry Mitchell (1977)<\/p>\n","protected":false},"author":12,"featured_media":12094,"template":"","meta":{"pmpro_default_level":"","inline_featured_image":false},"product_brand":[],"product_cat":[77,769,79],"product_tag":[469],"class_list":{"0":"post-12091","1":"product","2":"type-product","3":"status-publish","4":"has-post-thumbnail","6":"product_cat-community-events","7":"product_cat-kostenloser-zugang","8":"product_cat-monatliche-events","9":"product_tag-lgbtqiaplus","10":"pmpro-has-access","12":"first","13":"outofstock","14":"purchasable","15":"product-type-variable"},"wpml_current_locale":"de_DE","wpml_translations":{"en_US":{"locale":"en_US","id":12092,"slug":"village-book-club-kopie-4","post_title":"Village Book Club","href":"https:\/\/wearevillage.org\/en\/shop\/book-club\/w6-2024"}},"language":{"code":"de","locale":"","name":"","is_rtl":false},"_links":{"self":[{"href":"https:\/\/wearevillage.org\/wp-json\/wp\/v2\/product\/12091","targetHints":{"allow":["GET"]}}],"collection":[{"href":"https:\/\/wearevillage.org\/wp-json\/wp\/v2\/product"}],"about":[{"href":"https:\/\/wearevillage.org\/wp-json\/wp\/v2\/types\/product"}],"author":[{"embeddable":true,"href":"https:\/\/wearevillage.org\/wp-json\/wp\/v2\/users\/12"}],"wp:featuredmedia":[{"embeddable":true,"href":"https:\/\/wearevillage.org\/wp-json\/wp\/v2\/media\/12094"}],"wp:attachment":[{"href":"https:\/\/wearevillage.org\/wp-json\/wp\/v2\/media?parent=12091"}],"wp:term":[{"taxonomy":"product_brand","embeddable":true,"href":"https:\/\/wearevillage.org\/wp-json\/wp\/v2\/product_brand?post=12091"},{"taxonomy":"product_cat","embeddable":true,"href":"https:\/\/wearevillage.org\/wp-json\/wp\/v2\/product_cat?post=12091"},{"taxonomy":"product_tag","embeddable":true,"href":"https:\/\/wearevillage.org\/wp-json\/wp\/v2\/product_tag?post=12091"}],"curies":[{"name":"wp","href":"https:\/\/api.w.org\/{rel}","templated":true}]}}