{"id":12104,"date":"2023-12-18T14:17:10","date_gmt":"2023-12-18T13:17:10","guid":{"rendered":"https:\/\/wearevillage.org\/?post_type=product&#038;p=12104"},"modified":"2024-01-30T17:13:05","modified_gmt":"2024-01-30T16:13:05","slug":"village-film-night-o-fantasma","status":"publish","type":"product","link":"https:\/\/wearevillage.org\/shop\/village-film\/w09-2024\/","title":{"rendered":"Village Film Night \u2013 O Fantasma"},"content":{"rendered":"<div class=\"wpb-content-wrapper\"><div class=\"vc_row wpb_row vc_row-fluid\"><div class=\"wpb_column vc_column_container vc_col-sm-10\"><div class=\"vc_column-inner\"><div class=\"wpb_wrapper\"><\/div><\/div><\/div><div class=\"wpb_column vc_column_container vc_col-sm-2\"><div class=\"vc_column-inner\"><div class=\"wpb_wrapper\"><\/div><\/div><\/div><\/div><div class=\"vc_row wpb_row vc_row-fluid\"><div class=\"wpb_column vc_column_container vc_col-sm-12\"><div class=\"vc_column-inner\"><div class=\"wpb_wrapper\"><h4 style=\"text-align: left\" class=\"vc_custom_heading vc_do_custom_heading\" >Village Film Night \u2013 O Fantasma<\/h4><h5 style=\"text-align: left\" class=\"vc_custom_heading vc_do_custom_heading\" >Pierre Em\u00f6<\/h5>\n\t<div class=\"wpb_text_column wpb_content_element\" >\n\t\t<div class=\"wpb_wrapper\">\n\t\t\t<p>O Fantasma<br \/>\nDirector: Jo\u00e3o Pedro Rodrigues<br \/>\n2000 \u2013 87 mins<br \/>\nOV mit englischen Untertiteln<\/p>\n<p><span class=\"\">Der junge, guthaussehende S\u00e9rgio arbeitet bei der M\u00fcllabfuhr in Lissabon.<\/span><span class=\"\">\u00a0Er verbringt die N\u00e4chte bei der Arbeit und kommt dabei in der Stadt herum. S\u00e9rgio hat diverse fl\u00fcchtige sexuelle Abenteuer mit anderen M\u00e4nnern, ist aber an keiner engeren Beziehung interessiert. Die Arbeitskollegin F\u00e1tima m\u00f6chte ihm n\u00e4herkommen, doch ist dieses Interesse nicht gegenseitig. Eines Nachts kommt er zu einem Haus, in dem ein junger Motorradfahrer bei seiner Familie lebt. Das Motorrad und vor allem sein Besitzer erwecken das Interesse von S\u00e9rgio und er f\u00e4ngt an, dem jungen Mann nachzustellen und ihn heimlich zu beobachten.<\/span><\/p>\n<p>Die monatliche Filmnacht von Village.Berlin hat sich zu einem Muss f\u00fcr Cineasten entwickelt, die eine Auswahl an beliebten Klassikern genie\u00dfen wollen. Das Programm umfasst eine breite Erkundung queerer und nicht-normativer Perspektiven in verschiedenen Genres und k\u00fcnstlerischen Stilen, die \u00fcber LGBTQI+Themen hinausgehen. Nach jeder Vorf\u00fchrung werden die G\u00e4ste zum Verweilen und zur Teilnahme an entspannten Gruppendiskussionen \u00fcber die Filme und damit verbundene Themen eingeladen.<\/p>\n\n\t\t<\/div>\n\t<\/div>\n<\/div><\/div><\/div><\/div>\n<\/div>","protected":false},"excerpt":{"rendered":"<h5>Dienstag<br \/>\n19:30 \u2013 22:30<br \/>\nEintritt frei<\/h5>\n<p class=\"p1\"><strong>| <span style=\"color: #ec6c23;\">LGBTQIA+<\/span>|<\/strong><\/p>\n<p>\u201eO Fantasma\u201c: <span class=\"\">Der junge, guthaussehende S\u00e9rgio arbeitet bei der M\u00fcllabfuhr in Lissabon.<\/span><span class=\"\">\u00a0Er verbringt die N\u00e4chte bei der Arbeit und kommt dabei in der Stadt herum. S\u00e9rgio hat diverse fl\u00fcchtige sexuelle Abenteuer mit anderen M\u00e4nnern, ist aber an keiner engeren Beziehung interessiert.<\/span><\/p>\n<p>O Fantasma<br \/>\nDirector: Jo\u00e3o Pedro Rodrigues<br \/>\n2000 \u2013 87 mins<br \/>\nOV mit englischen Untertiteln<\/p>\n","protected":false},"author":12,"featured_media":12099,"template":"","meta":{"pmpro_default_level":"","inline_featured_image":false},"product_brand":[],"product_cat":[77,769,79],"product_tag":[469],"class_list":{"0":"post-12104","1":"product","2":"type-product","3":"status-publish","4":"has-post-thumbnail","6":"product_cat-community-events","7":"product_cat-kostenloser-zugang","8":"product_cat-monatliche-events","9":"product_tag-lgbtqiaplus","10":"pmpro-has-access","12":"first","13":"outofstock","14":"purchasable","15":"product-type-variable"},"wpml_current_locale":"de_DE","wpml_translations":{"en_US":{"locale":"en_US","id":12105,"slug":"village-film-night-hedwig-and-the-angry-inch-kopie-2","post_title":"Village Film Night \u2013 O Fantasma","href":"https:\/\/wearevillage.org\/en\/shop\/village-film\/w9-2024"}},"language":{"code":"de","locale":"","name":"","is_rtl":false},"_links":{"self":[{"href":"https:\/\/wearevillage.org\/wp-json\/wp\/v2\/product\/12104","targetHints":{"allow":["GET"]}}],"collection":[{"href":"https:\/\/wearevillage.org\/wp-json\/wp\/v2\/product"}],"about":[{"href":"https:\/\/wearevillage.org\/wp-json\/wp\/v2\/types\/product"}],"author":[{"embeddable":true,"href":"https:\/\/wearevillage.org\/wp-json\/wp\/v2\/users\/12"}],"wp:featuredmedia":[{"embeddable":true,"href":"https:\/\/wearevillage.org\/wp-json\/wp\/v2\/media\/12099"}],"wp:attachment":[{"href":"https:\/\/wearevillage.org\/wp-json\/wp\/v2\/media?parent=12104"}],"wp:term":[{"taxonomy":"product_brand","embeddable":true,"href":"https:\/\/wearevillage.org\/wp-json\/wp\/v2\/product_brand?post=12104"},{"taxonomy":"product_cat","embeddable":true,"href":"https:\/\/wearevillage.org\/wp-json\/wp\/v2\/product_cat?post=12104"},{"taxonomy":"product_tag","embeddable":true,"href":"https:\/\/wearevillage.org\/wp-json\/wp\/v2\/product_tag?post=12104"}],"curies":[{"name":"wp","href":"https:\/\/api.w.org\/{rel}","templated":true}]}}