{"id":12246,"date":"2023-12-27T14:42:16","date_gmt":"2023-12-27T13:42:16","guid":{"rendered":"https:\/\/wearevillage.org\/?post_type=product&#038;p=12246"},"modified":"2025-07-28T11:31:48","modified_gmt":"2025-07-28T09:31:48","slug":"new-years-retreat","status":"publish","type":"product","link":"https:\/\/wearevillage.org\/shop\/new-year-retreat\/w52-2024\/","title":{"rendered":"New Year\u2019s Retreat 2024"},"content":{"rendered":"<div class=\"wpb-content-wrapper\"><div class=\"vc_row wpb_row vc_row-fluid\"><div class=\"wpb_column vc_column_container vc_col-sm-12\"><div class=\"vc_column-inner\"><div class=\"wpb_wrapper\"><h4 style=\"text-align: left\" class=\"vc_custom_heading vc_do_custom_heading\" >Neujahrsretreat<\/h4><h4 style=\"text-align: left\" class=\"vc_custom_heading vc_do_custom_heading\" >Tauch ein in eine Reise der Begegnung, des Feierns und der starken Rituale!<\/h4><h5 style=\"text-align: left\" class=\"vc_custom_heading vc_do_custom_heading\" >Michael Rolnick & Jochen Stechmann<\/h5>\n\t<div class=\"wpb_text_column wpb_content_element\" >\n\t\t<div class=\"wpb_wrapper\">\n\t\t\t<div class=\"x11i5rnm xat24cr x1mh8g0r x1vvkbs xtlvy1s\">\n<div class=\"x11i5rnm xat24cr x1mh8g0r x1vvkbs xtlvy1s\">\n<div class=\"x11i5rnm xat24cr x1mh8g0r x1vvkbs xtlvy1s\">\n<p>Mache eine au\u00dfergew\u00f6hnliche 5-t\u00e4gige Erfahrung, die eine bewusste und verbundene Art und Weise bietet, das Jahr 2024 zu verabschieden und die Ankunft des Jahres 2025 zu begr\u00fc\u00dfen.<\/p>\n<p>Tauche ein in eine transformative Reise mit bedeutsamen Connections, kraftvollenRitualen und genussvollem Feiern. Lasse das vergangene Jahr Revue passieren und denke \u00fcber die Ziele nach, die du im neuen Jahr manifestieren oder anziehen m\u00f6chtest.<\/p>\n<p>Finde dich in einer Gruppe von Menschen wieder, die den Austausch in der Gegenwart, Engagement und pers\u00f6nliches Wachstum zu sch\u00e4tzen wissen. Nimm dir Zeit, deineEnergiereserven wieder aufzuladen, Achtsamkeit und erdende somatische Praktiken zu erforschen. Lasse dich auf die Kraft der Ber\u00fchrung, auf einvernehmliche Intimit\u00e4t und sinnliche Verbindungen ein.<\/p>\n<p><strong>Dieses Retreat bietet eine bereichernde M\u00f6glichkeit, deine Sexualit\u00e4t aus verschiedenen Blickwinkeln zu erforschen und darunterliegende Motivationen zu erkennen.<\/strong><\/p>\n<p>Begleite uns in einer sicheren und ruhigen Atmosph\u00e4re, die auf Vertrauen und gegenseitigem Einverst\u00e4ndnis beruht, und in der du neue Beziehungen kn\u00fcpfen oder bestehende st\u00e4rken kannst.<\/p>\n<p>Erlauben dir, so zu kommen, wie du bist. Erforsche Sanftes und Ungez\u00e4hmtes in dir. Singe, tanze und lasse dich von deinem Herzen tragen!<\/p>\n<\/div>\n<\/div>\n<\/div>\n\n\t\t<\/div>\n\t<\/div>\n\n\t<div class=\"wpb_text_column wpb_content_element\" >\n\t\t<div class=\"wpb_wrapper\">\n\t\t\t<div class=\"x11i5rnm xat24cr x1mh8g0r x1vvkbs xtlvy1s\">\n<div class=\"x11i5rnm xat24cr x1mh8g0r x1vvkbs xtlvy1s\">\n<div class=\"x11i5rnm xat24cr x1mh8g0r x1vvkbs xtlvy1s\">\n<p><strong>Unser Programm umfasst eine Vielzahl von Aktivit\u00e4ten, darunter:<\/strong><\/p>\n<ul>\n<li><strong>Er\u00f6ffnungskreis<\/strong>: Ein Begr\u00fc\u00dfungstreffen zu Beginn unserer gemeinsamen Zeit.Pers\u00f6nliche W\u00fcnsche erforschen: Wir reflektieren dar\u00fcber, was wir in diese Erfahrung mitbringen und was wir uns davon erhoffen.<\/li>\n<li><strong>Intentionen und Grenzen setzen<\/strong>: Wir legen unsere individuellen Absichten und Grenzen fest und schaffen einen sicheren Raum f\u00fcr alle Teilnehmer*.<\/li>\n<li><strong>Praxis am Morgen<\/strong>: Praktiken wie Meditation, Bewegung und Achtsamkeit, um den Tag mit Klarheit und Achtsamkeit zu beginnen.<\/li>\n<li><strong>Partnerschafts- und Ber\u00fchrungs\u00fcbungen<\/strong>: Spielerische \u00dcbungen zur Vertiefung von Beziehungen und zur Erforschung einvernehmlicher Ber\u00fchrungen.<\/li>\n<li><strong>\u00dcber das Jahr 2024 nachdenken<\/strong>: Wir nehmen uns Zeit, das vergangene Jahr Revue passieren zu lassen und aus den Erfahrungen zu lernen.<\/li>\n<li><strong>Einstimmung auf 2025<\/strong>: Ein Gef\u00fchl der Vorfreude und Empf\u00e4nglichkeit f\u00fcr die M\u00f6glichkeiten, die das neue Jahr bietet, kultivieren.<\/li>\n<li><strong>Bewusste Sexualit\u00e4t erforschen<\/strong>: Spielerische und erhellende Aktivit\u00e4ten, die verschiedene Perspektiven auf bewusste sexuelle Erfahrungen bieten.<\/li>\n<li><strong>Dynamische Freiraumstruktur<\/strong>: Bereitstellung eines flexiblen Rahmens, der es den Teilnehmern erm\u00f6glicht, sich an Aktivit\u00e4ten ihrer Wahl zu beteiligen.<\/li>\n<li><strong>Neujahrsessen, Ritual und Party<\/strong>: Das neue Jahr wird gefeiert.<\/li>\n<li><strong>No-Talent-Show<\/strong>: Eine heitere Gelegenheit f\u00fcr die Teilnehmer*, ihre einzigartigen Talente zu zeigen oder sich einfach an den verschiedenen Talenten anderer zu erfreuen.<\/li>\n<li><strong>Integration und Abschluss<\/strong>: Wir schlie\u00dfen unsere gemeinsame Zeit ab, indem wir unsere Erfahrungen integrieren und ein Gef\u00fchl des Abschlusses schaffen.<\/li>\n<\/ul>\n<\/div>\n<\/div>\n<\/div>\n\n\t\t<\/div>\n\t<\/div>\n<div class=\"vc_separator wpb_content_element vc_separator_align_center vc_sep_width_100 vc_sep_pos_align_center vc_separator_no_text vc_sep_color_grey wpb_content_element  wpb_content_element\" ><span class=\"vc_sep_holder vc_sep_holder_l\"><span class=\"vc_sep_line\"><\/span><\/span><span class=\"vc_sep_holder vc_sep_holder_r\"><span class=\"vc_sep_line\"><\/span><\/span>\n<\/div>\n\t<div class=\"wpb_text_column wpb_content_element\" >\n\t\t<div class=\"wpb_wrapper\">\n\t\t\t<p><img loading=\"lazy\" decoding=\"async\" class=\"wp-image-14574 alignleft\" src=\"https:\/\/wearevillage.org\/wp-content\/uploads\/2024\/05\/wav-team-Jochen-Stechmann.png\" alt=\"\" width=\"160\" height=\"178\" srcset=\"https:\/\/wearevillage.org\/wp-content\/uploads\/2024\/05\/wav-team-Jochen-Stechmann.png 900w, https:\/\/wearevillage.org\/wp-content\/uploads\/2024\/05\/wav-team-Jochen-Stechmann-270x300.png 270w, https:\/\/wearevillage.org\/wp-content\/uploads\/2024\/05\/wav-team-Jochen-Stechmann-135x150.png 135w, https:\/\/wearevillage.org\/wp-content\/uploads\/2024\/05\/wav-team-Jochen-Stechmann-768x853.png 768w, https:\/\/wearevillage.org\/wp-content\/uploads\/2024\/05\/wav-team-Jochen-Stechmann-624x693.png 624w, https:\/\/wearevillage.org\/wp-content\/uploads\/2024\/05\/wav-team-Jochen-Stechmann-390x433.png 390w, https:\/\/wearevillage.org\/wp-content\/uploads\/2024\/05\/wav-team-Jochen-Stechmann-600x667.png 600w\" sizes=\"auto, (max-width: 160px) 100vw, 160px\" \/><strong>Jochen Stechmann<\/strong> arbeitet in der k\u00f6rperbasierten Traumatherapie mit den Methoden Somatic Experiencing und NARM haupts\u00e4chlich mit queeren Menschen in Berlin. Neben Einzelsitzungen auch im Format von Gruppen-Workshops, letzteres mit Fokus auf Tanz und Ber\u00fchrung. Jochen hat Mathematik, Zeitgen\u00f6ssischen Tanz (BA) und Theater (MA) studiert und ist 15 Jahre in den Niederlanden als T\u00e4nzer und Choreograph t\u00e4tig gewesen. Jochen ist fasziniert von der F\u00e4higkeit des K\u00f6rpers und des Nervensystems, sich intuitiv und flie\u00dfend dauerhaft selbst zu regulieren. Mit grosser Empathie und Freude am Neuen erforscht er die Rolle, die achtsame, wertfreie emphatische Ber\u00fchrung dabei spielen kann.<br \/>\n<strong><a class=\"text-blue underline focus-visible\" contenteditable=\"plaintext-only\" href=\"http:\/\/www.body-attention.com\/\" target=\"_blank\" rel=\"noreferrer noopener\">www.body-attention.com<\/a><\/strong><br \/>\n<strong><img loading=\"lazy\" decoding=\"async\" class=\"wp-image-38 alignleft\" src=\"https:\/\/wearevillage.org\/wp-content\/uploads\/2022\/08\/Michael-Rolnick-271x300.jpg\" alt=\"\" width=\"160\" height=\"177\" srcset=\"https:\/\/wearevillage.org\/wp-content\/uploads\/2022\/08\/Michael-Rolnick-271x300.jpg 271w, https:\/\/wearevillage.org\/wp-content\/uploads\/2022\/08\/Michael-Rolnick-390x431.jpg 390w, https:\/\/wearevillage.org\/wp-content\/uploads\/2022\/08\/Michael-Rolnick-600x663.jpg 600w, https:\/\/wearevillage.org\/wp-content\/uploads\/2022\/08\/Michael-Rolnick-624x690.jpg 624w, https:\/\/wearevillage.org\/wp-content\/uploads\/2022\/08\/Michael-Rolnick.jpg 700w\" sizes=\"auto, (max-width: 160px) 100vw, 160px\" \/>Michael Rolnick<\/strong> wurde in London geboren, wo er eine Ausbildung zum T\u00e4nzer an den Royal Ballet Schools absolvierte. Er tanzte unter anderem f\u00fcr das Northern Ballet Theatre, das Scottish Ballet, die Lindsay Kemp Company, AMP und zahlreiche andere. Michael arbeitet auch als Choreograf und macht bildende Kunst. Au\u00dferdem unterrichtet er Pilates. Bei <em>we are village <\/em>leitet er den monatlichen Kreativit\u00e4tskurs <em>Queer Images<\/em> und ist Co-Facilitator der AE-One-Year Training und des New Year\u2019s Retreats.<\/p>\n\n\t\t<\/div>\n\t<\/div>\n<div class=\"vc_separator wpb_content_element vc_separator_align_center vc_sep_width_100 vc_sep_pos_align_center vc_separator_no_text vc_sep_color_grey vc_custom_1729151421471 wpb_content_element  vc_custom_1729151421471 wpb_content_element\" ><span class=\"vc_sep_holder vc_sep_holder_l\"><span class=\"vc_sep_line\"><\/span><\/span><span class=\"vc_sep_holder vc_sep_holder_r\"><span class=\"vc_sep_line\"><\/span><\/span>\n<\/div>\n\t<div class=\"wpb_text_column wpb_content_element\" >\n\t\t<div class=\"wpb_wrapper\">\n\t\t\t<div class=\"x11i5rnm xat24cr x1mh8g0r x1vvkbs xtlvy1s\">\n<div class=\"x11i5rnm xat24cr x1mh8g0r x1vvkbs xtlvy1s\">\n<div class=\"x11i5rnm xat24cr x1mh8g0r x1vvkbs xtlvy1s\">\n<p><span style=\"text-decoration: underline;\"><strong>Hinweise<\/strong><\/span><br \/>\n<strong>Start<\/strong>: Samstag 28. Dezember um 14:00 Uhr<br \/>\n<strong>Ende<\/strong>: Mittwoch 1. Januar um 16:00 Uhr<br \/>\n<strong>Programm<\/strong>: Die Teilnahme an allen angebotenen Aktivit\u00e4ten ist freiwillig, was Dir die Freiheit gibt, so teilzunehmen, wie Du es f\u00fcr richtig h\u00e4ltst.<br \/>\nBitte beachte, dass das Programm geringf\u00fcgig angepasst und erg\u00e4nzt werden kann, um allen Teilnehmern<span lang=\"DE\">*<\/span>\u00a0ein reichhaltiges und erf\u00fcllendes Erlebnis zu bieten.<br \/>\n<strong>Teilnehmende<\/strong>: F\u00fcr schwule, bi, trans und queere M\u00e4nner* und Menschen, die ihre Identit\u00e4t auf dem genderfluiden Spektrum zwischen m\u00e4nnlich und nonbin\u00e4r verorten<span lang=\"DE\">.<br \/>\n<\/span><strong>Sprache<\/strong>: Dieses Event wird je nach Teilnehmerbed\u00fcrfnissen auf Deutsch und\/oder Englisch sein.<br \/>\n<strong>Mahlzeiten und \u00dcbernachtungen<\/strong>: Diese sind nicht in der Teilnahmegeb\u00fchr enthalten.<br \/>\nDie Unterkunft (\u00dcbernachtung im Gruppenraum) kostet 20 \u20ac pro Nacht und der Verpflegungspreis betr\u00e4gt 240 \u20ac.\u00a0 Zu zahlen in bar bei der Ankunft.<br \/>\nVegetarisches Essen<span lang=\"DE\">\u00a0(<\/span>gluten- und milchfreie Optionen<span lang=\"DE\">) \/ <\/span>3 Mahlzeiten pro Tag (inkl. Abendessen am 28. Dezember und Mittagessen am 1. Januar).<br \/>\nDer Verpflegungsbetrag ist auch f\u00e4llig bei Stornierungen nach dem 20. Dezember.<br \/>\nDie Unterkunft am 27. Dezember und\/oder 1. Januar kann im Voraus vereinbart werden.<\/p>\n<section class=\"related products\"><\/section>\n<\/div>\n<\/div>\n<\/div>\n\n\t\t<\/div>\n\t<\/div>\n<\/div><\/div><\/div><\/div>\n<\/div>","protected":false},"excerpt":{"rendered":"<h5>5 Tage Retreat<\/h5>\n<p><strong>| <span style=\"color: #ec6c23;\">GBTQ men*<\/span>\u00a0|<\/strong><\/p>\n<p>Mache eine au\u00dfergew\u00f6hnliche 5-t\u00e4gige Erfahrung, die eine bewusste und verbundene Art und Weise bietet, das Jahr 2024 zu verabschieden und die Ankunft des Jahres 2025 zu begr\u00fc\u00dfen. <strong>Tauche ein in eine transformative Reise mit bedeutsamen Connections, kraftvollenRitualen und genussvollem Feiern.<\/strong> Lasse das vergangene Jahr Revue passieren und denke \u00fcber die Ziele nach, die du im neuen Jahr manifestieren oder anziehen m\u00f6chtest.<\/p>\n","protected":false},"author":14,"featured_media":9263,"template":"","meta":{"pmpro_default_level":"","inline_featured_image":false},"product_brand":[],"product_cat":[785,83],"product_tag":[256],"class_list":{"0":"post-12246","1":"product","2":"type-product","3":"status-publish","4":"has-post-thumbnail","6":"product_cat-authentic-eros-events-qbtq-men","7":"product_cat-workshops","8":"product_tag-gbtq-men","9":"pmpro-has-access","11":"first","12":"instock","13":"purchasable","14":"product-type-variable"},"wpml_current_locale":"de_DE","wpml_translations":{"en_US":{"locale":"en_US","id":12252,"slug":"new-years-retreat-kopie","post_title":"New Year's Retreat 2024","href":"https:\/\/wearevillage.org\/en\/shop\/new-year-retreat\/w52-2024"}},"language":{"code":"de","locale":"","name":"","is_rtl":false},"_links":{"self":[{"href":"https:\/\/wearevillage.org\/wp-json\/wp\/v2\/product\/12246","targetHints":{"allow":["GET"]}}],"collection":[{"href":"https:\/\/wearevillage.org\/wp-json\/wp\/v2\/product"}],"about":[{"href":"https:\/\/wearevillage.org\/wp-json\/wp\/v2\/types\/product"}],"author":[{"embeddable":true,"href":"https:\/\/wearevillage.org\/wp-json\/wp\/v2\/users\/14"}],"wp:featuredmedia":[{"embeddable":true,"href":"https:\/\/wearevillage.org\/wp-json\/wp\/v2\/media\/9263"}],"wp:attachment":[{"href":"https:\/\/wearevillage.org\/wp-json\/wp\/v2\/media?parent=12246"}],"wp:term":[{"taxonomy":"product_brand","embeddable":true,"href":"https:\/\/wearevillage.org\/wp-json\/wp\/v2\/product_brand?post=12246"},{"taxonomy":"product_cat","embeddable":true,"href":"https:\/\/wearevillage.org\/wp-json\/wp\/v2\/product_cat?post=12246"},{"taxonomy":"product_tag","embeddable":true,"href":"https:\/\/wearevillage.org\/wp-json\/wp\/v2\/product_tag?post=12246"}],"curies":[{"name":"wp","href":"https:\/\/api.w.org\/{rel}","templated":true}]}}