{"id":12718,"date":"2024-01-30T11:49:38","date_gmt":"2024-01-30T10:49:38","guid":{"rendered":"https:\/\/wearevillage.org\/?post_type=product&#038;p=12718"},"modified":"2024-02-09T11:29:46","modified_gmt":"2024-02-09T10:29:46","slug":"playfight-queerfight-special","status":"publish","type":"product","link":"https:\/\/wearevillage.org\/shop\/playfight-ritual\/w06-2024\/","title":{"rendered":"Playfight Queerfight Special"},"content":{"rendered":"<div class=\"wpb-content-wrapper\"><div class=\"vc_row wpb_row vc_row-fluid\"><div class=\"wpb_column vc_column_container vc_col-sm-12\"><div class=\"vc_column-inner\"><div class=\"wpb_wrapper\"><h4 style=\"text-align: left\" class=\"vc_custom_heading vc_do_custom_heading\" >Playfight Queerfight<\/h4><h5 style=\"text-align: left\" class=\"vc_custom_heading vc_do_custom_heading\" >Dorian Bonelli<\/h5>\n\t<div class=\"wpb_text_column wpb_content_element\" >\n\t\t<div class=\"wpb_wrapper\">\n\t\t\t<div class=\"x11i5rnm xat24cr x1mh8g0r x1vvkbs xtlvy1s\">\n<div class=\"x11i5rnm xat24cr x1mh8g0r x1vvkbs xtlvy1s\">\n<div class=\"x11i5rnm xat24cr x1mh8g0r x1vvkbs xtlvy1s\">\n<p>Playfighting ist eine Konfrontation zwischen Dominanz und Tanz, in der wir nach unserem eigenen einzigartigen Ausdruck von Kraft und Einfallsreichtum suchen.<\/p>\n<p>Wie gehen wir miteinander um?<\/p>\n<p>Wie spielen wir zusammen?<\/p>\n<p>Wie k\u00f6nnen wir uns gegenseitig herausfordern?<\/p>\n<p>Diese Sitzung wird von Dorian Bonelli geleitet, einem in Wien lebenden K\u00fcnstler, der dieses Format seit \u00fcber einem Jahrzehnt in verschiedenen Gemeinschaften praktiziert und unterrichtet.<\/p>\n<p>Es wird eine l\u00e4ngere Aufw\u00e4rmphase geben, um im Raum anzukommen, sich mit der Gruppe zu verbinden und eine Reihe von \u00dcbungen zu machen, die sich auf das Thema Unterst\u00fctzung, die Erfahrung des Haltens und Gehaltenwerdens, die gemeinsame Anstrengung, das Tragen von Gewicht und die gemeinsame Bewegung konzentrieren.<\/p>\n<p>Im zweiten Teil kommen wir in der traditionellen Form zusammen, um zwei Playfightern in einem Kreis von aufmerksamen Zuschauern bei ihrem Tun zuzusehen. Sie finden immer wieder ihren ganz eigenen Ausdruck zwischen Wettkampf und Kuscheln im Moment des Kontakts.<\/p>\n<p>Diese Begegnung ist eine intensive und einzigartige Gelegenheit, unsere Verletzlichkeit, Hingabe und Sch\u00f6nheit zu teilen.<\/p>\n<p>F\u00fcr die Teilnahme an diesem spielerischen Abend sind keine besonderen F\u00e4higkeiten, Kenntnisse oder Stimmungen erforderlich. Komm, wie du bist, und teile mit uns deine authentische Pr\u00e4senz in dieser nonverbalen Praxis.<\/p>\n<p>Bring eine Trinkflasche, bequeme Kleidung (lange Hosen) und vielleicht einen kleinen Snack mit, den du anschlie\u00dfend mit anderen teilen kannst.<\/p>\n<\/div>\n<\/div>\n<\/div>\n\n\t\t<\/div>\n\t<\/div>\n\n\t<div class=\"wpb_text_column wpb_content_element\" >\n\t\t<div class=\"wpb_wrapper\">\n\t\t\t<div class=\"x11i5rnm xat24cr x1mh8g0r x1vvkbs xtlvy1s\">\n<div class=\"x11i5rnm xat24cr x1mh8g0r x1vvkbs xtlvy1s\">\n<div class=\"x11i5rnm xat24cr x1mh8g0r x1vvkbs xtlvy1s\">\n<p><em>Dieses Event wird je nach Teilnehmerbed\u00fcrfnissen auf Deutsch und\/oder Englisch sein. Diese Veranstaltung kann als eine von monatliche zwei kostenfreien Veranstaltungen besucht werden, die Bestandteil <\/em><em>der we are village Mitgliedschaft sind.<\/em><\/p>\n<\/div>\n<\/div>\n<\/div>\n\n\t\t<\/div>\n\t<\/div>\n<\/div><\/div><\/div><\/div>\n<\/div>","protected":false},"excerpt":{"rendered":"<h5>Sonntag<br \/>\n19:30 \u2013 22:30<\/h5>\n<p class=\"p1\"><strong>| <span style=\"color: #ec6c23;\">GBTQ men*<\/span>\u00a0|<\/strong><\/p>\n<p>Das Playfight-Ritual zielt darauf ab, ein sicheres Umfeld zu schaffen, in dem wir uns k\u00f6rperlich miteinander verbinden k\u00f6nnen, indem wir uns einzeln begegnen, wobei die Zeugen einen Kreis um sie herum bilden. W\u00e4hrend dieses Rituals minimieren wir den Gebrauch von Worten und erlauben unseren K\u00f6rpern zu kommunizieren.<\/p>\n","protected":false},"author":11,"featured_media":1845,"template":"","meta":{"pmpro_default_level":"","inline_featured_image":false},"product_brand":[],"product_cat":[79],"product_tag":[256],"class_list":{"0":"post-12718","1":"product","2":"type-product","3":"status-publish","4":"has-post-thumbnail","6":"product_cat-monatliche-events","7":"product_tag-gbtq-men","8":"pmpro-has-access","10":"first","11":"instock","12":"purchasable","13":"product-type-variable"},"wpml_current_locale":"de_DE","wpml_translations":{"en_US":{"locale":"en_US","id":12722,"slug":"playfight-queerfight-kopie-7","post_title":"Playfight Queerfight Special","href":"https:\/\/wearevillage.org\/en\/shop\/playfight-ritual\/w6-2024"}},"language":{"code":"de","locale":"","name":"","is_rtl":false},"_links":{"self":[{"href":"https:\/\/wearevillage.org\/wp-json\/wp\/v2\/product\/12718","targetHints":{"allow":["GET"]}}],"collection":[{"href":"https:\/\/wearevillage.org\/wp-json\/wp\/v2\/product"}],"about":[{"href":"https:\/\/wearevillage.org\/wp-json\/wp\/v2\/types\/product"}],"author":[{"embeddable":true,"href":"https:\/\/wearevillage.org\/wp-json\/wp\/v2\/users\/11"}],"wp:featuredmedia":[{"embeddable":true,"href":"https:\/\/wearevillage.org\/wp-json\/wp\/v2\/media\/1845"}],"wp:attachment":[{"href":"https:\/\/wearevillage.org\/wp-json\/wp\/v2\/media?parent=12718"}],"wp:term":[{"taxonomy":"product_brand","embeddable":true,"href":"https:\/\/wearevillage.org\/wp-json\/wp\/v2\/product_brand?post=12718"},{"taxonomy":"product_cat","embeddable":true,"href":"https:\/\/wearevillage.org\/wp-json\/wp\/v2\/product_cat?post=12718"},{"taxonomy":"product_tag","embeddable":true,"href":"https:\/\/wearevillage.org\/wp-json\/wp\/v2\/product_tag?post=12718"}],"curies":[{"name":"wp","href":"https:\/\/api.w.org\/{rel}","templated":true}]}}