{"id":12734,"date":"2024-01-31T13:54:15","date_gmt":"2024-01-31T12:54:15","guid":{"rendered":"https:\/\/wearevillage.org\/?post_type=product&#038;p=12734"},"modified":"2024-02-23T17:06:38","modified_gmt":"2024-02-23T16:06:38","slug":"village-outdoor-berliner-mauerweg-2","status":"publish","type":"product","link":"https:\/\/wearevillage.org\/shop\/village-outdoor\/w13-2024\/","title":{"rendered":"Village Outdoor \u2013 Berliner Mauerweg"},"content":{"rendered":"<div class=\"wpb-content-wrapper\"><div class=\"vc_row wpb_row vc_row-fluid\"><div class=\"wpb_column vc_column_container vc_col-sm-10\"><div class=\"vc_column-inner\"><div class=\"wpb_wrapper\"><\/div><\/div><\/div><div class=\"wpb_column vc_column_container vc_col-sm-2\"><div class=\"vc_column-inner\"><div class=\"wpb_wrapper\"><\/div><\/div><\/div><\/div><div class=\"vc_row wpb_row vc_row-fluid\"><div class=\"wpb_column vc_column_container vc_col-sm-12\"><div class=\"vc_column-inner\"><div class=\"wpb_wrapper\"><h4 style=\"text-align: left\" class=\"vc_custom_heading vc_do_custom_heading\" >Village Outdoor \u2013 Berliner Mauerweg<\/h4><h5 style=\"text-align: left\" class=\"vc_custom_heading vc_do_custom_heading\" >with Harms Wulf & Daniel Salamon<\/h5>\n\t<div class=\"wpb_text_column wpb_content_element\" >\n\t\t<div class=\"wpb_wrapper\">\n\t\t\t<div class=\"x11i5rnm xat24cr x1mh8g0r x1vvkbs xtlvy1s\">\n<div class=\"x11i5rnm xat24cr x1mh8g0r x1vvkbs xtlvy1s\">\n<div class=\"x11i5rnm xat24cr x1mh8g0r x1vvkbs xtlvy1s\">\n<div class=\"x11i5rnm xat24cr x1mh8g0r x1vvkbs xtlvy1s\">\n<p>Abschnitt 2 \u2013 vom Mauerpark bis zum S-Bahnhof Sch\u00f6nholz<\/p>\n<p>Unsere zweite Etappe auf dem Berliner Mauerweg f\u00fchrt durch den sonntags sehr belebten Mauerpark mit Flohmarkt und Karaoke-Arena in Richtung Bornholmer Stra\u00dfe mit einem Gedenkort zur Mauer\u00f6ffnung am 09.11.1989. Von hier folgen wir einem Abschnitt des ehemaligen Todesstreifens, auf dem noch einige \u00dcberreste des alten Grenzeinrichtungen zu entdecken sind. Vorbei am B\u00fcrgerpark gelangen wir zum Endpunkt unserer Wanderung, dem S-Bahnhof Sch\u00f6nholz.<\/p>\n<p>Streckenl\u00e4nge: ca. 5 km, ein Zwischenstopp in einem Caf\u00e9 ist eingeplant.<\/p>\n<p>Die Village Outdoor Events sind ein monatliches Treffen f\u00fcr die we are village-Community and Friends, um die Natur in Berlin und dar\u00fcber hinaus zu erkunden, einschlie\u00dflich Waldwanderungen, Fahrradtouren, Schwimmen im See, Stadtbesichtigungen, Kajakfahren im Umland und mehr. Die Grundlage der Outdoor Events ist ein kostenloser und relativ einfacher Spaziergang oder eine Wanderung einmal im Monat in Berlins Gr\u00fcnanlagen und an Orten, die innerhalb des S&U Bahns erreichbar sind.<\/p>\n<\/div>\n<\/div>\n<\/div>\n<\/div>\n\n\t\t<\/div>\n\t<\/div>\n<\/div><\/div><\/div><\/div><div class=\"vc_row wpb_row vc_row-fluid\"><div class=\"wpb_column vc_column_container vc_col-sm-12\"><div class=\"vc_column-inner\"><div class=\"wpb_wrapper\">\n\t<div class=\"wpb_text_column wpb_content_element\" >\n\t\t<div class=\"wpb_wrapper\">\n\t\t\t<p><em>Treffpunkt: Eingang Mauerpark an der Bernauer Stra\u00dfe<\/em><\/p>\n\n\t\t<\/div>\n\t<\/div>\n<\/div><\/div><\/div><\/div>\n<\/div>","protected":false},"excerpt":{"rendered":"<h5><strong>Outdoor Event<\/strong><br \/>\n<strong>jeden letzten Sonntag im Monat<\/strong><br \/>\n<strong>11:00 \u2013 14:00<\/strong><br \/>\n<strong>Treffpunkt: Eingang Mauerpark an der Bernauer Stra\u00dfe<\/strong><\/h5>\n<h5><strong>| <span style=\"color: #ec6c23;\">LGBTQIA+\u00a0<\/span>|<\/strong><\/h5>\n<div class=\"x11i5rnm xat24cr x1mh8g0r x1vvkbs xtlvy1s\">\n<div class=\"x11i5rnm xat24cr x1mh8g0r x1vvkbs xtlvy1s\">\n<p>Wanderung entlang des Berliner Mauerwegs. Abschnitt 2: vom Mauerpark bis zum S-Bahnhof Sch\u00f6nholz<\/p>\n<\/div>\n<\/div>\n","protected":false},"author":12,"featured_media":12737,"template":"","meta":{"pmpro_default_level":"","inline_featured_image":false},"product_brand":[],"product_cat":[77,769,79],"product_tag":[469],"class_list":{"0":"post-12734","1":"product","2":"type-product","3":"status-publish","4":"has-post-thumbnail","6":"product_cat-community-events","7":"product_cat-kostenloser-zugang","8":"product_cat-monatliche-events","9":"product_tag-lgbtqiaplus","10":"pmpro-has-access","12":"first","13":"outofstock","14":"purchasable","15":"product-type-variable"},"wpml_current_locale":"de_DE","wpml_translations":{"en_US":{"locale":"en_US","id":12735,"slug":"village-outdoor-berlin-wall-trail-kopie-2","post_title":"Village Outdoor \u2013 Berlin Wall Trail","href":"https:\/\/wearevillage.org\/en\/shop\/village-outdoor\/w13-2024"}},"language":{"code":"de","locale":"","name":"","is_rtl":false},"_links":{"self":[{"href":"https:\/\/wearevillage.org\/wp-json\/wp\/v2\/product\/12734","targetHints":{"allow":["GET"]}}],"collection":[{"href":"https:\/\/wearevillage.org\/wp-json\/wp\/v2\/product"}],"about":[{"href":"https:\/\/wearevillage.org\/wp-json\/wp\/v2\/types\/product"}],"author":[{"embeddable":true,"href":"https:\/\/wearevillage.org\/wp-json\/wp\/v2\/users\/12"}],"wp:featuredmedia":[{"embeddable":true,"href":"https:\/\/wearevillage.org\/wp-json\/wp\/v2\/media\/12737"}],"wp:attachment":[{"href":"https:\/\/wearevillage.org\/wp-json\/wp\/v2\/media?parent=12734"}],"wp:term":[{"taxonomy":"product_brand","embeddable":true,"href":"https:\/\/wearevillage.org\/wp-json\/wp\/v2\/product_brand?post=12734"},{"taxonomy":"product_cat","embeddable":true,"href":"https:\/\/wearevillage.org\/wp-json\/wp\/v2\/product_cat?post=12734"},{"taxonomy":"product_tag","embeddable":true,"href":"https:\/\/wearevillage.org\/wp-json\/wp\/v2\/product_tag?post=12734"}],"curies":[{"name":"wp","href":"https:\/\/api.w.org\/{rel}","templated":true}]}}