{"id":12935,"date":"2024-02-20T15:14:15","date_gmt":"2024-02-20T14:14:15","guid":{"rendered":"https:\/\/wearevillage.org\/?post_type=product&#038;p=12935"},"modified":"2024-02-20T15:21:59","modified_gmt":"2024-02-20T14:21:59","slug":"village-book-club-6","status":"publish","type":"product","link":"https:\/\/wearevillage.org\/shop\/book-club\/w14\/","title":{"rendered":"Village Book Club"},"content":{"rendered":"<div class=\"wpb-content-wrapper\"><div class=\"vc_row wpb_row vc_row-fluid\"><div class=\"wpb_column vc_column_container vc_col-sm-10\"><div class=\"vc_column-inner\"><div class=\"wpb_wrapper\"><\/div><\/div><\/div><div class=\"wpb_column vc_column_container vc_col-sm-2\"><div class=\"vc_column-inner\"><div class=\"wpb_wrapper\"><\/div><\/div><\/div><\/div><div class=\"vc_row wpb_row vc_row-fluid\"><div class=\"wpb_column vc_column_container vc_col-sm-12\"><div class=\"vc_column-inner\"><div class=\"wpb_wrapper\"><h4 style=\"text-align: left\" class=\"vc_custom_heading vc_do_custom_heading\" >Village Book Club \u2013 \u201cThe Freezer Door\u201d\/\/ Mattilda Bernstein Sycamore (2020)<\/h4><h5 style=\"text-align: left\" class=\"vc_custom_heading vc_do_custom_heading\" >Moderator: Marco Astolfi<\/h5>\n\t<div class=\"wpb_text_column wpb_content_element\" >\n\t\t<div class=\"wpb_wrapper\">\n\t\t\t<div class=\"page\" title=\"Page 1\">\n<div class=\"section\">\n<div class=\"layoutArea\">\n<div class=\"column\">\n<div class=\"page\" title=\"Page 1\">\n<div class=\"section\">\n<div class=\"layoutArea\">\n<div class=\"column\">\n<p>Mattilda Bernstein Sycamore mag die Geschichte, die uns die Mainstream-Gesellschaft aufdr\u00e4ngt, nicht, weil sie uns einsam und krank macht und uns voneinander entfremdet, selbst wenn wir nahe beieinander leben. Sie m\u00f6chte uns eine andere Geschichte erz\u00e4hlen, eine Geschichte, die neu definiert, wer wir sind und was wir werden k\u00f6nnen.<\/p>\n<p>\u201eThe Freezer Door\u201c ist eine Reihe kurzer und scheinbar unzusammenh\u00e4ngender Texte (darunter ein zehnseitiges Gespr\u00e4ch zwischen einem Eisw\u00fcrfel und einem Eisw\u00fcrfelbeh\u00e4lter), aber letztendlich f\u00fchlt es sich an wie eine Zusammenfassung dessen, was es hei\u00dft, gerade am Leben zu sein: eine Meditation \u00fcber K\u00f6rper, Sex und Gender, St\u00e4dte, Gentrifizierung und Konsum, Queerness und Konformit\u00e4t, Trauma, Verlust und Einsamkeit, Freundschaft und Verbindung, Schmerz, Vergn\u00fcgen, Verlangen und die Sehnsucht nach Ver\u00e4nderung.<\/p>\n<p>Die Sprache ist intim und nichtlinear.\u00a0\u00a0Die Leser*innen erleben auf der Seite die Geburt von Sycamores Gedanken, w\u00e4hrend sie geschehen, als w\u00fcrde sie in einer Afterhour oder nach einer Nacht in den Clubs, mit ihnen direkt sprechen. Ein Buch \u00fcber das Nicht-dazugeh\u00f6ren, das einem das Gef\u00fchl gibt, weniger allein zu sein.<\/p>\n<\/div>\n<\/div>\n<\/div>\n<\/div>\n<\/div>\n<\/div>\n<\/div>\n<\/div>\n\n\t\t<\/div>\n\t<\/div>\n\n\t<div class=\"wpb_text_column wpb_content_element\" >\n\t\t<div class=\"wpb_wrapper\">\n\t\t\t<div class=\"page\" title=\"Page 1\">\n<div class=\"section\">\n<div class=\"layoutArea\">\n<div class=\"column\">\n<div class=\"page\" title=\"Page 1\">\n<div class=\"section\">\n<div class=\"layoutArea\">\n<div class=\"column\">\n<p><strong>\u00dcber den Village Book Club<br \/>\n<\/strong>B\u00fccherliebhaber und Leseratten treffen sich alle zwei Monate, um Literatur und Sachb\u00fccher (Romane, Biografien und Essays) zu besprechen, die sich mit LGBTQIA+-Themen und -Pers\u00f6nlichkeiten befassen oder damit in Zusammenhang stehen.<\/p>\n<p>In Voraussicht auf aufschlussreiche Diskussionen w\u00e4hlen wir das n\u00e4chste Buch zwei Monate im Voraus aus.<\/p>\n<\/div>\n<\/div>\n<\/div>\n<\/div>\n<\/div>\n<\/div>\n<\/div>\n<\/div>\n\n\t\t<\/div>\n\t<\/div>\n<\/div><\/div><\/div><\/div>\n<\/div>","protected":false},"excerpt":{"rendered":"<h5>Dienstag<br \/>\n20:00 \u2013 22:30<br \/>\nEintritt frei<\/h5>\n<p class=\"p1\"><strong>| <span style=\"color: #ec6c23;\">LGBTQIA+<\/span>\u00a0|<\/strong><\/p>\n<p>\u201eThe Freezer Door\u201c ist eine Reihe kurzer und scheinbar unzusammenh\u00e4ngender Texte (darunter ein zehnseitiges Gespr\u00e4ch zwischen einem Eisw\u00fcrfel und einem Eisw\u00fcrfelbeh\u00e4lter).<\/p>\n<p>\u201cThe Freezer Door\u201d \/\/ Mattilda Bernstein Sycamore (2020)<\/p>\n","protected":false},"author":12,"featured_media":12938,"template":"","meta":{"pmpro_default_level":"","inline_featured_image":false},"product_brand":[],"product_cat":[77,769,79],"product_tag":[469],"class_list":{"0":"post-12935","1":"product","2":"type-product","3":"status-publish","4":"has-post-thumbnail","6":"product_cat-community-events","7":"product_cat-kostenloser-zugang","8":"product_cat-monatliche-events","9":"product_tag-lgbtqiaplus","10":"pmpro-has-access","12":"first","13":"outofstock","14":"purchasable","15":"product-type-variable"},"wpml_current_locale":"de_DE","wpml_translations":{"en_US":{"locale":"en_US","id":12936,"slug":"village-book-club-kopie-5","post_title":"Village Book Club","href":"https:\/\/wearevillage.org\/en\/shop\/book-club\/w14"}},"language":{"code":"de","locale":"","name":"","is_rtl":false},"_links":{"self":[{"href":"https:\/\/wearevillage.org\/wp-json\/wp\/v2\/product\/12935","targetHints":{"allow":["GET"]}}],"collection":[{"href":"https:\/\/wearevillage.org\/wp-json\/wp\/v2\/product"}],"about":[{"href":"https:\/\/wearevillage.org\/wp-json\/wp\/v2\/types\/product"}],"author":[{"embeddable":true,"href":"https:\/\/wearevillage.org\/wp-json\/wp\/v2\/users\/12"}],"wp:featuredmedia":[{"embeddable":true,"href":"https:\/\/wearevillage.org\/wp-json\/wp\/v2\/media\/12938"}],"wp:attachment":[{"href":"https:\/\/wearevillage.org\/wp-json\/wp\/v2\/media?parent=12935"}],"wp:term":[{"taxonomy":"product_brand","embeddable":true,"href":"https:\/\/wearevillage.org\/wp-json\/wp\/v2\/product_brand?post=12935"},{"taxonomy":"product_cat","embeddable":true,"href":"https:\/\/wearevillage.org\/wp-json\/wp\/v2\/product_cat?post=12935"},{"taxonomy":"product_tag","embeddable":true,"href":"https:\/\/wearevillage.org\/wp-json\/wp\/v2\/product_tag?post=12935"}],"curies":[{"name":"wp","href":"https:\/\/api.w.org\/{rel}","templated":true}]}}