{"id":13122,"date":"2024-02-29T15:58:18","date_gmt":"2024-02-29T14:58:18","guid":{"rendered":"https:\/\/wearevillage.org\/?post_type=product&#038;p=13122"},"modified":"2024-03-21T19:12:19","modified_gmt":"2024-03-21T18:12:19","slug":"regenerative-touch","status":"publish","type":"product","link":"https:\/\/wearevillage.org\/shop\/regenerative-touch\/w11-2024\/","title":{"rendered":"Regenerative Touch"},"content":{"rendered":"<div class=\"wpb-content-wrapper\"><div class=\"vc_row wpb_row vc_row-fluid\"><div class=\"wpb_column vc_column_container vc_col-sm-12\"><div class=\"vc_column-inner\"><div class=\"wpb_wrapper\"><h4 style=\"text-align: left\" class=\"vc_custom_heading vc_do_custom_heading\" >Regenerative Touch<\/h4><h5 style=\"text-align: left\" class=\"vc_custom_heading vc_do_custom_heading\" >mit Axel Pedersen-Nielsen & G\u00e4ste<\/h5>\n\t<div class=\"wpb_text_column wpb_content_element\" >\n\t\t<div class=\"wpb_wrapper\">\n\t\t\t<div class=\"x11i5rnm xat24cr x1mh8g0r x1vvkbs xtlvy1s\">\n<div class=\"x11i5rnm xat24cr x1mh8g0r x1vvkbs xtlvy1s\">\n<div class=\"x11i5rnm xat24cr x1mh8g0r x1vvkbs xtlvy1s\">\n<p>Ein monatlicher Workshop, bei dem wir uns gemeinsam auf den Weg machen, um zu entschleunigen, uns in unseren K\u00f6rper fallen zu lassen und die tiefe Wirkung menschlicher Ber\u00fchrung in einer unterst\u00fctzenden und n\u00e4hrenden Umgebung zu erforschen.<\/p>\n<p>Ber\u00fchren und von anderen ber\u00fchrt werden ist f\u00fcr die meisten Menschen ein Grundbed\u00fcrfnis und eine Gabe, die \u2013 obwohl sie leicht verf\u00fcgbar ist \u2013 in unserem t\u00e4glichen Leben nicht oft genutzt wird. Vielleicht assoziieren wir Ber\u00fchrung mit romantischen und\/oder sexuellen Beziehungen, aber in diesen Workshops widmen wir der regenerativen und heilenden Kraft der Ber\u00fchrung einen Raum, um individuelle Themen der Teilnehmer zu unterst\u00fctzen, ohne sie mit erotischen oder sexuellen Absichten zu vermischen. Dies f\u00f6rdert eine tiefere Verbindung mit uns selbst und anderen.<\/p>\n<p>Ber\u00fchrung kommuniziert direkt und kann uns an Stellen erreichen, die mit Worten nur schwer zu erreichen sind. Hast du schon einmal die beruhigende Wirkung einer warmen Umarmung oder einer tr\u00f6stenden Hand auf deiner Schulter erlebt? Selbst ein kurzes 15-min\u00fctiges H\u00e4ndchenhalten kann zu einer deutlichen Verringerung der Herzfrequenz und des Blutdrucks f\u00fchren und eine starke Entspannungsreaktion signalisieren (Grewen et al., 2005); die UCLA (University of California LA) fand heraus, dass eine einfache 20-sek\u00fcndige Umarmung zu einem h\u00f6heren Oxytocinspiegel f\u00fchren kann, dem Hormon, das mit Bindung und Vertrauen in Verbindung gebracht wird. (Light et al., 2005).<\/p>\n<p>Jeden zweiten Montag im Monat wird der Kursleiter ein Thema rund um regenerative Ber\u00fchrung, Pr\u00e4senz, Regulierung des Nervensystems und emotionale Sicherheit vorbereiten. Wir werden uns weniger auf Techniken konzentrieren, sondern mehr auf die praktische Erfahrung der Verbindung. Es ist keine Erfahrung mit K\u00f6rperarbeit erforderlich. Es gen\u00fcgt, wenn Sie Ihre Neugierde mitbringen. Es reicht, wenn du deine Neugier mitbringst.<\/p>\n<\/div>\n<\/div>\n<\/div>\n\n\t\t<\/div>\n\t<\/div>\n\n\t<div class=\"wpb_text_column wpb_content_element\" >\n\t\t<div class=\"wpb_wrapper\">\n\t\t\t<div class=\"x11i5rnm xat24cr x1mh8g0r x1vvkbs xtlvy1s\">\n<div class=\"x11i5rnm xat24cr x1mh8g0r x1vvkbs xtlvy1s\">\n<div class=\"x11i5rnm xat24cr x1mh8g0r x1vvkbs xtlvy1s\">\n<p><em><b>Accessibility<\/b><br \/>\n\u2022 Dieses Event wird je nach Teilnehmerbed\u00fcrfnissen auf Deutsch und\/oder Englisch sein.<br \/>\n\u2022 Wir haben erm\u00e4\u00dfigte Solidarit\u00e4tstickets.\u00a0 Anfrage per E-Mail bitte an <strong><a href=\"mailto:events@wearevillage.org\"><span id=\"wpmt-979163-137857\">events@wearevillage.org<\/span><\/a><\/strong><br \/>\n\u2022 Diese Veranstaltung ist <strong>nicht<\/strong> f\u00fcr die beiden kostenlosen monatlichen Veranstaltungen freigegeben, die Teil der Mitgliedschaft bei <a href=\"https:\/\/wearevillage.org\/en\/produkt-kategorie\/memberships-en-2\/\"><strong>we are village membership<\/strong><\/a> sind.<\/em><\/p>\n<\/div>\n<\/div>\n<\/div>\n\n\t\t<\/div>\n\t<\/div>\n<\/div><\/div><\/div><\/div>\n<\/div>","protected":false},"excerpt":{"rendered":"<h5>Montags (einmal im Monat)<br \/>\n20:00 \u2013 22:00<\/h5>\n<p class=\"p1\"><strong>| <span style=\"color: #ec6c23;\">GBTQ men*<\/span>\u00a0|<\/strong><\/p>\n<div class=\"x11i5rnm xat24cr x1mh8g0r x1vvkbs xtlvy1s\">Ein monatlicher Workshop, bei dem wir uns gemeinsam auf den Weg machen, um zu Entschleunigen, uns in unseren K\u00f6rper fallen zu lassen und die tiefe Wirkung menschlicher Ber\u00fchrung in einer unterst\u00fctzenden und n\u00e4hrenden Umgebung zu erforschen..<\/div>\n<div><\/div>\n<div><\/div>\n<div><\/div>\n","protected":false},"author":11,"featured_media":13511,"template":"","meta":{"pmpro_default_level":"","inline_featured_image":false},"product_brand":[],"product_cat":[79],"product_tag":[256],"class_list":{"0":"post-13122","1":"product","2":"type-product","3":"status-publish","4":"has-post-thumbnail","6":"product_cat-monatliche-events","7":"product_tag-gbtq-men","8":"pmpro-has-access","10":"first","11":"instock","12":"purchasable","13":"product-type-variable","14":"has-default-attributes"},"wpml_current_locale":"de_DE","wpml_translations":{"en_US":{"locale":"en_US","id":13126,"slug":"massage-exchange-for-men-kopie-2-14","post_title":"Regenerative Touch","href":"https:\/\/wearevillage.org\/en\/shop\/regenerative-touch\/w11-2024"}},"language":{"code":"de","locale":"","name":"","is_rtl":false},"_links":{"self":[{"href":"https:\/\/wearevillage.org\/wp-json\/wp\/v2\/product\/13122","targetHints":{"allow":["GET"]}}],"collection":[{"href":"https:\/\/wearevillage.org\/wp-json\/wp\/v2\/product"}],"about":[{"href":"https:\/\/wearevillage.org\/wp-json\/wp\/v2\/types\/product"}],"author":[{"embeddable":true,"href":"https:\/\/wearevillage.org\/wp-json\/wp\/v2\/users\/11"}],"wp:featuredmedia":[{"embeddable":true,"href":"https:\/\/wearevillage.org\/wp-json\/wp\/v2\/media\/13511"}],"wp:attachment":[{"href":"https:\/\/wearevillage.org\/wp-json\/wp\/v2\/media?parent=13122"}],"wp:term":[{"taxonomy":"product_brand","embeddable":true,"href":"https:\/\/wearevillage.org\/wp-json\/wp\/v2\/product_brand?post=13122"},{"taxonomy":"product_cat","embeddable":true,"href":"https:\/\/wearevillage.org\/wp-json\/wp\/v2\/product_cat?post=13122"},{"taxonomy":"product_tag","embeddable":true,"href":"https:\/\/wearevillage.org\/wp-json\/wp\/v2\/product_tag?post=13122"}],"curies":[{"name":"wp","href":"https:\/\/api.w.org\/{rel}","templated":true}]}}