{"id":13134,"date":"2024-02-29T16:08:04","date_gmt":"2024-02-29T15:08:04","guid":{"rendered":"https:\/\/wearevillage.org\/?post_type=product&#038;p=13134"},"modified":"2024-03-02T12:45:28","modified_gmt":"2024-03-02T11:45:28","slug":"sensual-touch-lab-series","status":"publish","type":"product","link":"https:\/\/wearevillage.org\/shop\/sensual-touch\/w13-2024\/","title":{"rendered":"Sensual Touch Lab Series"},"content":{"rendered":"<div class=\"wpb-content-wrapper\"><div class=\"vc_row wpb_row vc_row-fluid\"><div class=\"wpb_column vc_column_container vc_col-sm-12\"><div class=\"vc_column-inner\"><div class=\"wpb_wrapper\"><h4 style=\"text-align: left\" class=\"vc_custom_heading vc_do_custom_heading\" >Sensual Touch Lab Series<\/h4><h5 style=\"text-align: left\" class=\"vc_custom_heading vc_do_custom_heading\" >mit Markus Kaufmann & G\u00e4ste<\/h5>\n\t<div class=\"wpb_text_column wpb_content_element\" >\n\t\t<div class=\"wpb_wrapper\">\n\t\t\t<div class=\"x11i5rnm xat24cr x1mh8g0r x1vvkbs xtlvy1s\">\n<div class=\"x11i5rnm xat24cr x1mh8g0r x1vvkbs xtlvy1s\">\n<div class=\"x11i5rnm xat24cr x1mh8g0r x1vvkbs xtlvy1s\">\n<p>Vermisst du auch manchmal R\u00e4ume, in denen du deine intimen W\u00fcnsche in einer sicheren Weise ausdr\u00fccken kannst? Was w\u00e4re, wenn wir es wagen w\u00fcrden, gemeinsam einen solchen Raum zu schaffen? Einladend zu Intimit\u00e4t, sinnlichen und erotischen Ber\u00fchrungen auf der Basis von Offenheit, Zustimmung und Vertrauen f\u00fcr tiefere Verbindungen zu uns selbst und anderen!<\/p>\n<p>Unser Wunsch ist es, einen Raum f\u00fcr spielerische Begegnungen zu schaffen, in dem wir neue Wege im Umgang mit unseren eigenen \u00c4ngsten oder Mustern in Bezug auf Nacktheit, Intimit\u00e4t und Ber\u00fchrung erkunden. Lasst uns mit unserer sexuellen Identit\u00e4t spielen, unsere Grenzen auf liebevolle Art und Weise erweitern und bedeutungsvolle Verbindungen durch die Kraft der Ganzk\u00f6rperber\u00fchrung im gegenseitigen Einverst\u00e4ndnis erleben.<\/p>\n<p>Jede Sitzung wird ein gef\u00fchrter Prozess sein, der je nach Thema und Hintergrund des Moderators eine besondere Note hat, sei es K\u00f6rperarbeit und Massage, Kink, Somatik und Intimit\u00e4t oder etwas anderes.<\/p>\n<p>Wir werden immer einen klaren Rahmen und Grenzen f\u00fcr diese Sitzung festlegen. Im ersten Teil jeder Sitzung wird ein Schwerpunkt auf Einverst\u00e4ndniserkl\u00e4rungen und Sicherheitsregeln gelegt, um das Erkunden zu erleichtern.<\/p>\n<p>Diese Workshops k\u00f6nnen Nacktheit, Partnerschafts\u00fcbungen, das Einladen von Erregung und erotische Interaktionen beinhalten. Hinweis: Oralsex oder Penetration sind nicht vorgesehen. Bitte komme frisch geduscht, bringen ein Laken und ein Handtuch mit.<\/p>\n<\/div>\n<\/div>\n<\/div>\n\n\t\t<\/div>\n\t<\/div>\n\n\t<div class=\"wpb_text_column wpb_content_element\" >\n\t\t<div class=\"wpb_wrapper\">\n\t\t\t<div class=\"x11i5rnm xat24cr x1mh8g0r x1vvkbs xtlvy1s\">\n<div class=\"x11i5rnm xat24cr x1mh8g0r x1vvkbs xtlvy1s\">\n<div class=\"x11i5rnm xat24cr x1mh8g0r x1vvkbs xtlvy1s\">\n<p><em><b>Accessibility<\/b><br \/>\n\u2022 Dieses Event wird je nach Teilnehmerbed\u00fcrfnissen auf Deutsch und\/oder Englisch sein.<br \/>\n\u2022 Wir haben erm\u00e4\u00dfigte Solidarit\u00e4tstickets.\u00a0 Anfrage per E-Mail bitte an <strong><a href=\"mailto:events@wearevillage.org\"><span id=\"wpmt-979163-137857\">events@wearevillage.org<\/span><\/a><\/strong><br \/>\n\u2022 Diese Veranstaltung ist <strong>nicht<\/strong> f\u00fcr die beiden kostenlosen monatlichen Veranstaltungen freigegeben, die Teil der Mitgliedschaft bei <a href=\"https:\/\/wearevillage.org\/en\/produkt-kategorie\/memberships-en-2\/\"><strong>we are village membership<\/strong><\/a> sind.<\/em><\/p>\n<\/div>\n<\/div>\n<\/div>\n\n\t\t<\/div>\n\t<\/div>\n<\/div><\/div><\/div><\/div>\n<\/div>","protected":false},"excerpt":{"rendered":"<h5>Montags (einmal im Monat)<br \/>\n20:00 \u2013 22:00<\/h5>\n<p class=\"p1\"><strong>| <span style=\"color: #ec6c23;\">GBTQ men*<\/span>\u00a0|<\/strong><\/p>\n<div class=\"x11i5rnm xat24cr x1mh8g0r x1vvkbs xtlvy1s\">\n<p>Vermisst du auch manchmal R\u00e4ume, in denen du deine intimen W\u00fcnsche in einer sicheren Weise ausdr\u00fccken kannst? Was w\u00e4re, wenn wir es wagen w\u00fcrden, gemeinsam einen solchen Raum zu schaffen? Einladend zu Intimit\u00e4t, sinnlichen und erotischen Ber\u00fchrungen auf der Basis von Offenheit, Zustimmung und Vertrauen f\u00fcr tiefere Verbindungen zu uns selbst und anderen!<\/p>\n<p>\u00a0<\/p>\n<\/div>\n","protected":false},"author":11,"featured_media":7937,"template":"","meta":{"pmpro_default_level":"","inline_featured_image":false},"product_brand":[],"product_cat":[79],"product_tag":[256],"class_list":{"0":"post-13134","1":"product","2":"type-product","3":"status-publish","4":"has-post-thumbnail","6":"product_cat-monatliche-events","7":"product_tag-gbtq-men","8":"pmpro-has-access","10":"first","11":"instock","12":"purchasable","13":"product-type-variable","14":"has-default-attributes"},"wpml_current_locale":"de_DE","wpml_translations":{"en_US":{"locale":"en_US","id":13138,"slug":"regenerative-touch-kopie","post_title":"Sensual Touch Lab Series","href":"https:\/\/wearevillage.org\/en\/shop\/sensual-touch\/w13-2024"}},"language":{"code":"de","locale":"","name":"","is_rtl":false},"_links":{"self":[{"href":"https:\/\/wearevillage.org\/wp-json\/wp\/v2\/product\/13134","targetHints":{"allow":["GET"]}}],"collection":[{"href":"https:\/\/wearevillage.org\/wp-json\/wp\/v2\/product"}],"about":[{"href":"https:\/\/wearevillage.org\/wp-json\/wp\/v2\/types\/product"}],"author":[{"embeddable":true,"href":"https:\/\/wearevillage.org\/wp-json\/wp\/v2\/users\/11"}],"wp:featuredmedia":[{"embeddable":true,"href":"https:\/\/wearevillage.org\/wp-json\/wp\/v2\/media\/7937"}],"wp:attachment":[{"href":"https:\/\/wearevillage.org\/wp-json\/wp\/v2\/media?parent=13134"}],"wp:term":[{"taxonomy":"product_brand","embeddable":true,"href":"https:\/\/wearevillage.org\/wp-json\/wp\/v2\/product_brand?post=13134"},{"taxonomy":"product_cat","embeddable":true,"href":"https:\/\/wearevillage.org\/wp-json\/wp\/v2\/product_cat?post=13134"},{"taxonomy":"product_tag","embeddable":true,"href":"https:\/\/wearevillage.org\/wp-json\/wp\/v2\/product_tag?post=13134"}],"curies":[{"name":"wp","href":"https:\/\/api.w.org\/{rel}","templated":true}]}}