{"id":13341,"date":"2024-03-20T13:09:14","date_gmt":"2024-03-20T12:09:14","guid":{"rendered":"https:\/\/wearevillage.org\/?post_type=product&#038;p=13341"},"modified":"2024-03-31T11:25:21","modified_gmt":"2024-03-31T09:25:21","slug":"instinct15-fuck-your-loneliness-_-exploring-solitude-vernissage","status":"publish","type":"product","link":"https:\/\/wearevillage.org\/shop\/instinct-opening\/w13-2024\/","title":{"rendered":"Instinct#15 fuck your loneliness _ exploring solitude \/ Vernissage"},"content":{"rendered":"<div class=\"wpb-content-wrapper\"><div class=\"vc_row wpb_row vc_row-fluid\"><div class=\"wpb_column vc_column_container vc_col-sm-10\"><div class=\"vc_column-inner\"><div class=\"wpb_wrapper\"><\/div><\/div><\/div><div class=\"wpb_column vc_column_container vc_col-sm-2\"><div class=\"vc_column-inner\"><div class=\"wpb_wrapper\"><\/div><\/div><\/div><\/div><div class=\"vc_row wpb_row vc_row-fluid\"><div class=\"wpb_column vc_column_container vc_col-sm-12\"><div class=\"vc_column-inner\"><div class=\"wpb_wrapper\"><h4 style=\"text-align: left\" class=\"vc_custom_heading vc_do_custom_heading\" >Instinct#15 fuck your loneliness _ exploring solitude \/ Vernissage<\/h4><h5 style=\"text-align: left\" class=\"vc_custom_heading vc_do_custom_heading\" >Instinct<br \/>\nGruppenausstellung<br \/>\nKuratiert von Dante Buu & Eric LeRouge<\/h5>\n\t<div class=\"wpb_text_column wpb_content_element\" >\n\t\t<div class=\"wpb_wrapper\">\n\t\t\t\n\t\t<\/div>\n\t<\/div>\n\n\t<div class=\"wpb_text_column wpb_content_element\" >\n\t\t<div class=\"wpb_wrapper\">\n\t\t\t<div class=\"page\" title=\"Page 1\">\n<div class=\"section\">\n<div class=\"layoutArea\">\n<div class=\"column\">\n<div class=\"page\" title=\"Page 1\">\n<div class=\"section\">\n<div class=\"layoutArea\">\n<div class=\"column\">\n<p>Fuck your loneliness _ exploring solitude besch\u00e4ftigt sich mit den Facetten der Einsamkeit zu erforschen und dabei intime Reflexionen und k\u00fchnes Engagement mit Bravour und Widerstand. Ausgehend von einer breiten Palette von Visionen stellt diese Gruppenausstellung die Frage: Wie k\u00f6nnen wir uns mit diesem oft tabuisierten und missachteten Thema umgehen und mitf\u00fchlender und freundlicher sein?<\/p>\n<p>Wann verwandelt sich l\u00e4hmende Einsamkeit in wohltuende St\u00e4rke, wenn die Verletzlichkeit voll anerkannt und angenommen wird? K\u00f6nnen wir eine abgebrochene Verbindung zur Welt wiederherstellen und ein besseres Verst\u00e4ndnis f\u00fcr diesen ganz besonderen (oft sehr einsamen) Ort, den jeder von uns bewohnt?<\/p>\n<p>Instinct ist ein wesentlicher Bestandteil des Projekts we are village, und hat sich im Laufe der Jahre zu einem internationalen Netzwerk von K\u00fcnstlern, Kreativen, Kunstschaffenden und Freiwilligen entwickelt, die sich f\u00fcr den Dialog und \u00e4sthetische Experimente einsetzen. Instinct ist stets bestrebt, sich mit dr\u00e4ngenden Problemen in unserer Gemeinschaft auseinanderzusetzen \u2013 Einsamkeit steht dabei ganz oben auf der Liste \u2013 und ist gleichzeitig tief in Berlins einzigartigem kreativen Geist verankert.<\/p>\n<\/div>\n<\/div>\n<\/div>\n<\/div>\n<\/div>\n<\/div>\n<\/div>\n<\/div>\n\n\t\t<\/div>\n\t<\/div>\n\n\t<div class=\"wpb_text_column wpb_content_element\" >\n\t\t<div class=\"wpb_wrapper\">\n\t\t\t<div class=\"page\" title=\"Page 1\">\n<div class=\"section\">\n<div class=\"layoutArea\">\n<div class=\"column\">\n<div class=\"page\" title=\"Page 1\">\n<div class=\"section\">\n<div class=\"layoutArea\">\n<div class=\"column\">\n<p><span class=\"wixui-rich-text__text\"><b>Artists<\/b><\/span><\/p>\n<\/div>\n<p class=\"font_8 wixui-rich-text__text\"><span class=\"wixui-rich-text__text\">Finja Sander<br class=\"wixui-rich-text__text\" \/>Mazen Khaddaj<br class=\"wixui-rich-text__text\" \/>Natalija Vujo\u0161evi\u0107<br class=\"wixui-rich-text__text\" \/>Nikita .A. Zhukovskiy Trachtenberg<br \/>\n<\/span><span class=\"wixui-rich-text__text\">Peter Welz<br class=\"wixui-rich-text__text\" \/>Thero Mamani Valles<br class=\"wixui-rich-text__text\" \/>Yiannis Pappas<\/span><\/p>\n<\/div>\n<\/div>\n<\/div>\n<\/div>\n<\/div>\n<\/div>\n<\/div>\n\n\t\t<\/div>\n\t<\/div>\n\n\t<div class=\"wpb_text_column wpb_content_element\" >\n\t\t<div class=\"wpb_wrapper\">\n\t\t\t\n\t\t<\/div>\n\t<\/div>\n\n\t<div class=\"wpb_text_column wpb_content_element\" >\n\t\t<div class=\"wpb_wrapper\">\n\t\t\t<div class=\"x11i5rnm xat24cr x1mh8g0r x1vvkbs xtlvy1s\">\n<div class=\"x11i5rnm xat24cr x1mh8g0r x1vvkbs xtlvy1s\">\n<div class=\"x11i5rnm xat24cr x1mh8g0r x1vvkbs xtlvy1s\">\n<p><strong><em>\u00a0<a href=\"https:\/\/www.instinct.berlin\/\">www.instinct.berlin<\/a><br \/>\n<\/em><\/strong>Mit freundlicher Unterst\u00fctzung von<br \/>\n<img loading=\"lazy\" decoding=\"async\" class=\"alignnone size-medium wp-image-13574\" src=\"https:\/\/wearevillage.org\/wp-content\/uploads\/2024\/03\/B_SEN_KuGZ_Logo_DE_H_P_1C-300x50.png\" alt=\"\" width=\"300\" height=\"50\" srcset=\"https:\/\/wearevillage.org\/wp-content\/uploads\/2024\/03\/B_SEN_KuGZ_Logo_DE_H_P_1C-300x50.png 300w, https:\/\/wearevillage.org\/wp-content\/uploads\/2024\/03\/B_SEN_KuGZ_Logo_DE_H_P_1C-1024x171.png 1024w, https:\/\/wearevillage.org\/wp-content\/uploads\/2024\/03\/B_SEN_KuGZ_Logo_DE_H_P_1C-150x25.png 150w, https:\/\/wearevillage.org\/wp-content\/uploads\/2024\/03\/B_SEN_KuGZ_Logo_DE_H_P_1C-768x128.png 768w, https:\/\/wearevillage.org\/wp-content\/uploads\/2024\/03\/B_SEN_KuGZ_Logo_DE_H_P_1C-1536x256.png 1536w, https:\/\/wearevillage.org\/wp-content\/uploads\/2024\/03\/B_SEN_KuGZ_Logo_DE_H_P_1C-2048x342.png 2048w, https:\/\/wearevillage.org\/wp-content\/uploads\/2024\/03\/B_SEN_KuGZ_Logo_DE_H_P_1C-624x104.png 624w, https:\/\/wearevillage.org\/wp-content\/uploads\/2024\/03\/B_SEN_KuGZ_Logo_DE_H_P_1C-390x65.png 390w, https:\/\/wearevillage.org\/wp-content\/uploads\/2024\/03\/B_SEN_KuGZ_Logo_DE_H_P_1C-600x100.png 600w\" sizes=\"auto, (max-width: 300px) 100vw, 300px\" \/><\/p>\n<\/div>\n<\/div>\n<\/div>\n\n\t\t<\/div>\n\t<\/div>\n<\/div><\/div><\/div><\/div>\n<\/div>","protected":false},"excerpt":{"rendered":"<h5>fuck your loneliness _ exploring solitude<br \/>\nVernissage<br \/>\nGruppenausstellung<\/h5>\n<p class=\"p1\"><strong>| <span style=\"color: #ec6c23;\">LGBTQI+ <\/span>|<\/strong><\/p>\n<p>Fuck your loneliness _ exploring solitude besch\u00e4ftigt sich mit den Facetten der Einsamkeit zu erforschen und dabei intime Reflexionen und k\u00fchnes Engagement mit Bravour und Widerstand. Ausgehend von einer breiten Palette von Visionen stellt diese Gruppenausstellung die Frage: Wie k\u00f6nnen wir uns mit diesem oft tabuisierten und missachteten Thema umgehen und mitf\u00fchlender und freundlicher sein?<\/p>\n<p><strong><a class=\"_ps2id\" href=\"www.instinct.berlin\" data-ps2id-offset=\"\">www.instinct.berlin<\/a><\/strong><\/p>\n","protected":false},"author":12,"featured_media":13344,"template":"","meta":{"pmpro_default_level":"","inline_featured_image":false},"product_brand":[],"product_cat":[76],"product_tag":[469],"class_list":{"0":"post-13341","1":"product","2":"type-product","3":"status-publish","4":"has-post-thumbnail","6":"product_cat-ausstellung","7":"product_tag-lgbtqiaplus","8":"pmpro-has-access","10":"first","11":"outofstock","12":"purchasable","13":"product-type-variable"},"wpml_current_locale":"de_DE","wpml_translations":{"en_US":{"locale":"en_US","id":13342,"slug":"instinct14-desir-vernissage-kopie","post_title":"Instinct#15 fuck your loneliness _ exploring solitude \/ Vernissage","href":"https:\/\/wearevillage.org\/en\/shop\/instinct-opening\/w13-2024"}},"language":{"code":"de","locale":"","name":"","is_rtl":false},"_links":{"self":[{"href":"https:\/\/wearevillage.org\/wp-json\/wp\/v2\/product\/13341","targetHints":{"allow":["GET"]}}],"collection":[{"href":"https:\/\/wearevillage.org\/wp-json\/wp\/v2\/product"}],"about":[{"href":"https:\/\/wearevillage.org\/wp-json\/wp\/v2\/types\/product"}],"author":[{"embeddable":true,"href":"https:\/\/wearevillage.org\/wp-json\/wp\/v2\/users\/12"}],"wp:featuredmedia":[{"embeddable":true,"href":"https:\/\/wearevillage.org\/wp-json\/wp\/v2\/media\/13344"}],"wp:attachment":[{"href":"https:\/\/wearevillage.org\/wp-json\/wp\/v2\/media?parent=13341"}],"wp:term":[{"taxonomy":"product_brand","embeddable":true,"href":"https:\/\/wearevillage.org\/wp-json\/wp\/v2\/product_brand?post=13341"},{"taxonomy":"product_cat","embeddable":true,"href":"https:\/\/wearevillage.org\/wp-json\/wp\/v2\/product_cat?post=13341"},{"taxonomy":"product_tag","embeddable":true,"href":"https:\/\/wearevillage.org\/wp-json\/wp\/v2\/product_tag?post=13341"}],"curies":[{"name":"wp","href":"https:\/\/api.w.org\/{rel}","templated":true}]}}