{"id":13441,"date":"2024-03-21T15:56:23","date_gmt":"2024-03-21T14:56:23","guid":{"rendered":"https:\/\/wearevillage.org\/?post_type=product&#038;p=13441"},"modified":"2024-04-05T09:11:01","modified_gmt":"2024-04-05T07:11:01","slug":"instinct-15-film-screening","status":"publish","type":"product","link":"https:\/\/wearevillage.org\/shop\/village-instinct-film\/w14-2024\/","title":{"rendered":"Instinct #15 | Short film program"},"content":{"rendered":"<div class=\"wpb-content-wrapper\"><div class=\"vc_row wpb_row vc_row-fluid\"><div class=\"wpb_column vc_column_container vc_col-sm-10\"><div class=\"vc_column-inner\"><div class=\"wpb_wrapper\"><\/div><\/div><\/div><div class=\"wpb_column vc_column_container vc_col-sm-2\"><div class=\"vc_column-inner\"><div class=\"wpb_wrapper\"><\/div><\/div><\/div><\/div><div class=\"vc_row wpb_row vc_row-fluid\"><div class=\"wpb_column vc_column_container vc_col-sm-12\"><div class=\"vc_column-inner\"><div class=\"wpb_wrapper\"><h4 style=\"text-align: left\" class=\"vc_custom_heading vc_do_custom_heading\" >Instinct #15 | Film screening<\/h4><h5 style=\"text-align: left\" class=\"vc_custom_heading vc_do_custom_heading\" >Kuratiert und pr\u00e4sentiert von Pierre Em\u00f6<\/h5>\n\t<div class=\"wpb_text_column wpb_content_element\" >\n\t\t<div class=\"wpb_wrapper\">\n\t\t\t<p><strong>Instinct #15 <\/strong>pr\u00e4sentiert eine Filmauswahl, die so facettenreich ist wie die Erfahrungen der Einsamkeit: die Fragmentierung des modernen Lebens, in dem die Technologie f\u00fcr die innersten Fantasien sorgt und als alternative B\u00fchne f\u00fcr die Liebe fungiert; das daraus resultierende Bed\u00fcrfnis nach tiefer k\u00f6rperlicher Intimit\u00e4t und Wiederverbundenheit; die Paradoxien des queeren Lebens in Berlin, wo Gemeinschaften f\u00fcr extreme Einsamkeit anf\u00e4llig sind, manchmal mit tragischen Folgen; die durch strenge Geschlechternormen hervorgerufene Isolation und die innere Kraft, die erforderlich ist, um die eigene begehrende Revolution herbeizuf\u00fchren.<\/p>\n\n\t\t<\/div>\n\t<\/div>\n\n\t<div class=\"wpb_text_column wpb_content_element\" >\n\t\t<div class=\"wpb_wrapper\">\n\t\t\t<p style=\"font-weight: 400;\"><strong>THE WANKER \/ Jan Soldat \/ Austria \/ 2020 \/ 12 min<br \/>\n<\/strong>Der Wiener Wichser erz\u00e4hlt von seinen sexuellen Fantasien und der Ehre, die gr\u00f6\u00dfte Spermahure der Stadt zu sein.<\/p>\n<p style=\"font-weight: 400;\"><strong>SADNESS OF THE ANDROIDS \/ Jean-S\u00e9bastien Chauvin \/ France \/ 2011 \/ 9 min<br \/>\n<\/strong>In der Dunkelheit ihrer Zimmer unterhalten sich zwei junge Frauen \u00fcber das Internet.<\/p>\n<p style=\"font-weight: 400;\"><strong>FORGET ME NOT \/ Noel Alejandro \/ Spain \/ 2022 \/ 23 min *<br \/>\n<\/strong>Eine sexuelle Begegnung bringt den Protagonisten Leo auf eine Spirale, die seine Beziehung zu seinem Freund Ra\u00fal in Frage stellt.<\/p>\n<p style=\"font-weight: 400;\"><strong>I DON\u2019T WANT TO BE JUST A MEMORY \/ Sarnt Utamachote \/ Germany \/ 2024 \/ 20 min<br \/>\n<\/strong>Mitglieder der Berliner Queer-Community trauern um den drogenmissbrauchsbedingten Verlust ihrer Freunde, indem sie Erinnerungen und Rituale teilen.<\/p>\n<p style=\"font-weight: 400;\"><strong>MON CRS \/ Marc Martin \/ France, Belgium \/ 2022 \/ 23 min<br \/>\n<\/strong>Ein sauber lebender Bereitschaftspolizist wird durch das Erwachen seines Verlangens nach einer S\u00e4ngerin mit weiblichem Geschlechtsausdruck ersch\u00fcttert.<\/p>\n\n\t\t<\/div>\n\t<\/div>\n\n\t<div class=\"wpb_text_column wpb_content_element\" >\n\t\t<div class=\"wpb_wrapper\">\n\t\t\t<div class=\"x11i5rnm xat24cr x1mh8g0r x1vvkbs xtlvy1s\">\n<div class=\"x11i5rnm xat24cr x1mh8g0r x1vvkbs xtlvy1s\">\n<div class=\"x11i5rnm xat24cr x1mh8g0r x1vvkbs xtlvy1s\">\n<p>www.instinct.berlin<br \/>\nMit freundlicher Unterst\u00fctzung von<br \/>\n<img loading=\"lazy\" decoding=\"async\" class=\"alignnone size-medium wp-image-13574\" src=\"https:\/\/wearevillage.org\/wp-content\/uploads\/2024\/03\/B_SEN_KuGZ_Logo_DE_H_P_1C-300x50.png\" alt=\"\" width=\"300\" height=\"50\" srcset=\"https:\/\/wearevillage.org\/wp-content\/uploads\/2024\/03\/B_SEN_KuGZ_Logo_DE_H_P_1C-300x50.png 300w, https:\/\/wearevillage.org\/wp-content\/uploads\/2024\/03\/B_SEN_KuGZ_Logo_DE_H_P_1C-1024x171.png 1024w, https:\/\/wearevillage.org\/wp-content\/uploads\/2024\/03\/B_SEN_KuGZ_Logo_DE_H_P_1C-150x25.png 150w, https:\/\/wearevillage.org\/wp-content\/uploads\/2024\/03\/B_SEN_KuGZ_Logo_DE_H_P_1C-768x128.png 768w, https:\/\/wearevillage.org\/wp-content\/uploads\/2024\/03\/B_SEN_KuGZ_Logo_DE_H_P_1C-1536x256.png 1536w, https:\/\/wearevillage.org\/wp-content\/uploads\/2024\/03\/B_SEN_KuGZ_Logo_DE_H_P_1C-2048x342.png 2048w, https:\/\/wearevillage.org\/wp-content\/uploads\/2024\/03\/B_SEN_KuGZ_Logo_DE_H_P_1C-624x104.png 624w, https:\/\/wearevillage.org\/wp-content\/uploads\/2024\/03\/B_SEN_KuGZ_Logo_DE_H_P_1C-390x65.png 390w, https:\/\/wearevillage.org\/wp-content\/uploads\/2024\/03\/B_SEN_KuGZ_Logo_DE_H_P_1C-600x100.png 600w\" sizes=\"auto, (max-width: 300px) 100vw, 300px\" \/><\/p>\n<\/div>\n<\/div>\n<\/div>\n\n\t\t<\/div>\n\t<\/div>\n<\/div><\/div><\/div><\/div>\n<\/div>","protected":false},"excerpt":{"rendered":"<h5>Freitag<br \/>\n19:30 \u2013 22:30<br \/>\n(Film Start 20:00)<br \/>\nEintritt frei<\/h5>\n<p class=\"p1\"><strong>| <span style=\"color: #ec6c23;\">LGBTQI+<\/span>\u00a0|<\/strong><\/p>\n<p><strong>Instinct #15\u00a0<\/strong>pr\u00e4sentiert eine Filmauswahl, die so facettenreich ist wie die Erfahrungen der Einsamkeit: die Fragmentierung des modernen Lebens, in dem die Technologie f\u00fcr die innersten Fantasien sorgt und als alternative B\u00fchne f\u00fcr die Liebe fungiert; das daraus resultierende Bed\u00fcrfnis nach tiefer k\u00f6rperlicher Intimit\u00e4t und Wiederverbundenheit; die Paradoxien des queeren Lebens in Berlin, wo Gemeinschaften f\u00fcr extreme Einsamkeit anf\u00e4llig sind, manchmal mit tragischen Folgen; die durch strenge Geschlechternormen hervorgerufene Isolation und die innere Kraft, die erforderlich ist, um die eigene begehrende Revolution herbeizuf\u00fchren.<\/p>\n","protected":false},"author":12,"featured_media":13891,"template":"","meta":{"pmpro_default_level":"","inline_featured_image":false},"product_brand":[],"product_cat":[77,79],"product_tag":[469],"class_list":{"0":"post-13441","1":"product","2":"type-product","3":"status-publish","4":"has-post-thumbnail","6":"product_cat-community-events","7":"product_cat-monatliche-events","8":"product_tag-lgbtqiaplus","9":"pmpro-has-access","11":"first","12":"outofstock","13":"purchasable","14":"product-type-variable"},"wpml_current_locale":"de_DE","wpml_translations":{"en_US":{"locale":"en_US","id":13442,"slug":"instinct-14-film-screening-kopie-3","post_title":"Instinct #15 | Short film program","href":"https:\/\/wearevillage.org\/en\/shop\/village-instinct-film\/w14-2024"}},"language":{"code":"de","locale":"","name":"","is_rtl":false},"_links":{"self":[{"href":"https:\/\/wearevillage.org\/wp-json\/wp\/v2\/product\/13441","targetHints":{"allow":["GET"]}}],"collection":[{"href":"https:\/\/wearevillage.org\/wp-json\/wp\/v2\/product"}],"about":[{"href":"https:\/\/wearevillage.org\/wp-json\/wp\/v2\/types\/product"}],"author":[{"embeddable":true,"href":"https:\/\/wearevillage.org\/wp-json\/wp\/v2\/users\/12"}],"wp:featuredmedia":[{"embeddable":true,"href":"https:\/\/wearevillage.org\/wp-json\/wp\/v2\/media\/13891"}],"wp:attachment":[{"href":"https:\/\/wearevillage.org\/wp-json\/wp\/v2\/media?parent=13441"}],"wp:term":[{"taxonomy":"product_brand","embeddable":true,"href":"https:\/\/wearevillage.org\/wp-json\/wp\/v2\/product_brand?post=13441"},{"taxonomy":"product_cat","embeddable":true,"href":"https:\/\/wearevillage.org\/wp-json\/wp\/v2\/product_cat?post=13441"},{"taxonomy":"product_tag","embeddable":true,"href":"https:\/\/wearevillage.org\/wp-json\/wp\/v2\/product_tag?post=13441"}],"curies":[{"name":"wp","href":"https:\/\/api.w.org\/{rel}","templated":true}]}}