{"id":13552,"date":"2024-03-25T14:12:10","date_gmt":"2024-03-25T13:12:10","guid":{"rendered":"https:\/\/wearevillage.org\/?post_type=product&#038;p=13552"},"modified":"2024-04-07T10:14:14","modified_gmt":"2024-04-07T08:14:14","slug":"regenerative-touch-2","status":"publish","type":"product","link":"https:\/\/wearevillage.org\/shop\/regenerative-touch\/w17-2024\/","title":{"rendered":"The power of touch and intention"},"content":{"rendered":"<div class=\"wpb-content-wrapper\"><div class=\"vc_row wpb_row vc_row-fluid\"><div class=\"wpb_column vc_column_container vc_col-sm-12\"><div class=\"vc_column-inner\"><div class=\"wpb_wrapper\"><\/div><\/div><\/div><\/div><div class=\"vc_row wpb_row vc_row-fluid\"><div class=\"wpb_column vc_column_container vc_col-sm-12\"><div class=\"vc_column-inner\"><div class=\"wpb_wrapper\"><h4 style=\"text-align: left\" class=\"vc_custom_heading vc_do_custom_heading\" >Regenerative Touch<\/h4><h5 style=\"text-align: left\" class=\"vc_custom_heading vc_do_custom_heading\" >Die Macht der Ber\u00fchrung und der Aufmerksamkeit mit Ayo Gry<\/h5>\n\t<div class=\"wpb_text_column wpb_content_element\" >\n\t\t<div class=\"wpb_wrapper\">\n\t\t\t<div class=\"x11i5rnm xat24cr x1mh8g0r x1vvkbs xtlvy1s\">\n<div class=\"x11i5rnm xat24cr x1mh8g0r x1vvkbs xtlvy1s\">\n<div class=\"x11i5rnm xat24cr x1mh8g0r x1vvkbs xtlvy1s\">\n<p>Die Jahreszeit \u00e4ndert sich, und die Saat geht auf. Diesen Montag beleuchten wir gro\u00dfe und kleine Absichten und Tr\u00e4ume f\u00fcr die kommende Saison. Durch Ber\u00fchrung und Kommunikation erforschen wir, wie wir verk\u00f6rperte Absichten f\u00fcr uns selbst f\u00fchlen, halten und erfahren k\u00f6nnen, und wie wir uns mit der queeren Gemeinschaft und der gr\u00f6\u00dferen Welt um uns herum verbinden. Der Unterricht basiert auf dem Pantarei-Ansatz und Focusing-Techniken.<\/p>\n<\/div>\n<\/div>\n<\/div>\n\n\t\t<\/div>\n\t<\/div>\n<div class=\"vc_separator wpb_content_element vc_separator_align_center vc_sep_width_100 vc_sep_pos_align_center vc_separator_no_text vc_sep_color_grey wpb_content_element  wpb_content_element\" ><span class=\"vc_sep_holder vc_sep_holder_l\"><span class=\"vc_sep_line\"><\/span><\/span><span class=\"vc_sep_holder vc_sep_holder_r\"><span class=\"vc_sep_line\"><\/span><\/span>\n<\/div>\n\t<div class=\"wpb_text_column wpb_content_element\" >\n\t\t<div class=\"wpb_wrapper\">\n\t\t\t<div class=\"x11i5rnm xat24cr x1mh8g0r x1vvkbs xtlvy1s\">\n<div class=\"x11i5rnm xat24cr x1mh8g0r x1vvkbs xtlvy1s\">\n<div class=\"x11i5rnm xat24cr x1mh8g0r x1vvkbs xtlvy1s\">\n<p><strong><img loading=\"lazy\" decoding=\"async\" class=\" wp-image-13912 alignleft\" src=\"https:\/\/wearevillage.org\/wp-content\/uploads\/2024\/03\/wav-team-ayo-gri-270x300.png\" alt=\"\" width=\"144\" height=\"160\" srcset=\"https:\/\/wearevillage.org\/wp-content\/uploads\/2024\/03\/wav-team-ayo-gri-270x300.png 270w, https:\/\/wearevillage.org\/wp-content\/uploads\/2024\/03\/wav-team-ayo-gri-135x150.png 135w, https:\/\/wearevillage.org\/wp-content\/uploads\/2024\/03\/wav-team-ayo-gri-768x853.png 768w, https:\/\/wearevillage.org\/wp-content\/uploads\/2024\/03\/wav-team-ayo-gri-624x693.png 624w, https:\/\/wearevillage.org\/wp-content\/uploads\/2024\/03\/wav-team-ayo-gri-390x433.png 390w, https:\/\/wearevillage.org\/wp-content\/uploads\/2024\/03\/wav-team-ayo-gri-600x667.png 600w, https:\/\/wearevillage.org\/wp-content\/uploads\/2024\/03\/wav-team-ayo-gri.png 900w\" sizes=\"auto, (max-width: 144px) 100vw, 144px\" \/>Ayo Gry<\/strong> (they\/he) lebt in Berlin, kommt aus D\u00e4nemark, ist Genussforscher und Kunst-Kollaborateur. They arbeitet als Praktiker der Embodied Therapy mit Qualifikationen in Sexological Bodywork, Mind\/Body Therapy und Pantarei Approach. Ayo ist Mitbegr\u00fcnder von Skinship_Berlin im Jahr 2020.<\/p>\n<\/div>\n<\/div>\n<\/div>\n<p>\u00a0<\/p>\n\n\t\t<\/div>\n\t<\/div>\n<div class=\"vc_separator wpb_content_element vc_separator_align_center vc_sep_width_100 vc_sep_pos_align_center vc_separator_no_text vc_sep_color_grey wpb_content_element  wpb_content_element\" ><span class=\"vc_sep_holder vc_sep_holder_l\"><span class=\"vc_sep_line\"><\/span><\/span><span class=\"vc_sep_holder vc_sep_holder_r\"><span class=\"vc_sep_line\"><\/span><\/span>\n<\/div>\n\t<div class=\"wpb_text_column wpb_content_element\" >\n\t\t<div class=\"wpb_wrapper\">\n\t\t\t<div class=\"x11i5rnm xat24cr x1mh8g0r x1vvkbs xtlvy1s\">\n<div class=\"x11i5rnm xat24cr x1mh8g0r x1vvkbs xtlvy1s\">\n<div class=\"x11i5rnm xat24cr x1mh8g0r x1vvkbs xtlvy1s\">\n<p><em><b>Was ist Regenarative Touch<\/b><\/em><em><b>?<br \/>\n<\/b><\/em>Regenerative Touch ist monatlicher Workshop, bei dem wir uns gemeinsam auf den Weg machen, um zu endschleunigen, uns in unseren K\u00f6rper fallen zu lassen und die tiefe Wirkung menschlicher Ber\u00fchrung in einer unterst\u00fctzenden und n\u00e4hrenden Umgebung zu erforschen.<\/p>\n<p>Ber\u00fchrung, die im t\u00e4glichen Leben oft \u00fcbersehen wird, ist ein grundlegendes menschliches Bed\u00fcrfnis. In diesen Workshops schaffen wir einen Raum ausschlie\u00dflich f\u00fcr ihre regenerative und heilende Kraft, frei von romantischen oder sexuellen Konnotationen.<\/p>\n<p>Ber\u00fchrung kommuniziert direkt und erreicht Bereiche, die Worte nicht erreichen k\u00f6nnen. Haben Sie jemals die beruhigende Wirkung einer warmen Umarmung oder einer tr\u00f6stenden Hand auf Ihrer Schulter erlebt? Schon eine kurze 15-min\u00fctige Hand-in-Hand-Sitzung kann zu einem signifikanten R\u00fcckgang der Herzfrequenz und Blutdruck f\u00fchren und eine starke Entspannungsreaktion signalisieren. Eine einfache 20-sek\u00fcndige Umarmung kann zu h\u00f6heren Oxytocinwerten f\u00fchren, dem Hormon, das mit Bindung und Vertrauen verbunden ist.<\/p>\n<p>Jeden Monat leitet unser Moderator Diskussionen zu Themen wie Pr\u00e4senz, Regulation des Nervensystems und emotionaler Sicherheit, wobei der Schwerpunkt auf praktischen Erfahrungen liegt, nicht auf Techniken. Keine Erfahrung mit K\u00f6rperarbeit erforderlich \u2013 bringen Sie einfach Ihre Neugierde mit.<\/p>\n<\/div>\n<\/div>\n<\/div>\n\n\t\t<\/div>\n\t<\/div>\n<div class=\"vc_separator wpb_content_element vc_separator_align_center vc_sep_width_100 vc_sep_pos_align_center vc_separator_no_text vc_sep_color_grey wpb_content_element  wpb_content_element\" ><span class=\"vc_sep_holder vc_sep_holder_l\"><span class=\"vc_sep_line\"><\/span><\/span><span class=\"vc_sep_holder vc_sep_holder_r\"><span class=\"vc_sep_line\"><\/span><\/span>\n<\/div>\n\t<div class=\"wpb_text_column wpb_content_element\" >\n\t\t<div class=\"wpb_wrapper\">\n\t\t\t<div class=\"x11i5rnm xat24cr x1mh8g0r x1vvkbs xtlvy1s\">\n<div class=\"x11i5rnm xat24cr x1mh8g0r x1vvkbs xtlvy1s\">\n<div class=\"x11i5rnm xat24cr x1mh8g0r x1vvkbs xtlvy1s\">\n<p><em><b>Accessibility<\/b><br \/>\n\u2022 Dieses Event wird je nach Teilnehmerbed\u00fcrfnissen auf Deutsch und\/oder Englisch sein.<br \/>\n\u2022 Wir haben erm\u00e4\u00dfigte Solidarit\u00e4tstickets.\u00a0 Anfrage per E-Mail bitte an <strong><a href=\"mailto:events@wearevillage.org\"><span id=\"wpmt-979163-137857\">events@wearevillage.org<\/span><\/a><\/strong><br \/>\n\u2022 Diese Veranstaltung ist <strong>nicht<\/strong> f\u00fcr die beiden kostenlosen monatlichen Veranstaltungen freigegeben, die Teil der Mitgliedschaft bei <a href=\"https:\/\/wearevillage.org\/en\/produkt-kategorie\/memberships-en-2\/\"><strong>we are village membership<\/strong><\/a> sind.<\/em><\/p>\n<\/div>\n<\/div>\n<\/div>\n\n\t\t<\/div>\n\t<\/div>\n<\/div><\/div><\/div><\/div>\n<\/div>","protected":false},"excerpt":{"rendered":"<h5>Regenerative Touch<br \/>\nAm Montag (einmal im Monat)<br \/>\n20:00 \u2013 22:00<\/h5>\n<p class=\"p1\"><strong>| <span style=\"color: #ec6c23;\">GBTQ men*<\/span>\u00a0|<\/strong><\/p>\n<div class=\"x11i5rnm xat24cr x1mh8g0r x1vvkbs xtlvy1s\">Die Jahreszeit \u00e4ndert sich und die Samen sprie\u00dfen. An diesem Montag beleuchten wir die gro\u00dfen und kleinen Absichten und Tr\u00e4ume f\u00fcr die kommende Saison. Durch Ber\u00fchrung und Kommunikation erforschen wir, wie wir verk\u00f6rperte Absichten f\u00fchlen, halten und erfahren k\u00f6nnen, f\u00fcr uns selbst, in Verbindung mit der queeren Gemeinschaft und der gr\u00f6\u00dferen Welt um uns herum. Der Unterricht basiert auf dem Pantarei-Ansatz und Focusing-Techniken.<\/div>\n<div><\/div>\n<div><\/div>\n<div><\/div>\n","protected":false},"author":11,"featured_media":13511,"template":"","meta":{"pmpro_default_level":"","inline_featured_image":false},"product_brand":[],"product_cat":[79,83],"product_tag":[256],"class_list":{"0":"post-13552","1":"product","2":"type-product","3":"status-publish","4":"has-post-thumbnail","6":"product_cat-monatliche-events","7":"product_cat-workshops","8":"product_tag-gbtq-men","9":"pmpro-has-access","11":"first","12":"instock","13":"purchasable","14":"product-type-variable","15":"has-default-attributes"},"wpml_current_locale":"de_DE","wpml_translations":{"en_US":{"locale":"en_US","id":13555,"slug":"regenerative-touch-kopie-2","post_title":"The power of touch and intention","href":"https:\/\/wearevillage.org\/en\/shop\/regenerative-touch\/w17-2024"}},"language":{"code":"de","locale":"","name":"","is_rtl":false},"_links":{"self":[{"href":"https:\/\/wearevillage.org\/wp-json\/wp\/v2\/product\/13552","targetHints":{"allow":["GET"]}}],"collection":[{"href":"https:\/\/wearevillage.org\/wp-json\/wp\/v2\/product"}],"about":[{"href":"https:\/\/wearevillage.org\/wp-json\/wp\/v2\/types\/product"}],"author":[{"embeddable":true,"href":"https:\/\/wearevillage.org\/wp-json\/wp\/v2\/users\/11"}],"wp:featuredmedia":[{"embeddable":true,"href":"https:\/\/wearevillage.org\/wp-json\/wp\/v2\/media\/13511"}],"wp:attachment":[{"href":"https:\/\/wearevillage.org\/wp-json\/wp\/v2\/media?parent=13552"}],"wp:term":[{"taxonomy":"product_brand","embeddable":true,"href":"https:\/\/wearevillage.org\/wp-json\/wp\/v2\/product_brand?post=13552"},{"taxonomy":"product_cat","embeddable":true,"href":"https:\/\/wearevillage.org\/wp-json\/wp\/v2\/product_cat?post=13552"},{"taxonomy":"product_tag","embeddable":true,"href":"https:\/\/wearevillage.org\/wp-json\/wp\/v2\/product_tag?post=13552"}],"curies":[{"name":"wp","href":"https:\/\/api.w.org\/{rel}","templated":true}]}}