{"id":13564,"date":"2024-03-25T14:33:54","date_gmt":"2024-03-25T13:33:54","guid":{"rendered":"https:\/\/wearevillage.org\/?post_type=product&#038;p=13564"},"modified":"2024-04-07T10:42:34","modified_gmt":"2024-04-07T08:42:34","slug":"sensual-touch-lab-series-2","status":"publish","type":"product","link":"https:\/\/wearevillage.org\/shop\/sensual-touch\/w15-2024\/","title":{"rendered":"Sensual massage for beginners mit Ayo Gry"},"content":{"rendered":"<div class=\"wpb-content-wrapper\"><div class=\"vc_row wpb_row vc_row-fluid\"><div class=\"wpb_column vc_column_container vc_col-sm-12\"><div class=\"vc_column-inner\"><div class=\"wpb_wrapper\"><h4 style=\"text-align: left\" class=\"vc_custom_heading vc_do_custom_heading\" >Sensual Touch Lab Series<\/h4><h5 style=\"text-align: left\" class=\"vc_custom_heading vc_do_custom_heading\" >Sensual massage for beginners mit Ayo Gry<\/h5>\n\t<div class=\"wpb_text_column wpb_content_element\" >\n\t\t<div class=\"wpb_wrapper\">\n\t\t\t<div class=\"x11i5rnm xat24cr x1mh8g0r x1vvkbs xtlvy1s\">\n<div class=\"x11i5rnm xat24cr x1mh8g0r x1vvkbs xtlvy1s\">\n<div class=\"x11i5rnm xat24cr x1mh8g0r x1vvkbs xtlvy1s\">\n<p>An diesem Abend tauchen wir ein in die Kunst der Kultivierung von Lust und Intimit\u00e4t durch Ber\u00fchrung und K\u00f6rperkontakt. Entdecken Sie, wie die sinnliche Massage einen Raum bietet, um die Sinne zu wecken, die Leidenschaft zu entfachen und gleichzeitig Ihre pers\u00f6nlichen Grenzen zu respektieren. Der Austausch von Ber\u00fchrungen ist nicht nur eine Praxis des Vertrauens und der Zustimmung, sondern auch eine Gelegenheit zur spielerischen Erkundung.<\/p>\n<p>Dieser Workshop ist sowohl f\u00fcr Anf\u00e4nger als auch f\u00fcr erfahrene Menschen geeignet. Ayo bietet eine unterst\u00fctzende Umgebung, in der Lachen, Unsicherheiten und Fragen wichtige Bestandteile des Rezepts sind. Unser Ziel ist es, Oxytocin \u2013 das Gl\u00fcckshormon \u2013 in die H\u00f6he zu treiben und gleichzeitig Cortisol, das Stresshormon, aus dem K\u00f6rper zu verbannen.<\/p>\n<p>Wie viel Kleidung du an beh\u00e4ltst, ist dir freigestellt. Dies ist eine offene Einladung, nackt zu sein und sich in seiner Ganzheit zu zeigen. Es wird Kokosnuss\u00f6l zur freien Verf\u00fcgung stehen. Du kannst gerne das \u00d6l deiner Wahl mitbringen, wenn du etwas anderes verwenden m\u00f6chtest.<\/p>\n<p>Du kannst gerne allein kommen oder einen Freund oder Partner mitbringen. Bitte bring ein Handtuch oder ein Laken mit, auf das du dich legen k\u00f6nnen.<\/p>\n<\/div>\n<\/div>\n<\/div>\n\n\t\t<\/div>\n\t<\/div>\n<div class=\"vc_separator wpb_content_element vc_separator_align_center vc_sep_width_100 vc_sep_pos_align_center vc_separator_no_text vc_sep_color_grey wpb_content_element  wpb_content_element\" ><span class=\"vc_sep_holder vc_sep_holder_l\"><span class=\"vc_sep_line\"><\/span><\/span><span class=\"vc_sep_holder vc_sep_holder_r\"><span class=\"vc_sep_line\"><\/span><\/span>\n<\/div>\n\t<div class=\"wpb_text_column wpb_content_element\" >\n\t\t<div class=\"wpb_wrapper\">\n\t\t\t<div class=\"x11i5rnm xat24cr x1mh8g0r x1vvkbs xtlvy1s\">\n<div class=\"x11i5rnm xat24cr x1mh8g0r x1vvkbs xtlvy1s\">\n<div class=\"x11i5rnm xat24cr x1mh8g0r x1vvkbs xtlvy1s\">\n<p><strong><img loading=\"lazy\" decoding=\"async\" class=\" wp-image-13912 alignleft\" src=\"https:\/\/wearevillage.org\/wp-content\/uploads\/2024\/03\/wav-team-ayo-gri-270x300.png\" alt=\"\" width=\"144\" height=\"160\" srcset=\"https:\/\/wearevillage.org\/wp-content\/uploads\/2024\/03\/wav-team-ayo-gri-270x300.png 270w, https:\/\/wearevillage.org\/wp-content\/uploads\/2024\/03\/wav-team-ayo-gri-135x150.png 135w, https:\/\/wearevillage.org\/wp-content\/uploads\/2024\/03\/wav-team-ayo-gri-768x853.png 768w, https:\/\/wearevillage.org\/wp-content\/uploads\/2024\/03\/wav-team-ayo-gri-624x693.png 624w, https:\/\/wearevillage.org\/wp-content\/uploads\/2024\/03\/wav-team-ayo-gri-390x433.png 390w, https:\/\/wearevillage.org\/wp-content\/uploads\/2024\/03\/wav-team-ayo-gri-600x667.png 600w, https:\/\/wearevillage.org\/wp-content\/uploads\/2024\/03\/wav-team-ayo-gri.png 900w\" sizes=\"auto, (max-width: 144px) 100vw, 144px\" \/>Ayo Gry<\/strong> (they\/he) lebt in Berlin, kommt aus D\u00e4nemark, ist Genussforscher und Kunst-Kollaborateur. They arbeitet als Praktiker der Embodied Therapy mit Qualifikationen in Sexological Bodywork, Mind\/Body Therapy und Pantarei Approach. Ayo ist Mitbegr\u00fcnder von Skinship_Berlin im Jahr 2020.<\/p>\n<\/div>\n<\/div>\n<\/div>\n<p>\u00a0<\/p>\n<p>\u00a0<\/p>\n\n\t\t<\/div>\n\t<\/div>\n<div class=\"vc_separator wpb_content_element vc_separator_align_center vc_sep_width_100 vc_sep_pos_align_center vc_separator_no_text vc_sep_color_grey wpb_content_element  wpb_content_element\" ><span class=\"vc_sep_holder vc_sep_holder_l\"><span class=\"vc_sep_line\"><\/span><\/span><span class=\"vc_sep_holder vc_sep_holder_r\"><span class=\"vc_sep_line\"><\/span><\/span>\n<\/div>\n\t<div class=\"wpb_text_column wpb_content_element\" >\n\t\t<div class=\"wpb_wrapper\">\n\t\t\t<div class=\"x11i5rnm xat24cr x1mh8g0r x1vvkbs xtlvy1s\">\n<div class=\"x11i5rnm xat24cr x1mh8g0r x1vvkbs xtlvy1s\">\n<div class=\"x11i5rnm xat24cr x1mh8g0r x1vvkbs xtlvy1s\">\n<p><em><b>Was ist Sensual Touch Lab Series?<br \/>\n<\/b><\/em>Sensual touch lab ist ein monatliches Format, das uns verschiedenen Ber\u00fchrungstechniken n\u00e4her bringt. Jedes Mal konzentrieren wir uns auf eine bestimmte K\u00f6rperregion oder eine bestimmte Technik.<\/p>\n<p>Vermisst du auch manchmal R\u00e4ume, in denen du deine intimen W\u00fcnsche in einer sicheren Weise ausdr\u00fccken kannst? Was w\u00e4re, wenn wir es wagen w\u00fcrden, gemeinsam einen solchen Raum zu schaffen? Einladend zu Intimit\u00e4t, sinnlichen und erotischen Ber\u00fchrungen auf der Basis von Offenheit, Zustimmung und Vertrauen f\u00fcr tiefere Verbindungen zu uns selbst und anderen!<\/p>\n<p>Unser Wunsch ist es, einen Raum f\u00fcr spielerische Begegnungen zu schaffen, in dem wir neue Wege im Umgang mit unseren eigenen \u00c4ngsten oder Mustern in Bezug auf Nacktheit, Intimit\u00e4t und Ber\u00fchrung erkunden. Lasst uns mit unserer sexuellen Identit\u00e4t spielen, unsere Grenzen auf liebevolle Art und Weise erweitern und bedeutungsvolle Verbindungen durch die Kraft der Ganzk\u00f6rperber\u00fchrung im gegenseitigen Einverst\u00e4ndnis erleben.<\/p>\n<\/div>\n<\/div>\n<\/div>\n\n\t\t<\/div>\n\t<\/div>\n<div class=\"vc_separator wpb_content_element vc_separator_align_center vc_sep_width_100 vc_sep_pos_align_center vc_separator_no_text vc_sep_color_grey wpb_content_element  wpb_content_element\" ><span class=\"vc_sep_holder vc_sep_holder_l\"><span class=\"vc_sep_line\"><\/span><\/span><span class=\"vc_sep_holder vc_sep_holder_r\"><span class=\"vc_sep_line\"><\/span><\/span>\n<\/div>\n\t<div class=\"wpb_text_column wpb_content_element\" >\n\t\t<div class=\"wpb_wrapper\">\n\t\t\t<div class=\"x11i5rnm xat24cr x1mh8g0r x1vvkbs xtlvy1s\">\n<div class=\"x11i5rnm xat24cr x1mh8g0r x1vvkbs xtlvy1s\">\n<div class=\"x11i5rnm xat24cr x1mh8g0r x1vvkbs xtlvy1s\">\n<p><em><b>Accessibility<\/b><br \/>\n\u2022 Dieses Event wird auf Englisch sein.<br \/>\n\u2022 Wir haben erm\u00e4\u00dfigte Solidarit\u00e4tstickets.\u00a0 Anfrage per E-Mail bitte an <strong><a href=\"mailto:events@wearevillage.org\"><span id=\"wpmt-979163-137857\">events@wearevillage.org<\/span><\/a><\/strong><br \/>\n\u2022 Diese Veranstaltung ist <strong>nicht<\/strong> f\u00fcr die beiden kostenlosen monatlichen Veranstaltungen freigegeben, die Teil der Mitgliedschaft bei <a href=\"https:\/\/wearevillage.org\/en\/produkt-kategorie\/memberships-en-2\/\"><strong>we are village membership<\/strong><\/a> sind.<\/em><\/p>\n<\/div>\n<\/div>\n<\/div>\n\n\t\t<\/div>\n\t<\/div>\n<\/div><\/div><\/div><\/div><div class=\"vc_row wpb_row vc_row-fluid\"><div class=\"wpb_column vc_column_container vc_col-sm-12\"><div class=\"vc_column-inner\"><div class=\"wpb_wrapper\"><\/div><\/div><\/div><\/div>\n<\/div>","protected":false},"excerpt":{"rendered":"<h5>Montag<br \/>\n20:00 \u2013 22:00<\/h5>\n<p class=\"p1\"><strong>| <span style=\"color: #ec6c23;\">GBTQ men*<\/span>\u00a0|<\/strong><\/p>\n<div class=\"x11i5rnm xat24cr x1mh8g0r x1vvkbs xtlvy1s\">\n<p>An diesem Abend tauchen wir ein in die Kunst der Kultivierung von Lust und Intimit\u00e4t durch Ber\u00fchrung und K\u00f6rperkontakt. Entdecken Sie, wie die sinnliche Massage einen Raum bietet, um die Sinne zu wecken, die Leidenschaft zu entfachen und gleichzeitig Ihre pers\u00f6nlichen Grenzen zu respektieren. Der Austausch von Ber\u00fchrungen ist nicht nur eine Praxis des Vertrauens und der Zustimmung, sondern auch eine Gelegenheit zur spielerischen Erkundung.<\/p>\n<\/div>\n","protected":false},"author":11,"featured_media":14018,"template":"","meta":{"pmpro_default_level":"","inline_featured_image":false},"product_brand":[],"product_cat":[79,83],"product_tag":[256],"class_list":{"0":"post-13564","1":"product","2":"type-product","3":"status-publish","4":"has-post-thumbnail","6":"product_cat-monatliche-events","7":"product_cat-workshops","8":"product_tag-gbtq-men","9":"pmpro-has-access","11":"first","12":"instock","13":"purchasable","14":"product-type-variable","15":"has-default-attributes"},"wpml_current_locale":"de_DE","wpml_translations":{"en_US":{"locale":"en_US","id":13561,"slug":"sensual-touch-lab-series","post_title":"Sensual massage for beginners with Ayo Gry","href":"https:\/\/wearevillage.org\/en\/shop\/sensual-touch\/w15-2024"}},"language":{"code":"de","locale":"","name":"","is_rtl":false},"_links":{"self":[{"href":"https:\/\/wearevillage.org\/wp-json\/wp\/v2\/product\/13564","targetHints":{"allow":["GET"]}}],"collection":[{"href":"https:\/\/wearevillage.org\/wp-json\/wp\/v2\/product"}],"about":[{"href":"https:\/\/wearevillage.org\/wp-json\/wp\/v2\/types\/product"}],"author":[{"embeddable":true,"href":"https:\/\/wearevillage.org\/wp-json\/wp\/v2\/users\/11"}],"wp:featuredmedia":[{"embeddable":true,"href":"https:\/\/wearevillage.org\/wp-json\/wp\/v2\/media\/14018"}],"wp:attachment":[{"href":"https:\/\/wearevillage.org\/wp-json\/wp\/v2\/media?parent=13564"}],"wp:term":[{"taxonomy":"product_brand","embeddable":true,"href":"https:\/\/wearevillage.org\/wp-json\/wp\/v2\/product_brand?post=13564"},{"taxonomy":"product_cat","embeddable":true,"href":"https:\/\/wearevillage.org\/wp-json\/wp\/v2\/product_cat?post=13564"},{"taxonomy":"product_tag","embeddable":true,"href":"https:\/\/wearevillage.org\/wp-json\/wp\/v2\/product_tag?post=13564"}],"curies":[{"name":"wp","href":"https:\/\/api.w.org\/{rel}","templated":true}]}}