{"id":13670,"date":"2024-03-26T16:57:58","date_gmt":"2024-03-26T15:57:58","guid":{"rendered":"https:\/\/wearevillage.org\/?post_type=product&#038;p=13670"},"modified":"2024-03-26T17:01:59","modified_gmt":"2024-03-26T16:01:59","slug":"queer-contact-improvisation-laboratory-22","status":"publish","type":"product","link":"https:\/\/wearevillage.org\/shop\/queer-contact\/w21-2024\/","title":{"rendered":"Queer Contact Improvisation Laboratory"},"content":{"rendered":"<div class=\"wpb-content-wrapper\"><div class=\"vc_row wpb_row vc_row-fluid\"><div class=\"wpb_column vc_column_container vc_col-sm-10\"><div class=\"vc_column-inner\"><div class=\"wpb_wrapper\"><div class=\"vc_row wpb_row vc_inner vc_row-fluid\"><div class=\"wpb_column vc_column_container vc_col-sm-6\"><div class=\"vc_column-inner\"><div class=\"wpb_wrapper\"><\/div><\/div><\/div><div class=\"wpb_column vc_column_container vc_col-sm-6\"><div class=\"vc_column-inner\"><div class=\"wpb_wrapper\"><\/div><\/div><\/div><\/div><\/div><\/div><\/div><div class=\"wpb_column vc_column_container vc_col-sm-2\"><div class=\"vc_column-inner\"><div class=\"wpb_wrapper\"><\/div><\/div><\/div><\/div><div class=\"vc_row wpb_row vc_row-fluid\"><div class=\"wpb_column vc_column_container vc_col-sm-12\"><div class=\"vc_column-inner\"><div class=\"wpb_wrapper\"><h4 style=\"text-align: left\" class=\"vc_custom_heading vc_do_custom_heading\" >Queer Contact Improvisation Laboratory<\/h4><h5 style=\"text-align: left\" class=\"vc_custom_heading vc_do_custom_heading\" >mit Contact Improvisation Collective<\/h5>\n\t<div class=\"wpb_text_column wpb_content_element\" >\n\t\t<div class=\"wpb_wrapper\">\n\t\t\t<div class=\"x11i5rnm xat24cr x1mh8g0r x1vvkbs xtlvy1s\">\n<div class=\"x11i5rnm xat24cr x1mh8g0r x1vvkbs xtlvy1s\">\n<div class=\"x11i5rnm xat24cr x1mh8g0r x1vvkbs xtlvy1s\">\n<p>Contact Improvisation ist eine Tanzform, bei der Ber\u00fchrung, das Teilen von Gewicht und k\u00f6rperliches Zuh\u00f6ren als Leitprinzipien f\u00fcr das gemeinsame Tanzen im Vordergrund stehen. Die Praxis ist offen f\u00fcr Personen aller Erfahrungsstufen und k\u00f6rperlichen F\u00e4higkeiten. Vorerfahrung ist nicht n\u00f6tig.<\/p>\n<p>Im queeren Kontext kann Kontaktimprovisation als wirkungsvolle\u00a0Plattform zur F\u00f6rderung eines Gemeinschaftsgef\u00fchls\u00a0und zur Erkundung neuer Formen der K\u00f6rperlichkeit unter Queers dienen. Es f\u00f6rdert das Zugeh\u00f6rigkeitsgef\u00fchl und erm\u00f6glicht den\u00a0Teilnehmer*innen, sich frei und authentisch zu bewegen und\u00a0gleichzeitig ihre Individualit\u00e4t in Verbundenheit zu w\u00fcrdigen.<\/p>\n<p>Dieser Kurs konzentriert sich auf schwule, bisexuelle, trans\u00a0und queere M\u00e4nner* sowie auf Personen, die sich geschlechtlich im\u00a0Spektrum zwischen m\u00e4nnlich und nicht-bin\u00e4r verorten. Dieser Fokus\u00a0schafft einen Raum, der die Erfahrungen dieser\u00a0spezifischen\u00a0Identit\u00e4ten innerhalb der breiteren queeren Gemeinschaft anerkennt\u00a0und in den Mittelpunkt stellt.<\/p>\n<p>Dieses Event wird je nach Teilnehmerbed\u00fcrfnissen auf Deutsch und\/oder\u00a0Englisch sein. Ohne Voranmeldung. Kommt einfach vorbei!<\/p>\n<\/div>\n<\/div>\n<\/div>\n\n\t\t<\/div>\n\t<\/div>\n<\/div><\/div><\/div><\/div>\n<\/div>","protected":false},"excerpt":{"rendered":"<h5>Montags<br \/>\n20:00 \u2013 21:30<br \/>\nZahlung an der T\u00fcr<\/h5>\n<p class=\"p1\"><strong>| <span style=\"color: #ec6c23;\">GBTQ men*<\/span>\u00a0|<\/strong><\/p>\n<p class=\"x11i5rnm xat24cr x1mh8g0r x1vvkbs xtlvy1s\">Contact Improvisation ist eine Tanzform, bei der Ber\u00fchrung, das Teilen von Gewicht und k\u00f6rperliches Zuh\u00f6ren als Leitprinzipien f\u00fcr das gemeinsame Tanzen im Vordergrund stehen.<\/p>\n","protected":false},"author":11,"featured_media":1746,"template":"","meta":{"pmpro_default_level":"","inline_featured_image":false},"product_brand":[],"product_cat":[82],"product_tag":[256],"class_list":{"0":"post-13670","1":"product","2":"type-product","3":"status-publish","4":"has-post-thumbnail","6":"product_cat-woechentliche-klassen","7":"product_tag-gbtq-men","8":"pmpro-has-access","10":"first","11":"instock","12":"purchasable","13":"product-type-variable"},"wpml_current_locale":"de_DE","wpml_translations":{"en_US":{"locale":"en_US","id":13673,"slug":"queer-contact-improvisation-laboratory-kopie-18","post_title":"Queer Contact Improvisation Laboratory","href":"https:\/\/wearevillage.org\/en\/shop\/queer-contact\/w21-2024"}},"language":{"code":"de","locale":"","name":"","is_rtl":false},"_links":{"self":[{"href":"https:\/\/wearevillage.org\/wp-json\/wp\/v2\/product\/13670","targetHints":{"allow":["GET"]}}],"collection":[{"href":"https:\/\/wearevillage.org\/wp-json\/wp\/v2\/product"}],"about":[{"href":"https:\/\/wearevillage.org\/wp-json\/wp\/v2\/types\/product"}],"author":[{"embeddable":true,"href":"https:\/\/wearevillage.org\/wp-json\/wp\/v2\/users\/11"}],"wp:featuredmedia":[{"embeddable":true,"href":"https:\/\/wearevillage.org\/wp-json\/wp\/v2\/media\/1746"}],"wp:attachment":[{"href":"https:\/\/wearevillage.org\/wp-json\/wp\/v2\/media?parent=13670"}],"wp:term":[{"taxonomy":"product_brand","embeddable":true,"href":"https:\/\/wearevillage.org\/wp-json\/wp\/v2\/product_brand?post=13670"},{"taxonomy":"product_cat","embeddable":true,"href":"https:\/\/wearevillage.org\/wp-json\/wp\/v2\/product_cat?post=13670"},{"taxonomy":"product_tag","embeddable":true,"href":"https:\/\/wearevillage.org\/wp-json\/wp\/v2\/product_tag?post=13670"}],"curies":[{"name":"wp","href":"https:\/\/api.w.org\/{rel}","templated":true}]}}