{"id":13713,"date":"2024-03-27T15:48:14","date_gmt":"2024-03-27T14:48:14","guid":{"rendered":"https:\/\/wearevillage.org\/?post_type=product&#038;p=13713"},"modified":"2024-04-10T12:15:00","modified_gmt":"2024-04-10T10:15:00","slug":"village-outdoor-durch-das-briesetal","status":"publish","type":"product","link":"https:\/\/wearevillage.org\/shop\/village-outdoor\/w17-2024\/","title":{"rendered":"Village Outdoor \u2013 Durch das Briesetal"},"content":{"rendered":"<div class=\"wpb-content-wrapper\"><div class=\"vc_row wpb_row vc_row-fluid\"><div class=\"wpb_column vc_column_container vc_col-sm-10\"><div class=\"vc_column-inner\"><div class=\"wpb_wrapper\"><\/div><\/div><\/div><div class=\"wpb_column vc_column_container vc_col-sm-2\"><div class=\"vc_column-inner\"><div class=\"wpb_wrapper\"><\/div><\/div><\/div><\/div><div class=\"vc_row wpb_row vc_row-fluid\"><div class=\"wpb_column vc_column_container vc_col-sm-12\"><div class=\"vc_column-inner\"><div class=\"wpb_wrapper\"><h4 style=\"text-align: left\" class=\"vc_custom_heading vc_do_custom_heading\" >Village Outdoor \u2013 Durch das Briesetal<\/h4><h5 style=\"text-align: left\" class=\"vc_custom_heading vc_do_custom_heading\" >with Harms Wulf & Daniel Salamon<\/h5>\n\t<div class=\"wpb_text_column wpb_content_element\" >\n\t\t<div class=\"wpb_wrapper\">\n\t\t\t<div class=\"x11i5rnm xat24cr x1mh8g0r x1vvkbs xtlvy1s\">\n<div class=\"x11i5rnm xat24cr x1mh8g0r x1vvkbs xtlvy1s\">\n<div class=\"x11i5rnm xat24cr x1mh8g0r x1vvkbs xtlvy1s\">\n<div class=\"x11i5rnm xat24cr x1mh8g0r x1vvkbs xtlvy1s\">\n<p>F\u00fcr 14 km folgen wir der Briese auf einem Teil des 66-Seen-Weges von Bhf. Wensickendorf nach S- Bhf. Birkenwerder. Es ist eine leichte Wanderung mit Einkehrm\u00f6glichkeiten kurz nach dem Start, am Boddensee entlang und in Birkenwerder, aber bringt mit, was Du unterwegs zur Verpflegung brauchst. Wir passieren ein paar der 66 Seen, und es k\u00f6nnte eine Chance f\u00fcr die Hartgeso-enen sein, ein Bad zu nehmen!<\/p>\n<p>Village Outdoor Events sind ein monatliches Treffen f\u00fcr die we are village-Community and Friends, um die Natur in Berlin und dar\u00fcber hinaus zu erkunden, einschlie\u00dflich Waldwanderungen, Fahrradtouren, Schwimmen im See, Stadtbesichtigungen, Kajakfahren im Umland und mehr. Die Grundlage der Outdoor Events ist ein kostenloser und relativ einfacher Spaziergang oder eine Wanderung einmal im Monat in Berlins Gr\u00fcnanlagen und an Orten, die innerhalb des S&U Bahns erreichbar sind.<\/p>\n<p>Dieses Event ist kostenfrei in Bezug auf Organisation und Teilnahme. Sollten Eintritts- oder Nutzungskosten anfallen, k\u00f6nnen wir diese \u00fcber Privatspenden tragen, um so f\u00fcr alle 100%ige Zug\u00e4nglichkeit zu gew\u00e4hrleisten. Bitte la\u00df uns per Email vorher wissen, ob du dieses Angebot in Anspruch nehmen m\u00f6chtest. Die Information wird vertraulich behandelt.<\/p>\n<\/div>\n<\/div>\n<\/div>\n<\/div>\n\n\t\t<\/div>\n\t<\/div>\n<\/div><\/div><\/div><\/div><div class=\"vc_row wpb_row vc_row-fluid\"><div class=\"wpb_column vc_column_container vc_col-sm-12\"><div class=\"vc_column-inner\"><div class=\"wpb_wrapper\">\n\t<div class=\"wpb_text_column wpb_content_element\" >\n\t\t<div class=\"wpb_wrapper\">\n\t\t\t<p><em>Treffpunkt: Bhf. Wensickendorf\u00a0 \u00a0<\/em><\/p>\n\n\t\t<\/div>\n\t<\/div>\n<\/div><\/div><\/div><\/div>\n<\/div>","protected":false},"excerpt":{"rendered":"<h5><strong>Outdoor Event<\/strong><br \/>\n<strong>jeden letzten Sonntag im Monat<\/strong><br \/>\n<strong>11:00 \u2013 16:00<\/strong><br \/>\n<strong>Treffpunkt: Bhf. Wensickendorf<\/strong><\/h5>\n<h5><strong>| <span style=\"color: #ec6c23;\">LGBTQIA+\u00a0<\/span>|<\/strong><\/h5>\n<div class=\"x11i5rnm xat24cr x1mh8g0r x1vvkbs xtlvy1s\">\n<div class=\"x11i5rnm xat24cr x1mh8g0r x1vvkbs xtlvy1s\">\n<p>Wanderung entlang der Briese.<\/p>\n<\/div>\n<\/div>\n","protected":false},"author":12,"featured_media":13742,"template":"","meta":{"pmpro_default_level":"","inline_featured_image":false},"product_brand":[],"product_cat":[77,769,79],"product_tag":[469],"class_list":{"0":"post-13713","1":"product","2":"type-product","3":"status-publish","4":"has-post-thumbnail","6":"product_cat-community-events","7":"product_cat-kostenloser-zugang","8":"product_cat-monatliche-events","9":"product_tag-lgbtqiaplus","10":"pmpro-has-access","12":"first","13":"outofstock","14":"purchasable","15":"product-type-variable"},"wpml_current_locale":"de_DE","wpml_translations":{"en_US":{"locale":"en_US","id":13714,"slug":"village-outdoor-wannsee-to-the-pfaueninsel-kopie","post_title":"Village Outdoor \u2013 Through the Briesetal","href":"https:\/\/wearevillage.org\/en\/shop\/village-outdoor\/w17-2024"}},"language":{"code":"de","locale":"","name":"","is_rtl":false},"_links":{"self":[{"href":"https:\/\/wearevillage.org\/wp-json\/wp\/v2\/product\/13713","targetHints":{"allow":["GET"]}}],"collection":[{"href":"https:\/\/wearevillage.org\/wp-json\/wp\/v2\/product"}],"about":[{"href":"https:\/\/wearevillage.org\/wp-json\/wp\/v2\/types\/product"}],"author":[{"embeddable":true,"href":"https:\/\/wearevillage.org\/wp-json\/wp\/v2\/users\/12"}],"wp:featuredmedia":[{"embeddable":true,"href":"https:\/\/wearevillage.org\/wp-json\/wp\/v2\/media\/13742"}],"wp:attachment":[{"href":"https:\/\/wearevillage.org\/wp-json\/wp\/v2\/media?parent=13713"}],"wp:term":[{"taxonomy":"product_brand","embeddable":true,"href":"https:\/\/wearevillage.org\/wp-json\/wp\/v2\/product_brand?post=13713"},{"taxonomy":"product_cat","embeddable":true,"href":"https:\/\/wearevillage.org\/wp-json\/wp\/v2\/product_cat?post=13713"},{"taxonomy":"product_tag","embeddable":true,"href":"https:\/\/wearevillage.org\/wp-json\/wp\/v2\/product_tag?post=13713"}],"curies":[{"name":"wp","href":"https:\/\/api.w.org\/{rel}","templated":true}]}}