{"id":13729,"date":"2024-03-28T12:55:02","date_gmt":"2024-03-28T11:55:02","guid":{"rendered":"https:\/\/wearevillage.org\/?post_type=product&#038;p=13729"},"modified":"2024-05-06T12:48:33","modified_gmt":"2024-05-06T10:48:33","slug":"sensual-touch-lab-series-3","status":"publish","type":"product","link":"https:\/\/wearevillage.org\/shop\/sensual-touch\/w20-2024\/","title":{"rendered":"Desire in the Dark"},"content":{"rendered":"<div class=\"wpb-content-wrapper\"><div class=\"vc_row wpb_row vc_row-fluid\"><div class=\"wpb_column vc_column_container vc_col-sm-12\"><div class=\"vc_column-inner\"><div class=\"wpb_wrapper\"><h4 style=\"text-align: left\" class=\"vc_custom_heading vc_do_custom_heading\" >Sensual Touch Lab Series \u2013 Desire in the Dark<\/h4><h5 style=\"text-align: left\" class=\"vc_custom_heading vc_do_custom_heading\" >mit Markus Kaufmann<\/h5>\n\t<div class=\"wpb_text_column wpb_content_element\" >\n\t\t<div class=\"wpb_wrapper\">\n\t\t\t<div class=\"x11i5rnm xat24cr x1mh8g0r x1vvkbs xtlvy1s\">\n<div class=\"x11i5rnm xat24cr x1mh8g0r x1vvkbs xtlvy1s\">\n<div class=\"x11i5rnm xat24cr x1mh8g0r x1vvkbs xtlvy1s\">\n<p>Im Umgang mit unseren erotischen und sexuellen W\u00fcnschen hindern uns manchmal Scham oder andere Themen daran, unsere Bed\u00fcrfnisse auf gesunde Weise auszudr\u00fccken und wir vernachl\u00e4ssigen oder unterdr\u00fccken sie oft. So soll unser Workshop der sinnlichen Ber\u00fchrung dieses Mal auf spielerische Weise mehr Bewusstsein f\u00fcr unsere verborgenen W\u00fcnsche schaffen. Bist du neugierig darauf, in einer achtsamen Umgebung zu erforschen, was sich in deinen dunklen Ecken verbirgt?<\/p>\n<p>Markus wird dich durch eine Reihe von somatisch-sinnlichen \u00dcbungen f\u00fchren, um diese Teile in dir zu erforschen und zu entdecken, einschlie\u00dflich Zeit f\u00fcr Selbstreflexion, Partner\u00fcbungen und Gruppenerfahrung. Dabei werden auch Augenbinden eingesetzt, um dich aus deinem Verstand heraus und mehr in die gef\u00fchlten Empfindungen in der Dunkelheit zu bringen. Bist du bereit, dich dem Unbekannten hinzugeben? Neue Wege der Lust zu erforschen?<\/p>\n<p>Nacktheit ist optional, jede \u00dcbung wird einvernehmlich und mit der Option, ein- oder auszusteigen, durchgef\u00fchrt. Auch wenn wir in diesem Workshop sexuelle W\u00fcnsche ansprechen, sind sexuelle Aktivit\u00e4ten nicht Teil dieser Veranstaltung.<\/p>\n<p>Bitte bring ein Handtuch und einen Sarong mit und komm frisch geduscht.<\/p>\n<\/div>\n<\/div>\n<\/div>\n\n\t\t<\/div>\n\t<\/div>\n<div class=\"vc_separator wpb_content_element vc_separator_align_center vc_sep_width_100 vc_sep_pos_align_center vc_separator_no_text vc_sep_color_grey wpb_content_element  wpb_content_element\" ><span class=\"vc_sep_holder vc_sep_holder_l\"><span class=\"vc_sep_line\"><\/span><\/span><span class=\"vc_sep_holder vc_sep_holder_r\"><span class=\"vc_sep_line\"><\/span><\/span>\n<\/div>\n\t<div class=\"wpb_text_column wpb_content_element\" >\n\t\t<div class=\"wpb_wrapper\">\n\t\t\t<div class=\"x11i5rnm xat24cr x1mh8g0r x1vvkbs xtlvy1s\">\n<div class=\"x11i5rnm xat24cr x1mh8g0r x1vvkbs xtlvy1s\">\n<div class=\"x11i5rnm xat24cr x1mh8g0r x1vvkbs xtlvy1s\">\n<p><img loading=\"lazy\" decoding=\"async\" class=\" wp-image-14275 alignleft\" src=\"https:\/\/wearevillage.org\/wp-content\/uploads\/2024\/03\/Screen-Shot-2024-04-23-at-16.30.15-300x266.png\" alt=\"\" width=\"189\" height=\"168\" srcset=\"https:\/\/wearevillage.org\/wp-content\/uploads\/2024\/03\/Screen-Shot-2024-04-23-at-16.30.15-300x266.png 300w, https:\/\/wearevillage.org\/wp-content\/uploads\/2024\/03\/Screen-Shot-2024-04-23-at-16.30.15-150x133.png 150w, https:\/\/wearevillage.org\/wp-content\/uploads\/2024\/03\/Screen-Shot-2024-04-23-at-16.30.15-768x681.png 768w, https:\/\/wearevillage.org\/wp-content\/uploads\/2024\/03\/Screen-Shot-2024-04-23-at-16.30.15-624x553.png 624w, https:\/\/wearevillage.org\/wp-content\/uploads\/2024\/03\/Screen-Shot-2024-04-23-at-16.30.15-390x346.png 390w, https:\/\/wearevillage.org\/wp-content\/uploads\/2024\/03\/Screen-Shot-2024-04-23-at-16.30.15-600x532.png 600w, https:\/\/wearevillage.org\/wp-content\/uploads\/2024\/03\/Screen-Shot-2024-04-23-at-16.30.15.png 1024w\" sizes=\"auto, (max-width: 189px) 100vw, 189px\" \/><strong>Markus Kaufmann\u2028<\/strong>unterst\u00fctzt in seiner T\u00e4tigkeit als Gesundheitscoach chronisch kranke Menschen bei ihrer Alltagsbew\u00e4ltigung. Die Arbeit, die Markus anbietet, l\u00e4sst sich am besten als Raum beschreiben, in dem Psychologie auf Spiritualit\u00e4t trifft. Markus ist ausgebildeter systemischer Coach, Heilpraktiker Psychotherapie, Yogatherapeut sowie Energiearbeiter.<\/p>\n<p>\u00a0<\/p>\n<\/div>\n<\/div>\n<\/div>\n\n\t\t<\/div>\n\t<\/div>\n<div class=\"vc_separator wpb_content_element vc_separator_align_center vc_sep_width_100 vc_sep_pos_align_center vc_separator_no_text vc_sep_color_grey wpb_content_element  wpb_content_element\" ><span class=\"vc_sep_holder vc_sep_holder_l\"><span class=\"vc_sep_line\"><\/span><\/span><span class=\"vc_sep_holder vc_sep_holder_r\"><span class=\"vc_sep_line\"><\/span><\/span>\n<\/div>\n\t<div class=\"wpb_text_column wpb_content_element\" >\n\t\t<div class=\"wpb_wrapper\">\n\t\t\t<div class=\"x11i5rnm xat24cr x1mh8g0r x1vvkbs xtlvy1s\">\n<div class=\"x11i5rnm xat24cr x1mh8g0r x1vvkbs xtlvy1s\">\n<div class=\"x11i5rnm xat24cr x1mh8g0r x1vvkbs xtlvy1s\">\n<p><em><strong>Was ist Sensual Touch Lab Series?<br \/>\n<\/strong><\/em>Sensual Touch Lab Series ist monatlicher Workshop, bei dem wir uns gemeinsam auf den Weg machen, einen Raum f\u00fcr spielerische Begegnungen zu schaffen, in dem wir neue Wege im Umgang mit unseren eigenen \u00c4ngsten oder Mustern in Bezug auf Nacktheit, Intimit\u00e4t und Ber\u00fchrung erkunden. Lasst uns mit unserer sexuellen Identit\u00e4t spielen, unsere Grenzen auf liebevolle Art und Weise erweitern und bedeutungsvolle Verbindungen durch die Kraft der Ganzk\u00f6rperber\u00fchrung im gegenseitigen Einverst\u00e4ndnis erleben.<\/p>\n<p>Jede Sitzung wird ein gef\u00fchrter Prozess sein, der je nach Thema und Hintergrund des Moderators eine besondere Note hat, sei es K\u00f6rperarbeit und Massage, Kink, Somatik und Intimit\u00e4t oder etwas anderes.<\/p>\n<p>Wir werden immer einen klaren Rahmen und Grenzen f\u00fcr diese Sitzung festlegen. Im ersten Teil jeder Sitzung wird ein Schwerpunkt auf Einverst\u00e4ndniserkl\u00e4rungen und Sicherheitsregeln gelegt, um das Erkunden zu erleichtern.<\/p>\n<p>Diese Workshops k\u00f6nnen Nacktheit, Partnerschafts\u00fcbungen, das Einladen von Erregung und erotische Interaktionen beinhalten. Hinweis: Oralsex oder Penetration sind nicht vorgesehen. Bitte komme frisch geduscht, bringen ein Laken und ein Handtuch mit.<\/p>\n<\/div>\n<\/div>\n<\/div>\n\n\t\t<\/div>\n\t<\/div>\n<div class=\"vc_separator wpb_content_element vc_separator_align_center vc_sep_width_100 vc_sep_pos_align_center vc_separator_no_text vc_sep_color_grey wpb_content_element  wpb_content_element\" ><span class=\"vc_sep_holder vc_sep_holder_l\"><span class=\"vc_sep_line\"><\/span><\/span><span class=\"vc_sep_holder vc_sep_holder_r\"><span class=\"vc_sep_line\"><\/span><\/span>\n<\/div>\n\t<div class=\"wpb_text_column wpb_content_element\" >\n\t\t<div class=\"wpb_wrapper\">\n\t\t\t<div class=\"x11i5rnm xat24cr x1mh8g0r x1vvkbs xtlvy1s\">\n<div class=\"x11i5rnm xat24cr x1mh8g0r x1vvkbs xtlvy1s\">\n<div class=\"x11i5rnm xat24cr x1mh8g0r x1vvkbs xtlvy1s\">\n<p><em><b>Accessibility<\/b><br \/>\n\u2022 Dieses Event wird je nach Teilnehmerbed\u00fcrfnissen auf Deutsch und\/oder Englisch sein.<br \/>\n\u2022 Wir haben erm\u00e4\u00dfigte Solidarit\u00e4tstickets.\u00a0 Anfrage per E-Mail bitte an <strong><span id=\"wpmt-979163-137857\">events@wearevillage.org<\/span><\/strong><br \/>\n\u2022 Diese Veranstaltung ist <strong>nicht<\/strong> f\u00fcr die beiden kostenlosen monatlichen Veranstaltungen freigegeben, die Teil der Mitgliedschaft bei <strong>we are village membership<\/strong> sind.<\/em><\/p>\n<\/div>\n<\/div>\n<\/div>\n\n\t\t<\/div>\n\t<\/div>\n<\/div><\/div><\/div><div class=\"wpb_column vc_column_container vc_col-sm-12\"><div class=\"vc_column-inner\"><div class=\"wpb_wrapper\"><\/div><\/div><\/div><\/div>\n<\/div>","protected":false},"excerpt":{"rendered":"<h5>Sensual Touch Lab Series \u2013 Desire in the Dark<br \/>\nAm Montag (einmal im Monat)<br \/>\n20:00 \u2013 22:30<\/h5>\n<p class=\"p1\"><strong>| <span style=\"color: #ec6c23;\">GBTQ men*<\/span>\u00a0|<\/strong><\/p>\n<div class=\"x11i5rnm xat24cr x1mh8g0r x1vvkbs xtlvy1s\">\n<p>Vermisst du auch manchmal R\u00e4ume, in denen du deine intimen W\u00fcnsche in einer sicheren Weise ausdr\u00fccken kannst? Was w\u00e4re, wenn wir es wagen w\u00fcrden, gemeinsam einen solchen Raum zu schaffen? Einladend zu Intimit\u00e4t, sinnlichen und erotischen Ber\u00fchrungen auf der Basis von Offenheit, Zustimmung und Vertrauen f\u00fcr tiefere Verbindungen zu uns selbst und anderen!<\/p>\n<p>\u00a0<\/p>\n<\/div>\n","protected":false},"author":11,"featured_media":13725,"template":"","meta":{"pmpro_default_level":"","inline_featured_image":false},"product_brand":[],"product_cat":[79],"product_tag":[256],"class_list":{"0":"post-13729","1":"product","2":"type-product","3":"status-publish","4":"has-post-thumbnail","6":"product_cat-monatliche-events","7":"product_tag-gbtq-men","8":"pmpro-has-access","10":"first","11":"instock","12":"purchasable","13":"product-type-variable","14":"has-default-attributes"},"wpml_current_locale":"de_DE","wpml_translations":{"en_US":{"locale":"en_US","id":13726,"slug":"sensual-touch-lab-series-2","post_title":"Desire in the Dark","href":"https:\/\/wearevillage.org\/en\/shop\/sensual-touch\/w20-2024"}},"language":{"code":"de","locale":"","name":"","is_rtl":false},"_links":{"self":[{"href":"https:\/\/wearevillage.org\/wp-json\/wp\/v2\/product\/13729","targetHints":{"allow":["GET"]}}],"collection":[{"href":"https:\/\/wearevillage.org\/wp-json\/wp\/v2\/product"}],"about":[{"href":"https:\/\/wearevillage.org\/wp-json\/wp\/v2\/types\/product"}],"author":[{"embeddable":true,"href":"https:\/\/wearevillage.org\/wp-json\/wp\/v2\/users\/11"}],"wp:featuredmedia":[{"embeddable":true,"href":"https:\/\/wearevillage.org\/wp-json\/wp\/v2\/media\/13725"}],"wp:attachment":[{"href":"https:\/\/wearevillage.org\/wp-json\/wp\/v2\/media?parent=13729"}],"wp:term":[{"taxonomy":"product_brand","embeddable":true,"href":"https:\/\/wearevillage.org\/wp-json\/wp\/v2\/product_brand?post=13729"},{"taxonomy":"product_cat","embeddable":true,"href":"https:\/\/wearevillage.org\/wp-json\/wp\/v2\/product_cat?post=13729"},{"taxonomy":"product_tag","embeddable":true,"href":"https:\/\/wearevillage.org\/wp-json\/wp\/v2\/product_tag?post=13729"}],"curies":[{"name":"wp","href":"https:\/\/api.w.org\/{rel}","templated":true}]}}