{"id":13975,"date":"2024-04-05T16:10:13","date_gmt":"2024-04-05T14:10:13","guid":{"rendered":"https:\/\/wearevillage.org\/?post_type=product&#038;p=13975"},"modified":"2024-04-05T16:11:16","modified_gmt":"2024-04-05T14:11:16","slug":"queer-viniyasa-flow-yoga-3","status":"publish","type":"product","link":"https:\/\/wearevillage.org\/shop\/queer-yoga\/w15-2024\/","title":{"rendered":"Queer Viniyasa Flow Yoga"},"content":{"rendered":"<div class=\"wpb-content-wrapper\"><div class=\"vc_row wpb_row vc_row-fluid\"><div class=\"wpb_column vc_column_container vc_col-sm-12\"><div class=\"vc_column-inner\"><div class=\"wpb_wrapper\"><h4 style=\"text-align: left\" class=\"vc_custom_heading vc_do_custom_heading\" >Queer Viniyasa Flow Yoga<\/h4><h5 style=\"text-align: left\" class=\"vc_custom_heading vc_do_custom_heading\" >Lucas Desmurs<\/h5>\n\t<div class=\"wpb_text_column wpb_content_element\" >\n\t\t<div class=\"wpb_wrapper\">\n\t\t\t<div class=\"x11i5rnm xat24cr x1mh8g0r x1vvkbs xtlvy1s\">\n<div class=\"x11i5rnm xat24cr x1mh8g0r x1vvkbs xtlvy1s\">\n<div class=\"x11i5rnm xat24cr x1mh8g0r x1vvkbs xtlvy1s\">\n<p>Erlebe eine inklusive Viniyasa Flow Yoga Praxis, die Menschen aller Levels und Gender willkommen hei\u00dft. Nutze die Gelegenheit, dich innerlich zu verbinden und deinen K\u00f6rper und deine Seele durch Atem und Bewegung zu erkunden. Entdecke dein wahres Potenzial in einer unterst\u00fctzenden Umgebung, in der alle willkommen sind, sich dieser Reise der Selbstentdeckung und pers\u00f6nlichen Entwicklung anzuschlie\u00dfen.<\/p>\n<p>Der Viniyasa Flow Yoga-Kurs beginnt mit Zentrierung, sanften Aufw\u00e4rm\u00fcbungen und flie\u00dfenden Posen, mit Fokus auf der Verbindung von Atem und Bewegung. Es ist eine sanfte, spielerische Umgebung, in der Erkundung wichtiger ist als Perfektion. Die Sessions enden mit Entspannung.<\/p>\n<p><em>Dieses Event wird je nach Teilnehmerbed\u00fcrfnissen auf Deutsch und\/oder Englisch sein. Diese Veranstaltung kann als eine von monatliche zwei kostenfreien Veranstaltungen besucht werden, die Bestandteil\u00a0<\/em><em>der we are village\u00a0<strong><a href=\"https:\/\/wearevillage.org\/produkt-kategorie\/mitgliedschaften\/\" target=\"_blank\" rel=\"noopener\">Mitgliedschaft<\/a><\/strong>\u00a0sind.<\/em><\/p>\n<\/div>\n<\/div>\n<\/div>\n\n\t\t<\/div>\n\t<\/div>\n<\/div><\/div><\/div><\/div>\n<\/div>","protected":false},"excerpt":{"rendered":"<h5>Montags<br \/>\n18:00 \u2013 19:30<\/h5>\n<p class=\"p1\"><strong>| <span style=\"color: #ec6c23;\">LGBTQIA+ <\/span>|<\/strong><\/p>\n<p>Erlebe eine inklusive Viniyasa Flow Yoga Praxis, die Menschen aller Levels und Gender willkommen hei\u00dft. Nutze die Gelegenheit, dich innerlich zu verbinden und deinen K\u00f6rper und deine Seele durch Atem und Bewegung zu erkunden.<\/p>\n","protected":false},"author":11,"featured_media":1739,"template":"","meta":{"pmpro_default_level":"","inline_featured_image":false},"product_brand":[],"product_cat":[84],"product_tag":[469],"class_list":{"0":"post-13975","1":"product","2":"type-product","3":"status-publish","4":"has-post-thumbnail","6":"product_cat-zweiwoechentlich","7":"product_tag-lgbtqiaplus","8":"pmpro-has-access","10":"first","11":"instock","12":"purchasable","13":"product-type-variable"},"wpml_current_locale":"de_DE","wpml_translations":{"en_US":{"locale":"en_US","id":13979,"slug":"queer-viniyasa-flow-yoga-kopie-3","post_title":"Queer Viniyasa Flow Yoga","href":"https:\/\/wearevillage.org\/en\/shop\/queer-yoga\/w15-2024"}},"language":{"code":"de","locale":"","name":"","is_rtl":false},"_links":{"self":[{"href":"https:\/\/wearevillage.org\/wp-json\/wp\/v2\/product\/13975","targetHints":{"allow":["GET"]}}],"collection":[{"href":"https:\/\/wearevillage.org\/wp-json\/wp\/v2\/product"}],"about":[{"href":"https:\/\/wearevillage.org\/wp-json\/wp\/v2\/types\/product"}],"author":[{"embeddable":true,"href":"https:\/\/wearevillage.org\/wp-json\/wp\/v2\/users\/11"}],"wp:featuredmedia":[{"embeddable":true,"href":"https:\/\/wearevillage.org\/wp-json\/wp\/v2\/media\/1739"}],"wp:attachment":[{"href":"https:\/\/wearevillage.org\/wp-json\/wp\/v2\/media?parent=13975"}],"wp:term":[{"taxonomy":"product_brand","embeddable":true,"href":"https:\/\/wearevillage.org\/wp-json\/wp\/v2\/product_brand?post=13975"},{"taxonomy":"product_cat","embeddable":true,"href":"https:\/\/wearevillage.org\/wp-json\/wp\/v2\/product_cat?post=13975"},{"taxonomy":"product_tag","embeddable":true,"href":"https:\/\/wearevillage.org\/wp-json\/wp\/v2\/product_tag?post=13975"}],"curies":[{"name":"wp","href":"https:\/\/api.w.org\/{rel}","templated":true}]}}