{"id":14095,"date":"2024-04-09T15:45:27","date_gmt":"2024-04-09T13:45:27","guid":{"rendered":"https:\/\/wearevillage.org\/?post_type=product&#038;p=14095"},"modified":"2024-07-08T13:39:59","modified_gmt":"2024-07-08T11:39:59","slug":"mit-einsamkeit-umgehen-verbindungen-schaffen-7","status":"publish","type":"product","link":"https:\/\/wearevillage.org\/shop\/building-bridges-of-belonging\/w28-2024\/","title":{"rendered":"Mit Einsamkeit umgehen. Verbindungen schaffen"},"content":{"rendered":"<div class=\"wpb-content-wrapper\"><div class=\"vc_row wpb_row vc_row-fluid\"><div class=\"wpb_column vc_column_container vc_col-sm-12\"><div class=\"vc_column-inner\"><div class=\"wpb_wrapper\"><h4 style=\"text-align: left\" class=\"vc_custom_heading vc_do_custom_heading\" >Building bridges of belonging \u2013 Mit Einsamkeit umgehen. Verbindungen schaffen<\/h4><h5 style=\"text-align: left\" class=\"vc_custom_heading vc_do_custom_heading\" >mit Jochen Kleres<\/h5>\n\t<div class=\"wpb_text_column wpb_content_element\" >\n\t\t<div class=\"wpb_wrapper\">\n\t\t\t<div class=\"x11i5rnm xat24cr x1mh8g0r x1vvkbs xtlvy1s\">\n<div class=\"x11i5rnm xat24cr x1mh8g0r x1vvkbs xtlvy1s\">\n<div class=\"x11i5rnm xat24cr x1mh8g0r x1vvkbs xtlvy1s\">\n<p>Einsamkeit kann so viele Gesichter haben. Manche finden es schwer, \u00fcberhaupt Kontakte zu finden, gerade auch in einer Stadt wie Berlin mit ihren vielen sozialen M\u00f6glichkeiten. Manche m\u00f6gen Menschen um sich haben, aber f\u00fchlen sich dennoch bisweilen einsam, nicht zuletzt auch in Beziehungen. Andere sehnen sich nach Beziehungen, aber finden es schwierig, welche zu finden.<\/p>\n<p>Diese Gruppe bietet einen angeleiteten Raum, um Gef\u00fchle der Einsamkeit und was sie mit uns machen zu erkunden. Gemeinsam werden wir einander darin unterst\u00fctzen, Wege zu suchen und mit ihnen zu experimentieren, wie wir mit Einsamkeit umgehen und erf\u00fcllende Verbindungen kn\u00fcpfen k\u00f6nnen. Daf\u00fcr nutzen wir Methoden aus den Kreativtherapien.<\/p>\n<p>Wenn du deine eigenen Einsamkeitsgef\u00fchle verstehen und bew\u00e4ltigen willst und dich danach sehnst, tiefere Beziehungen zu anderen zu kn\u00fcpfen, laden wir dich zu diesem Workshop ein.<\/p>\n<\/div>\n<\/div>\n<\/div>\n\n\t\t<\/div>\n\t<\/div>\n\n\t<div class=\"wpb_text_column wpb_content_element\" >\n\t\t<div class=\"wpb_wrapper\">\n\t\t\t<p><strong>Jede*r f\u00fchlt sich manchmal einsam<\/strong><br \/>\n<strong>Als Menschen haben wir eine nat\u00fcrliche Sehnsucht nach sozialer Verbindung und Unterst\u00fctzung durch andere.\u00a0Queere Menschen haben aufgrund individueller und struktureller Formen der\u00a0Diskriminierung\u00a0ein noch h\u00f6heres Risiko, unter chronischer\u00a0Einsamkeit\u00a0zu leiden.<\/strong><br \/>\n<strong>In Zusammenarbeit mit der Landesstelle f\u00fcr Gleichbehandlung \u2013 gegen Diskriminierung hat sich we are village | queer matters f\u00fcr das Jahr 2023 zum Ziel gesetzt, das Thema Einsamkeit in der queeren Community anzugehen.<\/strong><\/p>\n<p>Wir haben auch einen <a href=\"https:\/\/forms.gle\/BZkLsma3sRX2vdRb8\" target=\"_blank\" rel=\"noopener\"><strong>Fragebogen<\/strong><\/a> erstellt, um mehr \u00fcber Ihre Erfahrungen mit Einsamkeit zu erfahren. Mit eurer Hilfe k\u00f6nnen wir ein besseres Programm erstellen, das euren Bed\u00fcrfnissen entspricht und mit dem wir mehr Zugeh\u00f6rigkeit schaffen k\u00f6nnen!<\/p>\n<p><img loading=\"lazy\" decoding=\"async\" class=\"wp-image-7522 alignright\" src=\"https:\/\/wearevillage.org\/wp-content\/uploads\/2023\/06\/image001.jpg\" alt=\"\" width=\"218\" height=\"37\" srcset=\"https:\/\/wearevillage.org\/wp-content\/uploads\/2023\/06\/image001.jpg 242w, https:\/\/wearevillage.org\/wp-content\/uploads\/2023\/06\/image001-150x25.jpg 150w\" sizes=\"auto, (max-width: 218px) 100vw, 218px\" \/><\/p>\n\n\t\t<\/div>\n\t<\/div>\n\n\t<div class=\"wpb_text_column wpb_content_element\" >\n\t\t<div class=\"wpb_wrapper\">\n\t\t\t<p><em>Dieses Event wird je nach Teilnehmerbed\u00fcrfnissen auf Deutsch und\/oder Englisch sein.<\/em><br \/>\n<strong><em>Anmeldung unter: events@wearevillage.org<\/em><\/strong><br \/>\n<em><strong>Max. 18 Teilnehmer*innen<\/strong><br \/>\nDie Begrenzung der Teilnehmerzahl ist eine sehr bewusste Entscheidung, um sicherzustellen, dass die Sitzung effektiv ist und jeder sich austauschen kann.<br \/>\n<\/em><\/p>\n\n\t\t<\/div>\n\t<\/div>\n<\/div><\/div><\/div><\/div>\n<\/div>","protected":false},"excerpt":{"rendered":"<h5>Dienstag<br \/>\nkostenfreier Workshop<br \/>\n19:00-21:30<\/h5>\n<h5><strong style=\"font-size: 16px;\">| <span style=\"color: #ec6c23;\">LGBTQIA+<\/span>|<\/strong><\/h5>\n<div class=\"x11i5rnm xat24cr x1mh8g0r x1vvkbs xtlvy1s\">\n<div class=\"x11i5rnm xat24cr x1mh8g0r x1vvkbs xtlvy1s\">\n<p>Diese Gruppe bietet einen angeleiteten Raum, um Gef\u00fchle der Einsamkeit und was sie mit uns machen zu erkunden. Gemeinsam werden wir einander darin unterst\u00fctzen, Wege zu suchen und mit ihnen zu experimentieren, wie wir mit Einsamkeit umgehen und erf\u00fcllende Verbindungen kn\u00fcpfen k\u00f6nnen. Daf\u00fcr nutzen wir Methoden aus den Kreativtherapien.<\/p>\n<\/div>\n<\/div>\n","protected":false},"author":12,"featured_media":12015,"template":"","meta":{"pmpro_default_level":"","inline_featured_image":false},"product_brand":[],"product_cat":[77,769],"product_tag":[469],"class_list":{"0":"post-14095","1":"product","2":"type-product","3":"status-publish","4":"has-post-thumbnail","6":"product_cat-community-events","7":"product_cat-kostenloser-zugang","8":"product_tag-lgbtqiaplus","9":"pmpro-has-access","11":"first","12":"outofstock","13":"purchasable","14":"product-type-variable"},"wpml_current_locale":"de_DE","wpml_translations":{"en_US":{"locale":"en_US","id":14096,"slug":"dealing-with-loneliness-creating-connections-kopie-8","post_title":"Dealing with loneliness. Creating connections","href":"https:\/\/wearevillage.org\/en\/shop\/building-bridges-of-belonging\/w28-2024"}},"language":{"code":"de","locale":"","name":"","is_rtl":false},"_links":{"self":[{"href":"https:\/\/wearevillage.org\/wp-json\/wp\/v2\/product\/14095","targetHints":{"allow":["GET"]}}],"collection":[{"href":"https:\/\/wearevillage.org\/wp-json\/wp\/v2\/product"}],"about":[{"href":"https:\/\/wearevillage.org\/wp-json\/wp\/v2\/types\/product"}],"author":[{"embeddable":true,"href":"https:\/\/wearevillage.org\/wp-json\/wp\/v2\/users\/12"}],"wp:featuredmedia":[{"embeddable":true,"href":"https:\/\/wearevillage.org\/wp-json\/wp\/v2\/media\/12015"}],"wp:attachment":[{"href":"https:\/\/wearevillage.org\/wp-json\/wp\/v2\/media?parent=14095"}],"wp:term":[{"taxonomy":"product_brand","embeddable":true,"href":"https:\/\/wearevillage.org\/wp-json\/wp\/v2\/product_brand?post=14095"},{"taxonomy":"product_cat","embeddable":true,"href":"https:\/\/wearevillage.org\/wp-json\/wp\/v2\/product_cat?post=14095"},{"taxonomy":"product_tag","embeddable":true,"href":"https:\/\/wearevillage.org\/wp-json\/wp\/v2\/product_tag?post=14095"}],"curies":[{"name":"wp","href":"https:\/\/api.w.org\/{rel}","templated":true}]}}