{"id":14117,"date":"2024-04-10T08:04:19","date_gmt":"2024-04-10T06:04:19","guid":{"rendered":"https:\/\/wearevillage.org\/?post_type=product&#038;p=14117"},"modified":"2024-10-10T09:45:56","modified_gmt":"2024-10-10T07:45:56","slug":"stretch-festival-imagine-2","status":"publish","type":"product","link":"https:\/\/wearevillage.org\/shop\/stretch-festival\/w43-2024\/","title":{"rendered":"Stretch Festival Imagine"},"content":{"rendered":"<div class=\"wpb-content-wrapper\"><div class=\"vc_row wpb_row vc_row-fluid\"><div class=\"wpb_column vc_column_container vc_col-sm-12\"><div class=\"vc_column-inner\"><div class=\"wpb_wrapper\"><h4 style=\"text-align: left\" class=\"vc_custom_heading vc_do_custom_heading\" >Summer Stretch Festival<\/h4><h5 style=\"text-align: left\" class=\"vc_custom_heading vc_do_custom_heading\" >Stretch Festival Team<\/h5>\n\t<div class=\"wpb_text_column wpb_content_element\" >\n\t\t<div class=\"wpb_wrapper\">\n\t\t\t<p>Das STRETCH FESTIVAL ist ein Wochenendfestival f\u00fcr schwule, bisexuelle, trans und queere M\u00e4nner* und Menschen, die sich irgendwo auf dem Spektrum von m\u00e4nnlich-fluid bis nicht-bin\u00e4r identifizieren. Wir hei\u00dfen alle K\u00f6rper, Hintergr\u00fcnde und Identit\u00e4ten innerhalb dieses gr\u00f6\u00dferen und nicht so definierbaren Containers von queeren M\u00e4nnlichkeiten willkommen.<\/p>\n<div class=\"x11i5rnm xat24cr x1mh8g0r x1vvkbs xtlvy1s\">\n<p>Experten, Praktiker, Therapeuten, Heiler, Rebellen und K\u00fcnstler laden euch zu dieser einzigartigen Zusammenkunft ein.<\/p>\n<p>Lasst uns eine F\u00fclle von Angeboten aus den Bereichen K\u00f6rperarbeit, Achtsamkeit, Kunst, Bewegung, Sexualit\u00e4t, Psychologie, Spiritualit\u00e4t, Gender, Identit\u00e4t, Ritual, Performance und sozialem Engagement erkunden.<\/p>\n<p>Die Teilnehmer k\u00f6nnen ihre Reise aus 36 Workshops, Vortr\u00e4gen und Erkundungen zusammenstellen, um eine seelenvollere und spielerischere Verbindung zueinander und zum Leben selbst zu erforschen und zu inspirieren.<\/p>\n<p>Au\u00dferhalb der Workshops habt ihr die M\u00f6glichkeit, Kontakte zu kn\u00fcpfen, euch zu unterhalten oder den Austausch mit Menschen aus vielen verschiedenen L\u00e4ndern zu vertiefen.<\/p>\n<p>Wir freuen uns auf neugierige und abenteuerlustige Teilnehmer, die mit uns gemeinsam eine lebendige und vielf\u00e4ltige Gemeinschaft erleben \u2764\ufe0f \u2764\ufe0f \u2764\ufe0f \u2764\ufe0f<\/p>\n<\/div>\n\n\t\t<\/div>\n\t<\/div>\n\n\t<div class=\"wpb_text_column wpb_content_element\" >\n\t\t<div class=\"wpb_wrapper\">\n\t\t\t<p><em>Das Stretch Festival Team und das Programm k\u00f6nnen in letzter Minute ge\u00e4ndert werden. Sprache: Englisch<\/em><\/p>\n\n\t\t<\/div>\n\t<\/div>\n\n\t<div class=\"wpb_text_column wpb_content_element\" >\n\t\t<div class=\"wpb_wrapper\">\n\t\t\t<div class=\"x11i5rnm xat24cr x1mh8g0r x1vvkbs xtlvy1s\"><strong>Pr\u00e4sentation des Teams und detailliertes Programm auf der Festivalseite <a class=\"_ps2id\" href=\"https:\/\/www.stretch.berlin\" data-ps2id-offset=\"\">www.stretch.berlin<\/a><\/strong><\/div>\n\n\t\t<\/div>\n\t<\/div>\n<\/div><\/div><\/div><\/div>\n<\/div>","protected":false},"excerpt":{"rendered":"<p class=\"p1\"><strong>Sensual | Experimental | Spiritual<br \/>\n<a class=\"_ps2id\" href=\"https:\/\/www.stretch.berlin\" data-ps2id-offset=\"\">www.stretch.berlin<\/a><br \/>\n<\/strong><\/p>\n<p><strong>SOLD OUT >> Warteliste auf\u00a0 events@wearevillage.org<\/p>\n<p>| <span style=\"color: #ec6c23;\">GBTQ men*<\/span>\u00a0|<\/strong><\/p>\n<p>STRETCH FESTIVAL ist ein Wochenendfestival f\u00fcr schwule, bi, trans und queere M\u00e4nner* und Menschen, die ihre Identit\u00e4t auf dem genderfluiden Spektrum zwischen m\u00e4nnlich und nonbin\u00e4r verorten. Pr\u00e4sentation des Teams und detailliertes Programm auf der Festivalseite www.stretch.berlin<\/p>\n","protected":false},"author":14,"featured_media":14065,"template":"","meta":{"pmpro_default_level":"","inline_featured_image":false},"product_brand":[],"product_cat":[78],"product_tag":[256],"class_list":{"0":"post-14117","1":"product","2":"type-product","3":"status-publish","4":"has-post-thumbnail","6":"product_cat-festivals","7":"product_tag-gbtq-men","8":"pmpro-has-access","10":"first","11":"instock","12":"purchasable","13":"product-type-variable"},"wpml_current_locale":"de_DE","wpml_translations":{"en_US":{"locale":"en_US","id":14122,"slug":"summer-stretch-festival-kopie-2","post_title":"Stretch Festival Imagine","href":"https:\/\/wearevillage.org\/en\/shop\/stretch-festival\/w43\/2024"}},"language":{"code":"de","locale":"","name":"","is_rtl":false},"_links":{"self":[{"href":"https:\/\/wearevillage.org\/wp-json\/wp\/v2\/product\/14117","targetHints":{"allow":["GET"]}}],"collection":[{"href":"https:\/\/wearevillage.org\/wp-json\/wp\/v2\/product"}],"about":[{"href":"https:\/\/wearevillage.org\/wp-json\/wp\/v2\/types\/product"}],"author":[{"embeddable":true,"href":"https:\/\/wearevillage.org\/wp-json\/wp\/v2\/users\/14"}],"wp:featuredmedia":[{"embeddable":true,"href":"https:\/\/wearevillage.org\/wp-json\/wp\/v2\/media\/14065"}],"wp:attachment":[{"href":"https:\/\/wearevillage.org\/wp-json\/wp\/v2\/media?parent=14117"}],"wp:term":[{"taxonomy":"product_brand","embeddable":true,"href":"https:\/\/wearevillage.org\/wp-json\/wp\/v2\/product_brand?post=14117"},{"taxonomy":"product_cat","embeddable":true,"href":"https:\/\/wearevillage.org\/wp-json\/wp\/v2\/product_cat?post=14117"},{"taxonomy":"product_tag","embeddable":true,"href":"https:\/\/wearevillage.org\/wp-json\/wp\/v2\/product_tag?post=14117"}],"curies":[{"name":"wp","href":"https:\/\/api.w.org\/{rel}","templated":true}]}}