{"id":14158,"date":"2024-04-11T10:56:33","date_gmt":"2024-04-11T08:56:33","guid":{"rendered":"https:\/\/wearevillage.org\/?post_type=product&#038;p=14158"},"modified":"2024-04-11T11:07:47","modified_gmt":"2024-04-11T09:07:47","slug":"village-book-club-7","status":"publish","type":"product","link":"https:\/\/wearevillage.org\/shop\/book-club\/w23-2024\/","title":{"rendered":"Village Book Club"},"content":{"rendered":"<div class=\"wpb-content-wrapper\"><div class=\"vc_row wpb_row vc_row-fluid\"><div class=\"wpb_column vc_column_container vc_col-sm-10\"><div class=\"vc_column-inner\"><div class=\"wpb_wrapper\"><\/div><\/div><\/div><div class=\"wpb_column vc_column_container vc_col-sm-2\"><div class=\"vc_column-inner\"><div class=\"wpb_wrapper\"><\/div><\/div><\/div><\/div><div class=\"vc_row wpb_row vc_row-fluid\"><div class=\"wpb_column vc_column_container vc_col-sm-12\"><div class=\"vc_column-inner\"><div class=\"wpb_wrapper\"><h4 style=\"text-align: left\" class=\"vc_custom_heading vc_do_custom_heading\" >Village Book Club \u2013 \u201c\u201cAll Down Darkness Wide\u201d \/\/ Se\u00e1n Hewitt (2022)<\/h4><h5 style=\"text-align: left\" class=\"vc_custom_heading vc_do_custom_heading\" >Moderator: Marco Astolfi<\/h5>\n\t<div class=\"wpb_text_column wpb_content_element\" >\n\t\t<div class=\"wpb_wrapper\">\n\t\t\t<div class=\"page\" title=\"Page 1\">\n<div class=\"section\">\n<div class=\"layoutArea\">\n<div class=\"column\">\n<div class=\"page\" title=\"Page 1\">\n<div class=\"section\">\n<div class=\"layoutArea\">\n<div class=\"column\">\n<p>Eine Geschichte \u00fcber Liebe, Herzschmerz und das Erwachsenwerden. \u201eAll Down Darkness Wide\u201c ist ein ungew\u00f6hnlicher Memoirenband mit einer nicht-linearen Struktur und einer gotischen Atmosph\u00e4re.<\/p>\n<p>Als Se\u00e1n Elias w\u00e4hrend einer Post-Collage-Reise in Kolumbien kennenlernt, st\u00fcrzen sich die beiden Hals \u00fcber Kopf in eine Liebesgeschichte. Nach ihrer ersten gl\u00fccklichen Begegnung lassen sie sich gemeinsam in Schweden nieder, doch als Elias mit schweren Depressionen zu k\u00e4mpfen hat, ger\u00e4t das Paar in eine Krise.<\/p>\n<p>Auf der Suche nach Trost und Hoffnung taucht Se\u00e1n Hewitt tief in seine eigene Geschichte ein, von einem Friedhof in Liverpool bis zu den Kiefernw\u00e4ldern von G\u00f6teborg. \u201eEs ist ein Klischee zu sagen, dass ich das Buch geschrieben habe, das ich gerne gehabt h\u00e4tte, als ich j\u00fcnger war, aber ich habe lange nach einem Buch gesucht, das in den Situationen, in denen sich diese Memoiren befinden, helfen w\u00fcrde\u201c, sagt der Autor.<\/p>\n<\/div>\n<\/div>\n<\/div>\n<\/div>\n<\/div>\n<\/div>\n<\/div>\n<\/div>\n\n\t\t<\/div>\n\t<\/div>\n\n\t<div class=\"wpb_text_column wpb_content_element\" >\n\t\t<div class=\"wpb_wrapper\">\n\t\t\t<div class=\"page\" title=\"Page 1\">\n<div class=\"section\">\n<div class=\"layoutArea\">\n<div class=\"column\">\n<div class=\"page\" title=\"Page 1\">\n<div class=\"section\">\n<div class=\"layoutArea\">\n<div class=\"column\">\n<p><strong>\u00dcber den Village Book Club<br \/>\n<\/strong>B\u00fccherliebhaber und Leseratten treffen sich alle zwei Monate, um Literatur und Sachb\u00fccher (Romane, Biografien und Essays) zu besprechen, die sich mit LGBTQIA+-Themen und -Pers\u00f6nlichkeiten befassen oder damit in Zusammenhang stehen.<\/p>\n<p>In Voraussicht auf aufschlussreiche Diskussionen w\u00e4hlen wir das n\u00e4chste Buch zwei Monate im Voraus aus.<\/p>\n<\/div>\n<\/div>\n<\/div>\n<\/div>\n<\/div>\n<\/div>\n<\/div>\n<\/div>\n\n\t\t<\/div>\n\t<\/div>\n<\/div><\/div><\/div><\/div>\n<\/div>","protected":false},"excerpt":{"rendered":"<h5>Donnerstag<br \/>\n20:00 \u2013 22:30<br \/>\nEintritt frei<\/h5>\n<p class=\"p1\"><strong>| <span style=\"color: #ec6c23;\">LGBTQIA+<\/span>\u00a0|<\/strong><\/p>\n<p>Eine Geschichte \u00fcber Liebe, Herzschmerz und das Erwachsenwerden. \u201eAll Down Darkness Wide\u201c ist ein ungew\u00f6hnlicher Memoirenband mit einer nicht-linearen Struktur und einer gotischen Atmosph\u00e4re.<\/p>\n<p>\u201cThe Freezer Door\u201d \/\/ Mattilda Bernstein Sycamore (2020)<\/p>\n","protected":false},"author":12,"featured_media":14161,"template":"","meta":{"pmpro_default_level":"","inline_featured_image":false},"product_brand":[],"product_cat":[77,769,79],"product_tag":[469],"class_list":{"0":"post-14158","1":"product","2":"type-product","3":"status-publish","4":"has-post-thumbnail","6":"product_cat-community-events","7":"product_cat-kostenloser-zugang","8":"product_cat-monatliche-events","9":"product_tag-lgbtqiaplus","10":"pmpro-has-access","12":"first","13":"outofstock","14":"purchasable","15":"product-type-variable"},"wpml_current_locale":"de_DE","wpml_translations":{"en_US":{"locale":"en_US","id":14159,"slug":"village-book-club-kopie-6","post_title":"Village Book Club","href":"https:\/\/wearevillage.org\/en\/shop\/book-club\/w23-2024"}},"language":{"code":"de","locale":"","name":"","is_rtl":false},"_links":{"self":[{"href":"https:\/\/wearevillage.org\/wp-json\/wp\/v2\/product\/14158","targetHints":{"allow":["GET"]}}],"collection":[{"href":"https:\/\/wearevillage.org\/wp-json\/wp\/v2\/product"}],"about":[{"href":"https:\/\/wearevillage.org\/wp-json\/wp\/v2\/types\/product"}],"author":[{"embeddable":true,"href":"https:\/\/wearevillage.org\/wp-json\/wp\/v2\/users\/12"}],"wp:featuredmedia":[{"embeddable":true,"href":"https:\/\/wearevillage.org\/wp-json\/wp\/v2\/media\/14161"}],"wp:attachment":[{"href":"https:\/\/wearevillage.org\/wp-json\/wp\/v2\/media?parent=14158"}],"wp:term":[{"taxonomy":"product_brand","embeddable":true,"href":"https:\/\/wearevillage.org\/wp-json\/wp\/v2\/product_brand?post=14158"},{"taxonomy":"product_cat","embeddable":true,"href":"https:\/\/wearevillage.org\/wp-json\/wp\/v2\/product_cat?post=14158"},{"taxonomy":"product_tag","embeddable":true,"href":"https:\/\/wearevillage.org\/wp-json\/wp\/v2\/product_tag?post=14158"}],"curies":[{"name":"wp","href":"https:\/\/api.w.org\/{rel}","templated":true}]}}