{"id":14170,"date":"2024-04-12T13:40:18","date_gmt":"2024-04-12T11:40:18","guid":{"rendered":"http:\/\/shop\/soul-of-skin-training-lomi-lomi-massage-kopie\/"},"modified":"2024-10-30T15:32:05","modified_gmt":"2024-10-30T14:32:05","slug":"drama-lama-weekend-how-do-we-attach","status":"publish","type":"product","link":"https:\/\/wearevillage.org\/shop\/drama-lama\/w21-2024\/","title":{"rendered":"Abgesagt\/ Drama Lama Weekend \u2013 How do we attach?"},"content":{"rendered":"<div class=\"wpb-content-wrapper\"><div class=\"vc_row wpb_row vc_row-fluid\"><div class=\"wpb_column vc_column_container vc_col-sm-12\"><div class=\"vc_column-inner\"><div class=\"wpb_wrapper\">\n\t<div class=\"wpb_text_column wpb_content_element\" >\n\t\t<div class=\"wpb_wrapper\">\n\t\t\t<h4>Leider mussten wir den Workshop absagen. <b>Wir arbeiten weiterhin an einem vielf\u00e4ltigen Programm und hoffen, demn\u00e4chst ein \u00e4hnliches Konzept umsetzen zu k\u00f6nnen.<\/b><\/h4>\n\n\t\t<\/div>\n\t<\/div>\n<\/div><\/div><\/div><\/div>\n<\/div>","protected":false},"excerpt":{"rendered":"<h4>Leider mussten wir den Workshop absagen. <b>Wir arbeiten weiterhin an einem vielf\u00e4ltigen Programm und hoffen, demn\u00e4chst ein \u00e4hnliches Konzept umsetzen zu k\u00f6nnen.<\/b><\/h4>\n","protected":false},"author":14,"featured_media":14510,"template":"","meta":{"pmpro_default_level":"","inline_featured_image":false},"product_brand":[],"product_cat":[81,83],"product_tag":[469],"class_list":{"0":"post-14170","1":"product","2":"type-product","3":"status-publish","4":"has-post-thumbnail","6":"product_cat-trainings","7":"product_cat-workshops","8":"product_tag-lgbtqiaplus","9":"pmpro-has-access","11":"first","12":"outofstock","13":"purchasable","14":"product-type-simple"},"wpml_current_locale":"de_DE","wpml_translations":{"en_US":{"locale":"en_US","id":14176,"slug":"soul-of-skin-touch-training-lomi-lomi-massage-kopie-3","post_title":"Canceled\/ Drama Lama Weekend - How do we attach?","href":"https:\/\/wearevillage.org\/en\/shop\/sdrama-lama\/w21-2024"}},"language":{"code":"de","locale":"","name":"","is_rtl":false},"_links":{"self":[{"href":"https:\/\/wearevillage.org\/wp-json\/wp\/v2\/product\/14170","targetHints":{"allow":["GET"]}}],"collection":[{"href":"https:\/\/wearevillage.org\/wp-json\/wp\/v2\/product"}],"about":[{"href":"https:\/\/wearevillage.org\/wp-json\/wp\/v2\/types\/product"}],"author":[{"embeddable":true,"href":"https:\/\/wearevillage.org\/wp-json\/wp\/v2\/users\/14"}],"wp:featuredmedia":[{"embeddable":true,"href":"https:\/\/wearevillage.org\/wp-json\/wp\/v2\/media\/14510"}],"wp:attachment":[{"href":"https:\/\/wearevillage.org\/wp-json\/wp\/v2\/media?parent=14170"}],"wp:term":[{"taxonomy":"product_brand","embeddable":true,"href":"https:\/\/wearevillage.org\/wp-json\/wp\/v2\/product_brand?post=14170"},{"taxonomy":"product_cat","embeddable":true,"href":"https:\/\/wearevillage.org\/wp-json\/wp\/v2\/product_cat?post=14170"},{"taxonomy":"product_tag","embeddable":true,"href":"https:\/\/wearevillage.org\/wp-json\/wp\/v2\/product_tag?post=14170"}],"curies":[{"name":"wp","href":"https:\/\/api.w.org\/{rel}","templated":true}]}}