{"id":14229,"date":"2024-04-18T14:51:11","date_gmt":"2024-04-18T12:51:11","guid":{"rendered":"https:\/\/wearevillage.org\/?post_type=product&#038;p=14229"},"modified":"2024-06-06T13:54:06","modified_gmt":"2024-06-06T11:54:06","slug":"village-outdoor-kajaktour-spreewald-2","status":"publish","type":"product","link":"https:\/\/wearevillage.org\/shop\/village-outdoor\/w23-2024\/","title":{"rendered":"Village Outdoor \u2013 Kajaktour Spreewald"},"content":{"rendered":"<div class=\"wpb-content-wrapper\"><div class=\"vc_row wpb_row vc_row-fluid\"><div class=\"wpb_column vc_column_container vc_col-sm-10\"><div class=\"vc_column-inner\"><div class=\"wpb_wrapper\"><\/div><\/div><\/div><div class=\"wpb_column vc_column_container vc_col-sm-2\"><div class=\"vc_column-inner\"><div class=\"wpb_wrapper\"><\/div><\/div><\/div><\/div><div class=\"vc_row wpb_row vc_row-fluid\"><div class=\"wpb_column vc_column_container vc_col-sm-12\"><div class=\"vc_column-inner\"><div class=\"wpb_wrapper\"><h4 style=\"text-align: left\" class=\"vc_custom_heading vc_do_custom_heading\" >Village Outdoor - Kajaktour Spreewald<\/h4><h5 style=\"text-align: left\" class=\"vc_custom_heading vc_do_custom_heading\" ><\/h5>\n\t<div class=\"wpb_text_column wpb_content_element\" >\n\t\t<div class=\"wpb_wrapper\">\n\t\t\t<div class=\"x11i5rnm xat24cr x1mh8g0r x1vvkbs xtlvy1s\">\n<div class=\"x11i5rnm xat24cr x1mh8g0r x1vvkbs xtlvy1s\">\n<div class=\"x11i5rnm xat24cr x1mh8g0r x1vvkbs xtlvy1s\">\n<div class=\"x11i5rnm xat24cr x1mh8g0r x1vvkbs xtlvy1s\">\n<p>Im Juni m\u00f6chten wir mit Euch den Spreewald erkunden! An einem Sonntag treffen wir uns, fahren organisiert zusammen nach L\u00fcbbenau und erkunden die Landschaft mit Kajaks. Es wird Zeit zum Paddeln, Entspannen und Picknicken geben.<\/p>\n<p>Tagesplan<\/p>\n<p><strong>8:45<\/strong>: Treffpunkt: <strong>Berlin Warschauer Stra\u00dfe<\/strong>, Abfahrt <strong>08:56<\/strong> Uhr, Gl. 2 mit S 75 nach <strong>L\u00fcbbenau\/Spreewald<\/strong>, Ankunft <strong>10:21<\/strong> Uhr mit Fu\u00dfweg, Verbindung ansehen:<strong>\u00a0<a href=\"https:\/\/www.bahn.de\/buchung\/start?vbid=ed69e966-dc42-4a41-a71d-a0a50beeb388\">bahn.de<\/a><\/strong><\/p>\n<p><strong>10:30<\/strong>: Treffpunkt: <strong>Bootsverleih Richter<\/strong>, Dammstra\u00dfe 75, 03222, L\u00fcbbenau, Boote ausleihen (sind bereits reserviert), Beginn Kajaktour<\/p>\n<p><strong>12:30\/13:00<\/strong>: Einkehr im Gasthaus Wotschofska, Wotschofskaweg 1, 03222, L\u00fcbbenau (Tische sind reserviert, schaut gerne schon mal in die <strong><a href=\"https:\/\/www.gasthaus-wotschofska.de\/Media\/public\/Website\/Upload\/Speisekarte-Gasthaus-Wotschofska.pdf\">Speisekarte<\/a><\/strong>)<\/p>\n<p><strong> 16:30<\/strong>: R\u00fcckgabe Leihboote und gemeinsame R\u00fcckfahrt<\/p>\n<p>\u00a0<\/p>\n<\/div>\n<\/div>\n<\/div>\n<\/div>\n\n\t\t<\/div>\n\t<\/div>\n<\/div><\/div><\/div><\/div><div class=\"vc_row wpb_row vc_row-fluid\"><div class=\"wpb_column vc_column_container vc_col-sm-12\"><div class=\"vc_column-inner\"><div class=\"wpb_wrapper\"><div class=\"vc_separator wpb_content_element vc_separator_align_center vc_sep_width_100 vc_sep_pos_align_center vc_separator_no_text vc_sep_color_grey wpb_content_element  wpb_content_element\" ><span class=\"vc_sep_holder vc_sep_holder_l\"><span class=\"vc_sep_line\"><\/span><\/span><span class=\"vc_sep_holder vc_sep_holder_r\"><span class=\"vc_sep_line\"><\/span><\/span>\n<\/div>\n\t<div class=\"wpb_text_column wpb_content_element\" >\n\t\t<div class=\"wpb_wrapper\">\n\t\t\t<div class=\"x11i5rnm xat24cr x1mh8g0r x1vvkbs xtlvy1s\">\n<div class=\"x11i5rnm xat24cr x1mh8g0r x1vvkbs xtlvy1s\">\n<div class=\"x11i5rnm xat24cr x1mh8g0r x1vvkbs xtlvy1s\">\n<div class=\"x11i5rnm xat24cr x1mh8g0r x1vvkbs xtlvy1s\">\n<p class=\"x11i5rnm xat24cr x1mh8g0r x1vvkbs xtlvy1s\"><strong>Hinweise:<\/strong><\/p>\n<div>\n<p>Voranmeldung ist unbedingt erforderlich, da die Kajaks bereits reserviert sind (max. 20 Personen). Anmeldung unter: events@wearevillage.org<\/p>\n<p>Bei diesem Event wird je nach Teilnehmendenbed\u00fcrfnissen Deutsch und\/oder Englisch gesprochen.<\/p>\n<p>Die ganzt\u00e4tige Kajaktour kann f\u00fcr einige k\u00f6rperlich anstrengend werden und verlangt eine gewisse Ausdauer und Mobilit\u00e4t. Bitte sch\u00e4tze selbst ein, ob du daran teilnehmen kannst.<\/p>\n<p>Dieses Event ist kostenfrei in Bezug auf Organisation und Teilnahme. Eintritts-, Reise- und\/oder Nutzungskosten belaufen sich auf ca. 25,00 \u20ac pro Person, Mittagessen im Restaurant nicht inkludiert.<\/p>\n<p>Solitickets k\u00f6nnen wir \u00fcber Privatspenden tragen, um so f\u00fcr alle 100%ige Zug\u00e4nglichkeit zu gew\u00e4hrleisten. Bitte lass uns per E-Mail (events@wearevillage.org) vorher wissen, ob du dieses Angebot in Anspruch nehmen m\u00f6chtest. Die Information wird vertraulich behandelt.<\/p>\n<\/div>\n<\/div>\n<\/div>\n<\/div>\n<\/div>\n\n\t\t<\/div>\n\t<\/div>\n<\/div><\/div><\/div><\/div>\n<\/div>","protected":false},"excerpt":{"rendered":"<h5>Outdoor Event<br \/>\n8:45-16:30<br \/>\nkostenfrei<br \/>\nTreffpunkt:\u00a0S-Bahnhof Osktreuz<\/h5>\n<p class=\"p1\"><strong>| <span style=\"color: #ec6c23;\">LGBTQIA+ <\/span>|<\/strong><\/p>\n<div class=\"x11i5rnm xat24cr x1mh8g0r x1vvkbs xtlvy1s\">\n<div class=\"x11i5rnm xat24cr x1mh8g0r x1vvkbs xtlvy1s\">\n<p>Gemeinsam erkunden wir den Spreewald mit Kajaks.<\/p>\n<p>Voranmeldung ist unbedingt erforderlich, da wir die Boote reservieren m\u00fcssen (max. 20 Personen).<br \/>\nAnmeldung unter:<strong> events@wearevillage.org<\/strong><\/p>\n<\/div>\n<\/div>\n","protected":false},"author":12,"featured_media":5338,"template":"","meta":{"pmpro_default_level":"","inline_featured_image":false},"product_brand":[],"product_cat":[77,79],"product_tag":[469],"class_list":{"0":"post-14229","1":"product","2":"type-product","3":"status-publish","4":"has-post-thumbnail","6":"product_cat-community-events","7":"product_cat-monatliche-events","8":"product_tag-lgbtqiaplus","9":"pmpro-has-access","11":"first","12":"outofstock","13":"purchasable","14":"product-type-variable"},"wpml_current_locale":"de_DE","wpml_translations":{"en_US":{"locale":"en_US","id":14230,"slug":"village-outdoor-kajaktour-spreewald-kopie-2","post_title":"Village Outdoor - Kajaktour Spreewald","href":"https:\/\/wearevillage.org\/en\/shop\/village-outdoor\/w23-2024"}},"language":{"code":"de","locale":"","name":"","is_rtl":false},"_links":{"self":[{"href":"https:\/\/wearevillage.org\/wp-json\/wp\/v2\/product\/14229","targetHints":{"allow":["GET"]}}],"collection":[{"href":"https:\/\/wearevillage.org\/wp-json\/wp\/v2\/product"}],"about":[{"href":"https:\/\/wearevillage.org\/wp-json\/wp\/v2\/types\/product"}],"author":[{"embeddable":true,"href":"https:\/\/wearevillage.org\/wp-json\/wp\/v2\/users\/12"}],"wp:featuredmedia":[{"embeddable":true,"href":"https:\/\/wearevillage.org\/wp-json\/wp\/v2\/media\/5338"}],"wp:attachment":[{"href":"https:\/\/wearevillage.org\/wp-json\/wp\/v2\/media?parent=14229"}],"wp:term":[{"taxonomy":"product_brand","embeddable":true,"href":"https:\/\/wearevillage.org\/wp-json\/wp\/v2\/product_brand?post=14229"},{"taxonomy":"product_cat","embeddable":true,"href":"https:\/\/wearevillage.org\/wp-json\/wp\/v2\/product_cat?post=14229"},{"taxonomy":"product_tag","embeddable":true,"href":"https:\/\/wearevillage.org\/wp-json\/wp\/v2\/product_tag?post=14229"}],"curies":[{"name":"wp","href":"https:\/\/api.w.org\/{rel}","templated":true}]}}