{"id":14316,"date":"2024-04-28T19:58:00","date_gmt":"2024-04-28T17:58:00","guid":{"rendered":"https:\/\/wearevillage.org\/?post_type=product&#038;p=14316"},"modified":"2024-04-29T15:42:24","modified_gmt":"2024-04-29T13:42:24","slug":"village-outdoor-berliner-mauerweg-3","status":"publish","type":"product","link":"https:\/\/wearevillage.org\/shop\/village-outdoor\/w21-2024\/","title":{"rendered":"Village Outdoor \u2013 Berliner Mauerweg"},"content":{"rendered":"<div class=\"wpb-content-wrapper\"><div class=\"vc_row wpb_row vc_row-fluid\"><div class=\"wpb_column vc_column_container vc_col-sm-10\"><div class=\"vc_column-inner\"><div class=\"wpb_wrapper\"><\/div><\/div><\/div><div class=\"wpb_column vc_column_container vc_col-sm-2\"><div class=\"vc_column-inner\"><div class=\"wpb_wrapper\"><\/div><\/div><\/div><\/div><div class=\"vc_row wpb_row vc_row-fluid\"><div class=\"wpb_column vc_column_container vc_col-sm-12\"><div class=\"vc_column-inner\"><div class=\"wpb_wrapper\"><h4 style=\"text-align: left\" class=\"vc_custom_heading vc_do_custom_heading\" >Village Outdoor \u2013 Berliner Mauerweg<\/h4><h5 style=\"text-align: left\" class=\"vc_custom_heading vc_do_custom_heading\" >with Harms Wulf & Daniel Salamon<\/h5>\n\t<div class=\"wpb_text_column wpb_content_element\" >\n\t\t<div class=\"wpb_wrapper\">\n\t\t\t<div class=\"x11i5rnm xat24cr x1mh8g0r x1vvkbs xtlvy1s\">\n<div class=\"x11i5rnm xat24cr x1mh8g0r x1vvkbs xtlvy1s\">\n<div class=\"x11i5rnm xat24cr x1mh8g0r x1vvkbs xtlvy1s\">\n<div class=\"x11i5rnm xat24cr x1mh8g0r x1vvkbs xtlvy1s\">\n<p><strong>Teil 3 \u2013 vom S-Bahnhof Sch\u00f6nholz bis Hermsdorf<\/strong><\/p>\n<p>Passend zum Fr\u00fchjahr f\u00fchrt unsere Mai-Wanderung auf dem Mauerweg aus dem dicht bebauten Stadtgebiet in die gr\u00fcneren Au\u00dfenbezirke Berlins. Ausgehend von unserem Startpunkt, dem Bahnhof Sch\u00f6nholz wurde der Mauerstreifen zu einem park\u00e4hnlichen Gr\u00fcnen Band gestaltet. Hier k\u00f6nnen wir ein St\u00fcck Mauer aus der ersten Bauphase entdecken, die statt aus Betonfertigteilen noch aus Ziegeln gemauert wurde. Vorbei an einer Mischung von Kleing\u00e4rten, Industriefl\u00e4chen und Einfamilienhaus- Siedlungen gelangen wir zum letzten Abschni- der Wanderung, den Feldern und Wiesen von Blankenfelde und L\u00fcbars mit dem Tegeler Flie\u00df bei Hermsdorf.<\/p>\n<p>Streckenl\u00e4nge: ca. 12 km, (bei Bedarf bitte Proviant mitbringen, eine Einkehrm\u00f6glichkeit ist erst am Ende der Wanderung m\u00f6glich)<\/p>\n<p>Village Outdoor Events sind ein monatliches Treffen f\u00fcr die we are village-Community and Friends, um die Natur in Berlin und dar\u00fcber hinaus zu erkunden, einschlie\u00dflich Waldwanderungen, Fahrradtouren, Schwimmen im See, Stadtbesichtigungen, Kajakfahren im Umland und mehr. Die Grundlage der Outdoor Events ist ein kostenloser und relativ einfacher Spaziergang oder eine Wanderung einmal im Monat in Berlins Gr\u00fcnanlagen und an Orten, die innerhalb des S&U Bahns erreichbar sind.<\/p>\n<p>Dieses Event ist kostenfrei in Bezug auf Organisation und Teilnahme. Sollten Eintritts- oder Nutzungskosten anfallen, k\u00f6nnen wir diese \u00fcber Privatspenden tragen, um so f\u00fcr alle 100%ige Zug\u00e4nglichkeit zu gew\u00e4hrleisten. Bitte la\u00df uns per Email vorher wissen, ob du dieses Angebot in Anspruch nehmen m\u00f6chtest. Die Information wird vertraulich behandelt.<\/p>\n<\/div>\n<\/div>\n<\/div>\n<\/div>\n\n\t\t<\/div>\n\t<\/div>\n<\/div><\/div><\/div><\/div><div class=\"vc_row wpb_row vc_row-fluid\"><div class=\"wpb_column vc_column_container vc_col-sm-12\"><div class=\"vc_column-inner\"><div class=\"wpb_wrapper\">\n\t<div class=\"wpb_text_column wpb_content_element\" >\n\t\t<div class=\"wpb_wrapper\">\n\t\t\t<p><em>Treffpunkt: S-Bahnhof Sch\u00f6nholz<\/em><\/p>\n\n\t\t<\/div>\n\t<\/div>\n<\/div><\/div><\/div><\/div>\n<\/div>","protected":false},"excerpt":{"rendered":"<h5><strong>Outdoor Event<\/strong><br \/>\n<strong>jeden letzten Sonntag im Monat<\/strong><br \/>\n<strong>11:00 \u2013 15:00<\/strong><br \/>\nTreffpunkt: S-Bahnhof Sch\u00f6nholz<\/h5>\n<h5><strong>| <span style=\"color: #ec6c23;\">LGBTQIA+\u00a0<\/span>|<\/strong><\/h5>\n<div class=\"x11i5rnm xat24cr x1mh8g0r x1vvkbs xtlvy1s\">\n<div class=\"x11i5rnm xat24cr x1mh8g0r x1vvkbs xtlvy1s\">\n<p>Wanderung entlang des Berliner Mauerweg. Teil 3: vom S-Bahnhof Sch\u00f6nholz bis Hermsdorf<\/p>\n<\/div>\n<\/div>\n","protected":false},"author":12,"featured_media":14314,"template":"","meta":{"pmpro_default_level":"","inline_featured_image":false},"product_brand":[],"product_cat":[77,769,79],"product_tag":[469],"class_list":{"0":"post-14316","1":"product","2":"type-product","3":"status-publish","4":"has-post-thumbnail","6":"product_cat-community-events","7":"product_cat-kostenloser-zugang","8":"product_cat-monatliche-events","9":"product_tag-lgbtqiaplus","10":"pmpro-has-access","12":"first","13":"outofstock","14":"purchasable","15":"product-type-variable"},"wpml_current_locale":"de_DE","wpml_translations":{"en_US":{"locale":"en_US","id":14317,"slug":"village-outdoor-through-the-briesetal-kopie-2","post_title":"Village Outdoor \u2013 Berlin Wall Trail","href":"https:\/\/wearevillage.org\/en\/shop\/village-outdoor\/w21-2024"}},"language":{"code":"de","locale":"","name":"","is_rtl":false},"_links":{"self":[{"href":"https:\/\/wearevillage.org\/wp-json\/wp\/v2\/product\/14316","targetHints":{"allow":["GET"]}}],"collection":[{"href":"https:\/\/wearevillage.org\/wp-json\/wp\/v2\/product"}],"about":[{"href":"https:\/\/wearevillage.org\/wp-json\/wp\/v2\/types\/product"}],"author":[{"embeddable":true,"href":"https:\/\/wearevillage.org\/wp-json\/wp\/v2\/users\/12"}],"wp:featuredmedia":[{"embeddable":true,"href":"https:\/\/wearevillage.org\/wp-json\/wp\/v2\/media\/14314"}],"wp:attachment":[{"href":"https:\/\/wearevillage.org\/wp-json\/wp\/v2\/media?parent=14316"}],"wp:term":[{"taxonomy":"product_brand","embeddable":true,"href":"https:\/\/wearevillage.org\/wp-json\/wp\/v2\/product_brand?post=14316"},{"taxonomy":"product_cat","embeddable":true,"href":"https:\/\/wearevillage.org\/wp-json\/wp\/v2\/product_cat?post=14316"},{"taxonomy":"product_tag","embeddable":true,"href":"https:\/\/wearevillage.org\/wp-json\/wp\/v2\/product_tag?post=14316"}],"curies":[{"name":"wp","href":"https:\/\/api.w.org\/{rel}","templated":true}]}}