{"id":14340,"date":"2024-05-02T16:32:45","date_gmt":"2024-05-02T14:32:45","guid":{"rendered":"https:\/\/wearevillage.org\/?post_type=product&#038;p=14340"},"modified":"2025-05-16T16:34:39","modified_gmt":"2025-05-16T14:34:39","slug":"anal-ogy","status":"publish","type":"product","link":"https:\/\/wearevillage.org\/shop\/analogy\/w32-2024\/","title":{"rendered":"Analogy"},"content":{"rendered":"<div class=\"wpb-content-wrapper\"><div class=\"vc_row wpb_row vc_row-fluid\"><div class=\"wpb_column vc_column_container vc_col-sm-12\"><div class=\"vc_column-inner\"><div class=\"wpb_wrapper\"><h4 style=\"text-align: left\" class=\"vc_custom_heading vc_do_custom_heading\" >Analogy | Retreat in Frankreich<\/h4><h5 style=\"text-align: left\" class=\"vc_custom_heading vc_do_custom_heading\" >Maevon Canter<\/h5>\n\t<div class=\"wpb_text_column wpb_content_element\" >\n\t\t<div class=\"wpb_wrapper\">\n\t\t\t<div class=\"x11i5rnm xat24cr x1mh8g0r x1vvkbs xtlvy1s\">\n<div class=\"x11i5rnm xat24cr x1mh8g0r x1vvkbs xtlvy1s\">\n<div class=\"x11i5rnm xat24cr x1mh8g0r x1vvkbs xtlvy1s\">\n<p>Dieses Retreat im l\u00e4ndlichen Frankreich richtet sich an alle, die einen Anus besitzen und ihre Beziehung zu diesem erforschen m\u00f6chten.<\/p>\n<p>Ob diese Beziehung nun traumatisch, schmerzhaft oder voller Freude und Vergn\u00fcgen ist, alle sind willkommen. In f\u00fcnf Tagen mit Massagen, Gespr\u00e4chskreisen, Meditation, Selbstbefriedigung, Partner- und Einzelarbeit werden wir gemeinsam tief in diesen viel zu wenig diskutierten, aber ungemein wertvollen K\u00f6rperteil eintauchen.<\/p>\n<p>Du wirst mit weniger Scham und Selbstzweifeln, daf\u00fcr aber mit wertvollen praktischen Einsichten und k\u00f6rperlichem Verst\u00e4ndnis nach Hause gehen und au\u00dferdem neue Freundschaften schlie\u00dfen und tolle Erinnerungen sammeln.\n<\/p><\/div>\n<\/div>\n<\/div>\n\n\t\t<\/div>\n\t<\/div>\n\n\t<div class=\"wpb_text_column wpb_content_element\" >\n\t\t<div class=\"wpb_wrapper\">\n\t\t\t<div class=\"x11i5rnm xat24cr x1mh8g0r x1vvkbs xtlvy1s\">\n<div class=\"x11i5rnm xat24cr x1mh8g0r x1vvkbs xtlvy1s\">\n<div class=\"x11i5rnm xat24cr x1mh8g0r x1vvkbs xtlvy1s\">\n<p><strong>Was du erwarten kannst:<\/strong><\/p>\n<ul>\n<li>einen Raum f\u00fcr Fragen zu Sexualit\u00e4t, Intimit\u00e4t und Beziehungsdynamiken<\/li>\n<li>eine Praxis, deine Bed\u00fcrfnisse auszudr\u00fccken<\/li>\n<li>Mit unerf\u00fcllten W\u00fcnschen und der Angst vor Ablehnung umzugehen<\/li>\n<li>Tats\u00e4chliche Gedanken, Gef\u00fchle und Handlungen befragen<\/li>\n<li>Raus aus dem Kopf und rein in den K\u00f6rper gehen<\/li>\n<li>\u00dcber das Erfahren des eigenen K\u00f6rpers mit der M\u00f6glichkeit des schon Gen\u00fcgens und schon Erf\u00fclltseins in Kontakt kommen<\/li>\n<li>St\u00e4rkere Pr\u00e4senz entwickeln: Verlangsamen, um den aktuellen Kontext besser lesen und erleben zu k\u00f6nnen<\/li>\n<li>das Ungewisse & Spiel erlauben und willkommen hei\u00dfen<\/li>\n<li>Gewohnheiten, die du transformieren m\u00f6chtest andere Szenarien gegen\u00fcber stellen. (zum Beispiel:\u00a0Grenzen artikulieren, Kontakt ohne den Konsum von Substanzen herstellen, Begegnung proaktiv initiieren oder initiieren lassen, den W\u00fcnschen anderer mit einem ehrlichen aber verbundenem Ja oder Nein begegnen, usw\u2026)<\/li>\n<\/ul>\n<p>Wir k\u00f6nnen klarer erkennen, was wir in unserem Sex-\/Intimleben tats\u00e4chlich tun, und wir k\u00f6nnen eine Wahl treffen. Wir k\u00f6nnen erforschen, was im Einklang mit dem steht, was wir wirklich sch\u00e4tzen und wollen, und was nicht. Wir k\u00f6nnen experimentieren und neue Formen des Begegnens ausprobieren.<\/p>\n<p>Wir bieten einen Raum, in dem du entscheidest, wie weit du innerhalb des vorgegebenen Rahmens gehen m\u00f6chtest, wobei gegenseitiges Einvernehmen die Voraussetzung ist.<\/p>\n<p>Wenn du deine F\u00e4higkeit zur Intimit\u00e4t entwickeln, deine Grenzen erforschen, dich in einer liebevollen Umgebung n\u00e4hren oder einfach eine tolle Zeit mit dir selbst und anderen Explorierenden haben m\u00f6chtest, dann ist dies der richtige Workshop f\u00fcr dich.\n<\/p><\/div>\n<\/div>\n<\/div>\n\n\t\t<\/div>\n\t<\/div>\n\n\t<div class=\"wpb_text_column wpb_content_element\" >\n\t\t<div class=\"wpb_wrapper\">\n\t\t\t<div class=\"x11i5rnm xat24cr x1mh8g0r x1vvkbs xtlvy1s\">\n<div class=\"x11i5rnm xat24cr x1mh8g0r x1vvkbs xtlvy1s\">\n<div class=\"x11i5rnm xat24cr x1mh8g0r x1vvkbs xtlvy1s\">\n<p><em><b>Accessibility<\/b><br \/>\n\u2022 Die Unterkunft ist in diesem Preis nicht enthalten. F\u00fcr Buchungsw\u00fcnsche, kontaktiere bitte Maevon direkt unter maevonfae@gmail.com<br \/>\n<\/em><\/div>\n<\/div>\n<\/div>\n\n\t\t<\/div>\n\t<\/div>\n<\/div><\/div><\/div><\/div>\n<\/div>","protected":false},"excerpt":{"rendered":"<h5>7 Tage Retreat in Frankreich<br \/>\nSonntag\u2013Samstag<\/h5>\n<p class=\"p1\"><strong>| <span style=\"color: #ec6c23;\">GBTQ men*<\/span>\u00a0|<\/strong><\/p>\n<p>Dieses Retreat im l\u00e4ndlichen Frankreich ist f\u00fcr alle, die einen Anus besitzen und ihre Beziehung dazu erforschen wollen.\u00a0In f\u00fcnf Tagen mit Massagen, Gespr\u00e4chskreisen, Meditation, Selbstbefriedigung, Partner- und Einzelarbeit werden wir gemeinsam tief in diesen viel zu wenig diskutierten, aber sehr reichen K\u00f6rperteil eintauchen.<\/p>\n","protected":false},"author":14,"featured_media":15228,"template":"","meta":{"pmpro_default_level":"","inline_featured_image":false},"product_brand":[],"product_cat":[83],"product_tag":[256],"class_list":{"0":"post-14340","1":"product","2":"type-product","3":"status-publish","4":"has-post-thumbnail","6":"product_cat-workshops","7":"product_tag-gbtq-men","8":"pmpro-has-access","10":"first","11":"instock","12":"product-type-variable"},"wpml_current_locale":"de_DE","wpml_translations":{"en_US":{"locale":"en_US","id":14346,"slug":"authentic-eros-weekend-london-kopie","post_title":"Analogy","href":"https:\/\/wearevillage.org\/en\/shop\/analogy\/w32-2024"}},"language":{"code":"de","locale":"","name":"","is_rtl":false},"_links":{"self":[{"href":"https:\/\/wearevillage.org\/wp-json\/wp\/v2\/product\/14340","targetHints":{"allow":["GET"]}}],"collection":[{"href":"https:\/\/wearevillage.org\/wp-json\/wp\/v2\/product"}],"about":[{"href":"https:\/\/wearevillage.org\/wp-json\/wp\/v2\/types\/product"}],"author":[{"embeddable":true,"href":"https:\/\/wearevillage.org\/wp-json\/wp\/v2\/users\/14"}],"wp:featuredmedia":[{"embeddable":true,"href":"https:\/\/wearevillage.org\/wp-json\/wp\/v2\/media\/15228"}],"wp:attachment":[{"href":"https:\/\/wearevillage.org\/wp-json\/wp\/v2\/media?parent=14340"}],"wp:term":[{"taxonomy":"product_brand","embeddable":true,"href":"https:\/\/wearevillage.org\/wp-json\/wp\/v2\/product_brand?post=14340"},{"taxonomy":"product_cat","embeddable":true,"href":"https:\/\/wearevillage.org\/wp-json\/wp\/v2\/product_cat?post=14340"},{"taxonomy":"product_tag","embeddable":true,"href":"https:\/\/wearevillage.org\/wp-json\/wp\/v2\/product_tag?post=14340"}],"curies":[{"name":"wp","href":"https:\/\/api.w.org\/{rel}","templated":true}]}}