{"id":14527,"date":"2024-05-15T12:17:20","date_gmt":"2024-05-15T10:17:20","guid":{"rendered":"https:\/\/wearevillage.org\/?post_type=product&#038;p=14527"},"modified":"2024-05-15T12:41:15","modified_gmt":"2024-05-15T10:41:15","slug":"trans-generation-meetup-3","status":"publish","type":"product","link":"https:\/\/wearevillage.org\/shop\/trans-generation-meetup\/w26-2024\/","title":{"rendered":"Trans* Generation Meetup"},"content":{"rendered":"<div class=\"wpb-content-wrapper\"><div class=\"vc_row wpb_row vc_row-fluid\"><div class=\"wpb_column vc_column_container vc_col-sm-12\"><div class=\"vc_column-inner\"><div class=\"wpb_wrapper\"><h4 style=\"text-align: left\" class=\"vc_custom_heading vc_do_custom_heading\" >Trans* Generation Meetup<\/h4><h5 style=\"text-align: left\" class=\"vc_custom_heading vc_do_custom_heading\" >mit Kaey und Jayr\u00f4me C. Robinet<\/h5>\n\t<div class=\"wpb_text_column wpb_content_element\" >\n\t\t<div class=\"wpb_wrapper\">\n\t\t\t<div class=\"x11i5rnm xat24cr x1mh8g0r x1vvkbs xtlvy1s\">\n<div class=\"x11i5rnm xat24cr x1mh8g0r x1vvkbs xtlvy1s\">\n<div class=\"x11i5rnm xat24cr x1mh8g0r x1vvkbs xtlvy1s\">\n<p>Bei diesem Treffen m\u00f6chten\u00a0wir es trans* Menschen unterschiedlicher Generationen erm\u00f6glichen sich zu begegnen.<\/p>\n<p>Berlin gilt allgemein als queere Hauptstadt mit unendlichen M\u00f6glichkeiten. Doch welche M\u00f6glichkeiten gibt es dabei sich zu begegnen wenn man aus unterschiedlichen Generationen stammt?<\/p>\n<p>Wie kann ich als \u00e4ltere Transperson Gleichgesinnte kennenlernen ohne Facebook-Profil, Instagram-Account und TikTok-Kanal?<\/p>\n<p>Wo kann ich als junge Transperson \u00e4ltere Transmenschen treffen die ihre Geschichten teilen und uns beibringen wie man fr\u00fcher als Transmensch durchs Leben gegangen ist?<\/p>\n<p>Wie k\u00f6nnen sich Aktivist*innen unterschiedlicher Generationen miteinander Vernetzen?<\/p>\n<p>Das Trans* Generation Meetup ist eine lockeres Kennelern-Event. Es gibt eine*n G\u00e4st*in die aus ihrem Leben erz\u00e4hlt und mit der man sich austauschen kann.<\/p>\n<p>Alle k\u00f6nnen Snacks und Getr\u00e4nke mitbringen und sich in entspannter Atmosph\u00e4re unterhalten.<\/p>\n<p>Das Event ist offen f\u00fcr alle Menschen die sich mit dem Begriff trans identifizieren k\u00f6nnen. Es ist eine inklusive Veranstaltung. Allies welcome.<\/p>\n<\/div>\n<\/div>\n<\/div>\n\n\t\t<\/div>\n\t<\/div>\n<div class=\"vc_separator wpb_content_element vc_separator_align_center vc_sep_width_100 vc_sep_pos_align_center vc_separator_no_text vc_sep_color_grey wpb_content_element  wpb_content_element\" ><span class=\"vc_sep_holder vc_sep_holder_l\"><span class=\"vc_sep_line\"><\/span><\/span><span class=\"vc_sep_holder vc_sep_holder_r\"><span class=\"vc_sep_line\"><\/span><\/span>\n<\/div>\n\t<div class=\"wpb_text_column wpb_content_element\" >\n\t\t<div class=\"wpb_wrapper\">\n\t\t\t<p><strong><img loading=\"lazy\" decoding=\"async\" class=\"wp-image-14530 alignleft\" src=\"https:\/\/wearevillage.org\/wp-content\/uploads\/2024\/05\/Screen-Shot-2024-05-15-at-12.20.05-300x282.png\" alt=\"\" width=\"178\" height=\"167\" srcset=\"https:\/\/wearevillage.org\/wp-content\/uploads\/2024\/05\/Screen-Shot-2024-05-15-at-12.20.05-300x282.png 300w, https:\/\/wearevillage.org\/wp-content\/uploads\/2024\/05\/Screen-Shot-2024-05-15-at-12.20.05-1024x963.png 1024w, https:\/\/wearevillage.org\/wp-content\/uploads\/2024\/05\/Screen-Shot-2024-05-15-at-12.20.05-150x141.png 150w, https:\/\/wearevillage.org\/wp-content\/uploads\/2024\/05\/Screen-Shot-2024-05-15-at-12.20.05-768x722.png 768w, https:\/\/wearevillage.org\/wp-content\/uploads\/2024\/05\/Screen-Shot-2024-05-15-at-12.20.05-624x587.png 624w, https:\/\/wearevillage.org\/wp-content\/uploads\/2024\/05\/Screen-Shot-2024-05-15-at-12.20.05-390x367.png 390w, https:\/\/wearevillage.org\/wp-content\/uploads\/2024\/05\/Screen-Shot-2024-05-15-at-12.20.05-600x564.png 600w, https:\/\/wearevillage.org\/wp-content\/uploads\/2024\/05\/Screen-Shot-2024-05-15-at-12.20.05.png 1402w\" sizes=\"auto, (max-width: 178px) 100vw, 178px\" \/><\/strong><\/p>\n<p><strong>Jayr\u00f4me C. Robinet<\/strong>\u00a0geboren 1977 in Frankreich, ist Schriftsteller, \u00dcbersetzer und Spoken-Word-Performer. In Frankreich hat er zwei B\u00e4nde mit Kurzgeschichten ver\u00f6ffentlicht. Sein deutschsprachiges Deb\u00fct \u201eDas Licht ist weder gerecht noch ungerecht\u201c wurde 2015 am Maxim Gorki Theater als Ein-Personen-St\u00fcck uraufgef\u00fchrt. \u201eMein Weg von einer wei\u00dfen Frau zu einem jungen Mann mit Migrationshintergrund\u201c ist 2019 bei Hanser Berlin erschienen.<\/p>\n\n\t\t<\/div>\n\t<\/div>\n<div class=\"vc_separator wpb_content_element vc_separator_align_center vc_sep_width_100 vc_sep_pos_align_center vc_separator_no_text vc_sep_color_grey wpb_content_element  wpb_content_element\" ><span class=\"vc_sep_holder vc_sep_holder_l\"><span class=\"vc_sep_line\"><\/span><\/span><span class=\"vc_sep_holder vc_sep_holder_r\"><span class=\"vc_sep_line\"><\/span><\/span>\n<\/div>\n\t<div class=\"wpb_text_column wpb_content_element\" >\n\t\t<div class=\"wpb_wrapper\">\n\t\t\t<p><em><b>Accessibility<\/b><br \/>\n\u2022 Dieses Event wird je nach Teilnehmerbed\u00fcrfnissen auf Deutsch und\/oder Englisch sein.<\/em><\/p>\n\n\t\t<\/div>\n\t<\/div>\n<\/div><\/div><\/div><\/div>\n<\/div>","protected":false},"excerpt":{"rendered":"<h5>Sonntag<br \/>\n18:00-21:00<br \/>\nEintritt frei<\/h5>\n<h5><strong style=\"font-size: 16px;\">| <span style=\"color: #ec6c23;\">TIN & friends<\/span>\u00a0|<\/strong><\/h5>\n<div class=\"x11i5rnm xat24cr x1mh8g0r x1vvkbs xtlvy1s\">\n<div class=\"x11i5rnm xat24cr x1mh8g0r x1vvkbs xtlvy1s\">\n<p>Berlin gilt allgemein als queere Hauptstadt mit unendlichen M\u00f6glichkeiten. Doch welche M\u00f6glichkeiten gibt es dabei sich zu begegnen wenn man aus unterschiedlichen Generationen stammt? Das Trans* Generation Meetup ist eine lockeres Kennelern-Event. Es gibt eine*n G\u00e4st*in die aus ihrem Leben erz\u00e4hlt und mit der man sich austauschen kann.<\/p>\n<p>\u00a0<\/p>\n<\/div>\n<\/div>\n","protected":false},"author":12,"featured_media":14532,"template":"","meta":{"pmpro_default_level":"","inline_featured_image":false},"product_brand":[],"product_cat":[77,769,80],"product_tag":[],"class_list":{"0":"post-14527","1":"product","2":"type-product","3":"status-publish","4":"has-post-thumbnail","6":"product_cat-community-events","7":"product_cat-kostenloser-zugang","8":"product_cat-queer-matters","9":"pmpro-has-access","11":"first","12":"outofstock","13":"purchasable","14":"product-type-variable"},"wpml_current_locale":"de_DE","wpml_translations":{"en_US":{"locale":"en_US","id":14528,"slug":"trans-generation-meetup-kopie-2","post_title":"Trans* Generation Meetup","href":"https:\/\/wearevillage.org\/en\/shop\/trans-generation-meetup\/w26-2024"}},"language":{"code":"de","locale":"","name":"","is_rtl":false},"_links":{"self":[{"href":"https:\/\/wearevillage.org\/wp-json\/wp\/v2\/product\/14527","targetHints":{"allow":["GET"]}}],"collection":[{"href":"https:\/\/wearevillage.org\/wp-json\/wp\/v2\/product"}],"about":[{"href":"https:\/\/wearevillage.org\/wp-json\/wp\/v2\/types\/product"}],"author":[{"embeddable":true,"href":"https:\/\/wearevillage.org\/wp-json\/wp\/v2\/users\/12"}],"wp:featuredmedia":[{"embeddable":true,"href":"https:\/\/wearevillage.org\/wp-json\/wp\/v2\/media\/14532"}],"wp:attachment":[{"href":"https:\/\/wearevillage.org\/wp-json\/wp\/v2\/media?parent=14527"}],"wp:term":[{"taxonomy":"product_brand","embeddable":true,"href":"https:\/\/wearevillage.org\/wp-json\/wp\/v2\/product_brand?post=14527"},{"taxonomy":"product_cat","embeddable":true,"href":"https:\/\/wearevillage.org\/wp-json\/wp\/v2\/product_cat?post=14527"},{"taxonomy":"product_tag","embeddable":true,"href":"https:\/\/wearevillage.org\/wp-json\/wp\/v2\/product_tag?post=14527"}],"curies":[{"name":"wp","href":"https:\/\/api.w.org\/{rel}","templated":true}]}}