{"id":14596,"date":"2024-05-21T12:45:41","date_gmt":"2024-05-21T10:45:41","guid":{"rendered":"https:\/\/wearevillage.org\/?post_type=product&#038;p=14596"},"modified":"2024-06-28T12:37:09","modified_gmt":"2024-06-28T10:37:09","slug":"frei-bewegen-somatic-movement-workshop-mit-florian-filtzinger","status":"publish","type":"product","link":"https:\/\/wearevillage.org\/shop\/frei-bewegen\/w27-2024\/","title":{"rendered":"Somatische Bewegung f\u00fcr \u00e4ltere queere Menschen: Entdecke deine Beweglichkeit"},"content":{"rendered":"<div class=\"wpb-content-wrapper\"><div class=\"vc_row wpb_row vc_row-fluid\"><div class=\"wpb_column vc_column_container vc_col-sm-12\"><div class=\"vc_column-inner\"><div class=\"wpb_wrapper\"><h4 style=\"text-align: left\" class=\"vc_custom_heading vc_do_custom_heading\" >Somatische Bewegung f\u00fcr \u00e4ltere queere Menschen: Entdecke deine Beweglichkeit<\/h4><h5 style=\"text-align: left\" class=\"vc_custom_heading vc_do_custom_heading\" >mit Florian Filtzinger<\/h5>\n\t<div class=\"wpb_text_column wpb_content_element\" >\n\t\t<div class=\"wpb_wrapper\">\n\t\t\t<div class=\"x11i5rnm xat24cr x1mh8g0r x1vvkbs xtlvy1s\">\n<div class=\"x11i5rnm xat24cr x1mh8g0r x1vvkbs xtlvy1s\">\n<div class=\"x11i5rnm xat24cr x1mh8g0r x1vvkbs xtlvy1s\">\n<p>W\u00e4hrend des PRIDE-Monats 2024 laden wir unsere \u00e4lteren Community-Mitglieder & Freund*innen zu einem Workshop ein, der speziell darauf ausgerichtet ist, die Mobilit\u00e4t zu verbessern, Stress abzubauen und eine tiefere Verbindung zum eigenen K\u00f6rper herzustellen.<\/p>\n<p>Durch angeleitete \u00dcbungen und leichte Bewegung laden wir dich ein, den Dialog zwischen deinem K\u00f6rper und Geist zu vertiefen und eine neue Form des Wohlbefindens in einer inklusiven, sicheren und angenehmen Umgebung zu entdecken.<\/p>\n<p>Wir sch\u00e4tzen die Vielfalt der K\u00f6rper und Erfahrungen und wollen insbesondere einen sicheren Raum f\u00fcr die LGBTQ+-Gemeinschaft und ihre Verb\u00fcndeten bieten.<\/p>\n<p><strong>Was erwartet dich?<\/strong><\/p>\n<ul>\n<li>Einstieg in die somatische Bewegungspraxis: Lerne grundlegende Techniken und Prinzipien f\u00fcr mehr Bewusstsein und Balance im K\u00f6rper.<\/li>\n<li>Bewegung und Ausdruck: Experimentiere in einem sicheren Raum mit Bewegung als Mittel der Selbstentdeckung und des Ausdrucks.<\/li>\n<li>Individuell angepasste \u00dcbungen: Erhalte personalisierte Bewegungsabl\u00e4ufe, die speziell auf Ihre Bed\u00fcrfnisse und F\u00e4higkeiten zugeschnitten sind, um die Mobilit\u00e4t und Flexibilit\u00e4t zu verbessern.<\/li>\n<li>K\u00f6rperwahrnehmung st\u00e4rken: Entwickle ein tieferes Verst\u00e4ndnis und Bewusstsein f\u00fcr deinen K\u00f6rper durch achtsame Praxis.<\/li>\n<li>Gemeinschaftserlebnis: erlebe die Kraft des Lernens und Teilens in einer Gruppe gleichgesinnter Individuen<\/li>\n<\/ul>\n<\/div>\n<\/div>\n<\/div>\n\n\t\t<\/div>\n\t<\/div>\n<div class=\"vc_separator wpb_content_element vc_separator_align_center vc_sep_width_100 vc_sep_pos_align_center vc_separator_no_text vc_sep_color_grey wpb_content_element  wpb_content_element\" ><span class=\"vc_sep_holder vc_sep_holder_l\"><span class=\"vc_sep_line\"><\/span><\/span><span class=\"vc_sep_holder vc_sep_holder_r\"><span class=\"vc_sep_line\"><\/span><\/span>\n<\/div>\n\t<div class=\"wpb_text_column wpb_content_element\" >\n\t\t<div class=\"wpb_wrapper\">\n\t\t\t<p><strong><img loading=\"lazy\" decoding=\"async\" class=\"wp-image-22 alignleft\" src=\"https:\/\/wearevillage.org\/wp-content\/uploads\/2022\/08\/Florian-Filtzinger-271x300.jpg\" alt=\"\" width=\"160\" height=\"177\" srcset=\"https:\/\/wearevillage.org\/wp-content\/uploads\/2022\/08\/Florian-Filtzinger-271x300.jpg 271w, https:\/\/wearevillage.org\/wp-content\/uploads\/2022\/08\/Florian-Filtzinger-390x431.jpg 390w, https:\/\/wearevillage.org\/wp-content\/uploads\/2022\/08\/Florian-Filtzinger-600x663.jpg 600w, https:\/\/wearevillage.org\/wp-content\/uploads\/2022\/08\/Florian-Filtzinger-624x690.jpg 624w, https:\/\/wearevillage.org\/wp-content\/uploads\/2022\/08\/Florian-Filtzinger.jpg 700w\" sizes=\"auto, (max-width: 160px) 100vw, 160px\" \/> <\/strong><\/p>\n<p><strong>Florian Filtzinger<\/strong> studierte Anthropologie und Kommunikationswissenschaft und arbeitete seit 2013 in vielf\u00e4ltigen Projekten des queeren Berlins. W\u00e4hrend seiner gesamten Erfahrung erlebte er, wie unsere K\u00f6rper meistens von Nutzen sein mussten oder Reparatur bedurften, wenn sie krank waren oder nicht gut genug funktionierten. 2017 besch\u00e4ftigte er sich mit dem Studium der Somatik an der Somatischen Akademie Berlin und bietet nun Kurse an, um den K\u00f6rper als wahre Ressource f\u00fcr Weisheit, Freude und Tiefe in unserem Leben zu erheben.<\/p>\n\n\t\t<\/div>\n\t<\/div>\n<div class=\"vc_separator wpb_content_element vc_separator_align_center vc_sep_width_100 vc_sep_pos_align_center vc_separator_no_text vc_sep_color_grey wpb_content_element  wpb_content_element\" ><span class=\"vc_sep_holder vc_sep_holder_l\"><span class=\"vc_sep_line\"><\/span><\/span><span class=\"vc_sep_holder vc_sep_holder_r\"><span class=\"vc_sep_line\"><\/span><\/span>\n<\/div>\n\t<div class=\"wpb_text_column wpb_content_element\" >\n\t\t<div class=\"wpb_wrapper\">\n\t\t\t<p><em><b>Hinweise:<\/b><br \/>\n\u2022 Pl\u00e4tze sind begrenzt, bitte anmelden: <\/em>events@wearevillage.org<br \/>\n<em>\u2022 Dieser Workshop ist auf Deutsch<\/em><\/p>\n\n\t\t<\/div>\n\t<\/div>\n<\/div><\/div><\/div><\/div>\n<\/div>","protected":false},"excerpt":{"rendered":"<h5>Freitag<br \/>\n19:00-21:00<br \/>\nEintritt frei<br \/>\ndeutschsprachig<\/h5>\n<h5><strong style=\"font-size: 16px;\">| <span style=\"color: #ec6c23;\">LGBTQIA+<\/span>|<\/strong><\/h5>\n<div class=\"x11i5rnm xat24cr x1mh8g0r x1vvkbs xtlvy1s\">\n<div class=\"x11i5rnm xat24cr x1mh8g0r x1vvkbs xtlvy1s\">\n<p>W\u00e4hrend des PRIDE-Monats 2024 laden wir unsere \u00e4lteren Community-Mitglieder zu einem Workshop ein, der speziell darauf ausgerichtet ist, die Beweglichkeit zu verbessern, Stress abzubauen und eine tiefere Verbindung zum eigenen K\u00f6rper herzustellen.<\/p>\n<p>\u00a0<\/p>\n<\/div>\n<\/div>\n","protected":false},"author":12,"featured_media":14599,"template":"","meta":{"pmpro_default_level":"","inline_featured_image":false},"product_brand":[],"product_cat":[77,134,769,80,83],"product_tag":[469],"class_list":{"0":"post-14596","1":"product","2":"type-product","3":"status-publish","4":"has-post-thumbnail","6":"product_cat-community-events","7":"product_cat-einmalige-events","8":"product_cat-kostenloser-zugang","9":"product_cat-queer-matters","10":"product_cat-workshops","11":"product_tag-lgbtqiaplus","12":"pmpro-has-access","14":"first","15":"outofstock","16":"purchasable","17":"product-type-variable"},"wpml_current_locale":"de_DE","wpml_translations":{"en_US":{"locale":"en_US","id":14597,"slug":"trans-generation-meetup-kopie-3","post_title":"Somatic Movement for the Elderly Queers: Discover Your Mobility","href":"https:\/\/wearevillage.org\/en\/shop\/frei-bewegen\/w27-2024"}},"language":{"code":"de","locale":"","name":"","is_rtl":false},"_links":{"self":[{"href":"https:\/\/wearevillage.org\/wp-json\/wp\/v2\/product\/14596","targetHints":{"allow":["GET"]}}],"collection":[{"href":"https:\/\/wearevillage.org\/wp-json\/wp\/v2\/product"}],"about":[{"href":"https:\/\/wearevillage.org\/wp-json\/wp\/v2\/types\/product"}],"author":[{"embeddable":true,"href":"https:\/\/wearevillage.org\/wp-json\/wp\/v2\/users\/12"}],"wp:featuredmedia":[{"embeddable":true,"href":"https:\/\/wearevillage.org\/wp-json\/wp\/v2\/media\/14599"}],"wp:attachment":[{"href":"https:\/\/wearevillage.org\/wp-json\/wp\/v2\/media?parent=14596"}],"wp:term":[{"taxonomy":"product_brand","embeddable":true,"href":"https:\/\/wearevillage.org\/wp-json\/wp\/v2\/product_brand?post=14596"},{"taxonomy":"product_cat","embeddable":true,"href":"https:\/\/wearevillage.org\/wp-json\/wp\/v2\/product_cat?post=14596"},{"taxonomy":"product_tag","embeddable":true,"href":"https:\/\/wearevillage.org\/wp-json\/wp\/v2\/product_tag?post=14596"}],"curies":[{"name":"wp","href":"https:\/\/api.w.org\/{rel}","templated":true}]}}