{"id":14619,"date":"2024-05-23T15:03:52","date_gmt":"2024-05-23T13:03:52","guid":{"rendered":"https:\/\/wearevillage.org\/?post_type=product&#038;p=14619"},"modified":"2024-06-09T19:50:48","modified_gmt":"2024-06-09T17:50:48","slug":"queer-embrace-a-gentle-journey-into-sensual-playfulness","status":"publish","type":"product","link":"https:\/\/wearevillage.org\/shop\/sensual-touch\/w24-2024\/","title":{"rendered":"Queer Embrace: A Gentle Journey into Sensual Playfulness"},"content":{"rendered":"<div class=\"wpb-content-wrapper\"><div class=\"vc_row wpb_row vc_row-fluid\"><div class=\"wpb_column vc_column_container vc_col-sm-12\"><div class=\"vc_column-inner\"><div class=\"wpb_wrapper\"><h4 style=\"text-align: left\" class=\"vc_custom_heading vc_do_custom_heading\" >Sensual Touch Lab Series \u2013 Queer Embrace: A Gentle Journey into Sensual Playfulness<\/h4><h5 style=\"text-align: left\" class=\"vc_custom_heading vc_do_custom_heading\" >mit Jeremy Shub<\/h5>\n\t<div class=\"wpb_text_column wpb_content_element\" >\n\t\t<div class=\"wpb_wrapper\">\n\t\t\t<div class=\"x11i5rnm xat24cr x1mh8g0r x1vvkbs xtlvy1s\">\n<div class=\"x11i5rnm xat24cr x1mh8g0r x1vvkbs xtlvy1s\">\n<div class=\"x11i5rnm xat24cr x1mh8g0r x1vvkbs xtlvy1s\">\n<p>\u201eQueer Embrace: A Gentle Journey into Sensual Playfulness\u201c bietet einen n\u00e4hrenden Raum f\u00fcr Menschen aller queeren Identit\u00e4ten, um die Sch\u00f6nheit von sanften Ber\u00fchrungen und Verbindungen zu erkunden.<\/p>\n<p>Durch angeleitete \u00dcbungen und achtsame Praktiken ermutigt dieser Workshop die Teilnehmenden, ihre einzigartigen Erfahrungen wertzusch\u00e4tzen, Sinnlichkeit mit Sanftheit und Verletzlichkeit zu erkunden und die Kraft von Z\u00e4rtlichkeit und Intimit\u00e4t zu entdecken, um tiefere Verbindungen mit sich selbst und anderen aufzubauen.<\/p>\n<p>Egal, ob du Selbstvertrauen, Halt oder einfach nur eine Pause suchst, begleite uns auf dieser Reise der Selbstentdeckung und der sanften Zuneigung, bei der jede Ber\u00fchrung Liebe und Akzeptanz ausdr\u00fcckt.<\/p>\n<\/div>\n<\/div>\n<\/div>\n\n\t\t<\/div>\n\t<\/div>\n<div class=\"vc_separator wpb_content_element vc_separator_align_center vc_sep_width_100 vc_sep_pos_align_center vc_separator_no_text vc_sep_color_grey wpb_content_element  wpb_content_element\" ><span class=\"vc_sep_holder vc_sep_holder_l\"><span class=\"vc_sep_line\"><\/span><\/span><span class=\"vc_sep_holder vc_sep_holder_r\"><span class=\"vc_sep_line\"><\/span><\/span>\n<\/div>\n\t<div class=\"wpb_text_column wpb_content_element\" >\n\t\t<div class=\"wpb_wrapper\">\n\t\t\t<div class=\"x11i5rnm xat24cr x1mh8g0r x1vvkbs xtlvy1s\">\n<div class=\"x11i5rnm xat24cr x1mh8g0r x1vvkbs xtlvy1s\">\n<div class=\"x11i5rnm xat24cr x1mh8g0r x1vvkbs xtlvy1s\">\n<p><img loading=\"lazy\" decoding=\"async\" class=\"wp-image-14626 alignleft\" src=\"https:\/\/wearevillage.org\/wp-content\/uploads\/2024\/05\/Screen-Shot-2024-05-23-at-15.02.06-300x296.png\" alt=\"\" width=\"176\" height=\"173\" srcset=\"https:\/\/wearevillage.org\/wp-content\/uploads\/2024\/05\/Screen-Shot-2024-05-23-at-15.02.06-300x296.png 300w, https:\/\/wearevillage.org\/wp-content\/uploads\/2024\/05\/Screen-Shot-2024-05-23-at-15.02.06-150x148.png 150w, https:\/\/wearevillage.org\/wp-content\/uploads\/2024\/05\/Screen-Shot-2024-05-23-at-15.02.06-768x757.png 768w, https:\/\/wearevillage.org\/wp-content\/uploads\/2024\/05\/Screen-Shot-2024-05-23-at-15.02.06-624x615.png 624w, https:\/\/wearevillage.org\/wp-content\/uploads\/2024\/05\/Screen-Shot-2024-05-23-at-15.02.06-390x384.png 390w, https:\/\/wearevillage.org\/wp-content\/uploads\/2024\/05\/Screen-Shot-2024-05-23-at-15.02.06-600x591.png 600w, https:\/\/wearevillage.org\/wp-content\/uploads\/2024\/05\/Screen-Shot-2024-05-23-at-15.02.06.png 942w\" sizes=\"auto, (max-width: 176px) 100vw, 176px\" \/><strong>Jeremy Shub <\/strong>arbeitet derzeit als Sexualtherapeut*in, Sexualp\u00e4dagog*in, Sexological Bodyworker*in und Sex Relationship Coach. Jeremy lebt in Berlin und identifiziert sich als polyamour\u00f6s, nuttig, Sexarbeiter*in, kinky, genderfluid und queer. Jeremy hat Universit\u00e4tsabschl\u00fcsse in P\u00e4dagogik, Wissenschaft, kreativer Kunst und sexueller Gesundheit. Jeremy hat viele Workshops \u00fcber Sexualit\u00e4t, Beziehungen und Vergn\u00fcgen geleitet.<\/p>\n<\/div>\n<\/div>\n<\/div>\n\n\t\t<\/div>\n\t<\/div>\n<div class=\"vc_separator wpb_content_element vc_separator_align_center vc_sep_width_100 vc_sep_pos_align_center vc_separator_no_text vc_sep_color_grey wpb_content_element  wpb_content_element\" ><span class=\"vc_sep_holder vc_sep_holder_l\"><span class=\"vc_sep_line\"><\/span><\/span><span class=\"vc_sep_holder vc_sep_holder_r\"><span class=\"vc_sep_line\"><\/span><\/span>\n<\/div>\n\t<div class=\"wpb_text_column wpb_content_element\" >\n\t\t<div class=\"wpb_wrapper\">\n\t\t\t<div class=\"x11i5rnm xat24cr x1mh8g0r x1vvkbs xtlvy1s\">\n<div class=\"x11i5rnm xat24cr x1mh8g0r x1vvkbs xtlvy1s\">\n<div class=\"x11i5rnm xat24cr x1mh8g0r x1vvkbs xtlvy1s\">\n<p><em><strong>Was ist Sensual Touch Lab Series?<br \/>\n<\/strong><\/em>Sensual Touch Lab Series ist monatlicher Workshop, bei dem wir uns gemeinsam auf den Weg machen, einen Raum f\u00fcr spielerische Begegnungen zu schaffen, in dem wir neue Wege im Umgang mit unseren eigenen \u00c4ngsten oder Mustern in Bezug auf Nacktheit, Intimit\u00e4t und Ber\u00fchrung erkunden. Lasst uns mit unserer sexuellen Identit\u00e4t spielen, unsere Grenzen auf liebevolle Art und Weise erweitern und bedeutungsvolle Verbindungen durch die Kraft der Ganzk\u00f6rperber\u00fchrung im gegenseitigen Einverst\u00e4ndnis erleben.<\/p>\n<p>Jede Sitzung wird ein gef\u00fchrter Prozess sein, der je nach Thema und Hintergrund des Moderators eine besondere Note hat, sei es K\u00f6rperarbeit und Massage, Kink, Somatik und Intimit\u00e4t oder etwas anderes.<\/p>\n<p>Wir werden immer einen klaren Rahmen und Grenzen f\u00fcr diese Sitzung festlegen. Im ersten Teil jeder Sitzung wird ein Schwerpunkt auf Einverst\u00e4ndniserkl\u00e4rungen und Sicherheitsregeln gelegt, um das Erkunden zu erleichtern.<\/p>\n<p>Diese Workshops k\u00f6nnen Nacktheit, Partnerschafts\u00fcbungen, das Einladen von Erregung und erotische Interaktionen beinhalten. Hinweis: Oralsex oder Penetration sind nicht vorgesehen. Bitte komme frisch geduscht, bringen ein Laken und ein Handtuch mit.<\/p>\n<\/div>\n<\/div>\n<\/div>\n\n\t\t<\/div>\n\t<\/div>\n<div class=\"vc_separator wpb_content_element vc_separator_align_center vc_sep_width_100 vc_sep_pos_align_center vc_separator_no_text vc_sep_color_grey wpb_content_element  wpb_content_element\" ><span class=\"vc_sep_holder vc_sep_holder_l\"><span class=\"vc_sep_line\"><\/span><\/span><span class=\"vc_sep_holder vc_sep_holder_r\"><span class=\"vc_sep_line\"><\/span><\/span>\n<\/div>\n\t<div class=\"wpb_text_column wpb_content_element\" >\n\t\t<div class=\"wpb_wrapper\">\n\t\t\t<div class=\"x11i5rnm xat24cr x1mh8g0r x1vvkbs xtlvy1s\">\n<div class=\"x11i5rnm xat24cr x1mh8g0r x1vvkbs xtlvy1s\">\n<div class=\"x11i5rnm xat24cr x1mh8g0r x1vvkbs xtlvy1s\">\n<p><em><b>Hinweise:<\/b><br \/>\n\u2022 Dieses Event wird je nach Teilnehmerbed\u00fcrfnissen auf Deutsch und\/oder Englisch sein.<br \/>\n\u2022 Wir haben erm\u00e4\u00dfigte Solidarit\u00e4tstickets.\u00a0 Anfrage per E-Mail bitte an <strong><span id=\"wpmt-979163-137857\">events@wearevillage.org<\/span><\/strong><br \/>\n\u2022 Diese Veranstaltung ist <strong>nicht<\/strong> f\u00fcr die beiden kostenlosen monatlichen Veranstaltungen freigegeben, die Teil der Mitgliedschaft bei <strong>we are village membership<\/strong> sind.<\/em><\/p>\n<\/div>\n<\/div>\n<\/div>\n\n\t\t<\/div>\n\t<\/div>\n<\/div><\/div><\/div><div class=\"wpb_column vc_column_container vc_col-sm-12\"><div class=\"vc_column-inner\"><div class=\"wpb_wrapper\"><\/div><\/div><\/div><\/div>\n<\/div>","protected":false},"excerpt":{"rendered":"<h5>Sensual Touch Lab Series \u2013 Queer Embrace: A Gentle Journey into Sensual Playfulness<br \/>\nAm Montag (einmal im Monat)<br \/>\n20:00 \u2013 22:30<\/h5>\n<p class=\"p1\"><strong>| <span style=\"color: #ec6c23;\">LGBTQIA+ <\/span>|<\/strong><\/p>\n<div class=\"x11i5rnm xat24cr x1mh8g0r x1vvkbs xtlvy1s\">\n<p>Vermisst du auch manchmal R\u00e4ume, in denen du deine intimen W\u00fcnsche sicher ausdr\u00fccken kannst? Was w\u00e4re, wenn wir es wagen w\u00fcrden, gemeinsam einen solchen Raum zu schaffen? Lasst uns Intimit\u00e4t einladen und uns sinnlichen und erotischen Ber\u00fchrungen mit Offenheit begegnen, mit Konsens und Vertrauen, um tiefere Verbindungen zu uns selbst und anderen zu erm\u00f6glichen!<\/p>\n<p>\u00a0<\/p>\n<\/div>\n","protected":false},"author":11,"featured_media":14702,"template":"","meta":{"pmpro_default_level":"","inline_featured_image":false},"product_brand":[],"product_cat":[79],"product_tag":[469],"class_list":{"0":"post-14619","1":"product","2":"type-product","3":"status-publish","4":"has-post-thumbnail","6":"product_cat-monatliche-events","7":"product_tag-lgbtqiaplus","8":"pmpro-has-access","10":"first","11":"instock","12":"purchasable","13":"product-type-variable","14":"has-default-attributes"},"wpml_current_locale":"de_DE","wpml_translations":{"en_US":{"locale":"en_US","id":14622,"slug":"desire-in-the-dark-kopie","post_title":"Queer Embrace: A Gentle Journey into Sensual Playfulness","href":"https:\/\/wearevillage.org\/en\/shop\/sensual-touch\/w24-2024"}},"language":{"code":"de","locale":"","name":"","is_rtl":false},"_links":{"self":[{"href":"https:\/\/wearevillage.org\/wp-json\/wp\/v2\/product\/14619","targetHints":{"allow":["GET"]}}],"collection":[{"href":"https:\/\/wearevillage.org\/wp-json\/wp\/v2\/product"}],"about":[{"href":"https:\/\/wearevillage.org\/wp-json\/wp\/v2\/types\/product"}],"author":[{"embeddable":true,"href":"https:\/\/wearevillage.org\/wp-json\/wp\/v2\/users\/11"}],"wp:featuredmedia":[{"embeddable":true,"href":"https:\/\/wearevillage.org\/wp-json\/wp\/v2\/media\/14702"}],"wp:attachment":[{"href":"https:\/\/wearevillage.org\/wp-json\/wp\/v2\/media?parent=14619"}],"wp:term":[{"taxonomy":"product_brand","embeddable":true,"href":"https:\/\/wearevillage.org\/wp-json\/wp\/v2\/product_brand?post=14619"},{"taxonomy":"product_cat","embeddable":true,"href":"https:\/\/wearevillage.org\/wp-json\/wp\/v2\/product_cat?post=14619"},{"taxonomy":"product_tag","embeddable":true,"href":"https:\/\/wearevillage.org\/wp-json\/wp\/v2\/product_tag?post=14619"}],"curies":[{"name":"wp","href":"https:\/\/api.w.org\/{rel}","templated":true}]}}