{"id":14698,"date":"2024-05-27T13:59:03","date_gmt":"2024-05-27T11:59:03","guid":{"rendered":"https:\/\/wearevillage.org\/?post_type=product&#038;p=14698"},"modified":"2024-05-27T14:30:28","modified_gmt":"2024-05-27T12:30:28","slug":"village-film-night-fox-and-his-friends-faustrecht-der-freiheit-kopie","status":"publish","type":"product","link":"https:\/\/wearevillage.org\/shop\/village-film\/w-einunddreissig-2024\/","title":{"rendered":"Village Film Night \u2013 Eine Hommage an Kenneth Anger"},"content":{"rendered":"<div class=\"wpb-content-wrapper\"><div class=\"vc_row wpb_row vc_row-fluid\"><div class=\"wpb_column vc_column_container vc_col-sm-10\"><div class=\"vc_column-inner\"><div class=\"wpb_wrapper\"><\/div><\/div><\/div><div class=\"wpb_column vc_column_container vc_col-sm-2\"><div class=\"vc_column-inner\"><div class=\"wpb_wrapper\"><\/div><\/div><\/div><\/div><div class=\"vc_row wpb_row vc_row-fluid\"><div class=\"wpb_column vc_column_container vc_col-sm-12\"><div class=\"vc_column-inner\"><div class=\"wpb_wrapper\"><h4 style=\"text-align: left\" class=\"vc_custom_heading vc_do_custom_heading\" >Village Film Night - Eine Hommage an Kenneth Anger<\/h4><h5 style=\"text-align: left\" class=\"vc_custom_heading vc_do_custom_heading\" >David Le Guillermic<\/h5>\n\t<div class=\"wpb_text_column wpb_content_element\" >\n\t\t<div class=\"wpb_wrapper\">\n\t\t\t<div class=\"x11i5rnm xat24cr x1mh8g0r x1vvkbs xtlvy1s\">\n<p><strong>4 Experimentelle Kurzilme aus dem \u201eMagick Lantern Cycle\u201c<br \/>\n<\/strong>\u2022 Fireworks (1947), 14 mins<br \/>\n\u2022 Puce Moment (1949), 6 mins<br \/>\n\u2022 Inauguration of the Pleasure Dome (1954), 38 mins<br \/>\n\u2022 Scorpio Rising (1963), 28 mins<\/p>\n<p>Kenneth Angers \u201eMagick Lantern Cycle\u201c gilt als wegweisendes Beispiel f\u00fcr queere \u00c4sthetik im Film. Durch seine vision\u00e4re Arbeit brach Anger Grenzen, indem er Themen queeren Identit\u00e4t, Begehren und Symbolik offen erforschte. Seine Filme wie \u201eFireworks\u201c und \u201eScorpio Rising\u201c stellen traditionelle filmische Normen infrage, indem sie eine surreale und provokante visuelle Sprache umarmen \u2013 eine k\u00fchne Kreativit\u00e4t und unverbl\u00fcmten Ausdruck, die den Weg f\u00fcr zuk\u00fcnftige Generationen von Filmemachern ebneten, queere Perspektiven auf der Leinwand zu erkunden und zu feiern.<\/p>\n<p><strong>\u00dcber die Village Film Night:<br \/>\n<\/strong>Ob Filmgeschichte oder junges Queer-Kino, die monatliche Filmnacht l\u00e4dt Euch dazu ein, Neues zu entdecken. Das Programm umfasst eine breite Erkundung queerer und nicht-normativer Perspektiven in verschiedenen Genres und k\u00fcnstlerischen Stilen, die \u00fcber LGBTQI+Themen hinausgehen. Nach jeder Vorf\u00fchrung werden die G\u00e4ste zum Verweilen und zur Teilnahme an entspannten Gruppendiskussionen \u00fcber die Filme und damit verbundene Themen eingeladen.<\/p>\n<p>Kuratoren: Marcelo Alves, Pierre Em\u00f6, David Le Guillermic<\/p>\n<\/div>\n\n\t\t<\/div>\n\t<\/div>\n<\/div><\/div><\/div><\/div><div class=\"vc_row wpb_row vc_row-fluid\"><div class=\"wpb_column vc_column_container vc_col-sm-12\"><div class=\"vc_column-inner\"><div class=\"wpb_wrapper\">\n\t<div class=\"wpb_text_column wpb_content_element\" >\n\t\t<div class=\"wpb_wrapper\">\n\t\t\t<p><strong>Das Village \u00f6ffnet 19:00. Die Filmvorf\u00fchrung beginnt p\u00fcnktlich um 19:30.<\/strong><\/p>\n\n\t\t<\/div>\n\t<\/div>\n<\/div><\/div><\/div><\/div>\n<\/div>","protected":false},"excerpt":{"rendered":"<h5>Dienstag<br \/>\n19:00 \u2013 22:30<br \/>\nEintritt frei<\/h5>\n<p class=\"p1\"><strong>| <span style=\"color: #ec6c23;\">LGBTQIA+<\/span>|<\/strong><\/p>\n<p>A Tribute to Kenneth Anger.<br \/>\n<strong>4 Experimentelle Filme aus dem \u201eMagick Lantern Cycle\u201c:<br \/>\n<\/strong>\u2022 Fireworks (1947), 14 mins<br \/>\n\u2022 Puce Moment (1949), 6 mins<br \/>\n\u2022 Inauguration of the Pleasure Dome (1954), 38 mins<br \/>\n\u2022 Scorpio Rising (1963), 28 mins<\/p>\n<p><strong>Das Village \u00f6ffnet 19:00.<\/strong><br \/>\n<strong>Die Filmvorf\u00fchrung beginnt 19:30.<\/strong><br \/>\n<strong>Bitte seid p\u00fcnktlich.<\/strong><\/p>\n","protected":false},"author":12,"featured_media":14673,"template":"","meta":{"pmpro_default_level":"","inline_featured_image":false},"product_brand":[],"product_cat":[77,769,79],"product_tag":[469],"class_list":{"0":"post-14698","1":"product","2":"type-product","3":"status-publish","4":"has-post-thumbnail","6":"product_cat-community-events","7":"product_cat-kostenloser-zugang","8":"product_cat-monatliche-events","9":"product_tag-lgbtqiaplus","10":"pmpro-has-access","12":"first","13":"outofstock","14":"purchasable","15":"product-type-variable"},"wpml_current_locale":"de_DE","wpml_translations":{"en_US":{"locale":"en_US","id":14699,"slug":"village-film-night-fox-and-his-friends-faustrecht-der-freiheit-kopie","post_title":"Village Film Night - A Tribute to Kenneth Anger","href":"https:\/\/wearevillage.org\/en\/shop\/village-film\/w-einunddreissig-2024"}},"language":{"code":"de","locale":"","name":"","is_rtl":false},"_links":{"self":[{"href":"https:\/\/wearevillage.org\/wp-json\/wp\/v2\/product\/14698","targetHints":{"allow":["GET"]}}],"collection":[{"href":"https:\/\/wearevillage.org\/wp-json\/wp\/v2\/product"}],"about":[{"href":"https:\/\/wearevillage.org\/wp-json\/wp\/v2\/types\/product"}],"author":[{"embeddable":true,"href":"https:\/\/wearevillage.org\/wp-json\/wp\/v2\/users\/12"}],"wp:featuredmedia":[{"embeddable":true,"href":"https:\/\/wearevillage.org\/wp-json\/wp\/v2\/media\/14673"}],"wp:attachment":[{"href":"https:\/\/wearevillage.org\/wp-json\/wp\/v2\/media?parent=14698"}],"wp:term":[{"taxonomy":"product_brand","embeddable":true,"href":"https:\/\/wearevillage.org\/wp-json\/wp\/v2\/product_brand?post=14698"},{"taxonomy":"product_cat","embeddable":true,"href":"https:\/\/wearevillage.org\/wp-json\/wp\/v2\/product_cat?post=14698"},{"taxonomy":"product_tag","embeddable":true,"href":"https:\/\/wearevillage.org\/wp-json\/wp\/v2\/product_tag?post=14698"}],"curies":[{"name":"wp","href":"https:\/\/api.w.org\/{rel}","templated":true}]}}