{"id":14739,"date":"2024-05-31T11:38:31","date_gmt":"2024-05-31T09:38:31","guid":{"rendered":"https:\/\/wearevillage.org\/?post_type=product&#038;p=14739"},"modified":"2024-05-31T17:39:02","modified_gmt":"2024-05-31T15:39:02","slug":"transfem-voice-liberation","status":"publish","type":"product","link":"https:\/\/wearevillage.org\/shop\/transfem\/w24-2024\/","title":{"rendered":"Transfem Voice Liberation"},"content":{"rendered":"<div class=\"wpb-content-wrapper\"><div class=\"vc_row wpb_row vc_row-fluid\"><div class=\"wpb_column vc_column_container vc_col-sm-12\"><div class=\"vc_column-inner\"><div class=\"wpb_wrapper\"><h4 style=\"text-align: left\" class=\"vc_custom_heading vc_do_custom_heading\" >Transfem Voice Liberation<\/h4><h5 style=\"text-align: left\" class=\"vc_custom_heading vc_do_custom_heading\" >mit Marlene Bellissimo (aka Avelo)<\/h5>\n\t<div class=\"wpb_text_column wpb_content_element\" >\n\t\t<div class=\"wpb_wrapper\">\n\t\t\t<div class=\"x11i5rnm xat24cr x1mh8g0r x1vvkbs xtlvy1s\">\n<div class=\"x11i5rnm xat24cr x1mh8g0r x1vvkbs xtlvy1s\">\n<div class=\"x11i5rnm xat24cr x1mh8g0r x1vvkbs xtlvy1s\">\n<p>Was ist eine transfem Stimme? In diesem Workshop lernst Du etwas \u00fcber Gender-Pr\u00e4sentation und Stimme. Marlene Bellissimo wird dar\u00fcber sprechen, warum Stimmen als weiblich oder m\u00e4nnlich angesehen werden und wie Du deine Stimme aus den Grenzen des bin\u00e4ren Geschlechterverh\u00e4ltnisses befreien kannst.<\/p>\n<\/div>\n<\/div>\n<\/div>\n\n\t\t<\/div>\n\t<\/div>\n<div class=\"vc_separator wpb_content_element vc_separator_align_center vc_sep_width_100 vc_sep_pos_align_center vc_separator_no_text vc_sep_color_grey wpb_content_element  wpb_content_element\" ><span class=\"vc_sep_holder vc_sep_holder_l\"><span class=\"vc_sep_line\"><\/span><\/span><span class=\"vc_sep_holder vc_sep_holder_r\"><span class=\"vc_sep_line\"><\/span><\/span>\n<\/div>\n\t<div class=\"wpb_text_column wpb_content_element\" >\n\t\t<div class=\"wpb_wrapper\">\n\t\t\t<p><strong><img loading=\"lazy\" decoding=\"async\" class=\"wp-image-14742 alignleft\" src=\"https:\/\/wearevillage.org\/wp-content\/uploads\/2024\/05\/Screen-Shot-2024-05-31-at-11.37.23-300x295.png\" alt=\"\" width=\"207\" height=\"204\" srcset=\"https:\/\/wearevillage.org\/wp-content\/uploads\/2024\/05\/Screen-Shot-2024-05-31-at-11.37.23-300x295.png 300w, https:\/\/wearevillage.org\/wp-content\/uploads\/2024\/05\/Screen-Shot-2024-05-31-at-11.37.23-150x147.png 150w, https:\/\/wearevillage.org\/wp-content\/uploads\/2024\/05\/Screen-Shot-2024-05-31-at-11.37.23-768x755.png 768w, https:\/\/wearevillage.org\/wp-content\/uploads\/2024\/05\/Screen-Shot-2024-05-31-at-11.37.23-624x613.png 624w, https:\/\/wearevillage.org\/wp-content\/uploads\/2024\/05\/Screen-Shot-2024-05-31-at-11.37.23-390x383.png 390w, https:\/\/wearevillage.org\/wp-content\/uploads\/2024\/05\/Screen-Shot-2024-05-31-at-11.37.23-600x590.png 600w, https:\/\/wearevillage.org\/wp-content\/uploads\/2024\/05\/Screen-Shot-2024-05-31-at-11.37.23-100x100.png 100w, https:\/\/wearevillage.org\/wp-content\/uploads\/2024\/05\/Screen-Shot-2024-05-31-at-11.37.23.png 926w\" sizes=\"auto, (max-width: 207px) 100vw, 207px\" \/>Marlene Bellissimo (aka Avelo)<\/strong> ist eine in Berlin lebende Musikerin, die Songs schreibt und Videos \u00fcber Musikgeschichte und queeres Leben macht. Als YouTuberin und TikToker konzentriert sie sich auf ihre Erfahrungen als Transfrau und darauf, wie es war, durch die Transition eine neue Stimme zu finden, was in dem k\u00fcrzlich ver\u00f6ffentlichten einst\u00fcndigen Video-Essay \u201eFinding A Trans Voice\u201c gipfelte. Indem sie das Bewusstsein f\u00fcr die Bandbreite an M\u00f6glichkeiten f\u00fcr Trans-Stimmen sch\u00e4rft, m\u00f6chte sie die befreiende Natur der Transition und die Kraft des Selbstausdrucks hervorheben.<\/p>\n\n\t\t<\/div>\n\t<\/div>\n<div class=\"vc_separator wpb_content_element vc_separator_align_center vc_sep_width_100 vc_sep_pos_align_center vc_separator_no_text vc_sep_color_grey wpb_content_element  wpb_content_element\" ><span class=\"vc_sep_holder vc_sep_holder_l\"><span class=\"vc_sep_line\"><\/span><\/span><span class=\"vc_sep_holder vc_sep_holder_r\"><span class=\"vc_sep_line\"><\/span><\/span>\n<\/div>\n\t<div class=\"wpb_text_column wpb_content_element\" >\n\t\t<div class=\"wpb_wrapper\">\n\t\t\t<p><em><b>Hinweise:<\/b><br \/>\n\u2022 Der Workshop wird haupts\u00e4chlich auf Englisch sein, es k\u00f6nnen aber auch Teile ins Deutsche \u00fcbersetzt werden.<br \/>\n\u2022 max. 10 TeilnehmerInnen<br \/>\n<\/em><em>\u2022 Anmeldung unter: <strong>events@wearevillage.org<\/strong><\/em><\/p>\n\n\t\t<\/div>\n\t<\/div>\n<\/div><\/div><\/div><\/div>\n<\/div>","protected":false},"excerpt":{"rendered":"<h5>Sonntag<br \/>\n12:00-16:00<br \/>\nEintritt frei<\/h5>\n<h5><strong style=\"font-size: 16px;\">| <span style=\"color: #ec6c23;\">Trans fem*<\/span>\u00a0|<\/strong><\/h5>\n<div class=\"x11i5rnm xat24cr x1mh8g0r x1vvkbs xtlvy1s\">\n<div class=\"x11i5rnm xat24cr x1mh8g0r x1vvkbs xtlvy1s\">\n<p>Was ist eine transfem Stimme? In diesem Workshop lernst Du etwas \u00fcber Gender-Pr\u00e4sentation und Stimme. Marlene Bellissimo wird dar\u00fcber sprechen, warum Stimmen als weiblich oder m\u00e4nnlich angesehen werden und wie Du deine Stimme aus den Grenzen des bin\u00e4ren Geschlechterverh\u00e4ltnisses befreien kannst.<\/p>\n<\/div>\n<\/div>\n","protected":false},"author":12,"featured_media":14748,"template":"","meta":{"pmpro_default_level":"","inline_featured_image":false},"product_brand":[],"product_cat":[134,769,80],"product_tag":[421],"class_list":{"0":"post-14739","1":"product","2":"type-product","3":"status-publish","4":"has-post-thumbnail","6":"product_cat-einmalige-events","7":"product_cat-kostenloser-zugang","8":"product_cat-queer-matters","9":"product_tag-trans-fem","10":"pmpro-has-access","12":"first","13":"outofstock","14":"purchasable","15":"product-type-variable"},"wpml_current_locale":"de_DE","wpml_translations":{"en_US":{"locale":"en_US","id":14740,"slug":"trans-generation-meetup-kopie-4","post_title":"Transfem Voice Liberation","href":"https:\/\/wearevillage.org\/en\/shop\/transfem\/w24-2024"}},"language":{"code":"de","locale":"","name":"","is_rtl":false},"_links":{"self":[{"href":"https:\/\/wearevillage.org\/wp-json\/wp\/v2\/product\/14739","targetHints":{"allow":["GET"]}}],"collection":[{"href":"https:\/\/wearevillage.org\/wp-json\/wp\/v2\/product"}],"about":[{"href":"https:\/\/wearevillage.org\/wp-json\/wp\/v2\/types\/product"}],"author":[{"embeddable":true,"href":"https:\/\/wearevillage.org\/wp-json\/wp\/v2\/users\/12"}],"wp:featuredmedia":[{"embeddable":true,"href":"https:\/\/wearevillage.org\/wp-json\/wp\/v2\/media\/14748"}],"wp:attachment":[{"href":"https:\/\/wearevillage.org\/wp-json\/wp\/v2\/media?parent=14739"}],"wp:term":[{"taxonomy":"product_brand","embeddable":true,"href":"https:\/\/wearevillage.org\/wp-json\/wp\/v2\/product_brand?post=14739"},{"taxonomy":"product_cat","embeddable":true,"href":"https:\/\/wearevillage.org\/wp-json\/wp\/v2\/product_cat?post=14739"},{"taxonomy":"product_tag","embeddable":true,"href":"https:\/\/wearevillage.org\/wp-json\/wp\/v2\/product_tag?post=14739"}],"curies":[{"name":"wp","href":"https:\/\/api.w.org\/{rel}","templated":true}]}}