{"id":14753,"date":"2024-05-31T17:23:19","date_gmt":"2024-05-31T15:23:19","guid":{"rendered":"https:\/\/wearevillage.org\/?post_type=product&#038;p=14753"},"modified":"2024-05-31T17:29:09","modified_gmt":"2024-05-31T15:29:09","slug":"village-film-night-pioneers-kurzfilm-programm","status":"publish","type":"product","link":"https:\/\/wearevillage.org\/shop\/village-film\/w26-2024\/","title":{"rendered":"Village Film Night \u2013  PIONEERS \/ Kurzfilm-Programm"},"content":{"rendered":"<div class=\"wpb-content-wrapper\"><div class=\"vc_row wpb_row vc_row-fluid\"><div class=\"wpb_column vc_column_container vc_col-sm-10\"><div class=\"vc_column-inner\"><div class=\"wpb_wrapper\"><\/div><\/div><\/div><div class=\"wpb_column vc_column_container vc_col-sm-2\"><div class=\"vc_column-inner\"><div class=\"wpb_wrapper\"><\/div><\/div><\/div><\/div><div class=\"vc_row wpb_row vc_row-fluid\"><div class=\"wpb_column vc_column_container vc_col-sm-12\"><div class=\"vc_column-inner\"><div class=\"wpb_wrapper\"><h4 style=\"text-align: left\" class=\"vc_custom_heading vc_do_custom_heading\" >Village Film Night \u2013 PIONEERS | Kurzfilm-Programm<\/h4><h5 style=\"text-align: left\" class=\"vc_custom_heading vc_do_custom_heading\" >mit Marcelo Alves<\/h5>\n\t<div class=\"wpb_text_column wpb_content_element\" >\n\t\t<div class=\"wpb_wrapper\">\n\t\t\t<p>In Ausblick auf den LGBTQ-Monat Juni werden wir einige der Pioniere der LGBTQI-Geschichte feiern. Das Programm stellt furchtlose Menschen vor, die in Zeiten, in denen Gewalt, Bel\u00e4stigung und Verfolgung von LGBTQs an der Tagesordnung waren, einen wichtigen Beitrag zu ihren Community geleistet haben. Je nach Verf\u00fcgbarkeit wird das Programm Geschichten \u00fcber Legenden wie die makellose Mutter Sabrina, Magnus Hirschfeld, Storm\u00e9 und andere enthalten. Wie immer werden wir nach den Vorf\u00fchrungen eine offene Diskussion f\u00fchren.<\/p>\n<p><strong>Programm:<\/strong><\/p>\n<p>\u201cAnders als die Anderen\u201d D; Richard Oswald<\/p>\n<p>\u201cStorm\u00e9: The Lady of the Jewelbox\u201d D: Michelle Parkerson<\/p>\n<p>\u201cAt Least You Know You Exist\u201d D: Zachary Drucker<\/p>\n<p>\u201cConfessions\u201d D: Kurk McDowell<\/p>\n\n\t\t<\/div>\n\t<\/div>\n<div class=\"vc_separator wpb_content_element vc_separator_align_center vc_sep_width_100 vc_sep_pos_align_center vc_separator_no_text vc_sep_color_grey wpb_content_element  wpb_content_element\" ><span class=\"vc_sep_holder vc_sep_holder_l\"><span class=\"vc_sep_line\"><\/span><\/span><span class=\"vc_sep_holder vc_sep_holder_r\"><span class=\"vc_sep_line\"><\/span><\/span>\n<\/div>\n\t<div class=\"wpb_text_column wpb_content_element\" >\n\t\t<div class=\"wpb_wrapper\">\n\t\t\t<p><em><strong>\u00dcber Village Filmnacht<\/strong><\/em><\/p>\n<p>Die monatliche Filmnacht von <strong>we are village<\/strong> hat sich zu einem Muss f\u00fcr Cineasten entwickelt, die eine Auswahl an beliebten Klassikern genie\u00dfen wollen. Das Programm umfasst eine breite Erkundung queerer und nicht-normativer Perspektiven in verschiedenen Genres und k\u00fcnstlerischen Stilen, die \u00fcber LGBTQI+Themen hinausgehen. Nach jeder Vorf\u00fchrung werden die G\u00e4ste zum Verweilen und zur Teilnahme an entspannten Gruppendiskussionen \u00fcber die Filme und damit verbundene Themen eingeladen.<\/p>\n\n\t\t<\/div>\n\t<\/div>\n<\/div><\/div><\/div><\/div>\n<\/div>","protected":false},"excerpt":{"rendered":"<h5>Dienstag<br \/>\n19:00 \u2013 22:30<br \/>\nEintritt frei<\/h5>\n<p class=\"p1\"><strong>| <span style=\"color: #ec6c23;\">LGBTQIA+<\/span>|<\/strong><\/p>\n<p>In Ausblick auf den LGBTQ-Monat Juni werden wir einige der Pioniere der LGBTQI-Geschichte feiern. Das Programm stellt furchtlose Menschen vor, die in Zeiten, in denen Gewalt, Bel\u00e4stigung und Verfolgung von LGBTQs an der Tagesordnung waren, einen wichtigen Beitrag zu ihren Gemeinschaften geleistet haben.<\/p>\n<p>Das Village \u00f6ffnet 19:00. Das Filmscreening beginnt p\u00fcnktlich um 19:30.<\/p>\n","protected":false},"author":12,"featured_media":14486,"template":"","meta":{"pmpro_default_level":"","inline_featured_image":false},"product_brand":[],"product_cat":[77,769,79],"product_tag":[469],"class_list":{"0":"post-14753","1":"product","2":"type-product","3":"status-publish","4":"has-post-thumbnail","6":"product_cat-community-events","7":"product_cat-kostenloser-zugang","8":"product_cat-monatliche-events","9":"product_tag-lgbtqiaplus","10":"pmpro-has-access","12":"first","13":"outofstock","14":"purchasable","15":"product-type-variable"},"wpml_current_locale":"de_DE","wpml_translations":{"en_US":{"locale":"en_US","id":14754,"slug":"canceled-village-film-night-pioneers-short-film-program-kopie","post_title":"Village Film Night - PIONEERS \/ short film program","href":"https:\/\/wearevillage.org\/en\/shop\/village-film\/w26-2024"}},"language":{"code":"de","locale":"","name":"","is_rtl":false},"_links":{"self":[{"href":"https:\/\/wearevillage.org\/wp-json\/wp\/v2\/product\/14753","targetHints":{"allow":["GET"]}}],"collection":[{"href":"https:\/\/wearevillage.org\/wp-json\/wp\/v2\/product"}],"about":[{"href":"https:\/\/wearevillage.org\/wp-json\/wp\/v2\/types\/product"}],"author":[{"embeddable":true,"href":"https:\/\/wearevillage.org\/wp-json\/wp\/v2\/users\/12"}],"wp:featuredmedia":[{"embeddable":true,"href":"https:\/\/wearevillage.org\/wp-json\/wp\/v2\/media\/14486"}],"wp:attachment":[{"href":"https:\/\/wearevillage.org\/wp-json\/wp\/v2\/media?parent=14753"}],"wp:term":[{"taxonomy":"product_brand","embeddable":true,"href":"https:\/\/wearevillage.org\/wp-json\/wp\/v2\/product_brand?post=14753"},{"taxonomy":"product_cat","embeddable":true,"href":"https:\/\/wearevillage.org\/wp-json\/wp\/v2\/product_cat?post=14753"},{"taxonomy":"product_tag","embeddable":true,"href":"https:\/\/wearevillage.org\/wp-json\/wp\/v2\/product_tag?post=14753"}],"curies":[{"name":"wp","href":"https:\/\/api.w.org\/{rel}","templated":true}]}}