{"id":14871,"date":"2024-06-07T15:42:23","date_gmt":"2024-06-07T13:42:23","guid":{"rendered":"https:\/\/wearevillage.org\/?post_type=product&#038;p=14871"},"modified":"2024-06-08T11:21:04","modified_gmt":"2024-06-08T09:21:04","slug":"queer-art-bridge-berlin-meet-up","status":"publish","type":"product","link":"https:\/\/wearevillage.org\/shop\/art-bridge\/w24-2024\/","title":{"rendered":"\u201cQueer Art Bridge Berlin\u201d Meet-up"},"content":{"rendered":"<div class=\"wpb-content-wrapper\"><div class=\"vc_row wpb_row vc_row-fluid\"><div class=\"wpb_column vc_column_container vc_col-sm-12\"><div class=\"vc_column-inner\"><div class=\"wpb_wrapper\"><h4 style=\"text-align: left\" class=\"vc_custom_heading vc_do_custom_heading\" >\u201cQueer Art Bridge Berlin\u201d Meet-up<\/h4>\n\t<div class=\"wpb_text_column wpb_content_element\" >\n\t\t<div class=\"wpb_wrapper\">\n\t\t\t<div class=\"x11i5rnm xat24cr x1mh8g0r x1vvkbs xtlvy1s\">\n<div class=\"x11i5rnm xat24cr x1mh8g0r x1vvkbs xtlvy1s\">\n<div class=\"x11i5rnm xat24cr x1mh8g0r x1vvkbs xtlvy1s\">\n<p>Als internationale, vielf\u00e4ltige Stadt ist Berlin ein sicherer Hafen f\u00fcr viele queere K\u00fcnstler*innen, die aus pers\u00f6nlichen oder politischen Gr\u00fcnden ihr Land verlassen oder andere Migrationserfahrungen gemacht haben.<\/p>\n<p>Berlin kann aber auch ein schwieriger Ort sein, um sich beruflich und kreativ zu entfalten, Netzwerke aufzubauen, F\u00f6rdermittel, Auftr\u00e4ge oder Arbeitsr\u00e4ume zu finden, denn die Konkurrenz ist gro\u00df, die b\u00fcrokratischen H\u00fcrden sind hoch und manchmal gibt es Sprachbarrieren.<\/p>\n<p>Um diverse Herausforderungen in Bezug auf Zugang zur kulturellen Teilhabe\u00a0 zu meistern, haben wir bei Village Berlin im Rahmen unseres Programms <a href=\"https:\/\/wearevillage.org\/village-quartiere\/queer-art-bridge\" target=\"_blank\" rel=\"noopener\">Queer Art Bridge<\/a> ein neues Netzwerktreffen ins Leben gerufen.<\/p>\n<p><strong>Dieses Treffen bietet queeren K\u00fcnstler*innen und Kulturschaffenden mit und ohne Flucht- und Migrationserfahrung, Vertreter:innen von Kunst- und Hochschuleinrichtungen und anderen Akteur*innen der Berliner Kulturszene die M\u00f6glichkeit, in einem informellen Rahmen Kontakte zu kn\u00fcpfen und Ideen, Geschichten und Erfahrungen auszutauschen.<\/strong><\/p>\n<\/div>\n<\/div>\n<\/div>\n\n\t\t<\/div>\n\t<\/div>\n\n\t<div class=\"wpb_text_column wpb_content_element\" >\n\t\t<div class=\"wpb_wrapper\">\n\t\t\t<p>Dieses Event wird je nach Teilnehmerbed\u00fcrfnissen auf Deutsch und\/oder Englisch sein.<br \/>\n<em><br \/>\n<\/em><\/p>\n\n\t\t<\/div>\n\t<\/div>\n<\/div><\/div><\/div><\/div>\n<\/div>","protected":false},"excerpt":{"rendered":"<h5>Freitag<br \/>\nkostenfrei<br \/>\n18:00-20:30<\/h5>\n<h5><strong style=\"font-size: 16px;\">| <span style=\"color: #ec6c23;\">LGBTQIA+<\/span>|<\/strong><\/h5>\n<div class=\"x11i5rnm xat24cr x1mh8g0r x1vvkbs xtlvy1s\">\n<div class=\"x11i5rnm xat24cr x1mh8g0r x1vvkbs xtlvy1s\">\n<p>Dieses Treffen bietet queeren K\u00fcnstler*innen und Kulturschaffenden mit und ohne Flucht- und Migrationserfahrung, Vertreter:innen von Kunst- und Hochschuleinrichtungen und anderen Akteur*innen der Berliner Kulturszene die M\u00f6glichkeit, in einem informellen Rahmen Kontakte zu kn\u00fcpfen und Ideen, Geschichten und Erfahrungen auszutauschen.<\/p>\n<\/div>\n<\/div>\n","protected":false},"author":12,"featured_media":14900,"template":"","meta":{"pmpro_default_level":"","inline_featured_image":false},"product_brand":[],"product_cat":[77,769],"product_tag":[469],"class_list":{"0":"post-14871","1":"product","2":"type-product","3":"status-publish","4":"has-post-thumbnail","6":"product_cat-community-events","7":"product_cat-kostenloser-zugang","8":"product_tag-lgbtqiaplus","9":"pmpro-has-access","11":"first","12":"outofstock","13":"purchasable","14":"product-type-variable"},"wpml_current_locale":"de_DE","wpml_translations":{"en_US":{"locale":"en_US","id":14872,"slug":"all-about-queer-crip-community-building-kopie","post_title":"\u201cQueer Art Bridge Berlin\u201d Meet-up","href":"https:\/\/wearevillage.org\/en\/shop\/art-bridge\/w24-2024"}},"language":{"code":"de","locale":"","name":"","is_rtl":false},"_links":{"self":[{"href":"https:\/\/wearevillage.org\/wp-json\/wp\/v2\/product\/14871","targetHints":{"allow":["GET"]}}],"collection":[{"href":"https:\/\/wearevillage.org\/wp-json\/wp\/v2\/product"}],"about":[{"href":"https:\/\/wearevillage.org\/wp-json\/wp\/v2\/types\/product"}],"author":[{"embeddable":true,"href":"https:\/\/wearevillage.org\/wp-json\/wp\/v2\/users\/12"}],"wp:featuredmedia":[{"embeddable":true,"href":"https:\/\/wearevillage.org\/wp-json\/wp\/v2\/media\/14900"}],"wp:attachment":[{"href":"https:\/\/wearevillage.org\/wp-json\/wp\/v2\/media?parent=14871"}],"wp:term":[{"taxonomy":"product_brand","embeddable":true,"href":"https:\/\/wearevillage.org\/wp-json\/wp\/v2\/product_brand?post=14871"},{"taxonomy":"product_cat","embeddable":true,"href":"https:\/\/wearevillage.org\/wp-json\/wp\/v2\/product_cat?post=14871"},{"taxonomy":"product_tag","embeddable":true,"href":"https:\/\/wearevillage.org\/wp-json\/wp\/v2\/product_tag?post=14871"}],"curies":[{"name":"wp","href":"https:\/\/api.w.org\/{rel}","templated":true}]}}