{"id":14928,"date":"2024-06-10T13:21:30","date_gmt":"2024-06-10T11:21:30","guid":{"rendered":"https:\/\/wearevillage.org\/?post_type=product&#038;p=14928"},"modified":"2024-06-27T15:28:02","modified_gmt":"2024-06-27T13:28:02","slug":"panel-queer-sober-in-berlin","status":"publish","type":"product","link":"https:\/\/wearevillage.org\/shop\/panel\/w27-2024\/","title":{"rendered":"Panel \u201cQueer & Sober in Berlin\u201d"},"content":{"rendered":"<div class=\"wpb-content-wrapper\"><div class=\"vc_row wpb_row vc_row-fluid\"><div class=\"wpb_column vc_column_container vc_col-sm-10\"><div class=\"vc_column-inner\"><div class=\"wpb_wrapper\"><\/div><\/div><\/div><div class=\"wpb_column vc_column_container vc_col-sm-2\"><div class=\"vc_column-inner\"><div class=\"wpb_wrapper\"><\/div><\/div><\/div><\/div><div class=\"vc_row wpb_row vc_row-fluid\"><div class=\"wpb_column vc_column_container vc_col-sm-12\"><div class=\"vc_column-inner\"><div class=\"wpb_wrapper\"><h4 style=\"text-align: left\" class=\"vc_custom_heading vc_do_custom_heading\" >Panel \"Queer & Sober in Berlin\u201d<\/h4><h5 style=\"text-align: left\" class=\"vc_custom_heading vc_do_custom_heading\" >mit Vlady Schklover (Moderation), Dipl. Psych. Dr. Gisela Fux Wolf, Sarnt Utamachote, Andre Fau<\/h5>\n\t<div class=\"wpb_text_column wpb_content_element\" >\n\t\t<div class=\"wpb_wrapper\">\n\t\t\t<div class=\"x11i5rnm xat24cr x1mh8g0r x1vvkbs xtlvy1s\">\n<div class=\"x11i5rnm xat24cr x1mh8g0r x1vvkbs xtlvy1s\">\n<div class=\"x11i5rnm xat24cr x1mh8g0r x1vvkbs xtlvy1s\">\n<p>In Kooperation mit den <strong>Lemonade Queers<\/strong> und als Teil eines vom Senat unterst\u00fctzten Projektes zu queerer Einsamkeit laden wir euch ein zum Panel zum Thema: \u201c<strong>Queer & Sober in Berlin<\/strong>\u201d.<\/p>\n<p>Diese Gespr\u00e4chsrunde bietet eine wichtige Gelegenheit, die Herausforderungen von Sobriety und eine damit verkn\u00fcpfte spezielle Art von Einsamkeit in der queeren Community zu verstehen und konstruktive Ans\u00e4tze zur Verbesserung zu entwickeln.<\/p>\n<p>Wir m\u00f6chten euch nicht nur als Zuh\u00f6rende, sondern als aktive Diskussionsg\u00e4ste begr\u00fc\u00dfen, um gemeinsam wichtige Themen zu er\u00f6rtern. Sendet uns gerne eure Fragen und Ideen bereits im Voraus zu.<\/p>\n<p>Das Panel wird in drei thematische Schwerpunkte unterteilt:<\/p>\n<p><strong>Konsum in der Queeren Community: <\/strong>Wir wollen \u00fcber Konsum in der queeren Szene diskutieren, ohne ihn zu verurteilen. Warum ist Konsum so stark in der queeren Community? \u2028Warum finden die meisten queeren Veranstaltungen an Orten statt, wo sich Konsum verst\u00e4rken kann?<\/p>\n<p><strong>Queer und Sober Dating: <\/strong>Wie Date ich sober? Wir wollen \u00fcber neue L\u00f6sungsans\u00e4tze sprechen. \u2028 Wie kann man anders, ges\u00fcnder Daten? Welche neuen Formate k\u00f6nnten spannend sein?<\/p>\n<p><strong>Queer und Sober Life in Berlin: <\/strong>Wie kann ich in Berlin sober leben?\u2028 Wir wollen \u00fcber Ideen, Ans\u00e4tze und M\u00f6glichkeiten sprechen, wie ein Leben nach Konsum aussehen kann. \u2028Im Vordergrund stehen Motivation, Inspiration, Hoffnung.<\/p>\n<p><strong>Panel-Teilnehmende:<\/strong><\/p>\n<p><strong>\u2022 Vlady Schklover (Moderation):<\/strong>Gr\u00fcnder von Lemonade Queers, queer, Autor, Regisseur, Musiker und darstellender K\u00fcnstler aus Berlin.<\/p>\n<p><strong>\u2022 <b>Dipl. Psych. Dr. Gisela Fux Wolf (keine Pronomen): <\/b><span style=\"font-weight: 400;\">Nach jahrelanger queerer Bildungsarbeit ist Gisela als Psychologische Psychotherapeuth_in in freier Praxisgemeinschaft in Berlin t\u00e4tig und forschte zuvor zu queeren Themen wie Gesundheit lesbischer Frauen und Gesundheitsversorgung von trans* und nichtbin\u00e4ren Personen.<\/span><\/strong><\/p>\n<p><strong>\u2022 <b>Sarnt Utamachote: <\/b><span style=\"font-weight: 400;\">S\u00fcdostasiatisch nicht-bin\u00e4re Filmschaffende und Kurator*in in Berlin. Mitbegr\u00fcnder*in von un.thai.tled, einem K\u00fcnstler*innenkollektiv aus der deutsch-thail\u00e4ndischen Diaspora und kuratierte zahlreiche Filmveranstaltungen und Ausstellungen zu postkolonialen Geschichten, s\u00fcdostasiatischer Diaspora und Aktivismus.<\/span><\/strong><\/p>\n<p><strong>\u2022 <b>Andre Fau: <\/b><span style=\"font-weight: 400;\">DJ und visueller K\u00fcnstler aus S\u00e3o Paulo, der in Berlin lebt. Als Mitglied und Resident der Kollektive TrashEra und Genderlich bewegt er sich seit drei Jahrzehnten in der Sph\u00e4re der elektronischen Musik und organisiert auch Underground-Partys.<\/span><\/strong><\/p>\n<\/div>\n<\/div>\n<\/div>\n\n\t\t<\/div>\n\t<\/div>\n<div class=\"vc_separator wpb_content_element vc_separator_align_center vc_sep_width_100 vc_sep_pos_align_center vc_separator_no_text vc_sep_color_grey wpb_content_element  wpb_content_element\" ><span class=\"vc_sep_holder vc_sep_holder_l\"><span class=\"vc_sep_line\"><\/span><\/span><span class=\"vc_sep_holder vc_sep_holder_r\"><span class=\"vc_sep_line\"><\/span><\/span>\n<\/div>\n\t<div class=\"wpb_text_column wpb_content_element\" >\n\t\t<div class=\"wpb_wrapper\">\n\t\t\t<div class=\"\">\n<p class=\"\"><img loading=\"lazy\" decoding=\"async\" class=\" wp-image-15204 alignleft\" src=\"https:\/\/wearevillage.org\/wp-content\/uploads\/2024\/06\/Screen-Shot-2024-06-27-at-15.23.28-273x300.png\" alt=\"\" width=\"226\" height=\"248\" srcset=\"https:\/\/wearevillage.org\/wp-content\/uploads\/2024\/06\/Screen-Shot-2024-06-27-at-15.23.28-273x300.png 273w, https:\/\/wearevillage.org\/wp-content\/uploads\/2024\/06\/Screen-Shot-2024-06-27-at-15.23.28-933x1024.png 933w, https:\/\/wearevillage.org\/wp-content\/uploads\/2024\/06\/Screen-Shot-2024-06-27-at-15.23.28-137x150.png 137w, https:\/\/wearevillage.org\/wp-content\/uploads\/2024\/06\/Screen-Shot-2024-06-27-at-15.23.28-768x843.png 768w, https:\/\/wearevillage.org\/wp-content\/uploads\/2024\/06\/Screen-Shot-2024-06-27-at-15.23.28-624x685.png 624w, https:\/\/wearevillage.org\/wp-content\/uploads\/2024\/06\/Screen-Shot-2024-06-27-at-15.23.28-390x428.png 390w, https:\/\/wearevillage.org\/wp-content\/uploads\/2024\/06\/Screen-Shot-2024-06-27-at-15.23.28-600x659.png 600w, https:\/\/wearevillage.org\/wp-content\/uploads\/2024\/06\/Screen-Shot-2024-06-27-at-15.23.28.png 1046w\" sizes=\"auto, (max-width: 226px) 100vw, 226px\" \/> <strong>Vlady<\/strong> ist ein interdisziplin\u00e4rer K\u00fcnstler, Regisseur und Produzent aus Berlin. Er ist der Gr\u00fcnder und Gastgeber von \u201eLemonade Queers,\u201c \u201eQueers in Music,\u201c der \u201eQueerdom Variety Show\u201c und einem der gr\u00f6\u00dften Drag-Festivals Berlins in diesem Jahr, \u201eDRAGIFY.\u201c Seine Shows waren erfolgreich im Ballhaus Prinzenallee, Gretchen, Pride House, SchwuZ, Wei\u00dfe Rose und Platte zu sehen. Er ist Gewinner des Queer Slams und wurde 2022 als ausgew\u00e4hlter Leser beim LGBTQIA-Autor LITFEST Cologne vorgestellt. Seine Musik reicht von epischem Pop bis hin zu EDM-Pop und erz\u00e4hlt mit Hilfe von avantgardistischer Mode, Videoprojektionen sowie Texten und Poesie von den K\u00e4mpfen, H\u00f6hen und Tiefen im Leben eines queeren Mannes. Vlady nimmt Sie mit auf eine theatralische Reise durch Leben, Liebe und Selbstentdeckung, untermalt von Gesang und Poetry.<\/p>\n<\/div>\n\n\t\t<\/div>\n\t<\/div>\n<div class=\"vc_separator wpb_content_element vc_separator_align_center vc_sep_width_100 vc_sep_pos_align_center vc_separator_no_text vc_sep_color_grey wpb_content_element  wpb_content_element\" ><span class=\"vc_sep_holder vc_sep_holder_l\"><span class=\"vc_sep_line\"><\/span><\/span><span class=\"vc_sep_holder vc_sep_holder_r\"><span class=\"vc_sep_line\"><\/span><\/span>\n<\/div>\n\t<div class=\"wpb_text_column wpb_content_element\" >\n\t\t<div class=\"wpb_wrapper\">\n\t\t\t<p class=\"vc_custom_heading\"><strong>gemeinsam statt einsam: jede*r f\u00fchlt sich manchmal einsam<\/strong><br \/>\nAls Menschen haben wir eine nat\u00fcrliche Sehnsucht nach sozialer Verbindung und Unterst\u00fctzung durch andere.\u00a0Queere Menschen haben aufgrund individueller und struktureller Formen der\u00a0Diskriminierung\u00a0ein noch h\u00f6heres Risiko, unter chronischer\u00a0Einsamkeit\u00a0zu leiden.<br \/>\nIn Zusammenarbeit mit der <strong>Landesstelle f\u00fcr Gleichbehandlung<\/strong> \u2013 gegen Diskriminierung hat sich <strong>we are village | queer matters<\/strong> f\u00fcr das Jahr 2024 zum Ziel gesetzt, das Thema Einsamkeit in der queeren Community anzugehen.<\/p>\n<p><img loading=\"lazy\" decoding=\"async\" class=\"wp-image-7522 alignleft\" src=\"https:\/\/wearevillage.org\/wp-content\/uploads\/2023\/06\/image001.jpg\" alt=\"\" width=\"218\" height=\"37\" srcset=\"https:\/\/wearevillage.org\/wp-content\/uploads\/2023\/06\/image001.jpg 242w, https:\/\/wearevillage.org\/wp-content\/uploads\/2023\/06\/image001-150x25.jpg 150w\" sizes=\"auto, (max-width: 218px) 100vw, 218px\" \/>Wir haben auch einen <a href=\"https:\/\/forms.gle\/BZkLsma3sRX2vdRb8\" target=\"_blank\" rel=\"noopener\"><strong>Fragebogen<\/strong><\/a> erstellt, um mehr \u00fcber Ihre Erfahrungen mit Einsamkeit zu erfahren. Mit eurer Hilfe k\u00f6nnen wir ein besseres Programm erstellen, das euren Bed\u00fcrfnissen entspricht und mit dem wir mehr Zugeh\u00f6rigkeit schaffen k\u00f6nnen!<\/p>\n\n\t\t<\/div>\n\t<\/div>\n<div class=\"vc_separator wpb_content_element vc_separator_align_center vc_sep_width_100 vc_sep_pos_align_center vc_separator_no_text vc_sep_color_grey wpb_content_element  wpb_content_element\" ><span class=\"vc_sep_holder vc_sep_holder_l\"><span class=\"vc_sep_line\"><\/span><\/span><span class=\"vc_sep_holder vc_sep_holder_r\"><span class=\"vc_sep_line\"><\/span><\/span>\n<\/div>\n\t<div class=\"wpb_text_column wpb_content_element\" >\n\t\t<div class=\"wpb_wrapper\">\n\t\t\t<p><em><strong>Hinweise:<\/strong><\/em><\/p>\n<p><em>Dieses Event wird je nach Teilnehmendenbed\u00fcrfnissen auf Deutsch und\/oder Englisch sein.<\/em><\/p>\n<p><em>Fragen im Vorfeld k\u00f6nnt ihr gern unter info(@)wearevillage.org stellen.<\/em><\/p>\n\n\t\t<\/div>\n\t<\/div>\n<\/div><\/div><\/div><\/div>\n<\/div>","protected":false},"excerpt":{"rendered":"<h5>Donnerstag<br \/>\n19:00-21:00<br \/>\nEintritt frei<\/h5>\n<h5><strong style=\"font-size: 16px;\">| <span style=\"color: #ec6c23;\">LGBTQIA+ <\/span>|<\/strong><\/h5>\n<div class=\"x11i5rnm xat24cr x1mh8g0r x1vvkbs xtlvy1s\">\n<div class=\"x11i5rnm xat24cr x1mh8g0r x1vvkbs xtlvy1s\">\n<p>Diese Gespr\u00e4chsrunde bietet eine wichtige Gelegenheit, die Herausforderungen von Sobriety und eine damit verkn\u00fcpfte spezielle Art von Einsamkeit in der queeren Community zu verstehen und konstruktive Ans\u00e4tze zur Verbesserung zu entwickeln.<\/p>\n<\/div>\n<\/div>\n","protected":false},"author":12,"featured_media":14934,"template":"","meta":{"pmpro_default_level":"","inline_featured_image":false},"product_brand":[],"product_cat":[134,769,80],"product_tag":[469],"class_list":{"0":"post-14928","1":"product","2":"type-product","3":"status-publish","4":"has-post-thumbnail","6":"product_cat-einmalige-events","7":"product_cat-kostenloser-zugang","8":"product_cat-queer-matters","9":"product_tag-lgbtqiaplus","10":"pmpro-has-access","12":"first","13":"outofstock","14":"product-type-variable"},"wpml_current_locale":"de_DE","wpml_translations":{"en_US":{"locale":"en_US","id":14929,"slug":"panel-discussion-loneliness-in-the-queer-community-kopie","post_title":"Panel \u201cQueer & Sober in Berlin\u201d","href":"https:\/\/wearevillage.org\/en\/shop\/panel\/w27-2024"}},"language":{"code":"de","locale":"","name":"","is_rtl":false},"_links":{"self":[{"href":"https:\/\/wearevillage.org\/wp-json\/wp\/v2\/product\/14928","targetHints":{"allow":["GET"]}}],"collection":[{"href":"https:\/\/wearevillage.org\/wp-json\/wp\/v2\/product"}],"about":[{"href":"https:\/\/wearevillage.org\/wp-json\/wp\/v2\/types\/product"}],"author":[{"embeddable":true,"href":"https:\/\/wearevillage.org\/wp-json\/wp\/v2\/users\/12"}],"wp:featuredmedia":[{"embeddable":true,"href":"https:\/\/wearevillage.org\/wp-json\/wp\/v2\/media\/14934"}],"wp:attachment":[{"href":"https:\/\/wearevillage.org\/wp-json\/wp\/v2\/media?parent=14928"}],"wp:term":[{"taxonomy":"product_brand","embeddable":true,"href":"https:\/\/wearevillage.org\/wp-json\/wp\/v2\/product_brand?post=14928"},{"taxonomy":"product_cat","embeddable":true,"href":"https:\/\/wearevillage.org\/wp-json\/wp\/v2\/product_cat?post=14928"},{"taxonomy":"product_tag","embeddable":true,"href":"https:\/\/wearevillage.org\/wp-json\/wp\/v2\/product_tag?post=14928"}],"curies":[{"name":"wp","href":"https:\/\/api.w.org\/{rel}","templated":true}]}}