{"id":15065,"date":"2024-06-24T12:29:54","date_gmt":"2024-06-24T10:29:54","guid":{"rendered":"https:\/\/wearevillage.org\/?post_type=product&#038;p=15065"},"modified":"2024-06-24T13:09:34","modified_gmt":"2024-06-24T11:09:34","slug":"village-book-club-8","status":"publish","type":"product","link":"https:\/\/wearevillage.org\/shop\/book-club\/w31-2024\/","title":{"rendered":"Village Book Club"},"content":{"rendered":"<div class=\"wpb-content-wrapper\"><div class=\"vc_row wpb_row vc_row-fluid\"><div class=\"wpb_column vc_column_container vc_col-sm-10\"><div class=\"vc_column-inner\"><div class=\"wpb_wrapper\"><\/div><\/div><\/div><div class=\"wpb_column vc_column_container vc_col-sm-2\"><div class=\"vc_column-inner\"><div class=\"wpb_wrapper\"><\/div><\/div><\/div><\/div><div class=\"vc_row wpb_row vc_row-fluid\"><div class=\"wpb_column vc_column_container vc_col-sm-12\"><div class=\"vc_column-inner\"><div class=\"wpb_wrapper\"><h4 style=\"text-align: left\" class=\"vc_custom_heading vc_do_custom_heading\" >Village Book Club \u2013 \u201eCleanness\u201c von Gareth Greenwell (2020)<\/h4><h5 style=\"text-align: left\" class=\"vc_custom_heading vc_do_custom_heading\" >Moderator: Marco Astolfi<\/h5>\n\t<div class=\"wpb_text_column wpb_content_element\" >\n\t\t<div class=\"wpb_wrapper\">\n\t\t\t<div class=\"page\" title=\"Page 1\">\n<div class=\"section\">\n<div class=\"layoutArea\">\n<div class=\"column\">\n<div class=\"page\" title=\"Page 1\">\n<div class=\"section\">\n<div class=\"layoutArea\">\n<div class=\"column\">\n<p>\u201eCleanness\u201c ist eine Sammlung von sechs thematisch und strukturell zusammenh\u00e4ngenden Kurzgeschichten, die in vielerlei Hinsicht wie ein Roman funktioniert.<\/p>\n<p>Die Hauptfigur ist ein amerikanischer Highschool-Lehrer, der in Sofia, Bulgarien, lebt. W\u00e4hrend er sich darauf vorbereitet, den Ort zu verlassen, den er sein Zuhause nennt, setzt er sich mit den intimen Begegnungen auseinander, die seine Jahre im Ausland gepr\u00e4gt haben. Das Gest\u00e4ndnis eines schwulen Sch\u00fclers erinnert ihn an seine eigene erste Liebe, die Verf\u00fchrung durch einen Fremden entwickelt sich zu v\u00e4terlichem Sadismus, und eine Romanze mit einem anderen Ausl\u00e4nder \u00f6ffnet und heilt alte Wunden.<\/p>\n<p>Neben meisterhaften Beschreibungen expliziter queerer BDSM-Sexszenen \u2013 \u201eManchmal hatte ich in diesem Buch das Ziel, eine Szene zu schreiben, die gleichzeitig hundertprozentig pornografisch und hundertprozentig hohe Kunst war\u201c, erkl\u00e4rt Greenwell \u2013 greift das Buch komplizierte Fragen von M\u00e4nnlichkeit, Machtdynamik und kulturellem Austausch auf.<\/p>\n<\/div>\n<\/div>\n<\/div>\n<\/div>\n<\/div>\n<\/div>\n<\/div>\n<\/div>\n\n\t\t<\/div>\n\t<\/div>\n\n\t<div class=\"wpb_text_column wpb_content_element\" >\n\t\t<div class=\"wpb_wrapper\">\n\t\t\t<div class=\"page\" title=\"Page 1\">\n<div class=\"section\">\n<div class=\"layoutArea\">\n<div class=\"column\">\n<div class=\"page\" title=\"Page 1\">\n<div class=\"section\">\n<div class=\"layoutArea\">\n<div class=\"column\">\n<p><strong>\u00dcber den Village Book Club<br \/>\n<\/strong>B\u00fccherliebhaber und Leseratten treffen sich alle zwei Monate, um Literatur und Sachb\u00fccher (Romane, Biografien und Essays) zu besprechen, die sich mit LGBTQIA+-Themen und -Pers\u00f6nlichkeiten befassen oder damit in Zusammenhang stehen.<\/p>\n<p>In Voraussicht auf aufschlussreiche Diskussionen w\u00e4hlen wir das n\u00e4chste Buch zwei Monate im Voraus aus.<\/p>\n<\/div>\n<\/div>\n<\/div>\n<\/div>\n<\/div>\n<\/div>\n<\/div>\n<\/div>\n\n\t\t<\/div>\n\t<\/div>\n<\/div><\/div><\/div><\/div>\n<\/div>","protected":false},"excerpt":{"rendered":"<h5>Donnerstag<br \/>\n20:00 \u2013 22:30<br \/>\nEintritt frei<\/h5>\n<p class=\"p1\"><strong>| <span style=\"color: #ec6c23;\">LGBTQIA+<\/span>\u00a0|<\/strong><\/p>\n<p>\u201eCleanness\u201c ist eine Sammlung von sechs thematisch und strukturell zusammenh\u00e4ngenden Kurzgeschichten, die in vielerlei Hinsicht wie ein Roman funktioniert.<\/p>\n<p>\u201cCleanness\u201d \/\/ Gareth Greenwell (2020)<\/p>\n","protected":false},"author":12,"featured_media":15068,"template":"","meta":{"pmpro_default_level":"","inline_featured_image":false},"product_brand":[],"product_cat":[77,769,79],"product_tag":[469],"class_list":{"0":"post-15065","1":"product","2":"type-product","3":"status-publish","4":"has-post-thumbnail","6":"product_cat-community-events","7":"product_cat-kostenloser-zugang","8":"product_cat-monatliche-events","9":"product_tag-lgbtqiaplus","10":"pmpro-has-access","12":"first","13":"outofstock","14":"purchasable","15":"product-type-variable"},"wpml_current_locale":"de_DE","wpml_translations":{"en_US":{"locale":"en_US","id":15066,"slug":"village-book-club-kopie-7","post_title":"Village Book Club","href":"https:\/\/wearevillage.org\/en\/shop\/book-club\/w31-2024"}},"language":{"code":"de","locale":"","name":"","is_rtl":false},"_links":{"self":[{"href":"https:\/\/wearevillage.org\/wp-json\/wp\/v2\/product\/15065","targetHints":{"allow":["GET"]}}],"collection":[{"href":"https:\/\/wearevillage.org\/wp-json\/wp\/v2\/product"}],"about":[{"href":"https:\/\/wearevillage.org\/wp-json\/wp\/v2\/types\/product"}],"author":[{"embeddable":true,"href":"https:\/\/wearevillage.org\/wp-json\/wp\/v2\/users\/12"}],"wp:featuredmedia":[{"embeddable":true,"href":"https:\/\/wearevillage.org\/wp-json\/wp\/v2\/media\/15068"}],"wp:attachment":[{"href":"https:\/\/wearevillage.org\/wp-json\/wp\/v2\/media?parent=15065"}],"wp:term":[{"taxonomy":"product_brand","embeddable":true,"href":"https:\/\/wearevillage.org\/wp-json\/wp\/v2\/product_brand?post=15065"},{"taxonomy":"product_cat","embeddable":true,"href":"https:\/\/wearevillage.org\/wp-json\/wp\/v2\/product_cat?post=15065"},{"taxonomy":"product_tag","embeddable":true,"href":"https:\/\/wearevillage.org\/wp-json\/wp\/v2\/product_tag?post=15065"}],"curies":[{"name":"wp","href":"https:\/\/api.w.org\/{rel}","templated":true}]}}