{"id":15191,"date":"2024-06-27T13:52:56","date_gmt":"2024-06-27T11:52:56","guid":{"rendered":"https:\/\/wearevillage.org\/?post_type=product&#038;p=15191"},"modified":"2024-07-16T13:27:57","modified_gmt":"2024-07-16T11:27:57","slug":"oh-so-masc-and-yet-so-femme","status":"publish","type":"product","link":"https:\/\/wearevillage.org\/shop\/regenerative-touch\/w30-2024\/","title":{"rendered":"Ebenen der Ber\u00fchrung"},"content":{"rendered":"<div class=\"wpb-content-wrapper\"><div class=\"vc_row wpb_row vc_row-fluid\"><div class=\"wpb_column vc_column_container vc_col-sm-12\"><div class=\"vc_column-inner\"><div class=\"wpb_wrapper\"><\/div><\/div><\/div><\/div><div class=\"vc_row wpb_row vc_row-fluid\"><div class=\"wpb_column vc_column_container vc_col-sm-12\"><div class=\"vc_column-inner\"><div class=\"wpb_wrapper\"><h4 style=\"text-align: left\" class=\"vc_custom_heading vc_do_custom_heading\" >Regenerative Touch<\/h4><h5 style=\"text-align: left\" class=\"vc_custom_heading vc_do_custom_heading\" >Ebenen der Ber\u00fchrung mit Florian Filtzinger<\/h5>\n\t<div class=\"wpb_text_column wpb_content_element\" >\n\t\t<div class=\"wpb_wrapper\">\n\t\t\t<div class=\"x11i5rnm xat24cr x1mh8g0r x1vvkbs xtlvy1s\">\n<div class=\"x11i5rnm xat24cr x1mh8g0r x1vvkbs xtlvy1s\">\n<div class=\"x11i5rnm xat24cr x1mh8g0r x1vvkbs xtlvy1s\">\n<p>Ber\u00fchrung ist eine vielseitige Form der Kommunikation. Sie kann Erfahrungen vermitteln, uns anregen oder beruhigen, sie kann tiefgreifend oder sanft sein. Ber\u00fchrung hat die Kraft zu heilen und zu lehren, Fragen zu stellen und Geschichten zu erz\u00e4hlen.<\/p>\n<p>In diesem zweist\u00fcndigen Workshop werden wir die verschiedenen Gewebe unseres K\u00f6rpers erkunden und lernen, wie wir mit ihnen kommunizieren k\u00f6nnen. Wir entdecken, wie Ber\u00fchrung die Kommunikation vertiefen und anregen kann \u2013 vielleicht in einer der sch\u00f6nsten Formen menschlicher Interaktion.<\/p>\n<\/div>\n<\/div>\n<\/div>\n\n\t\t<\/div>\n\t<\/div>\n<div class=\"vc_separator wpb_content_element vc_separator_align_center vc_sep_width_100 vc_sep_pos_align_center vc_separator_no_text vc_sep_color_grey wpb_content_element  wpb_content_element\" ><span class=\"vc_sep_holder vc_sep_holder_l\"><span class=\"vc_sep_line\"><\/span><\/span><span class=\"vc_sep_holder vc_sep_holder_r\"><span class=\"vc_sep_line\"><\/span><\/span>\n<\/div>\n\t<div class=\"wpb_text_column wpb_content_element\" >\n\t\t<div class=\"wpb_wrapper\">\n\t\t\t<div class=\"x11i5rnm xat24cr x1mh8g0r x1vvkbs xtlvy1s\">\n<div class=\"x11i5rnm xat24cr x1mh8g0r x1vvkbs xtlvy1s\">\n<div class=\"x11i5rnm xat24cr x1mh8g0r x1vvkbs xtlvy1s\">\n<p><strong><img loading=\"lazy\" decoding=\"async\" class=\"wp-image-22 alignleft\" src=\"https:\/\/wearevillage.org\/wp-content\/uploads\/2022\/08\/Florian-Filtzinger-271x300.jpg\" alt=\"\" width=\"176\" height=\"198\" \/>Florian Filtzinger<\/strong> studierte Anthropologie und Kommunikationswissenschaft und arbeitete seit 2013 in vielf\u00e4ltigen Projekten des queeren Berlins. W\u00e4hrend seiner gesamten Erfahrung erlebte er, wie unsere K\u00f6rper meistens von Nutzen sein mussten oder Reparatur bedurften, wenn sie krank waren oder nicht gut genug funktionierten. 2017 besch\u00e4ftigte er sich mit dem Studium der Somatik an der Somatischen Akademie Berlin und bietet nun Kurse an, um den K\u00f6rper als wahre Ressource f\u00fcr Weisheit, Freude und Tiefe in unserem Leben zu erheben.<\/p>\n<\/div>\n<\/div>\n<\/div>\n\n\t\t<\/div>\n\t<\/div>\n<div class=\"vc_separator wpb_content_element vc_separator_align_center vc_sep_width_100 vc_sep_pos_align_center vc_separator_no_text vc_sep_color_grey wpb_content_element  wpb_content_element\" ><span class=\"vc_sep_holder vc_sep_holder_l\"><span class=\"vc_sep_line\"><\/span><\/span><span class=\"vc_sep_holder vc_sep_holder_r\"><span class=\"vc_sep_line\"><\/span><\/span>\n<\/div>\n\t<div class=\"wpb_text_column wpb_content_element\" >\n\t\t<div class=\"wpb_wrapper\">\n\t\t\t<div class=\"x11i5rnm xat24cr x1mh8g0r x1vvkbs xtlvy1s\">\n<div class=\"x11i5rnm xat24cr x1mh8g0r x1vvkbs xtlvy1s\">\n<div class=\"x11i5rnm xat24cr x1mh8g0r x1vvkbs xtlvy1s\">\n<p><em><b>Was ist Regenarative Touch<\/b><\/em><em><b>?<br \/>\n<\/b><\/em>Regenerative Touch ist monatlicher Workshop, bei dem wir uns gemeinsam auf den Weg machen, um zu endschleunigen, uns in unseren K\u00f6rper fallen zu lassen und die tiefe Wirkung menschlicher Ber\u00fchrung in einer unterst\u00fctzenden und n\u00e4hrenden Umgebung zu erforschen.<\/p>\n<p>Ber\u00fchrung, die im t\u00e4glichen Leben oft \u00fcbersehen wird, ist ein grundlegendes menschliches Bed\u00fcrfnis. In diesen Workshops schaffen wir einen Raum ausschlie\u00dflich f\u00fcr ihre regenerative und heilende Kraft, frei von romantischen oder sexuellen Konnotationen.<\/p>\n<p>Ber\u00fchrung kommuniziert direkt und erreicht Bereiche, die Worte nicht erreichen k\u00f6nnen. Haben Sie jemals die beruhigende Wirkung einer warmen Umarmung oder einer tr\u00f6stenden Hand auf Ihrer Schulter erlebt? Schon eine kurze 15-min\u00fctige Hand-in-Hand-Sitzung kann zu einem signifikanten R\u00fcckgang der Herzfrequenz und Blutdruck f\u00fchren und eine starke Entspannungsreaktion signalisieren. Eine einfache 20-sek\u00fcndige Umarmung kann zu h\u00f6heren Oxytocinwerten f\u00fchren, dem Hormon, das mit Bindung und Vertrauen verbunden ist.<\/p>\n<p>Jeden Monat leitet unser Moderator Diskussionen zu Themen wie Pr\u00e4senz, Regulation des Nervensystems und emotionaler Sicherheit, wobei der Schwerpunkt auf praktischen Erfahrungen liegt, nicht auf Techniken. Keine Erfahrung mit K\u00f6rperarbeit erforderlich \u2013 bringen Sie einfach Ihre Neugierde mit.<\/p>\n<\/div>\n<\/div>\n<\/div>\n\n\t\t<\/div>\n\t<\/div>\n<div class=\"vc_separator wpb_content_element vc_separator_align_center vc_sep_width_100 vc_sep_pos_align_center vc_separator_no_text vc_sep_color_grey wpb_content_element  wpb_content_element\" ><span class=\"vc_sep_holder vc_sep_holder_l\"><span class=\"vc_sep_line\"><\/span><\/span><span class=\"vc_sep_holder vc_sep_holder_r\"><span class=\"vc_sep_line\"><\/span><\/span>\n<\/div>\n\t<div class=\"wpb_text_column wpb_content_element\" >\n\t\t<div class=\"wpb_wrapper\">\n\t\t\t<div class=\"x11i5rnm xat24cr x1mh8g0r x1vvkbs xtlvy1s\">\n<div class=\"x11i5rnm xat24cr x1mh8g0r x1vvkbs xtlvy1s\">\n<div class=\"x11i5rnm xat24cr x1mh8g0r x1vvkbs xtlvy1s\">\n<p><em><b>Hinweise:<\/b><br \/>\n\u2022 Dieses Event wird je nach Teilnehmerbed\u00fcrfnissen auf Deutsch und\/oder Englisch sein.<br \/>\n\u2022 Wir haben erm\u00e4\u00dfigte Solidarit\u00e4tstickets.\u00a0 Anfrage per E-Mail bitte an <strong><a href=\"mailto:events@wearevillage.org\"><span id=\"wpmt-979163-137857\">events@wearevillage.org<\/span><\/a><\/strong><br \/>\n\u2022 Diese Veranstaltung ist <strong>nicht<\/strong> f\u00fcr die beiden kostenlosen monatlichen Veranstaltungen freigegeben, die Teil der Mitgliedschaft bei <a href=\"https:\/\/wearevillage.org\/en\/produkt-kategorie\/memberships-en-2\/\"><strong>we are village membership<\/strong><\/a> sind.<\/em><\/p>\n<\/div>\n<\/div>\n<\/div>\n\n\t\t<\/div>\n\t<\/div>\n<\/div><\/div><\/div><\/div>\n<\/div>","protected":false},"excerpt":{"rendered":"<h5>Regenerative Touch<br \/>\nEbenen der Ber\u00fchrung mit Florian Filtzinger<br \/>\nAm Montag (einmal im Monat)<br \/>\n20:00 \u2013 22:00<\/h5>\n<p class=\"p1\"><strong>| <span style=\"color: #ec6c23;\">GBTQ men*<\/span>\u00a0|<\/strong><\/p>\n<div class=\"x11i5rnm xat24cr x1mh8g0r x1vvkbs xtlvy1s\">\n<p>In diesem zweist\u00fcndigen Workshop werden wir die verschiedenen Gewebe unseres K\u00f6rpers erkunden und lernen, wie wir mit ihnen kommunizieren k\u00f6nnen. Wir entdecken, wie Ber\u00fchrung die Kommunikation vertiefen und anregen kann \u2013 vielleicht in einer der sch\u00f6nsten Formen menschlicher Interaktion.<\/p>\n<\/div>\n","protected":false},"author":11,"featured_media":15415,"template":"","meta":{"pmpro_default_level":"","inline_featured_image":false},"product_brand":[],"product_cat":[79,83],"product_tag":[256],"class_list":{"0":"post-15191","1":"product","2":"type-product","3":"status-publish","4":"has-post-thumbnail","6":"product_cat-monatliche-events","7":"product_cat-workshops","8":"product_tag-gbtq-men","9":"pmpro-has-access","11":"first","12":"instock","13":"purchasable","14":"product-type-variable","15":"has-default-attributes"},"wpml_current_locale":"de_DE","wpml_translations":{"en_US":{"locale":"en_US","id":15194,"slug":"touch-and-playfulness-kopie","post_title":"Levels of Touch:","href":"https:\/\/wearevillage.org\/en\/shop\/regenerative-touch\/w30-2024"}},"language":{"code":"de","locale":"","name":"","is_rtl":false},"_links":{"self":[{"href":"https:\/\/wearevillage.org\/wp-json\/wp\/v2\/product\/15191","targetHints":{"allow":["GET"]}}],"collection":[{"href":"https:\/\/wearevillage.org\/wp-json\/wp\/v2\/product"}],"about":[{"href":"https:\/\/wearevillage.org\/wp-json\/wp\/v2\/types\/product"}],"author":[{"embeddable":true,"href":"https:\/\/wearevillage.org\/wp-json\/wp\/v2\/users\/11"}],"wp:featuredmedia":[{"embeddable":true,"href":"https:\/\/wearevillage.org\/wp-json\/wp\/v2\/media\/15415"}],"wp:attachment":[{"href":"https:\/\/wearevillage.org\/wp-json\/wp\/v2\/media?parent=15191"}],"wp:term":[{"taxonomy":"product_brand","embeddable":true,"href":"https:\/\/wearevillage.org\/wp-json\/wp\/v2\/product_brand?post=15191"},{"taxonomy":"product_cat","embeddable":true,"href":"https:\/\/wearevillage.org\/wp-json\/wp\/v2\/product_cat?post=15191"},{"taxonomy":"product_tag","embeddable":true,"href":"https:\/\/wearevillage.org\/wp-json\/wp\/v2\/product_tag?post=15191"}],"curies":[{"name":"wp","href":"https:\/\/api.w.org\/{rel}","templated":true}]}}