{"id":15396,"date":"2024-07-12T16:06:37","date_gmt":"2024-07-12T14:06:37","guid":{"rendered":"https:\/\/wearevillage.org\/?post_type=product&#038;p=15396"},"modified":"2024-08-22T17:20:44","modified_gmt":"2024-08-22T15:20:44","slug":"village-film-night-all-of-us-strangers","status":"publish","type":"product","link":"https:\/\/wearevillage.org\/shop\/village-film\/w40-2024\/","title":{"rendered":"Film Night \u2013  Victim"},"content":{"rendered":"<div class=\"wpb-content-wrapper\"><div class=\"vc_row wpb_row vc_row-fluid\"><div class=\"wpb_column vc_column_container vc_col-sm-12\"><div class=\"vc_column-inner\"><div class=\"wpb_wrapper\"><h4 style=\"text-align: left\" class=\"vc_custom_heading vc_do_custom_heading\" >Film Night \u2013 Der Teufelskreis \/ Victim<\/h4><h5 style=\"text-align: left\" class=\"vc_custom_heading vc_do_custom_heading\" >Vorstellung und Diskussion mit David Le Guillermic<\/h5>\n\t<div class=\"wpb_text_column wpb_content_element\" >\n\t\t<div class=\"wpb_wrapper\">\n\t\t\t<p>Anwalt Melville Farr ist auf der \u00dcberholspur. Seine Kanzlei gewinnt F\u00e4lle, er f\u00fchrt eine liebevolle Ehe mit seiner Frau \u2013 Farrs Karriere und sein Privatleben sind nahezu idyllisch. Doch als Erpresser Farrs heimliche Beziehung zu einem jungen schwulen Mann aufdecken, ger\u00e4t alles, wof\u00fcr er gearbeitet hat, in Gefahr. Statt nachzugeben, beschlie\u00dft Farr jedoch, zu k\u00e4mpfen.<br \/>\nDer erste britische Film, der Homosexualit\u00e4t explizit thematisiert und auf einf\u00fchlsame Weise behandelt!<\/p>\n\n\t\t<\/div>\n\t<\/div>\n<div class=\"vc_separator wpb_content_element vc_separator_align_center vc_sep_width_100 vc_sep_pos_align_center vc_separator_no_text vc_sep_color_grey wpb_content_element  wpb_content_element\" ><span class=\"vc_sep_holder vc_sep_holder_l\"><span class=\"vc_sep_line\"><\/span><\/span><span class=\"vc_sep_holder vc_sep_holder_r\"><span class=\"vc_sep_line\"><\/span><\/span>\n<\/div>\n\t<div class=\"wpb_text_column wpb_content_element\" >\n\t\t<div class=\"wpb_wrapper\">\n\t\t\t<p><strong>\u00dcber die Village Film Night<br \/>\n<\/strong><\/p>\n<p>Die Film Night ist eine monatliche Veranstaltung, die die vielf\u00e4ltige Welt des queeren Kinos und dar\u00fcber hinaus erkundet. Unsere Auswahl reicht von Klassikern der Filmgeschichte bis hin zu den neuesten Filmen des jungen queeren Kinos.<br \/>\nJede Vorf\u00fchrung bietet die Gelegenheit, neue Erz\u00e4hlungen und Stimmen zu entdecken, Geschichten zu erleben, die Normen hinterfragen und Vielfalt feiern.<br \/>\nNach jedem Film gibt es die M\u00f6glichkeit zu informellen Gruppengespr\u00e4chen \u00fcber den Film und verwandte Themen.<\/p>\n<p><strong>Kuratoren<\/strong>: Marcelo Alves, Pierre Em\u00f6, David Le Guillermic<\/p>\n\n\t\t<\/div>\n\t<\/div>\n<div class=\"vc_separator wpb_content_element vc_separator_align_center vc_sep_width_100 vc_sep_pos_align_center vc_separator_no_text vc_sep_color_grey wpb_content_element  wpb_content_element\" ><span class=\"vc_sep_holder vc_sep_holder_l\"><span class=\"vc_sep_line\"><\/span><\/span><span class=\"vc_sep_holder vc_sep_holder_r\"><span class=\"vc_sep_line\"><\/span><\/span>\n<\/div>\n\t<div class=\"wpb_text_column wpb_content_element\" >\n\t\t<div class=\"wpb_wrapper\">\n\t\t\t<p><b>Hinweise<br \/>\n<\/b>Einlass ist um 19:30 Uhr, der Film beginnt p\u00fcnktlich um 20:00 Uhr.<br \/>\n<strong>Sprache<\/strong>: Die Veranstaltung wird auf Englisch abgehalten.<br \/>\n<strong>Kosten<\/strong>: Die Veranstaltung ist f\u00fcr alle zug\u00e4nglich und kostenlos.<\/p>\n\n\t\t<\/div>\n\t<\/div>\n<\/div><\/div><\/div><\/div>\n<\/div>","protected":false},"excerpt":{"rendered":"<h5>Dienstag<br \/>\n19:30 \u2013 22:30<br \/>\nEintritt frei<br \/>\nAuf Englisch<\/h5>\n<p class=\"p1\"><strong>| <span style=\"color: #ec6c23;\">LGBTQIA+<\/span>|<\/strong><\/p>\n<p>Als ein junger Homosexueller, \u201aBoy\u2018 Barrett, in seiner Polizeizelle Selbstmord begeht, riskiert der Anwalt Melville Farr, getrieben durch Schuldgef\u00fchle, seine erfolgreiche Karriere und Ehe, um einen gef\u00e4hrlichen Erpresserring zu zerschlagen.<\/p>\n<p><strong>Der Teufelskreis \/ Victim<\/strong><br \/>\nRegisseur: Basil Dearden<br \/>\n1961 \u2013 Thriller, 96 Min.<br \/>\nEnglisch mit englischen Untertiteln<\/p>\n","protected":false},"author":12,"featured_media":15480,"template":"","meta":{"pmpro_default_level":"","inline_featured_image":false},"product_brand":[],"product_cat":[769,79],"product_tag":[469],"class_list":{"0":"post-15396","1":"product","2":"type-product","3":"status-publish","4":"has-post-thumbnail","6":"product_cat-kostenloser-zugang","7":"product_cat-monatliche-events","8":"product_tag-lgbtqiaplus","9":"pmpro-has-access","11":"first","12":"outofstock","13":"purchasable","14":"product-type-variable"},"wpml_current_locale":"de_DE","wpml_translations":{"en_US":{"locale":"en_US","id":15397,"slug":"village-film-night-o-fantasma-copy","post_title":"Film Night \u2013 Victim","href":"https:\/\/wearevillage.org\/en\/shop\/village-film\/w40-2024"}},"language":{"code":"de","locale":"","name":"","is_rtl":false},"_links":{"self":[{"href":"https:\/\/wearevillage.org\/wp-json\/wp\/v2\/product\/15396","targetHints":{"allow":["GET"]}}],"collection":[{"href":"https:\/\/wearevillage.org\/wp-json\/wp\/v2\/product"}],"about":[{"href":"https:\/\/wearevillage.org\/wp-json\/wp\/v2\/types\/product"}],"author":[{"embeddable":true,"href":"https:\/\/wearevillage.org\/wp-json\/wp\/v2\/users\/12"}],"wp:featuredmedia":[{"embeddable":true,"href":"https:\/\/wearevillage.org\/wp-json\/wp\/v2\/media\/15480"}],"wp:attachment":[{"href":"https:\/\/wearevillage.org\/wp-json\/wp\/v2\/media?parent=15396"}],"wp:term":[{"taxonomy":"product_brand","embeddable":true,"href":"https:\/\/wearevillage.org\/wp-json\/wp\/v2\/product_brand?post=15396"},{"taxonomy":"product_cat","embeddable":true,"href":"https:\/\/wearevillage.org\/wp-json\/wp\/v2\/product_cat?post=15396"},{"taxonomy":"product_tag","embeddable":true,"href":"https:\/\/wearevillage.org\/wp-json\/wp\/v2\/product_tag?post=15396"}],"curies":[{"name":"wp","href":"https:\/\/api.w.org\/{rel}","templated":true}]}}